{"id":1794,"date":"2025-01-04T10:44:25","date_gmt":"2025-01-04T09:44:25","guid":{"rendered":"http:\/\/rosal-feedmills.com.mialias.net\/?page_id=1794"},"modified":"2025-08-29T11:51:12","modified_gmt":"2025-08-29T10:51:12","slug":"mahlen","status":"publish","type":"page","link":"https:\/\/rosal-feedmills.com\/de\/maquinaria\/molienda\/","title":{"rendered":"Mahlen"},"content":{"rendered":"<div data-elementor-type=\"wp-page\" data-elementor-id=\"1794\" class=\"elementor elementor-1794\" data-elementor-post-type=\"page\">\n\t\t\t\t<div class=\"elementor-element elementor-element-7b5a9ed6 e-flex e-con-boxed e-con e-parent\" data-id=\"7b5a9ed6\" data-element_type=\"container\" data-e-type=\"container\">\n\t\t\t\t\t<div class=\"e-con-inner\">\n\t\t<div class=\"elementor-element elementor-element-55532efb e-con-full e-flex e-con e-child\" data-id=\"55532efb\" data-element_type=\"container\" data-e-type=\"container\">\n\t\t\t\t<div class=\"elementor-element elementor-element-7edff610 elementor-widget elementor-widget-image\" data-id=\"7edff610\" data-element_type=\"widget\" data-e-type=\"widget\" data-widget_type=\"image.default\">\n\t\t\t\t<div class=\"elementor-widget-container\">\n\t\t\t\t\t\t\t\t\t\t\t\t\t\t\t<img fetchpriority=\"high\" decoding=\"async\" width=\"1280\" height=\"1024\" src=\"https:\/\/rosal-feedmills.com\/wp-content\/uploads\/2024\/12\/1730894814153.jpg\" class=\"attachment-full size-full wp-image-12934\" alt=\"Rosal Hammerm\u00fchlen zum Mahlen von Getreide und Mehlen f\u00fcr die Herstellung von Mischfuttermitteln\" srcset=\"https:\/\/rosal-feedmills.com\/wp-content\/uploads\/2024\/12\/1730894814153.jpg 1280w, https:\/\/rosal-feedmills.com\/wp-content\/uploads\/2024\/12\/1730894814153-300x240.jpg 300w, https:\/\/rosal-feedmills.com\/wp-content\/uploads\/2024\/12\/1730894814153-1024x819.jpg 1024w, https:\/\/rosal-feedmills.com\/wp-content\/uploads\/2024\/12\/1730894814153-768x614.jpg 768w\" sizes=\"(max-width: 1280px) 100vw, 1280px\" \/>\t\t\t\t\t\t\t\t\t\t\t\t\t\t\t<\/div>\n\t\t\t\t<\/div>\n\t\t\t\t<\/div>\n\t\t<div class=\"elementor-element elementor-element-35bb5242 e-con-full e-flex e-con e-child\" data-id=\"35bb5242\" data-element_type=\"container\" data-e-type=\"container\">\n\t\t\t\t<div class=\"elementor-element elementor-element-67fe68d0 elementor-widget elementor-widget-heading\" data-id=\"67fe68d0\" data-element_type=\"widget\" data-e-type=\"widget\" data-widget_type=\"heading.default\">\n\t\t\t\t<div class=\"elementor-widget-container\">\n\t\t\t\t\t<h1 class=\"elementor-heading-title elementor-size-default\">Mahlen<\/h1>\t\t\t\t<\/div>\n\t\t\t\t<\/div>\n\t\t\t\t<div class=\"elementor-element elementor-element-5b111b77 elementor-widget elementor-widget-text-editor\" data-id=\"5b111b77\" data-element_type=\"widget\" data-e-type=\"widget\" data-widget_type=\"text-editor.default\">\n\t\t\t\t<div class=\"elementor-widget-container\">\n\t\t\t\t\t\t\t\t\t<p>Das Mahlen ist einer der wichtigsten Prozesse in der Futtermittelproduktion.<br \/>Ziel ist es, durch Mahlen des Rohmaterials (Weizen, Mais, Gerste usw.) die optimale Korngr\u00f6\u00dfe zu finden.<\/p><p>Industrielle Futterm\u00fchlen enthalten einen Rotor mit H\u00e4mmern, die sich mit hoher Geschwindigkeit drehen und auf das zu mahlende Produkt einschlagen. Dies erm\u00f6glicht eine effiziente Zerkleinerung je nach dem herzustellenden Endprodukt: Viehfutter, Tierfutter oder Fischfutter.<\/p>\t\t\t\t\t\t\t\t<\/div>\n\t\t\t\t<\/div>\n\t\t\t\t<\/div>\n\t\t\t\t\t<\/div>\n\t\t\t\t<\/div>\n\t\t<div class=\"elementor-element elementor-element-5b016a58 e-flex e-con-boxed e-con e-parent\" data-id=\"5b016a58\" data-element_type=\"container\" data-e-type=\"container\" data-settings=\"{&quot;background_background&quot;:&quot;classic&quot;}\">\n\t\t\t\t\t<div class=\"e-con-inner\">\n\t\t\t\t<div class=\"elementor-element elementor-element-3c515ec grid-maquinaria elementor-widget elementor-widget-ucaddon_content_grid2\" data-id=\"3c515ec\" data-element_type=\"widget\" data-e-type=\"widget\" data-widget_type=\"ucaddon_content_grid2.default\">\n\t\t\t\t<div class=\"elementor-widget-container\">\n\t\t\t\t\t\n<!-- start Content Grid -->\n\t\t<link id='font-awesome-css' href='https:\/\/rosal-feedmills.com\/wp-content\/plugins\/unlimited-elements-for-elementor-premium\/assets_libraries\/font-awesome6\/fontawesome-all.min.css' type='text\/css' rel='stylesheet' >\n\t\t<link id='font-awesome-4-shim-css' href='https:\/\/rosal-feedmills.com\/wp-content\/plugins\/unlimited-elements-for-elementor-premium\/assets_libraries\/font-awesome6\/fontawesome-v4-shims.min.css' type='text\/css' rel='stylesheet' >\n\t\t<link id='fancybox-css' href='https:\/\/rosal-feedmills.com\/wp-content\/plugins\/unlimited-elements-for-elementor-premium\/assets_libraries\/fancybox3\/jquery.fancybox.min.css' type='text\/css' rel='stylesheet' >\n\n<style>\/* widget: Content Grid *\/\n\n\n\n#uc_content_grid2_elementor_3c515ec * {\n\tbox-sizing: border-box;\t\n}\n\n#uc_content_grid2_elementor_3c515ec .uc_post_grid_style_one_wrap {\n\tdisplay: grid;\n}\n\n#uc_content_grid2_elementor_3c515ec .uc_post_grid_style_one_image {\n\twidth: 100%;\n\toverflow: hidden;\n\tdisplay: block;  \t\n}\n\n#uc_content_grid2_elementor_3c515ec .uc_post_image {\n\twidth: inherit;\n\theight: inherit;\n\tbackground-position: center center;\n\tbackground-repeat: no-repeat;\n\tdisplay: block;\n\ttransition: all 0.25s ease-in-out;\n}\n\n#uc_content_grid2_elementor_3c515ec .ue-image-holder a{\n  display:block;\n}\n\n#uc_content_grid2_elementor_3c515ec .ue-item{\n  position:relative;\n  overflow:hidden;\n}\n\n#uc_content_grid2_elementor_3c515ec .ue-item-title{\n  width:100%;\n}\n\n#uc_content_grid2_elementor_3c515ec .ue-item-text{\n  width:100%;\n}\n\n#uc_content_grid2_elementor_3c515ec .uc_content{\n  display:flex;\n  flex-direction:column;\n}\n\n#uc_content_grid2_elementor_3c515ec .ue-content-wrapper{\n  width:100%;\n}\n\n#uc_content_grid2_elementor_3c515ec .ue-button{\n  margin-top:auto;\n}\n\n#uc_content_grid2_elementor_3c515ec .ue-button{\n  width:100%;\n}\n\n\n\n\n\n\n\n\n\n#uc_content_grid2_elementor_3c515ec.uc-remote-parent .ue-item{\n  cursor:pointer;\n}\n\n#uc_content_grid2_elementor_3c515ec .uc_post_grid_style_one_search_wrap{\n  display: flex;  \n}\n\n#uc_content_grid2_elementor_3c515ec .uc_post_grid_style_one_search_container{\n  position: relative;\n}\n\n\n#uc_content_grid2_elementor_3c515ec ::-webkit-input-placeholder { \/* Edge *\/\n  color: #8f8f8f;\n}\n\n#uc_content_grid2_elementor_3c515ec :-ms-input-placeholder { \/* Internet Explorer 10-11 *\/\n  color: #8f8f8f;\n}\n\n#uc_content_grid2_elementor_3c515ec ::placeholder {\n  color: #8f8f8f;\n}\n\n#uc_content_grid2_elementor_3c515ec .uc_post_grid_style_one_next_button_pagination_button{\n      display: none;\n  }\n\n#uc_content_grid2_elementor_3c515ec .uc_post_grid_style_one_search_icon,\n#uc_content_grid2_elementor_3c515ec .uc_post_grid_style_one_reset_icon{\n\tposition: absolute;\n  \ttop: 50%;\n    transform: translate(0, -50%);\n    height: 100%;\n  \tdisplay: flex;\n    align-items: center;\n    justify-content: center;\n}\n\n#uc_content_grid2_elementor_3c515ec .uc_post_grid_style_one_reset_icon{\n  cursor: pointer;\n}\n\n\n\/* pagination *\/\n#uc_content_grid2_elementor_3c515ec .uc_post_grid_style_one_prev_button_pagination{\n  display: flex;\n  align-items: center;\n}\n\n#uc_content_grid2_elementor_3c515ec .uc_post_grid_style_one_pagination_button,\n#uc_content_grid2_elementor_3c515ec .uc_post_grid_style_one_pagination_number{\n  padding: 0;\n  justify-content: center;\n  align-items: center;\n  transition: all .3s ease;\n  margin: 0;\n}\n\n#uc_content_grid2_elementor_3c515ec .uc_post_grid_style_one_pagination_number:last-child,\n#uc_content_grid2_elementor_3c515ec .uc_post_grid_style_one_pagination_number:first-child{\n  display: inline-flex;\n  position: relative;\n}\n\n#uc_content_grid2_elementor_3c515ec .ue-hidden{\n  display: none;\n}\n\n#uc_content_grid2_elementor_3c515ec .ue-disabled{\n  opacity: .5;\n  pointer-events: none;\n}\n\n#uc_content_grid2_elementor_3c515ec .uc_post_grid_style_one_pagination_number.ue-visible{\n  display: inline-flex;\n}\n\n#uc_content_grid2_elementor_3c515ec .uc_post_grid_style_one_pagination_numbers{\n  display: flex;\n  flex-wrap: wrap;\n}\n\n#uc_content_grid2_elementor_3c515ec .uc_post_grid_style_one_prev_button_pagination_wrap{\n  display: flex;\n}\n\/* end pagination *\/\n\n<\/style>\n\n<div id=\"uc_content_grid2_elementor_3c515ec\" class=\"uc_post_grid_style_one uc_items\"   data-lightbox=\"false\">\n  \n    \n  <div class=\"uc_post_grid_style_one_wrap uc-items-wrapper\">\n          \n<div class=\"uc_post_grid_style_one_item ue-item\">\n    \n      <div class=\"uc_post_grid_style_one_image ue-image-holder\">\n                    <a class=\"uc_post_grid_style_one-link\" href=\"https:\/\/rosal-feedmills.com\/de\/produkte\/mahlen\/hammermuhle\/\" >\n                      \n    <div aria-role=\"img\" aria-label=\"Rendering einer Rosal Hammerm\u00fchle f\u00fcr Futtermittel\"  class=\"uc_post_image\" style=\"background-image: url(https:\/\/rosal-feedmills.com\/wp-content\/uploads\/2024\/11\/Molino-de-martillos-3-removebg-preview.png);\"><\/div>\n    <\/a>    <\/div>\n    \n  <div class=\"uc_content padding\">\n    <div class=\"ue-content-wrapper\">\n      \n              <a href=\"https:\/\/rosal-feedmills.com\/de\/produkte\/mahlen\/hammermuhle\/\" >        \t<h3 class=\"ue-item-title\">Hammerm\u00fchle<\/h3>\n         <\/a>            \n      <div class=\"ue-item-text\"><div class=\"maquinaria-description\"><p>Unsere Hammerm\u00fchlen garantieren eine effiziente und gleichm\u00e4\u00dfige Vermahlung von Getreide.<\/p><\/div><\/div>      \n            \n    <\/div>\n    \n        \n  <\/div>\n<\/div>\n\n<div class=\"uc_post_grid_style_one_item ue-item\">\n    \n      <div class=\"uc_post_grid_style_one_image ue-image-holder\">\n                    <a class=\"uc_post_grid_style_one-link\" href=\"https:\/\/rosal-feedmills.com\/de\/produkte\/mahlen\/walzenmuhle\/\" >\n                      \n    <div aria-role=\"img\" aria-label=\"Rendering einer Rosal-Walzenm\u00fchle f\u00fcr die Herstellung von Tierfutter.\"  class=\"uc_post_image\" style=\"background-image: url(https:\/\/rosal-feedmills.com\/wp-content\/uploads\/2024\/12\/MRR-3015-2-MOTORS-3-768x432.png);\"><\/div>\n    <\/a>    <\/div>\n    \n  <div class=\"uc_content padding\">\n    <div class=\"ue-content-wrapper\">\n      \n              <a href=\"https:\/\/rosal-feedmills.com\/de\/produkte\/mahlen\/walzenmuhle\/\" >        \t<h3 class=\"ue-item-title\">Walzenm\u00fchle<\/h3>\n         <\/a>            \n      <div class=\"ue-item-text\"><p>Die Walzenm\u00fchle ist ideal f\u00fcr Anlagen, die eine homogene Vermahlung mit einem minimalen Anteil an Feinanteilen erfordern.<\/p><\/div>      \n            \n    <\/div>\n    \n        \n  <\/div>\n<\/div>\n\n<div class=\"uc_post_grid_style_one_item ue-item\">\n    \n      <div class=\"uc_post_grid_style_one_image ue-image-holder\">\n                    <a class=\"uc_post_grid_style_one-link\" href=\"https:\/\/rosal-feedmills.com\/de\/produkte\/mahlen\/walzenmuhle-fur-flocken\/\" >\n                      \n    <div aria-role=\"img\" aria-label=\"Rendering eines Flockierwalzwerks f\u00fcr Rosal-Flocken\"  class=\"uc_post_image\" style=\"background-image: url(https:\/\/rosal-feedmills.com\/wp-content\/uploads\/2024\/11\/Molino-roladorlaminador.png);\"><\/div>\n    <\/a>    <\/div>\n    \n  <div class=\"uc_content padding\">\n    <div class=\"ue-content-wrapper\">\n      \n              <a href=\"https:\/\/rosal-feedmills.com\/de\/produkte\/mahlen\/walzenmuhle-fur-flocken\/\" >        \t<h3 class=\"ue-item-title\">Walzenm\u00fchle f\u00fcr Flocken<\/h3>\n         <\/a>            \n      <div class=\"ue-item-text\"><div class=\"maquinaria-description\"><p>Der Flockierwolf produziert Getreideflocken, die aufgrund ihrer optimalen Verdaulichkeit ideal f\u00fcr das Vieh sind.<\/p><\/div><\/div>      \n            \n    <\/div>\n    \n        \n  <\/div>\n<\/div>\n\n      <\/div>  \n    \n<\/div>\n<!-- end Content Grid -->\t\t\t\t<\/div>\n\t\t\t\t<\/div>\n\t\t\t\t\t<\/div>\n\t\t\t\t<\/div>\n\t\t\t\t<\/div>","protected":false},"excerpt":{"rendered":"<p>Molienda La molienda es uno de los procesos m\u00e1s importantes dentro de la producci\u00f3n de piensos. El objetivo es encontrar la granulometr\u00eda \u00f3ptima mediante la molturaci\u00f3n de la materia prima (trigo, ma\u00edz, cebada, etc.). Los molinos industriales para pienso contienen un rotor provisto de martillos que gira a altas velocidades impactando sobre el producto a [&hellip;]<\/p>\n","protected":false},"author":2,"featured_media":0,"parent":1951,"menu_order":0,"comment_status":"closed","ping_status":"closed","template":"","meta":{"footnotes":""},"class_list":["post-1794","page","type-page","status-publish","hentry"],"yoast_head":"<!-- This site is optimized with the Yoast SEO plugin v27.2 - https:\/\/yoast.com\/product\/yoast-seo-wordpress\/ -->\n<title>Maquinaria de molienda para f\u00e1bricas de piensos | Rosal<\/title>\n<meta name=\"description\" content=\"Conozca el proceso de molienda en f\u00e1bricas de piensos y descubra los tipos de molinos utilizados en la producci\u00f3n de alimentos para animales.\" \/>\n<meta name=\"robots\" content=\"index, follow, max-snippet:-1, max-image-preview:large, max-video-preview:-1\" \/>\n<link rel=\"canonical\" href=\"https:\/\/rosal-feedmills.com\/de\/produkte\/mahlen\/\" \/>\n<meta property=\"og:locale\" content=\"de_DE\" \/>\n<meta property=\"og:type\" content=\"article\" \/>\n<meta property=\"og:title\" content=\"Maquinaria de molienda para f\u00e1bricas de piensos | Rosal\" \/>\n<meta property=\"og:description\" content=\"Conozca el proceso de molienda en f\u00e1bricas de piensos y descubra los tipos de molinos utilizados en la producci\u00f3n de alimentos para animales.\" \/>\n<meta property=\"og:url\" content=\"https:\/\/rosal-feedmills.com\/de\/produkte\/mahlen\/\" \/>\n<meta property=\"og:site_name\" content=\"Rosal Feedmills\" \/>\n<meta property=\"article:modified_time\" content=\"2025-08-29T10:51:12+00:00\" \/>\n<meta property=\"og:image\" content=\"https:\/\/rosal-feedmills.com\/wp-content\/uploads\/2024\/12\/1730894814153.jpg\" \/>\n<meta name=\"twitter:card\" content=\"summary_large_image\" \/>\n<meta name=\"twitter:label1\" content=\"Gesch\u00e4tzte Lesezeit\" \/>\n\t<meta name=\"twitter:data1\" content=\"1\u00a0Minute\" \/>\n<script type=\"application\/ld+json\" class=\"yoast-schema-graph\">{\"@context\":\"https:\/\/schema.org\",\"@graph\":[{\"@type\":\"WebPage\",\"@id\":\"https:\/\/rosal-feedmills.com\/maquinaria\/molienda\/\",\"url\":\"https:\/\/rosal-feedmills.com\/maquinaria\/molienda\/\",\"name\":\"Maquinaria de molienda para f\u00e1bricas de piensos | Rosal\",\"isPartOf\":{\"@id\":\"https:\/\/rosal-feedmills.com\/#website\"},\"primaryImageOfPage\":{\"@id\":\"https:\/\/rosal-feedmills.com\/maquinaria\/molienda\/#primaryimage\"},\"image\":{\"@id\":\"https:\/\/rosal-feedmills.com\/maquinaria\/molienda\/#primaryimage\"},\"thumbnailUrl\":\"https:\/\/rosal-feedmills.com\/wp-content\/uploads\/2024\/12\/1730894814153.jpg\",\"datePublished\":\"2025-01-04T09:44:25+00:00\",\"dateModified\":\"2025-08-29T10:51:12+00:00\",\"description\":\"Conozca el proceso de molienda en f\u00e1bricas de piensos y descubra los tipos de molinos utilizados en la producci\u00f3n de alimentos para animales.\",\"breadcrumb\":{\"@id\":\"https:\/\/rosal-feedmills.com\/maquinaria\/molienda\/#breadcrumb\"},\"inLanguage\":\"de\",\"potentialAction\":[{\"@type\":\"ReadAction\",\"target\":[\"https:\/\/rosal-feedmills.com\/maquinaria\/molienda\/\"]}]},{\"@type\":\"ImageObject\",\"inLanguage\":\"de\",\"@id\":\"https:\/\/rosal-feedmills.com\/maquinaria\/molienda\/#primaryimage\",\"url\":\"https:\/\/rosal-feedmills.com\/wp-content\/uploads\/2024\/12\/1730894814153.jpg\",\"contentUrl\":\"https:\/\/rosal-feedmills.com\/wp-content\/uploads\/2024\/12\/1730894814153.jpg\"},{\"@type\":\"BreadcrumbList\",\"@id\":\"https:\/\/rosal-feedmills.com\/maquinaria\/molienda\/#breadcrumb\",\"itemListElement\":[{\"@type\":\"ListItem\",\"position\":1,\"name\":\"Portada\",\"item\":\"https:\/\/rosal-feedmills.com\/\"},{\"@type\":\"ListItem\",\"position\":2,\"name\":\"Maquinaria\",\"item\":\"https:\/\/rosal-feedmills.com\/maquinaria\/\"},{\"@type\":\"ListItem\",\"position\":3,\"name\":\"Molienda\"}]},{\"@type\":\"WebSite\",\"@id\":\"https:\/\/rosal-feedmills.com\/#website\",\"url\":\"https:\/\/rosal-feedmills.com\/\",\"name\":\"Rosal\",\"description\":\"Maquinaria y f\u00e1bricas completas para alimentaci\u00f3n animal\",\"publisher\":{\"@id\":\"https:\/\/rosal-feedmills.com\/#organization\"},\"potentialAction\":[{\"@type\":\"SearchAction\",\"target\":{\"@type\":\"EntryPoint\",\"urlTemplate\":\"https:\/\/rosal-feedmills.com\/?s={search_term_string}\"},\"query-input\":{\"@type\":\"PropertyValueSpecification\",\"valueRequired\":true,\"valueName\":\"search_term_string\"}}],\"inLanguage\":\"de\"},{\"@type\":\"Organization\",\"@id\":\"https:\/\/rosal-feedmills.com\/#organization\",\"name\":\"Rosal Instalaciones Agroindustriales\",\"url\":\"https:\/\/rosal-feedmills.com\/\",\"logo\":{\"@type\":\"ImageObject\",\"inLanguage\":\"de\",\"@id\":\"https:\/\/rosal-feedmills.com\/#\/schema\/logo\/image\/\",\"url\":\"https:\/\/rosal-feedmills.com\/wp-content\/uploads\/2024\/11\/Logo-Rosal-complert-png-e1731455627780.webp\",\"contentUrl\":\"https:\/\/rosal-feedmills.com\/wp-content\/uploads\/2024\/11\/Logo-Rosal-complert-png-e1731455627780.webp\",\"width\":913,\"height\":396,\"caption\":\"Rosal Instalaciones Agroindustriales\"},\"image\":{\"@id\":\"https:\/\/rosal-feedmills.com\/#\/schema\/logo\/image\/\"},\"sameAs\":[\"https:\/\/es.linkedin.com\/company\/rosal-instalaciones-agroindustriales-s-a\"]}]}<\/script>\n<!-- \/ Yoast SEO plugin. -->","yoast_head_json":{"title":"Mahlmaschinen f\u00fcr Futtermittelfabriken | Rosal","description":"Erfahren Sie mehr \u00fcber den Mahlprozess in Futtermittelfabriken und die verschiedenen M\u00fchlentypen in der Tierfutterproduktion.","robots":{"index":"index","follow":"follow","max-snippet":"max-snippet:-1","max-image-preview":"max-image-preview:large","max-video-preview":"max-video-preview:-1"},"canonical":"https:\/\/rosal-feedmills.com\/de\/produkte\/mahlen\/","og_locale":"de_DE","og_type":"article","og_title":"Maquinaria de molienda para f\u00e1bricas de piensos | Rosal","og_description":"Conozca el proceso de molienda en f\u00e1bricas de piensos y descubra los tipos de molinos utilizados en la producci\u00f3n de alimentos para animales.","og_url":"https:\/\/rosal-feedmills.com\/de\/produkte\/mahlen\/","og_site_name":"Rosal Feedmills","article_modified_time":"2025-08-29T10:51:12+00:00","og_image":[{"url":"https:\/\/rosal-feedmills.com\/wp-content\/uploads\/2024\/12\/1730894814153.jpg","type":"","width":"","height":""}],"twitter_card":"summary_large_image","twitter_misc":{"Gesch\u00e4tzte Lesezeit":"1\u00a0Minute"},"schema":{"@context":"https:\/\/schema.org","@graph":[{"@type":"WebPage","@id":"https:\/\/rosal-feedmills.com\/maquinaria\/molienda\/","url":"https:\/\/rosal-feedmills.com\/maquinaria\/molienda\/","name":"Mahlmaschinen f\u00fcr Futtermittelfabriken | Rosal","isPartOf":{"@id":"https:\/\/rosal-feedmills.com\/#website"},"primaryImageOfPage":{"@id":"https:\/\/rosal-feedmills.com\/maquinaria\/molienda\/#primaryimage"},"image":{"@id":"https:\/\/rosal-feedmills.com\/maquinaria\/molienda\/#primaryimage"},"thumbnailUrl":"https:\/\/rosal-feedmills.com\/wp-content\/uploads\/2024\/12\/1730894814153.jpg","datePublished":"2025-01-04T09:44:25+00:00","dateModified":"2025-08-29T10:51:12+00:00","description":"Erfahren Sie mehr \u00fcber den Mahlprozess in Futtermittelfabriken und die verschiedenen M\u00fchlentypen in der Tierfutterproduktion.","breadcrumb":{"@id":"https:\/\/rosal-feedmills.com\/maquinaria\/molienda\/#breadcrumb"},"inLanguage":"de","potentialAction":[{"@type":"ReadAction","target":["https:\/\/rosal-feedmills.com\/maquinaria\/molienda\/"]}]},{"@type":"ImageObject","inLanguage":"de","@id":"https:\/\/rosal-feedmills.com\/maquinaria\/molienda\/#primaryimage","url":"https:\/\/rosal-feedmills.com\/wp-content\/uploads\/2024\/12\/1730894814153.jpg","contentUrl":"https:\/\/rosal-feedmills.com\/wp-content\/uploads\/2024\/12\/1730894814153.jpg"},{"@type":"BreadcrumbList","@id":"https:\/\/rosal-feedmills.com\/maquinaria\/molienda\/#breadcrumb","itemListElement":[{"@type":"ListItem","position":1,"name":"Portada","item":"https:\/\/rosal-feedmills.com\/"},{"@type":"ListItem","position":2,"name":"Maquinaria","item":"https:\/\/rosal-feedmills.com\/maquinaria\/"},{"@type":"ListItem","position":3,"name":"Molienda"}]},{"@type":"WebSite","@id":"https:\/\/rosal-feedmills.com\/#website","url":"https:\/\/rosal-feedmills.com\/","name":"Rosal","description":"Maschinen und komplette Anlagen f\u00fcr die Tierern\u00e4hrung","publisher":{"@id":"https:\/\/rosal-feedmills.com\/#organization"},"potentialAction":[{"@type":"SearchAction","target":{"@type":"EntryPoint","urlTemplate":"https:\/\/rosal-feedmills.com\/?s={search_term_string}"},"query-input":{"@type":"PropertyValueSpecification","valueRequired":true,"valueName":"search_term_string"}}],"inLanguage":"de"},{"@type":"Organization","@id":"https:\/\/rosal-feedmills.com\/#organization","name":"Rosal Agro-industrielle Anlagen","url":"https:\/\/rosal-feedmills.com\/","logo":{"@type":"ImageObject","inLanguage":"de","@id":"https:\/\/rosal-feedmills.com\/#\/schema\/logo\/image\/","url":"https:\/\/rosal-feedmills.com\/wp-content\/uploads\/2024\/11\/Logo-Rosal-complert-png-e1731455627780.webp","contentUrl":"https:\/\/rosal-feedmills.com\/wp-content\/uploads\/2024\/11\/Logo-Rosal-complert-png-e1731455627780.webp","width":913,"height":396,"caption":"Rosal Instalaciones Agroindustriales"},"image":{"@id":"https:\/\/rosal-feedmills.com\/#\/schema\/logo\/image\/"},"sameAs":["https:\/\/es.linkedin.com\/company\/rosal-instalaciones-agroindustriales-s-a"]}]}},"_links":{"self":[{"href":"https:\/\/rosal-feedmills.com\/de\/wp-json\/wp\/v2\/pages\/1794","targetHints":{"allow":["GET"]}}],"collection":[{"href":"https:\/\/rosal-feedmills.com\/de\/wp-json\/wp\/v2\/pages"}],"about":[{"href":"https:\/\/rosal-feedmills.com\/de\/wp-json\/wp\/v2\/types\/page"}],"author":[{"embeddable":true,"href":"https:\/\/rosal-feedmills.com\/de\/wp-json\/wp\/v2\/users\/2"}],"replies":[{"embeddable":true,"href":"https:\/\/rosal-feedmills.com\/de\/wp-json\/wp\/v2\/comments?post=1794"}],"version-history":[{"count":58,"href":"https:\/\/rosal-feedmills.com\/de\/wp-json\/wp\/v2\/pages\/1794\/revisions"}],"predecessor-version":[{"id":18764,"href":"https:\/\/rosal-feedmills.com\/de\/wp-json\/wp\/v2\/pages\/1794\/revisions\/18764"}],"up":[{"embeddable":true,"href":"https:\/\/rosal-feedmills.com\/de\/wp-json\/wp\/v2\/pages\/1951"}],"wp:attachment":[{"href":"https:\/\/rosal-feedmills.com\/de\/wp-json\/wp\/v2\/media?parent=1794"}],"curies":[{"name":"wp","href":"https:\/\/api.w.org\/{rel}","templated":true}]}}