{"id":445,"date":"2021-03-05T21:30:04","date_gmt":"2021-03-05T21:30:04","guid":{"rendered":"http:\/\/rosal-feedmills.com.mialias.net\/?page_id=445"},"modified":"2026-03-20T22:43:00","modified_gmt":"2026-03-20T21:43:00","slug":"lagerung","status":"publish","type":"page","link":"https:\/\/rosal-feedmills.com\/de\/maquinaria\/almacenamiento\/","title":{"rendered":"Lagerung"},"content":{"rendered":"<div data-elementor-type=\"wp-page\" data-elementor-id=\"445\" class=\"elementor elementor-445\" data-elementor-post-type=\"page\">\n\t\t\t\t<div class=\"elementor-element elementor-element-3cff1570 e-flex e-con-boxed e-con e-parent\" data-id=\"3cff1570\" data-element_type=\"container\" data-e-type=\"container\">\n\t\t\t\t\t<div class=\"e-con-inner\">\n\t\t<div class=\"elementor-element elementor-element-7850174c e-con-full e-flex e-con e-child\" data-id=\"7850174c\" data-element_type=\"container\" data-e-type=\"container\">\n\t\t\t\t<div class=\"elementor-element elementor-element-1a698502 elementor-widget elementor-widget-image\" data-id=\"1a698502\" data-element_type=\"widget\" data-e-type=\"widget\" data-widget_type=\"image.default\">\n\t\t\t\t<div class=\"elementor-widget-container\">\n\t\t\t\t\t\t\t\t\t\t\t\t\t\t\t<img fetchpriority=\"high\" decoding=\"async\" width=\"1024\" height=\"768\" src=\"https:\/\/rosal-feedmills.com\/wp-content\/uploads\/2024\/12\/COPESE-1-1024x768-1.webp\" class=\"attachment-full size-full wp-image-12919\" alt=\"\" srcset=\"https:\/\/rosal-feedmills.com\/wp-content\/uploads\/2024\/12\/COPESE-1-1024x768-1.webp 1024w, https:\/\/rosal-feedmills.com\/wp-content\/uploads\/2024\/12\/COPESE-1-1024x768-1-300x225.webp 300w, https:\/\/rosal-feedmills.com\/wp-content\/uploads\/2024\/12\/COPESE-1-1024x768-1-768x576.webp 768w\" sizes=\"(max-width: 1024px) 100vw, 1024px\" \/>\t\t\t\t\t\t\t\t\t\t\t\t\t\t\t<\/div>\n\t\t\t\t<\/div>\n\t\t\t\t<\/div>\n\t\t<div class=\"elementor-element elementor-element-7e240231 e-con-full e-flex e-con e-child\" data-id=\"7e240231\" data-element_type=\"container\" data-e-type=\"container\">\n\t\t\t\t<div class=\"elementor-element elementor-element-4f610b03 elementor-widget elementor-widget-heading\" data-id=\"4f610b03\" data-element_type=\"widget\" data-e-type=\"widget\" data-widget_type=\"heading.default\">\n\t\t\t\t<div class=\"elementor-widget-container\">\n\t\t\t\t\t<h1 class=\"elementor-heading-title elementor-size-default\">Lagerung<\/h1>\t\t\t\t<\/div>\n\t\t\t\t<\/div>\n\t\t\t\t<div class=\"elementor-element elementor-element-684a170f elementor-widget elementor-widget-text-editor\" data-id=\"684a170f\" data-element_type=\"widget\" data-e-type=\"widget\" data-widget_type=\"text-editor.default\">\n\t\t\t\t<div class=\"elementor-widget-container\">\n\t\t\t\t\t\t\t\t\t<p>Unsere Silokonstruktionen f\u00fcr die Lagerung von Getreide und Mehl umfassen sowohl mechanische als auch pneumatische Bef\u00fcllung. Unser Ingenieurteam hat ein Silomodell entwickelt, das die Montage vor Ort erleichtert und damit Zeit und Kosten spart.<\/p><p>Korpuskonstruktion aus 3-4 mm dickem Blech, zickzackf\u00f6rmig gefaltet mit einer Neigung von 60 Grad. Mit Inspektionsklappe und Ansaugfiltern an der Oberseite.<\/p>\t\t\t\t\t\t\t\t<\/div>\n\t\t\t\t<\/div>\n\t\t\t\t<\/div>\n\t\t\t\t\t<\/div>\n\t\t\t\t<\/div>\n\t\t<div class=\"elementor-element elementor-element-500d5544 e-flex e-con-boxed e-con e-parent\" data-id=\"500d5544\" data-element_type=\"container\" data-e-type=\"container\" data-settings=\"{&quot;background_background&quot;:&quot;classic&quot;}\">\n\t\t\t\t\t<div class=\"e-con-inner\">\n\t\t\t\t<div class=\"elementor-element elementor-element-0313a6b grid-maquinaria elementor-widget elementor-widget-ucaddon_content_grid2\" data-id=\"0313a6b\" data-element_type=\"widget\" data-e-type=\"widget\" data-widget_type=\"ucaddon_content_grid2.default\">\n\t\t\t\t<div class=\"elementor-widget-container\">\n\t\t\t\t\t\n<!-- start Content Grid -->\n\t\t<link id='font-awesome-css' href='https:\/\/rosal-feedmills.com\/wp-content\/plugins\/unlimited-elements-for-elementor-premium\/assets_libraries\/font-awesome6\/fontawesome-all.min.css' type='text\/css' rel='stylesheet' >\n\t\t<link id='font-awesome-4-shim-css' href='https:\/\/rosal-feedmills.com\/wp-content\/plugins\/unlimited-elements-for-elementor-premium\/assets_libraries\/font-awesome6\/fontawesome-v4-shims.min.css' type='text\/css' rel='stylesheet' >\n\t\t<link id='fancybox-css' href='https:\/\/rosal-feedmills.com\/wp-content\/plugins\/unlimited-elements-for-elementor-premium\/assets_libraries\/fancybox3\/jquery.fancybox.min.css' type='text\/css' rel='stylesheet' >\n\n<style>\/* widget: Content Grid *\/\n\n\n\n#uc_content_grid2_elementor_0313a6b * {\n\tbox-sizing: border-box;\t\n}\n\n#uc_content_grid2_elementor_0313a6b .uc_post_grid_style_one_wrap {\n\tdisplay: grid;\n}\n\n#uc_content_grid2_elementor_0313a6b .uc_post_grid_style_one_image {\n\twidth: 100%;\n\toverflow: hidden;\n\tdisplay: block;  \t\n}\n\n#uc_content_grid2_elementor_0313a6b .uc_post_image {\n\twidth: inherit;\n\theight: inherit;\n\tbackground-position: center center;\n\tbackground-repeat: no-repeat;\n\tdisplay: block;\n\ttransition: all 0.25s ease-in-out;\n}\n\n#uc_content_grid2_elementor_0313a6b .ue-image-holder a{\n  display:block;\n}\n\n#uc_content_grid2_elementor_0313a6b .ue-item{\n  position:relative;\n  overflow:hidden;\n}\n\n#uc_content_grid2_elementor_0313a6b .ue-item-title{\n  width:100%;\n}\n\n#uc_content_grid2_elementor_0313a6b .ue-item-text{\n  width:100%;\n}\n\n#uc_content_grid2_elementor_0313a6b .uc_content{\n  display:flex;\n  flex-direction:column;\n}\n\n#uc_content_grid2_elementor_0313a6b .ue-content-wrapper{\n  width:100%;\n}\n\n#uc_content_grid2_elementor_0313a6b .ue-button{\n  margin-top:auto;\n}\n\n#uc_content_grid2_elementor_0313a6b .ue-button{\n  width:100%;\n}\n\n\n\n\n\n\n\n\n\n#uc_content_grid2_elementor_0313a6b.uc-remote-parent .ue-item{\n  cursor:pointer;\n}\n\n#uc_content_grid2_elementor_0313a6b .uc_post_grid_style_one_search_wrap{\n  display: flex;  \n}\n\n#uc_content_grid2_elementor_0313a6b .uc_post_grid_style_one_search_container{\n  position: relative;\n}\n\n\n#uc_content_grid2_elementor_0313a6b ::-webkit-input-placeholder { \/* Edge *\/\n  color: #8f8f8f;\n}\n\n#uc_content_grid2_elementor_0313a6b :-ms-input-placeholder { \/* Internet Explorer 10-11 *\/\n  color: #8f8f8f;\n}\n\n#uc_content_grid2_elementor_0313a6b ::placeholder {\n  color: #8f8f8f;\n}\n\n#uc_content_grid2_elementor_0313a6b .uc_post_grid_style_one_next_button_pagination_button{\n      display: none;\n  }\n\n#uc_content_grid2_elementor_0313a6b .uc_post_grid_style_one_search_icon,\n#uc_content_grid2_elementor_0313a6b .uc_post_grid_style_one_reset_icon{\n\tposition: absolute;\n  \ttop: 50%;\n    transform: translate(0, -50%);\n    height: 100%;\n  \tdisplay: flex;\n    align-items: center;\n    justify-content: center;\n}\n\n#uc_content_grid2_elementor_0313a6b .uc_post_grid_style_one_reset_icon{\n  cursor: pointer;\n}\n\n\n\/* pagination *\/\n#uc_content_grid2_elementor_0313a6b .uc_post_grid_style_one_prev_button_pagination{\n  display: flex;\n  align-items: center;\n}\n\n#uc_content_grid2_elementor_0313a6b .uc_post_grid_style_one_pagination_button,\n#uc_content_grid2_elementor_0313a6b .uc_post_grid_style_one_pagination_number{\n  padding: 0;\n  justify-content: center;\n  align-items: center;\n  transition: all .3s ease;\n  margin: 0;\n}\n\n#uc_content_grid2_elementor_0313a6b .uc_post_grid_style_one_pagination_number:last-child,\n#uc_content_grid2_elementor_0313a6b .uc_post_grid_style_one_pagination_number:first-child{\n  display: inline-flex;\n  position: relative;\n}\n\n#uc_content_grid2_elementor_0313a6b .ue-hidden{\n  display: none;\n}\n\n#uc_content_grid2_elementor_0313a6b .ue-disabled{\n  opacity: .5;\n  pointer-events: none;\n}\n\n#uc_content_grid2_elementor_0313a6b .uc_post_grid_style_one_pagination_number.ue-visible{\n  display: inline-flex;\n}\n\n#uc_content_grid2_elementor_0313a6b .uc_post_grid_style_one_pagination_numbers{\n  display: flex;\n  flex-wrap: wrap;\n}\n\n#uc_content_grid2_elementor_0313a6b .uc_post_grid_style_one_prev_button_pagination_wrap{\n  display: flex;\n}\n\/* end pagination *\/\n\n<\/style>\n\n<div id=\"uc_content_grid2_elementor_0313a6b\" class=\"uc_post_grid_style_one uc_items\"   data-lightbox=\"false\">\n  \n    \n  <div class=\"uc_post_grid_style_one_wrap uc-items-wrapper\">\n          \n<div class=\"uc_post_grid_style_one_item ue-item\">\n    \n      <div class=\"uc_post_grid_style_one_image ue-image-holder\">\n                    <a class=\"uc_post_grid_style_one-link\" href=\"https:\/\/rosal-feedmills.com\/de\/produkte\/lagerung\/metallstrukturen\/\" >\n                      \n    <div aria-role=\"img\" aria-label=\"Rendering einer Metallstruktur einer Futtermittelfabrik\"  class=\"uc_post_image\" style=\"background-image: url(https:\/\/rosal-feedmills.com\/wp-content\/uploads\/2024\/11\/miniatura-3.jpg);\"><\/div>\n    <\/a>    <\/div>\n    \n  <div class=\"uc_content padding\">\n    <div class=\"ue-content-wrapper\">\n      \n              <a href=\"https:\/\/rosal-feedmills.com\/de\/produkte\/lagerung\/metallstrukturen\/\" >        \t<h3 class=\"ue-item-title\">Metallstrukturen<\/h3>\n         <\/a>            \n      <div class=\"ue-item-text\"><p>Metallkonstruktionen, die das Gewicht des gesamten Lagersystems einer Futterm\u00fchle tragen k\u00f6nnen.<\/p><\/div>      \n            \n    <\/div>\n    \n        \n  <\/div>\n<\/div>\n\n<div class=\"uc_post_grid_style_one_item ue-item\">\n    \n      <div class=\"uc_post_grid_style_one_image ue-image-holder\">\n                    <a class=\"uc_post_grid_style_one-link\" href=\"https:\/\/rosal-feedmills.com\/de\/produkte\/lagerung\/getreidesilo\/\" >\n                      \n    <div aria-role=\"img\" aria-label=\"Rendering von zwei Silos in einer Futtermittelfabrik\"  class=\"uc_post_image\" style=\"background-image: url(https:\/\/rosal-feedmills.com\/wp-content\/uploads\/2024\/11\/miniatura-5.jpg);\"><\/div>\n    <\/a>    <\/div>\n    \n  <div class=\"uc_content padding\">\n    <div class=\"ue-content-wrapper\">\n      \n              <a href=\"https:\/\/rosal-feedmills.com\/de\/produkte\/lagerung\/getreidesilo\/\" >        \t<h3 class=\"ue-item-title\">Getreidesilo<\/h3>\n         <\/a>            \n      <div class=\"ue-item-text\"><div class=\"maquinaria-description\"><p>Unsere Silos sind so konzipiert, dass sie effiziente und sichere Lagerl\u00f6sungen f\u00fcr Sch\u00fcttgut bieten.<\/p><\/div><\/div>      \n            \n    <\/div>\n    \n        \n  <\/div>\n<\/div>\n\n<div class=\"uc_post_grid_style_one_item ue-item\">\n    \n      <div class=\"uc_post_grid_style_one_image ue-image-holder\">\n                    <a class=\"uc_post_grid_style_one-link\" href=\"https:\/\/rosal-feedmills.com\/de\/produkte\/lagerung\/quadratische-silos\/\" >\n                      \n    <div aria-role=\"img\" aria-label=\"Rendering einer Struktur mit quadratischen Getreidesilos von Rosal\"  class=\"uc_post_image\" style=\"background-image: url(https:\/\/rosal-feedmills.com\/wp-content\/uploads\/2024\/11\/img75-e1732482772476-768x714.jpg);\"><\/div>\n    <\/a>    <\/div>\n    \n  <div class=\"uc_content padding\">\n    <div class=\"ue-content-wrapper\">\n      \n              <a href=\"https:\/\/rosal-feedmills.com\/de\/produkte\/lagerung\/quadratische-silos\/\" >        \t<h3 class=\"ue-item-title\">Vierecksilo<\/h3>\n         <\/a>            \n      <div class=\"ue-item-text\"><p>Quadratische Silos zur Lagerung von Trockensch\u00fcttg\u00fctern: maximale Kapazit\u00e4t auf minimalem Raum.<\/p><\/div>      \n            \n    <\/div>\n    \n        \n  <\/div>\n<\/div>\n\n      <\/div>  \n    \n<\/div>\n<!-- end Content Grid -->\t\t\t\t<\/div>\n\t\t\t\t<\/div>\n\t\t\t\t\t<\/div>\n\t\t\t\t<\/div>\n\t\t\t\t<\/div>","protected":false},"excerpt":{"rendered":"<p>Almacenamiento Nuestros dise\u00f1os de silos para almacenamiento de cereales y harinas abarcan el llenado tanto en forma mec\u00e1nica como neum\u00e1tica. Nuestro equipo de ingenier\u00eda ha dise\u00f1ado un modelo de silo que facilita el montaje en obra, reduciendo tiempos y costes. Construcci\u00f3n del cuerpo en chapa de 3-4 mm de espesor plegada en zig-zag a 60 [&hellip;]<\/p>\n","protected":false},"author":2,"featured_media":0,"parent":1951,"menu_order":0,"comment_status":"closed","ping_status":"closed","template":"","meta":{"footnotes":""},"class_list":["post-445","page","type-page","status-publish","hentry"],"yoast_head":"<!-- This site is optimized with the Yoast SEO plugin v27.2 - https:\/\/yoast.com\/product\/yoast-seo-wordpress\/ -->\n<title>Almacenamiento de cereales y harinas para f\u00e1bricas de piensos<\/title>\n<meta name=\"description\" content=\"Soluciones para almacenamiento de cereales y harinas en f\u00e1bricas de piensos, con filtros de aspiraci\u00f3n y compuertas de inspecci\u00f3n.\" \/>\n<meta name=\"robots\" content=\"index, follow, max-snippet:-1, max-image-preview:large, max-video-preview:-1\" \/>\n<link rel=\"canonical\" href=\"https:\/\/rosal-feedmills.com\/de\/produkte\/lagerung\/\" \/>\n<meta property=\"og:locale\" content=\"de_DE\" \/>\n<meta property=\"og:type\" content=\"article\" \/>\n<meta property=\"og:title\" content=\"Almacenamiento de cereales y harinas para f\u00e1bricas de piensos\" \/>\n<meta property=\"og:description\" content=\"Soluciones para almacenamiento de cereales y harinas en f\u00e1bricas de piensos, con filtros de aspiraci\u00f3n y compuertas de inspecci\u00f3n.\" \/>\n<meta property=\"og:url\" content=\"https:\/\/rosal-feedmills.com\/de\/produkte\/lagerung\/\" \/>\n<meta property=\"og:site_name\" content=\"Rosal Feedmills\" \/>\n<meta property=\"article:modified_time\" content=\"2026-03-20T21:43:00+00:00\" \/>\n<meta property=\"og:image\" content=\"https:\/\/rosal-feedmills.com\/wp-content\/uploads\/2024\/12\/COPESE-1-1024x768-1.webp\" \/>\n\t<meta property=\"og:image:width\" content=\"1024\" \/>\n\t<meta property=\"og:image:height\" content=\"768\" \/>\n\t<meta property=\"og:image:type\" content=\"image\/webp\" \/>\n<meta name=\"twitter:card\" content=\"summary_large_image\" \/>\n<meta name=\"twitter:label1\" content=\"Gesch\u00e4tzte Lesezeit\" \/>\n\t<meta name=\"twitter:data1\" content=\"1\u00a0Minute\" \/>\n<script type=\"application\/ld+json\" class=\"yoast-schema-graph\">{\"@context\":\"https:\/\/schema.org\",\"@graph\":[{\"@type\":\"WebPage\",\"@id\":\"https:\/\/rosal-feedmills.com\/maquinaria\/almacenamiento\/\",\"url\":\"https:\/\/rosal-feedmills.com\/maquinaria\/almacenamiento\/\",\"name\":\"Almacenamiento de cereales y harinas para f\u00e1bricas de piensos\",\"isPartOf\":{\"@id\":\"https:\/\/rosal-feedmills.com\/#website\"},\"primaryImageOfPage\":{\"@id\":\"https:\/\/rosal-feedmills.com\/maquinaria\/almacenamiento\/#primaryimage\"},\"image\":{\"@id\":\"https:\/\/rosal-feedmills.com\/maquinaria\/almacenamiento\/#primaryimage\"},\"thumbnailUrl\":\"https:\/\/rosal-feedmills.com\/wp-content\/uploads\/2024\/12\/COPESE-1-1024x768-1.webp\",\"datePublished\":\"2021-03-05T21:30:04+00:00\",\"dateModified\":\"2026-03-20T21:43:00+00:00\",\"description\":\"Soluciones para almacenamiento de cereales y harinas en f\u00e1bricas de piensos, con filtros de aspiraci\u00f3n y compuertas de inspecci\u00f3n.\",\"breadcrumb\":{\"@id\":\"https:\/\/rosal-feedmills.com\/maquinaria\/almacenamiento\/#breadcrumb\"},\"inLanguage\":\"de\",\"potentialAction\":[{\"@type\":\"ReadAction\",\"target\":[\"https:\/\/rosal-feedmills.com\/maquinaria\/almacenamiento\/\"]}]},{\"@type\":\"ImageObject\",\"inLanguage\":\"de\",\"@id\":\"https:\/\/rosal-feedmills.com\/maquinaria\/almacenamiento\/#primaryimage\",\"url\":\"https:\/\/rosal-feedmills.com\/wp-content\/uploads\/2024\/12\/COPESE-1-1024x768-1.webp\",\"contentUrl\":\"https:\/\/rosal-feedmills.com\/wp-content\/uploads\/2024\/12\/COPESE-1-1024x768-1.webp\"},{\"@type\":\"BreadcrumbList\",\"@id\":\"https:\/\/rosal-feedmills.com\/maquinaria\/almacenamiento\/#breadcrumb\",\"itemListElement\":[{\"@type\":\"ListItem\",\"position\":1,\"name\":\"Portada\",\"item\":\"https:\/\/rosal-feedmills.com\/\"},{\"@type\":\"ListItem\",\"position\":2,\"name\":\"Maquinaria\",\"item\":\"https:\/\/rosal-feedmills.com\/maquinaria\/\"},{\"@type\":\"ListItem\",\"position\":3,\"name\":\"Almacenamiento\"}]},{\"@type\":\"WebSite\",\"@id\":\"https:\/\/rosal-feedmills.com\/#website\",\"url\":\"https:\/\/rosal-feedmills.com\/\",\"name\":\"Rosal\",\"description\":\"Maquinaria y f\u00e1bricas completas para alimentaci\u00f3n animal\",\"publisher\":{\"@id\":\"https:\/\/rosal-feedmills.com\/#organization\"},\"potentialAction\":[{\"@type\":\"SearchAction\",\"target\":{\"@type\":\"EntryPoint\",\"urlTemplate\":\"https:\/\/rosal-feedmills.com\/?s={search_term_string}\"},\"query-input\":{\"@type\":\"PropertyValueSpecification\",\"valueRequired\":true,\"valueName\":\"search_term_string\"}}],\"inLanguage\":\"de\"},{\"@type\":\"Organization\",\"@id\":\"https:\/\/rosal-feedmills.com\/#organization\",\"name\":\"Rosal Instalaciones Agroindustriales\",\"url\":\"https:\/\/rosal-feedmills.com\/\",\"logo\":{\"@type\":\"ImageObject\",\"inLanguage\":\"de\",\"@id\":\"https:\/\/rosal-feedmills.com\/#\/schema\/logo\/image\/\",\"url\":\"https:\/\/rosal-feedmills.com\/wp-content\/uploads\/2024\/11\/Logo-Rosal-complert-png-e1731455627780.webp\",\"contentUrl\":\"https:\/\/rosal-feedmills.com\/wp-content\/uploads\/2024\/11\/Logo-Rosal-complert-png-e1731455627780.webp\",\"width\":913,\"height\":396,\"caption\":\"Rosal Instalaciones Agroindustriales\"},\"image\":{\"@id\":\"https:\/\/rosal-feedmills.com\/#\/schema\/logo\/image\/\"},\"sameAs\":[\"https:\/\/es.linkedin.com\/company\/rosal-instalaciones-agroindustriales-s-a\"]}]}<\/script>\n<!-- \/ Yoast SEO plugin. -->","yoast_head_json":{"title":"Lagerung von Getreide und Mehl f\u00fcr Futterm\u00fchlen","description":"L\u00f6sungen f\u00fcr die Lagerung von Getreide und Mehl in Futterm\u00fchlen, mit Saugfiltern und Inspektionsklappen.","robots":{"index":"index","follow":"follow","max-snippet":"max-snippet:-1","max-image-preview":"max-image-preview:large","max-video-preview":"max-video-preview:-1"},"canonical":"https:\/\/rosal-feedmills.com\/de\/produkte\/lagerung\/","og_locale":"de_DE","og_type":"article","og_title":"Almacenamiento de cereales y harinas para f\u00e1bricas de piensos","og_description":"Soluciones para almacenamiento de cereales y harinas en f\u00e1bricas de piensos, con filtros de aspiraci\u00f3n y compuertas de inspecci\u00f3n.","og_url":"https:\/\/rosal-feedmills.com\/de\/produkte\/lagerung\/","og_site_name":"Rosal Feedmills","article_modified_time":"2026-03-20T21:43:00+00:00","og_image":[{"width":1024,"height":768,"url":"https:\/\/rosal-feedmills.com\/wp-content\/uploads\/2024\/12\/COPESE-1-1024x768-1.webp","type":"image\/webp"}],"twitter_card":"summary_large_image","twitter_misc":{"Gesch\u00e4tzte Lesezeit":"1\u00a0Minute"},"schema":{"@context":"https:\/\/schema.org","@graph":[{"@type":"WebPage","@id":"https:\/\/rosal-feedmills.com\/maquinaria\/almacenamiento\/","url":"https:\/\/rosal-feedmills.com\/maquinaria\/almacenamiento\/","name":"Lagerung von Getreide und Mehl f\u00fcr Futterm\u00fchlen","isPartOf":{"@id":"https:\/\/rosal-feedmills.com\/#website"},"primaryImageOfPage":{"@id":"https:\/\/rosal-feedmills.com\/maquinaria\/almacenamiento\/#primaryimage"},"image":{"@id":"https:\/\/rosal-feedmills.com\/maquinaria\/almacenamiento\/#primaryimage"},"thumbnailUrl":"https:\/\/rosal-feedmills.com\/wp-content\/uploads\/2024\/12\/COPESE-1-1024x768-1.webp","datePublished":"2021-03-05T21:30:04+00:00","dateModified":"2026-03-20T21:43:00+00:00","description":"L\u00f6sungen f\u00fcr die Lagerung von Getreide und Mehl in Futterm\u00fchlen, mit Saugfiltern und Inspektionsklappen.","breadcrumb":{"@id":"https:\/\/rosal-feedmills.com\/maquinaria\/almacenamiento\/#breadcrumb"},"inLanguage":"de","potentialAction":[{"@type":"ReadAction","target":["https:\/\/rosal-feedmills.com\/maquinaria\/almacenamiento\/"]}]},{"@type":"ImageObject","inLanguage":"de","@id":"https:\/\/rosal-feedmills.com\/maquinaria\/almacenamiento\/#primaryimage","url":"https:\/\/rosal-feedmills.com\/wp-content\/uploads\/2024\/12\/COPESE-1-1024x768-1.webp","contentUrl":"https:\/\/rosal-feedmills.com\/wp-content\/uploads\/2024\/12\/COPESE-1-1024x768-1.webp"},{"@type":"BreadcrumbList","@id":"https:\/\/rosal-feedmills.com\/maquinaria\/almacenamiento\/#breadcrumb","itemListElement":[{"@type":"ListItem","position":1,"name":"Portada","item":"https:\/\/rosal-feedmills.com\/"},{"@type":"ListItem","position":2,"name":"Maquinaria","item":"https:\/\/rosal-feedmills.com\/maquinaria\/"},{"@type":"ListItem","position":3,"name":"Almacenamiento"}]},{"@type":"WebSite","@id":"https:\/\/rosal-feedmills.com\/#website","url":"https:\/\/rosal-feedmills.com\/","name":"Rosal","description":"Maschinen und komplette Anlagen f\u00fcr die Tierern\u00e4hrung","publisher":{"@id":"https:\/\/rosal-feedmills.com\/#organization"},"potentialAction":[{"@type":"SearchAction","target":{"@type":"EntryPoint","urlTemplate":"https:\/\/rosal-feedmills.com\/?s={search_term_string}"},"query-input":{"@type":"PropertyValueSpecification","valueRequired":true,"valueName":"search_term_string"}}],"inLanguage":"de"},{"@type":"Organization","@id":"https:\/\/rosal-feedmills.com\/#organization","name":"Rosal Agro-industrielle Anlagen","url":"https:\/\/rosal-feedmills.com\/","logo":{"@type":"ImageObject","inLanguage":"de","@id":"https:\/\/rosal-feedmills.com\/#\/schema\/logo\/image\/","url":"https:\/\/rosal-feedmills.com\/wp-content\/uploads\/2024\/11\/Logo-Rosal-complert-png-e1731455627780.webp","contentUrl":"https:\/\/rosal-feedmills.com\/wp-content\/uploads\/2024\/11\/Logo-Rosal-complert-png-e1731455627780.webp","width":913,"height":396,"caption":"Rosal Instalaciones Agroindustriales"},"image":{"@id":"https:\/\/rosal-feedmills.com\/#\/schema\/logo\/image\/"},"sameAs":["https:\/\/es.linkedin.com\/company\/rosal-instalaciones-agroindustriales-s-a"]}]}},"_links":{"self":[{"href":"https:\/\/rosal-feedmills.com\/de\/wp-json\/wp\/v2\/pages\/445","targetHints":{"allow":["GET"]}}],"collection":[{"href":"https:\/\/rosal-feedmills.com\/de\/wp-json\/wp\/v2\/pages"}],"about":[{"href":"https:\/\/rosal-feedmills.com\/de\/wp-json\/wp\/v2\/types\/page"}],"author":[{"embeddable":true,"href":"https:\/\/rosal-feedmills.com\/de\/wp-json\/wp\/v2\/users\/2"}],"replies":[{"embeddable":true,"href":"https:\/\/rosal-feedmills.com\/de\/wp-json\/wp\/v2\/comments?post=445"}],"version-history":[{"count":71,"href":"https:\/\/rosal-feedmills.com\/de\/wp-json\/wp\/v2\/pages\/445\/revisions"}],"predecessor-version":[{"id":19761,"href":"https:\/\/rosal-feedmills.com\/de\/wp-json\/wp\/v2\/pages\/445\/revisions\/19761"}],"up":[{"embeddable":true,"href":"https:\/\/rosal-feedmills.com\/de\/wp-json\/wp\/v2\/pages\/1951"}],"wp:attachment":[{"href":"https:\/\/rosal-feedmills.com\/de\/wp-json\/wp\/v2\/media?parent=445"}],"curies":[{"name":"wp","href":"https:\/\/api.w.org\/{rel}","templated":true}]}}