{"id":578,"date":"2021-03-10T14:46:51","date_gmt":"2021-03-10T14:46:51","guid":{"rendered":"http:\/\/rosal-feedmills.com.mialias.net\/?page_id=578"},"modified":"2025-10-17T09:35:06","modified_gmt":"2025-10-17T08:35:06","slug":"privacy-policy","status":"publish","type":"page","link":"https:\/\/rosal-feedmills.com\/de\/politica-de-privacidad\/","title":{"rendered":"Datenschutzbestimmungen"},"content":{"rendered":"<div data-elementor-type=\"wp-page\" data-elementor-id=\"578\" class=\"elementor elementor-578\" data-elementor-post-type=\"page\">\n\t\t\t\t<div class=\"elementor-element elementor-element-53725bc8 e-flex e-con-boxed e-con e-parent\" data-id=\"53725bc8\" data-element_type=\"container\" data-e-type=\"container\" data-settings=\"{&quot;background_background&quot;:&quot;classic&quot;}\">\n\t\t\t\t\t<div class=\"e-con-inner\">\n\t\t\t\t<div class=\"elementor-element elementor-element-8ec3386 elementor-widget elementor-widget-heading\" data-id=\"8ec3386\" data-element_type=\"widget\" data-e-type=\"widget\" data-widget_type=\"heading.default\">\n\t\t\t\t<div class=\"elementor-widget-container\">\n\t\t\t\t\t<h1 class=\"elementor-heading-title elementor-size-default\">Datenschutzbestimmungen<\/h1>\t\t\t\t<\/div>\n\t\t\t\t<\/div>\n\t\t\t\t<div class=\"elementor-element elementor-element-6a83dae6 elementor-widget elementor-widget-text-editor\" data-id=\"6a83dae6\" data-element_type=\"widget\" data-e-type=\"widget\" data-widget_type=\"text-editor.default\">\n\t\t\t\t<div class=\"elementor-widget-container\">\n\t\t\t\t\t\t\t\t\t <p>Wir weisen Sie darauf hin, dass f\u00fcr den Zugang zu bestimmten Inhalten oder Dienstleistungen die Angabe pers\u00f6nlicher Daten erforderlich ist. Die Benutzer m\u00fcssen die Wahrhaftigkeit, Genauigkeit und Authentizit\u00e4t der Daten garantieren. ROSAL INSTALACIONES AGROINDUSTRIALES S.A. wird die Vertraulichkeit und Sicherheit Ihrer pers\u00f6nlichen Daten wahren und sie entsprechend ihrer Art oder ihres Zwecks unter den im Abschnitt Datenschutzpolitik angegebenen Bedingungen automatisch verarbeiten.<\/p>\n    <p>In Anbetracht der Europ\u00e4ischen Datenschutzverordnung EU 2016\/679 des Europ\u00e4ischen Parlaments und des Europ\u00e4ischen Rates ist es wichtig, die Basisinformationen zu lesen. Sie sollten sich auch dar\u00fcber im Klaren sein, dass die Tatsache, dass Sie Ihre Daten hinterlassen, kein Vertragsverh\u00e4ltnis mit unserem Unternehmen begr\u00fcndet, best\u00e4tigt, aufhebt, storniert, legitimiert oder vervollst\u00e4ndigt.<\/p>\n\n    <h2>Grundlegende Informationen<\/h2>\n    <p><strong>Verantwortlicher f\u00fcr die Datenverarbeitung:<\/strong> ROSAL INSTALACIONES AGROINDUSTRIALES S.A.<br>\n    A08557282 Calle Roger de Flor (Pol. Ind. Can Vinyals S\/N) 08130 Santa Perpetua de la Mogoda <a href=\"mailto:j.rosal@rosal.biz\">j.rosal@rosal.biz<\/a> \u2013 935741932<\/p>\n\n    <h3>Grunds\u00e4tze der Behandlung<\/h3>\n    <ul>\n        <li>auf rechtm\u00e4\u00dfige, faire und transparente Weise in Bezug auf die betroffene Person.<\/li>\n        <li>Sie werden f\u00fcr festgelegte, eindeutige und rechtm\u00e4\u00dfige Zwecke erhoben und d\u00fcrfen nicht in einer mit diesen Zwecken nicht zu vereinbarenden Weise weiterverarbeitet werden; Archivierungszwecke im \u00f6ffentlichen Interesse, wissenschaftliche und historische Forschungszwecke oder statistische Zwecke gelten nicht als unvereinbar mit den urspr\u00fcnglichen Zwecken.<\/li>\n        <li>Angemessen, sachdienlich und beschr\u00e4nkt auf das, was im Hinblick auf die Zwecke, f\u00fcr die sie verarbeitet werden, erforderlich ist.<\/li>\n        <li>Es sind alle angemessenen Ma\u00dfnahmen zu treffen, um sicherzustellen, dass personenbezogene Daten, die in Bezug auf die Zwecke, f\u00fcr die sie verarbeitet werden, unrichtig sind, unverz\u00fcglich gel\u00f6scht oder berichtigt werden.<\/li>\n        <li>in einer Form aufbewahrt werden, die die Identifizierung der betroffenen Person erm\u00f6glicht, und zwar nicht l\u00e4nger, als es f\u00fcr die Erreichung der Zwecke, f\u00fcr die sie verarbeitet werden, erforderlich ist; personenbezogene Daten d\u00fcrfen l\u00e4nger aufbewahrt werden, sofern sie ausschlie\u00dflich zu im \u00f6ffentlichen Interesse liegenden Archivierungszwecken, zu wissenschaftlichen oder historischen Forschungszwecken oder zu statistischen Zwecken verarbeitet werden.<\/li>\n        <li>so verarbeitet werden, dass eine angemessene Sicherheit der personenbezogenen Daten gew\u00e4hrleistet ist, einschlie\u00dflich des Schutzes vor unbefugter oder unrechtm\u00e4\u00dfiger Verarbeitung und vor unbeabsichtigtem Verlust, unbeabsichtigter Zerst\u00f6rung oder unbeabsichtigter Besch\u00e4digung, indem geeignete technische oder organisatorische Ma\u00dfnahmen getroffen werden.<\/li>\n    <\/ul>\n\n    <p><strong>Sprache:<\/strong> Die f\u00fcr diese Datenschutzrichtlinie geltende Sprache ist Spanisch. Im Falle von Widerspr\u00fcchen zwischen den in anderen Sprachen zur Verf\u00fcgung gestellten Versionen ist die spanische Version ma\u00dfgebend. Bei der Auslegung von Vertr\u00e4gen sind insbesondere die Artikel 1281 ff. des B\u00fcrgerlichen Gesetzbuches zu beachten.<\/p>\n\n    <h3>Verwendungszwecke<\/h3>\n    <ul>\n        <li>Erbringung von Dienstleistungen und Verkauf an Kunden im Rahmen unseres Unternehmensgegenstandes: CNAE 2829 Herstellung von sonstigen Maschinen f\u00fcr allgemeine Zwecke, Engineering, Produktion, Montage und Kundendienst.<\/li>\n        <li>Ihre Anfragen zu bearbeiten, diese Dienste in Rechnung zu stellen, Stornierungen und R\u00fcckerstattungen innerhalb der gesetzlichen Fristen zu verwalten, die im Gesetz 34\/2002 vom 11. Juli \u00fcber die Dienste der Informationsgesellschaft und den elektronischen Gesch\u00e4ftsverkehr, im K\u00f6niglichen Gesetzesdekret 1\/2007 vom 16. November zur Verabschiedung des \u00fcberarbeiteten Textes des Allgemeinen Gesetzes zum Schutz der Verbraucher und Nutzer sowie in anderen erg\u00e4nzenden Gesetzen festgelegt sind.<\/li>\n        <li>Ihnen Werbung und Promotionen im Zusammenhang mit unserem Unternehmenszweck entsprechend Ihren Interessengebieten zuzusenden, sei es auf dem Postweg, per Telematik oder \u00fcber Festnetz- oder Mobiltelefonie. Au\u00dferdem laden wir Sie zu Veranstaltungen des Unternehmens ein, sowohl pers\u00f6nlich als auch online.<\/li>\n    <\/ul>\n\n    <h3>Einhaltung von Vorschriften<\/h3>\n    <p>Wir behalten uns das Recht vor, die von Ihnen zur Verf\u00fcgung gestellten Informationen, einschlie\u00dflich der in Anspruch genommenen Dienste, Informationen, einschlie\u00dflich Kontoinformationen und personenbezogene Daten, zu speichern und aufzubewahren, um den geltenden Gesetzen zu entsprechen, wenn dies zur Beweisf\u00fchrung in einem Schiedsverfahren oder vor Gericht erforderlich ist, und sie verschlossen und pseudonymisiert aufzubewahren, um ihre Sicherheit, Geheimhaltung und Vertraulichkeit zu gew\u00e4hrleisten.<\/p>\n\n    <h3>Rechtm\u00e4\u00dfigkeit<\/h3>\n    <p>Wir werden keine Daten ohne ausdr\u00fcckliche Zustimmung f\u00fcr jeden der Zwecke verarbeiten, nur wenn:<\/p>\n    <ul>\n        <li>wenn dies f\u00fcr die Erf\u00fcllung eines Vertrags, dessen Vertragspartei die betroffene Person ist, oder f\u00fcr die Durchf\u00fchrung vorvertraglicher Ma\u00dfnahmen auf Antrag der betroffenen Person erforderlich ist.<\/li>\n        <li>Wenn dies zur Erf\u00fcllung einer f\u00fcr den f\u00fcr die Verarbeitung Verantwortlichen geltenden rechtlichen Verpflichtung erforderlich ist.<\/li>\n        <li>Wenn die Verarbeitung zur Wahrung lebenswichtiger Interessen der betroffenen Person oder einer anderen nat\u00fcrlichen Person erforderlich ist;<\/li>\n        <li>wenn dies zur Wahrung der berechtigten Interessen des f\u00fcr die Verarbeitung Verantwortlichen oder eines Dritten erforderlich ist, sofern nicht die Interessen oder Grundrechte und Grundfreiheiten der betroffenen Person, die den Schutz personenbezogener Daten erfordern, \u00fcberwiegen; dies gilt insbesondere, wenn es sich bei der betroffenen Person um ein Kind handelt.<\/li>\n    <\/ul>\n    <p>Wir stellen sicher, dass angemessene Sicherheitsvorkehrungen getroffen werden, zu denen auch die Verschl\u00fcsselung oder Pseudonymisierung von Daten geh\u00f6ren kann, um die Identit\u00e4t des Nutzers zu sch\u00fctzen.<\/p>\n\n    <h3>Datenschutzbeauftragter<\/h3>\n    <p>F\u00fcr alle Anfragen, die Ihre Grundrechte gem\u00e4\u00df Artikel 8 Absatz 1 der Charta der Grundrechte der Europ\u00e4ischen Union und Artikel 16 Absatz 1 des Vertrags \u00fcber die Arbeitsweise der Europ\u00e4ischen Union (AEUV), Artikel 12 der Allgemeinen Erkl\u00e4rung der Menschenrechte, Artikel 17 des von der Generalversammlung der Vereinten Nationen angenommenen Internationalen Pakts \u00fcber b\u00fcrgerliche und politische Rechte, Artikel 11 der Amerikanischen Menschenrechtskonvention, auch bekannt als Pakt von San Jos\u00e9 de Costa Rica, und die in den Artikeln 14 bis 29 der spanischen Verfassung beschriebenen Rechte betreffen. Sie k\u00f6nnen Ihre Beschwerde richten an: <a href=\"mailto:j.rosal@rosal.biz\">j.rosal@rosal.biz<\/a> \u2013 935741932<\/p>\n\n    <h3>Legitimation<\/h3>\n    <p>Einwilligung, Vertragsverh\u00e4ltnis und berechtigtes Interesse.<\/p>\n\n    <h3>Rechtsgrundlage<\/h3>\n    <p>Verordnung (EU) 2016\/679 des Europ\u00e4ischen Parlaments und des Rates vom 27. April 2016 zum Schutz nat\u00fcrlicher Personen bei der Verarbeitung personenbezogener Daten und zum freien Datenverkehr, Organgesetz 3\/2018 vom 5. Dezember \u00fcber den Schutz personenbezogener Daten und die Gew\u00e4hrleistung digitaler Rechte, Gesetz 34\/2002 vom 11. Juli \u00fcber die Dienste der Informationsgesellschaft und den elektronischen Handel. K\u00f6niglicher Gesetzeserlass 1\/2007 vom 16. November, der den \u00fcberarbeiteten Text des Allgemeinen Gesetzes zum Schutz der Verbraucher und Nutzer und anderer erg\u00e4nzender Gesetze genehmigt.<\/p>\n <h3>Adressaten<\/h3>\n    <p>Wir \u00fcbermitteln Daten an Dritte, wie z. B. an Betreiber, die die Website verwalten und die unsere Computeranwendung pflegen, die uns die normale Verwaltung unserer Dienste erm\u00f6glicht und f\u00fcr die Verwaltung unserer T\u00e4tigkeit unerl\u00e4sslich ist.<\/p>\n\n    <h3>Dauer<\/h3>\n    <p>Die zur Verf\u00fcgung gestellten Daten werden f\u00fcr einen Zeitraum von 5 Jahren ab dem letzten Vertrag aufbewahrt, es sei denn, Sie haben zuvor die Sperrung oder L\u00f6schung derselben beantragt; oder wie es die Steuergesetzgebung vorschreibt. Steuerdaten werden aufgrund gesetzlicher Vorschriften 5 Jahre lang aufbewahrt.<\/p>\n\n    <h3>Qualit\u00e4t der Daten<\/h3>\n    <p>Alle \u00fcber die Website angeforderten Daten sind obligatorisch, da sie f\u00fcr die Bereitstellung eines optimalen Dienstes f\u00fcr den Nutzer erforderlich sind. Falls nicht alle Daten zur Verf\u00fcgung gestellt werden, \u00fcbernimmt der Anbieter keine Garantie f\u00fcr die Bereitstellung der angeforderten Dienste.<\/p>\n    <p>Der Nutzer ist allein verantwortlich f\u00fcr die Richtigkeit und Aktualisierung der Daten, die er \u00fcber die verschiedenen Formulare auf der Website angibt.<\/p>\n\n    <h3>Profilierung<\/h3>\n    <p>Wir verarbeiten Ihre personenbezogenen Daten auf der Website nicht in automatisierter Form f\u00fcr die Erstellung von Profilen, au\u00dfer f\u00fcr statistische Zwecke, die die Grundrechte der betroffenen Personen nicht beeintr\u00e4chtigen.<\/p>\n\n    <h3>Zus\u00e4tzliche Informationen<\/h3>\n    <p>Sie k\u00f6nnen jederzeit zus\u00e4tzliche Informationen \u00fcber Ihre personenbezogenen Daten (\u201czweite Ebene\u00bb) anfordern, und zwar unter der gleichen Adresse, die wir Ihnen zur Aus\u00fcbung Ihrer Rechte mitteilen.<\/p>\n\n    <h3>Minderj\u00e4hrige<\/h3>\n    <p>Unsere Dienste richten sich nicht an Minderj\u00e4hrige oder behinderte Personen. Wir gehen davon aus, dass sie die Genehmigung und Zustimmung ihrer Eltern, Erziehungsberechtigten oder gesetzlichen Vertreter haben. Die Nutzung dieser, ob durch Fahrl\u00e4ssigkeit oder fahrl\u00e4ssiges Verschulden, wird auf eigene Gefahr, die in au\u00dfervertragliche Haftung f\u00fchren k\u00f6nnte.<\/p>\n\n    <h3>Internationale Daten\u00fcbermittlung<\/h3>\n    <p>In einigen F\u00e4llen k\u00f6nnen wir, um Ihnen einen besseren Service zu bieten, internationale Daten\u00fcbermittlungen durchf\u00fchren, die den Bestimmungen der Verordnung (EU) 2016\/679 und den darin vorgesehenen unterschiedlichen Rechtsgrundlagen unterliegen:<\/p>\n    <ul>\n        <li>Mit Ihrer ausdr\u00fccklichen Zustimmung, unter Einhaltung aller gesetzlichen Garantien zum Schutz Ihrer Privatsph\u00e4re, mit maximaler Sicherheit, unter Wahrung der Geheimhaltung und Vertraulichkeit der Daten.<\/li>\n        <li>Durch Vertragsklauseln im Sinne von Artikel 46 Absatz 2 Buchstabe c der Verordnung (EU) 2016\/679, zu denen zun\u00e4chst die Stellungnahme des Europ\u00e4ischen Datenschutzausschusses gem\u00e4\u00df Artikel 64 der Verordnung einzuholen ist.<\/li>\n        <li>Verbindliche Unternehmensregeln gem\u00e4\u00df Artikel 47 der Verordnung (EU) 2016\/679.<\/li>\n        <li>Internationale Daten\u00fcbermittlungen an L\u00e4nder oder internationale Organisationen, die nicht \u00fcber einen von der Kommission genehmigten Angemessenheitsbeschluss verf\u00fcgen oder f\u00fcr die keine der im vorherigen Artikel und in Artikel 46.2 der Verordnung (EU) 2016\/679 vorgesehenen Garantien gelten, bed\u00fcrfen der vorherigen Genehmigung durch die spanische Datenschutzbeh\u00f6rde.<\/li>\n    <\/ul>\n\n    <h3>Rechte<\/h3>\n    <p>Sie k\u00f6nnen Ihre Rechte auf Auskunft, Berichtigung, L\u00f6schung und\/oder Widerspruch sowie das Recht auf Zweckbindung und \u00dcbertragbarkeit aus\u00fcben. Sie k\u00f6nnen uns unter unserer E-Mail-Adresse kontaktieren: <a href=\"mailto:j.rosal@rosal.biz\">j.rosal@rosal.biz<\/a> ; oder an unsere Postanschrift, indem Sie sich an den Verantwortlichen f\u00fcr unsere Unternehmensakte wenden. Dazu ist es erforderlich, dass Sie zusammen mit Ihrem Antrag pers\u00f6nliche Daten und Belege vorlegen.<\/p>\n    <p>Erforderliche Dokumente:<\/p>\n    <ul>\n        <li>Fotokopie des Personalausweises<\/li>\n        <li>Ausreichende Identifizierung und Vertretung.<\/li>\n        <li>Erl\u00e4uterung und Zweck der Beschwerde.<\/li>\n        <li>Adresse f\u00fcr die Zusendung von Mitteilungen oder E-Mail, damit wir Sie so schnell wie m\u00f6glich kontaktieren k\u00f6nnen.<\/li>\n    <\/ul>\n\n    <h3>Erg\u00e4nzende Informationen<\/h3>\n    <p>Sie haben das Recht, eine Best\u00e4tigung dar\u00fcber zu erhalten, wie Ihre personenbezogenen Daten von unserem Unternehmen verarbeitet werden. Daher haben Sie das Recht, jederzeit einfach und kostenlos auf Ihre personenbezogenen Daten zuzugreifen, unrichtige Daten zu erhalten oder deren L\u00f6schung zu verlangen, wenn die Daten f\u00fcr die Zwecke, f\u00fcr die sie erhoben wurden, nicht mehr erforderlich sind.<\/p>\n    <p>Sie haben auch die M\u00f6glichkeit, den Erhalt von Werbenachrichten in \u00dcbereinstimmung mit dem LSSICE 34\/2002 abzubestellen. Zu diesem Zweck m\u00fcssen Sie die folgenden Angaben machen:<\/p>\n    &lt;ul\t\t\t\t\t\t\t\t<\/div>\n\t\t\t\t<\/div>\n\t\t\t\t\t<\/div>\n\t\t\t\t<\/div>\n\t\t\t\t<\/div>","protected":false},"excerpt":{"rendered":"<p>Pol\u00edtica de privacidad Le informamos que para el acceso de determinados contenidos o servicios ser\u00e1 necesario facilitar datos de car\u00e1cter personal. Los Usuarios garantizar\u00e1n su veracidad, exactitud, autenticidad de los datos. ROSAL INSTALACIONES AGROINDUSTRIALES S.A. preservar\u00e1 la confidencialidad y seguridad de sus datos personales y dar\u00e1 a los mismos el tratamiento automatizado que corresponda en [&hellip;]<\/p>\n","protected":false},"author":2,"featured_media":0,"parent":0,"menu_order":0,"comment_status":"closed","ping_status":"closed","template":"","meta":{"footnotes":""},"class_list":["post-578","page","type-page","status-publish","hentry"],"yoast_head":"<!-- This site is optimized with the Yoast SEO plugin v27.2 - https:\/\/yoast.com\/product\/yoast-seo-wordpress\/ -->\n<title>Pol\u00edtica de privacidad | Rosal Feedmills<\/title>\n<meta name=\"robots\" content=\"noindex, nofollow\" \/>\n<meta property=\"og:locale\" content=\"de_DE\" \/>\n<meta property=\"og:type\" content=\"article\" \/>\n<meta property=\"og:title\" content=\"Pol\u00edtica de privacidad | Rosal Feedmills\" \/>\n<meta property=\"og:description\" content=\"Pol\u00edtica de privacidad Le informamos que para el acceso de determinados contenidos o servicios ser\u00e1 necesario facilitar datos de car\u00e1cter personal. Los Usuarios garantizar\u00e1n su veracidad, exactitud, autenticidad de los datos. ROSAL INSTALACIONES AGROINDUSTRIALES S.A. preservar\u00e1 la confidencialidad y seguridad de sus datos personales y dar\u00e1 a los mismos el tratamiento automatizado que corresponda en [&hellip;]\" \/>\n<meta property=\"og:url\" content=\"https:\/\/rosal-feedmills.com\/de\/privacy-policy\/\" \/>\n<meta property=\"og:site_name\" content=\"Rosal Feedmills\" \/>\n<meta property=\"article:modified_time\" content=\"2025-10-17T08:35:06+00:00\" \/>\n<meta property=\"og:image\" content=\"https:\/\/rosal-feedmills.com\/wp-content\/uploads\/2024\/11\/16_1-jpg.webp\" \/>\n\t<meta property=\"og:image:width\" content=\"1996\" \/>\n\t<meta property=\"og:image:height\" content=\"1121\" \/>\n\t<meta property=\"og:image:type\" content=\"image\/jpeg\" \/>\n<meta name=\"twitter:card\" content=\"summary_large_image\" \/>\n<meta name=\"twitter:label1\" content=\"Gesch\u00e4tzte Lesezeit\" \/>\n\t<meta name=\"twitter:data1\" content=\"8\u00a0Minuten\" \/>\n<script type=\"application\/ld+json\" class=\"yoast-schema-graph\">{\"@context\":\"https:\/\/schema.org\",\"@graph\":[{\"@type\":\"WebPage\",\"@id\":\"https:\/\/rosal-feedmills.com\/politica-de-privacidad\/\",\"url\":\"https:\/\/rosal-feedmills.com\/politica-de-privacidad\/\",\"name\":\"Pol\u00edtica de privacidad | Rosal Feedmills\",\"isPartOf\":{\"@id\":\"https:\/\/rosal-feedmills.com\/#website\"},\"datePublished\":\"2021-03-10T14:46:51+00:00\",\"dateModified\":\"2025-10-17T08:35:06+00:00\",\"breadcrumb\":{\"@id\":\"https:\/\/rosal-feedmills.com\/politica-de-privacidad\/#breadcrumb\"},\"inLanguage\":\"de\",\"potentialAction\":[{\"@type\":\"ReadAction\",\"target\":[\"https:\/\/rosal-feedmills.com\/politica-de-privacidad\/\"]}]},{\"@type\":\"BreadcrumbList\",\"@id\":\"https:\/\/rosal-feedmills.com\/politica-de-privacidad\/#breadcrumb\",\"itemListElement\":[{\"@type\":\"ListItem\",\"position\":1,\"name\":\"Portada\",\"item\":\"https:\/\/rosal-feedmills.com\/\"},{\"@type\":\"ListItem\",\"position\":2,\"name\":\"Pol\u00edtica de privacidad\"}]},{\"@type\":\"WebSite\",\"@id\":\"https:\/\/rosal-feedmills.com\/#website\",\"url\":\"https:\/\/rosal-feedmills.com\/\",\"name\":\"Rosal\",\"description\":\"Maquinaria y f\u00e1bricas completas para alimentaci\u00f3n animal\",\"publisher\":{\"@id\":\"https:\/\/rosal-feedmills.com\/#organization\"},\"potentialAction\":[{\"@type\":\"SearchAction\",\"target\":{\"@type\":\"EntryPoint\",\"urlTemplate\":\"https:\/\/rosal-feedmills.com\/?s={search_term_string}\"},\"query-input\":{\"@type\":\"PropertyValueSpecification\",\"valueRequired\":true,\"valueName\":\"search_term_string\"}}],\"inLanguage\":\"de\"},{\"@type\":\"Organization\",\"@id\":\"https:\/\/rosal-feedmills.com\/#organization\",\"name\":\"Rosal Instalaciones Agroindustriales\",\"url\":\"https:\/\/rosal-feedmills.com\/\",\"logo\":{\"@type\":\"ImageObject\",\"inLanguage\":\"de\",\"@id\":\"https:\/\/rosal-feedmills.com\/#\/schema\/logo\/image\/\",\"url\":\"https:\/\/rosal-feedmills.com\/wp-content\/uploads\/2024\/11\/Logo-Rosal-complert-png-e1731455627780.webp\",\"contentUrl\":\"https:\/\/rosal-feedmills.com\/wp-content\/uploads\/2024\/11\/Logo-Rosal-complert-png-e1731455627780.webp\",\"width\":913,\"height\":396,\"caption\":\"Rosal Instalaciones Agroindustriales\"},\"image\":{\"@id\":\"https:\/\/rosal-feedmills.com\/#\/schema\/logo\/image\/\"},\"sameAs\":[\"https:\/\/es.linkedin.com\/company\/rosal-instalaciones-agroindustriales-s-a\"]}]}<\/script>\n<!-- \/ Yoast SEO plugin. -->","yoast_head_json":{"title":"Datenschutzpolitik | Rosal Feedmills","robots":{"index":"noindex","follow":"nofollow"},"og_locale":"de_DE","og_type":"article","og_title":"Pol\u00edtica de privacidad | Rosal Feedmills","og_description":"Pol\u00edtica de privacidad Le informamos que para el acceso de determinados contenidos o servicios ser\u00e1 necesario facilitar datos de car\u00e1cter personal. Los Usuarios garantizar\u00e1n su veracidad, exactitud, autenticidad de los datos. ROSAL INSTALACIONES AGROINDUSTRIALES S.A. preservar\u00e1 la confidencialidad y seguridad de sus datos personales y dar\u00e1 a los mismos el tratamiento automatizado que corresponda en [&hellip;]","og_url":"https:\/\/rosal-feedmills.com\/de\/privacy-policy\/","og_site_name":"Rosal Feedmills","article_modified_time":"2025-10-17T08:35:06+00:00","og_image":[{"width":1996,"height":1121,"url":"https:\/\/rosal-feedmills.com\/wp-content\/uploads\/2024\/11\/16_1-jpg.webp","type":"image\/jpeg"}],"twitter_card":"summary_large_image","twitter_misc":{"Gesch\u00e4tzte Lesezeit":"8\u00a0Minuten"},"schema":{"@context":"https:\/\/schema.org","@graph":[{"@type":"WebPage","@id":"https:\/\/rosal-feedmills.com\/politica-de-privacidad\/","url":"https:\/\/rosal-feedmills.com\/politica-de-privacidad\/","name":"Datenschutzpolitik | Rosal Feedmills","isPartOf":{"@id":"https:\/\/rosal-feedmills.com\/#website"},"datePublished":"2021-03-10T14:46:51+00:00","dateModified":"2025-10-17T08:35:06+00:00","breadcrumb":{"@id":"https:\/\/rosal-feedmills.com\/politica-de-privacidad\/#breadcrumb"},"inLanguage":"de","potentialAction":[{"@type":"ReadAction","target":["https:\/\/rosal-feedmills.com\/politica-de-privacidad\/"]}]},{"@type":"BreadcrumbList","@id":"https:\/\/rosal-feedmills.com\/politica-de-privacidad\/#breadcrumb","itemListElement":[{"@type":"ListItem","position":1,"name":"Portada","item":"https:\/\/rosal-feedmills.com\/"},{"@type":"ListItem","position":2,"name":"Pol\u00edtica de privacidad"}]},{"@type":"WebSite","@id":"https:\/\/rosal-feedmills.com\/#website","url":"https:\/\/rosal-feedmills.com\/","name":"Rosal","description":"Maschinen und komplette Anlagen f\u00fcr die Tierern\u00e4hrung","publisher":{"@id":"https:\/\/rosal-feedmills.com\/#organization"},"potentialAction":[{"@type":"SearchAction","target":{"@type":"EntryPoint","urlTemplate":"https:\/\/rosal-feedmills.com\/?s={search_term_string}"},"query-input":{"@type":"PropertyValueSpecification","valueRequired":true,"valueName":"search_term_string"}}],"inLanguage":"de"},{"@type":"Organization","@id":"https:\/\/rosal-feedmills.com\/#organization","name":"Rosal Agro-industrielle Anlagen","url":"https:\/\/rosal-feedmills.com\/","logo":{"@type":"ImageObject","inLanguage":"de","@id":"https:\/\/rosal-feedmills.com\/#\/schema\/logo\/image\/","url":"https:\/\/rosal-feedmills.com\/wp-content\/uploads\/2024\/11\/Logo-Rosal-complert-png-e1731455627780.webp","contentUrl":"https:\/\/rosal-feedmills.com\/wp-content\/uploads\/2024\/11\/Logo-Rosal-complert-png-e1731455627780.webp","width":913,"height":396,"caption":"Rosal Instalaciones Agroindustriales"},"image":{"@id":"https:\/\/rosal-feedmills.com\/#\/schema\/logo\/image\/"},"sameAs":["https:\/\/es.linkedin.com\/company\/rosal-instalaciones-agroindustriales-s-a"]}]}},"_links":{"self":[{"href":"https:\/\/rosal-feedmills.com\/de\/wp-json\/wp\/v2\/pages\/578","targetHints":{"allow":["GET"]}}],"collection":[{"href":"https:\/\/rosal-feedmills.com\/de\/wp-json\/wp\/v2\/pages"}],"about":[{"href":"https:\/\/rosal-feedmills.com\/de\/wp-json\/wp\/v2\/types\/page"}],"author":[{"embeddable":true,"href":"https:\/\/rosal-feedmills.com\/de\/wp-json\/wp\/v2\/users\/2"}],"replies":[{"embeddable":true,"href":"https:\/\/rosal-feedmills.com\/de\/wp-json\/wp\/v2\/comments?post=578"}],"version-history":[{"count":17,"href":"https:\/\/rosal-feedmills.com\/de\/wp-json\/wp\/v2\/pages\/578\/revisions"}],"predecessor-version":[{"id":19063,"href":"https:\/\/rosal-feedmills.com\/de\/wp-json\/wp\/v2\/pages\/578\/revisions\/19063"}],"wp:attachment":[{"href":"https:\/\/rosal-feedmills.com\/de\/wp-json\/wp\/v2\/media?parent=578"}],"curies":[{"name":"wp","href":"https:\/\/api.w.org\/{rel}","templated":true}]}}