{"id":580,"date":"2021-03-10T15:04:05","date_gmt":"2021-03-10T15:04:05","guid":{"rendered":"http:\/\/rosal-feedmills.com.mialias.net\/?page_id=580"},"modified":"2025-10-17T09:29:47","modified_gmt":"2025-10-17T08:29:47","slug":"cookie-politik","status":"publish","type":"page","link":"https:\/\/rosal-feedmills.com\/de\/politica-de-cookies\/","title":{"rendered":"Cookies-Politik"},"content":{"rendered":"<div data-elementor-type=\"wp-page\" data-elementor-id=\"580\" class=\"elementor elementor-580\" data-elementor-post-type=\"page\">\n\t\t\t\t<div class=\"elementor-element elementor-element-09253d7 e-flex e-con-boxed e-con e-parent\" data-id=\"09253d7\" data-element_type=\"container\" data-e-type=\"container\" data-settings=\"{&quot;background_background&quot;:&quot;classic&quot;}\">\n\t\t\t\t\t<div class=\"e-con-inner\">\n\t\t\t\t<div class=\"elementor-element elementor-element-4a791be elementor-widget elementor-widget-heading\" data-id=\"4a791be\" data-element_type=\"widget\" data-e-type=\"widget\" data-widget_type=\"heading.default\">\n\t\t\t\t<div class=\"elementor-widget-container\">\n\t\t\t\t\t<h1 class=\"elementor-heading-title elementor-size-default\">Cookies-Politik<\/h1>\t\t\t\t<\/div>\n\t\t\t\t<\/div>\n\t\t\t\t<div class=\"elementor-element elementor-element-efeb535 elementor-widget elementor-widget-text-editor\" data-id=\"efeb535\" data-element_type=\"widget\" data-e-type=\"widget\" data-widget_type=\"text-editor.default\">\n\t\t\t\t<div class=\"elementor-widget-container\">\n\t\t\t\t\t\t\t\t\t    <p>ROSAL INSTALACIONES AGROINDUSTRIALES S.A. hei\u00dft Sie herzlich willkommen und bittet Sie, die COOKIES-Politik dieser Website (im Folgenden COOKIES-Politik) sorgf\u00e4ltig zu lesen, in der die Bedingungen beschrieben werden, die f\u00fcr Ihr Surfen auf dieser Website gem\u00e4\u00df den Bestimmungen der geltenden spanischen Vorschriften gelten werden. Da www.nouenergia.com diese COOKIES-Politik in Zukunft \u00e4ndern kann, empfehlen wir Ihnen, sie regelm\u00e4\u00dfig zu besuchen, um sich \u00fcber die vorgenommenen \u00c4nderungen zu informieren.<\/p>\n\n    <p>Um sicherzustellen, dass die Website die Kriterien der Transparenz, Klarheit und Einfachheit erf\u00fcllt, werden die Nutzer darauf hingewiesen, dass sie sich bei Vorschl\u00e4gen, Zweifeln oder Fragen bez\u00fcglich der Datenschutzrichtlinie an www.rosal-feedmills.com unter der folgenden E-Mail-Adresse wenden k\u00f6nnen: j.rosal@rosal.biz - 935741932. Die Cookies-Politik ist in spanischer Sprache verfasst und ist die authentische Version.<\/p>\n\n    <h2>Arten und Typologie der auf unserer Website verwendeten Cookies:<\/h2>\n    <ol>\n        <li>\n            <strong>Erstanbieter-Analyse-Cookies:<\/strong> Wir verwenden diese Cookies, um die Anzahl der einzelnen Besucher zu sch\u00e4tzen, um unsere Websites und die Websites unserer H\u00e4ndler zu verbessern und um die meistgesuchten W\u00f6rter in Suchmaschinen zu ermitteln, die zu einer Webseite f\u00fchren. Diese Cookies werden nicht verwendet, um Sie mit Online-Marketing anzusprechen. Wir verwenden diese Cookies, um zu verstehen, wie unsere Websites und die Websites unserer H\u00e4ndler funktionieren, und um entsprechende Verbesserungen vorzunehmen, um Ihr Surferlebnis zu verbessern. <em>Operativ<\/em>\n        <\/li>\n        <li>\n            <strong>Analyse-Cookies von Dritten:<\/strong> Wir verwenden auch Google Analytics und andere unten aufgef\u00fchrte Drittanbieter, um zu messen, wie Nutzer mit den Inhalten unserer Website interagieren. Diese Cookies \"merken\" sich, was unsere Nutzer auf fr\u00fcheren Seiten getan haben und wie sie mit der Website interagiert haben. Weitere Informationen zu Google Analytics finden Sie auf der Google-Informationsseite. Eine Anleitung, wie Sie Google Analytics deaktivieren k\u00f6nnen, finden Sie weiter unten. <em>Operativ<\/em>\n        <\/li>\n    <\/ol>\n\n    <ul>\n        <li><strong>Werbe-Cookies:<\/strong> Sie werden auf unserer Website verwendet, um das Marketing auf Sie und Ihre Interessen zuzuschneiden und um Ihnen in Zukunft einen noch pers\u00f6nlicheren Service zu bieten. Diese Cookies speichern, dass Sie unsere Website besucht haben, und wir k\u00f6nnen diese Informationen an Dritte weitergeben, z. B. an Werbetreibende. Obwohl diese Cookies die Besuche Ihres Ger\u00e4ts auf unserer Website und anderen Websites nachverfolgen k\u00f6nnen, k\u00f6nnen sie Sie im Allgemeinen nicht pers\u00f6nlich identifizieren. Ohne diese Cookies sind die Anzeigen, die Sie sehen, m\u00f6glicherweise weniger relevant und interessant f\u00fcr Sie. Lesen Sie hier mehr dar\u00fcber, wie Unternehmen Cookies f\u00fcr zielgerichtete oder gezielte Werbung verwenden. Wir setzen keine Werbe-Cookies \u00fcber die Schaufenster unserer H\u00e4ndler, obwohl die H\u00e4ndler sich daf\u00fcr entscheiden k\u00f6nnen, dies unabh\u00e4ngig zu tun. <em>Nicht-operativ<\/em><\/li>\n\n        <li><strong>Soziale und inhaltliche Cookies:<\/strong> Sie werden auf vielen Social-Media-Plugins (z. B. dem Facebook-\"Gef\u00e4llt mir\"-Button) und anderen Tools platziert, die den Inhalt einer Website bereitstellen oder verbessern sollen (z. B. Dienste, die das Abspielen von Videodateien erm\u00f6glichen oder Kommentarbereiche erstellen). Wir integrieren diese Module in unsere Plattform, um das Surfen und die Interaktion mit unseren Websites zu verbessern. Bitte beachten Sie, dass einige dieser Drittdienste Cookies setzen, die auch f\u00fcr Dinge wie verhaltensbezogene Werbung, Analysen und\/oder Marktforschung verwendet werden. <em>Nicht-operativ<\/em><\/li>\n    <\/ul>\n\n    <h2>Wie lange bleiben Cookies auf meinem Computer oder mobilen Ger\u00e4t?<\/h2>\n    <p>Wie lange ein Cookie auf Ihrem Computer oder Mobilger\u00e4t verbleibt, h\u00e4ngt davon ab, ob es sich um ein \"dauerhaftes\" oder ein \"Sitzungs\"-Cookie handelt. Sitzungs-Cookies bleiben bestehen, bis Sie aufh\u00f6ren zu surfen, und dauerhafte Cookies bleiben bestehen, bis sie ablaufen oder gel\u00f6scht werden. Die meisten der von uns verwendeten Cookies sind dauerhafte Cookies und laufen zwischen 30 Minuten und zwei Jahren nach dem Herunterladen auf Ihr Ger\u00e4t ab. Weitere Informationen dar\u00fcber, wie Sie Cookies vor ihrem Ablauf l\u00f6schen k\u00f6nnen, finden Sie im Abschnitt \u00fcber die Kontrolle von Cookies.<\/p>\n\n    <h2>Wie kann man Cookies kontrollieren?<\/h2>\n    <p>Sie k\u00f6nnen Cookies auf verschiedene Weise kontrollieren und verwalten. Bitte beachten Sie, dass das L\u00f6schen oder Blockieren von Cookies Ihre Nutzererfahrung beeintr\u00e4chtigen kann und einige Teile unserer Website m\u00f6glicherweise nicht mehr vollst\u00e4ndig zug\u00e4nglich sind. Die meisten Browser akzeptieren Cookies automatisch, aber Sie k\u00f6nnen \u00fcber die Einstellungen Ihres Browsers, die sich h\u00e4ufig im Men\u00fc \"Extras\" oder \"Einstellungen\" Ihres Browsers befinden, entscheiden, ob Sie Cookies akzeptieren oder nicht. Weitere Informationen dar\u00fcber, wie Sie Ihre Browsereinstellungen \u00e4ndern oder Cookies blockieren, verwalten oder filtern k\u00f6nnen, finden Sie in der Hilfedatei Ihres Browsers oder auf Websites wie <a href=\"http:\/\/www.allaboutcookies.org\" target=\"_blank\">www.allaboutcookies.org<\/a>. Viele der oben erw\u00e4hnten Werbe- und anderen Tracking-Dienste von Drittanbietern bieten Ihnen die M\u00f6glichkeit, ihre Tracking-Systeme zu deaktivieren. \u00dcber die Links zu den Datenschutzrichtlinien k\u00f6nnen Sie mehr \u00fcber die von ihnen gesammelten Informationen und die M\u00f6glichkeiten zur Abmeldung erfahren.<\/p>\n\n    <h2>Was sind Cookies?<\/h2>\n    <p>Cookies werden zum Speichern und Abrufen von Informationen \u00fcber die Nutzer, die eine Website besuchen, verwendet. Sie werden verwendet, um die besuchten Seiten zu verfolgen und um sich an bestimmte Benutzeraktionen zu erinnern, z. B. an die bevorzugte Navigation. Diese Pr\u00e4ferenzen werden gespeichert, wenn ein Nutzer die Website erneut besucht.<\/p>\n\n    <h2>Welche Informationen werden im Internet gespeichert?<\/h2>\n    <ol>\n        <li>Statistische Informationen \u00fcber die Nutzung der Website.<\/li>\n        <li>Protokoll der vom Besucher durchgef\u00fchrten Aktivit\u00e4ten (Seitenaufrufe, Suchen, K\u00e4ufe usw.).<\/li>\n        <li>Verbindungsdaten zu sozialen Netzwerken f\u00fcr Nutzer, die sich mit ihrem Facebook- oder Twitter-Benutzer anmelden.<\/li>\n    <\/ol>\n\n    <h2>Was passiert, wenn ich die Nutzung blockiere?<\/h2>\n    <p>Bei einer Sperrung ihrer Nutzung sind einige Webdienste m\u00f6glicherweise nicht verf\u00fcgbar.<\/p>\n\n    <h2>Wie kann ich Cookies in meinem Browser blockieren?<\/h2>\n    <p>\u00dcber die folgenden Links erhalten Sie Informationen dazu in Ihrem Browser:<\/p>\n    <ol>\n        <li>Chrom<\/li>\n        <li>Firefox<\/li>\n        <li>Safari<\/li>\n        <li>Internet Explorer<\/li>\n    <\/ol>\n\n    <h2>Was passiert, wenn ich Cookies deaktiviere?<\/h2>\n    <p>Damit Sie wissen, welche Folgen die Deaktivierung von Cookies hat, finden Sie hier einige Beispiele:<\/p>\n    <ul>\n        <li>Sie d\u00fcrfen Inhalte dieser Website nicht auf Facebook, Twitter oder einem anderen sozialen Netzwerk teilen.<\/li>\n        <li>Die Website ist nicht in der Lage, den Inhalt an Ihre pers\u00f6nlichen Vorlieben anzupassen, wie es bei Online-Shops oft der Fall ist.<\/li>\n        <li>Sie k\u00f6nnen nicht auf den pers\u00f6nlichen Bereich dieser Website zugreifen, wie z. B. Mein Konto, Mein Profil oder Meine Bestellungen.<\/li>\n        <li>Online-Shops: Sie k\u00f6nnen nicht online einkaufen, sondern m\u00fcssen telefonisch einkaufen oder ein Gesch\u00e4ft aufsuchen, wenn Sie eines haben.<\/li>\n        <li>Es wird nicht m\u00f6glich sein, Ihre geografischen Pr\u00e4ferenzen wie Zeitzone, W\u00e4hrung oder Sprache anzupassen.<\/li>\n        <li>Die Website wird nicht in der Lage sein, Web-Analysen \u00fcber Besucher und Web-Traffic durchzuf\u00fchren, was es f\u00fcr die Website schwierig macht, wettbewerbsf\u00e4hig zu sein.<\/li>\n        <li>Sie k\u00f6nnen in dem Blog nicht schreiben, keine Bilder hochladen, keine Kommentare abgeben und keine Inhalte bewerten. Die Website kann auch nicht feststellen, ob Sie ein Mensch sind oder eine automatisierte Anwendung, die Spam postet.<\/li>\n        <li>Es wird nicht mehr m\u00f6glich sein, zielgerichtete Werbung anzuzeigen, was zu einem R\u00fcckgang der Werbeeinnahmen der Website f\u00fchrt.<\/li>\n        <li>Alle sozialen Netzwerke verwenden Cookies. Wenn Sie diese deaktivieren, k\u00f6nnen Sie kein soziales Netzwerk nutzen.<\/li>\n    <\/ul>\n\n    <h2>K\u00f6nnen Cookies gel\u00f6scht werden?<\/h2>\n    <p>Ja, nicht nur l\u00f6schen, sondern auch blockieren, entweder allgemein oder f\u00fcr eine bestimmte Dom\u00e4ne. Um Cookies von einer Website zu l\u00f6schen, m\u00fcssen Sie in den Einstellungen Ihres Browsers nach den Cookies suchen, die mit der betreffenden Dom\u00e4ne verbunden sind, und sie l\u00f6schen.<\/p>\n\n    <h2>Cookie-Einstellungen f\u00fcr die g\u00e4ngigsten Browser<\/h2>\n    <p>Hier erfahren Sie, wie Sie auf ein bestimmtes Cookie im Chrome-Browser zugreifen k\u00f6nnen. Hinweis: Diese Schritte k\u00f6nnen je nach Browser und Browserversion variieren:<\/p>\n    <ol>\n        <li>Gehen Sie \u00fcber das Men\u00fc Datei oder durch Klicken auf das Anpassungssymbol oben rechts zu Einstellungen oder Pr\u00e4ferenzen.<\/li>\n        <li>Sie sehen verschiedene Abschnitte, w\u00e4hlen Sie die Option Erweiterte Optionen anzeigen.<\/li>\n        <li>Gehen Sie zu Datenschutz, Inhaltseinstellungen.<\/li>\n        <li>W\u00e4hlen Sie Alle Cookies und Standortdaten.<\/li>\n        <li>Es erscheint eine Liste mit allen Cookies, die nach Dom\u00e4nen sortiert sind. Um die Cookies einer bestimmten Domain leichter zu finden, geben Sie einen Teil oder die gesamte Adresse in das Feld Cookies suchen ein.<\/li>\n        <li>Sobald dieser Filter erstellt wurde, erscheinen eine oder mehrere Zeilen mit den Cookies der gew\u00fcnschten Website auf dem Bildschirm. Jetzt m\u00fcssen Sie sie nur noch ausw\u00e4hlen und mit X l\u00f6schen.<\/li>\n    <\/ol>\n\n    <p>Um auf die Cookie-Einstellungen Ihres Internet Explorers zuzugreifen, gehen Sie wie folgt vor (kann je nach Browserversion variieren):<\/p>\n    <ol>\n        <li>Gehen Sie zu Extras, Internetoptionen<\/li>\n        <li>Klicken Sie auf Datenschutz.<\/li>\n        <li>Bewegen Sie die Dropdown-Liste, um die gew\u00fcnschte Datenschutzstufe einzustellen.<\/li>\n    <\/ol>\n\n    <p>Um auf die Cookie-Einstellungen Ihres Firefox-Browsers zuzugreifen, gehen Sie wie folgt vor (kann je nach Browser-Version variieren):<\/p>\n    <ol>\n        <li>Gehen Sie je nach Betriebssystem zu Optionen oder Voreinstellungen.<\/li>\n        <li>Klicken Sie auf Datenschutz.<\/li>\n        <li>W\u00e4hlen Sie unter Verlauf die Option Benutzerdefinierte Einstellungen f\u00fcr Verlauf verwenden.<\/li>\n        <li>Sie sehen nun die Option Cookies akzeptieren, die Sie je nach Ihren W\u00fcnschen aktivieren oder deaktivieren k\u00f6nnen.<\/li>\n    <\/ol>\n\n    <p>Um auf die Cookie-Einstellungen im Safari-Browser f\u00fcr OSX zuzugreifen, gehen Sie wie folgt vor (kann je nach Browser-Version variieren):<\/p>\n    <ol>\n        <li>Gehen Sie zu Einstellungen und dann zu Datenschutz.<\/li>\n        <li>Hier sehen Sie die Option Cookies blockieren, mit der Sie die Art der Blockierung festlegen k\u00f6nnen.<\/li>\n    <\/ol>\n\n    <p>Um auf die Cookie-Einstellungen im Safari-Browser f\u00fcr iOS zuzugreifen, gehen Sie wie folgt vor (kann je nach Browser-Version variieren):<\/p>\n    <ol>\n        <li>Gehen Sie zu Einstellungen und dann zu Safari.<\/li>\n        <li>Unter Datenschutz und Sicherheit finden Sie die Option Cookies blockieren, mit der Sie die Art der Blockierung einstellen k\u00f6nnen.<\/li>\n    <\/ol>\n\n    <p>Um auf die Cookie-Einstellungen Ihres Browsers f\u00fcr Android-Ger\u00e4te zuzugreifen, gehen Sie wie folgt vor (kann je nach Browser-Version variieren):<\/p>\n    <ol>\n        <li>Starten Sie den Browser und dr\u00fccken Sie die Men\u00fctaste, dann Einstellungen.<\/li>\n        <li>Unter Vertraulichkeit sehen Sie die Option Cookies akzeptieren, die Sie aktivieren oder deaktivieren k\u00f6nnen.<\/li>\n    <\/ol>\n\n    <p>Um auf die Cookie-Einstellungen Ihres Browsers f\u00fcr Windows Phone-Ger\u00e4te zuzugreifen, gehen Sie wie folgt vor (kann je nach Browser-Version variieren):<\/p>\n    <ol>\n        <li>\u00d6ffnen Sie Internet Explorer, dann Mehr, dann Einstellungen.<\/li>\n        <li>Sie k\u00f6nnen nun das Kontrollk\u00e4stchen Cookies zulassen aktivieren oder deaktivieren.<\/li>\n    <\/ol>\t\t\t\t\t\t\t\t<\/div>\n\t\t\t\t<\/div>\n\t\t\t\t\t<\/div>\n\t\t\t\t<\/div>\n\t\t\t\t<\/div>","protected":false},"excerpt":{"rendered":"<p>Pol\u00edtica de cookies ROSAL INSTALACIONES AGROINDUSTRIALES S.A. le da la bienvenida y le invita a leer atentamente las Pol\u00edtica de COOKIES de este Sitio Web (en adelante Pol\u00edtica de COOKIES) que describen los t\u00e9rminos y condiciones que ser\u00e1n aplicables a su navegaci\u00f3n por el mismo, de conformidad con lo establecido en la normativa espa\u00f1ola de [&hellip;]<\/p>\n","protected":false},"author":2,"featured_media":0,"parent":0,"menu_order":0,"comment_status":"closed","ping_status":"closed","template":"","meta":{"footnotes":""},"class_list":["post-580","page","type-page","status-publish","hentry"],"yoast_head":"<!-- This site is optimized with the Yoast SEO plugin v27.2 - https:\/\/yoast.com\/product\/yoast-seo-wordpress\/ -->\n<title>Pol\u00edtica de cookies | Rosal Feedmills<\/title>\n<meta name=\"robots\" content=\"noindex, nofollow\" \/>\n<meta property=\"og:locale\" content=\"de_DE\" \/>\n<meta property=\"og:type\" content=\"article\" \/>\n<meta property=\"og:title\" content=\"Pol\u00edtica de cookies | Rosal Feedmills\" \/>\n<meta property=\"og:description\" content=\"Pol\u00edtica de cookies ROSAL INSTALACIONES AGROINDUSTRIALES S.A. le da la bienvenida y le invita a leer atentamente las Pol\u00edtica de COOKIES de este Sitio Web (en adelante Pol\u00edtica de COOKIES) que describen los t\u00e9rminos y condiciones que ser\u00e1n aplicables a su navegaci\u00f3n por el mismo, de conformidad con lo establecido en la normativa espa\u00f1ola de [&hellip;]\" \/>\n<meta property=\"og:url\" content=\"https:\/\/rosal-feedmills.com\/de\/cookie-politik\/\" \/>\n<meta property=\"og:site_name\" content=\"Rosal Feedmills\" \/>\n<meta property=\"article:modified_time\" content=\"2025-10-17T08:29:47+00:00\" \/>\n<meta property=\"og:image\" content=\"https:\/\/rosal-feedmills.com\/wp-content\/uploads\/2024\/11\/16_1-jpg.webp\" \/>\n\t<meta property=\"og:image:width\" content=\"1996\" \/>\n\t<meta property=\"og:image:height\" content=\"1121\" \/>\n\t<meta property=\"og:image:type\" content=\"image\/jpeg\" \/>\n<meta name=\"twitter:card\" content=\"summary_large_image\" \/>\n<meta name=\"twitter:label1\" content=\"Gesch\u00e4tzte Lesezeit\" \/>\n\t<meta name=\"twitter:data1\" content=\"8\u00a0Minuten\" \/>\n<script type=\"application\/ld+json\" class=\"yoast-schema-graph\">{\"@context\":\"https:\/\/schema.org\",\"@graph\":[{\"@type\":\"WebPage\",\"@id\":\"https:\/\/rosal-feedmills.com\/politica-de-cookies\/\",\"url\":\"https:\/\/rosal-feedmills.com\/politica-de-cookies\/\",\"name\":\"Pol\u00edtica de cookies | Rosal Feedmills\",\"isPartOf\":{\"@id\":\"https:\/\/rosal-feedmills.com\/#website\"},\"datePublished\":\"2021-03-10T15:04:05+00:00\",\"dateModified\":\"2025-10-17T08:29:47+00:00\",\"breadcrumb\":{\"@id\":\"https:\/\/rosal-feedmills.com\/politica-de-cookies\/#breadcrumb\"},\"inLanguage\":\"de\",\"potentialAction\":[{\"@type\":\"ReadAction\",\"target\":[\"https:\/\/rosal-feedmills.com\/politica-de-cookies\/\"]}]},{\"@type\":\"BreadcrumbList\",\"@id\":\"https:\/\/rosal-feedmills.com\/politica-de-cookies\/#breadcrumb\",\"itemListElement\":[{\"@type\":\"ListItem\",\"position\":1,\"name\":\"Portada\",\"item\":\"https:\/\/rosal-feedmills.com\/\"},{\"@type\":\"ListItem\",\"position\":2,\"name\":\"Pol\u00edtica de cookies\"}]},{\"@type\":\"WebSite\",\"@id\":\"https:\/\/rosal-feedmills.com\/#website\",\"url\":\"https:\/\/rosal-feedmills.com\/\",\"name\":\"Rosal\",\"description\":\"Maquinaria y f\u00e1bricas completas para alimentaci\u00f3n animal\",\"publisher\":{\"@id\":\"https:\/\/rosal-feedmills.com\/#organization\"},\"potentialAction\":[{\"@type\":\"SearchAction\",\"target\":{\"@type\":\"EntryPoint\",\"urlTemplate\":\"https:\/\/rosal-feedmills.com\/?s={search_term_string}\"},\"query-input\":{\"@type\":\"PropertyValueSpecification\",\"valueRequired\":true,\"valueName\":\"search_term_string\"}}],\"inLanguage\":\"de\"},{\"@type\":\"Organization\",\"@id\":\"https:\/\/rosal-feedmills.com\/#organization\",\"name\":\"Rosal Instalaciones Agroindustriales\",\"url\":\"https:\/\/rosal-feedmills.com\/\",\"logo\":{\"@type\":\"ImageObject\",\"inLanguage\":\"de\",\"@id\":\"https:\/\/rosal-feedmills.com\/#\/schema\/logo\/image\/\",\"url\":\"https:\/\/rosal-feedmills.com\/wp-content\/uploads\/2024\/11\/Logo-Rosal-complert-png-e1731455627780.webp\",\"contentUrl\":\"https:\/\/rosal-feedmills.com\/wp-content\/uploads\/2024\/11\/Logo-Rosal-complert-png-e1731455627780.webp\",\"width\":913,\"height\":396,\"caption\":\"Rosal Instalaciones Agroindustriales\"},\"image\":{\"@id\":\"https:\/\/rosal-feedmills.com\/#\/schema\/logo\/image\/\"},\"sameAs\":[\"https:\/\/es.linkedin.com\/company\/rosal-instalaciones-agroindustriales-s-a\"]}]}<\/script>\n<!-- \/ Yoast SEO plugin. -->","yoast_head_json":{"title":"Cookie-Richtlinie | Rosal Feedmills","robots":{"index":"noindex","follow":"nofollow"},"og_locale":"de_DE","og_type":"article","og_title":"Pol\u00edtica de cookies | Rosal Feedmills","og_description":"Pol\u00edtica de cookies ROSAL INSTALACIONES AGROINDUSTRIALES S.A. le da la bienvenida y le invita a leer atentamente las Pol\u00edtica de COOKIES de este Sitio Web (en adelante Pol\u00edtica de COOKIES) que describen los t\u00e9rminos y condiciones que ser\u00e1n aplicables a su navegaci\u00f3n por el mismo, de conformidad con lo establecido en la normativa espa\u00f1ola de [&hellip;]","og_url":"https:\/\/rosal-feedmills.com\/de\/cookie-politik\/","og_site_name":"Rosal Feedmills","article_modified_time":"2025-10-17T08:29:47+00:00","og_image":[{"width":1996,"height":1121,"url":"https:\/\/rosal-feedmills.com\/wp-content\/uploads\/2024\/11\/16_1-jpg.webp","type":"image\/jpeg"}],"twitter_card":"summary_large_image","twitter_misc":{"Gesch\u00e4tzte Lesezeit":"8\u00a0Minuten"},"schema":{"@context":"https:\/\/schema.org","@graph":[{"@type":"WebPage","@id":"https:\/\/rosal-feedmills.com\/politica-de-cookies\/","url":"https:\/\/rosal-feedmills.com\/politica-de-cookies\/","name":"Cookie-Richtlinie | Rosal Feedmills","isPartOf":{"@id":"https:\/\/rosal-feedmills.com\/#website"},"datePublished":"2021-03-10T15:04:05+00:00","dateModified":"2025-10-17T08:29:47+00:00","breadcrumb":{"@id":"https:\/\/rosal-feedmills.com\/politica-de-cookies\/#breadcrumb"},"inLanguage":"de","potentialAction":[{"@type":"ReadAction","target":["https:\/\/rosal-feedmills.com\/politica-de-cookies\/"]}]},{"@type":"BreadcrumbList","@id":"https:\/\/rosal-feedmills.com\/politica-de-cookies\/#breadcrumb","itemListElement":[{"@type":"ListItem","position":1,"name":"Portada","item":"https:\/\/rosal-feedmills.com\/"},{"@type":"ListItem","position":2,"name":"Pol\u00edtica de cookies"}]},{"@type":"WebSite","@id":"https:\/\/rosal-feedmills.com\/#website","url":"https:\/\/rosal-feedmills.com\/","name":"Rosal","description":"Maschinen und komplette Anlagen f\u00fcr die Tierern\u00e4hrung","publisher":{"@id":"https:\/\/rosal-feedmills.com\/#organization"},"potentialAction":[{"@type":"SearchAction","target":{"@type":"EntryPoint","urlTemplate":"https:\/\/rosal-feedmills.com\/?s={search_term_string}"},"query-input":{"@type":"PropertyValueSpecification","valueRequired":true,"valueName":"search_term_string"}}],"inLanguage":"de"},{"@type":"Organization","@id":"https:\/\/rosal-feedmills.com\/#organization","name":"Rosal Agro-industrielle Anlagen","url":"https:\/\/rosal-feedmills.com\/","logo":{"@type":"ImageObject","inLanguage":"de","@id":"https:\/\/rosal-feedmills.com\/#\/schema\/logo\/image\/","url":"https:\/\/rosal-feedmills.com\/wp-content\/uploads\/2024\/11\/Logo-Rosal-complert-png-e1731455627780.webp","contentUrl":"https:\/\/rosal-feedmills.com\/wp-content\/uploads\/2024\/11\/Logo-Rosal-complert-png-e1731455627780.webp","width":913,"height":396,"caption":"Rosal Instalaciones Agroindustriales"},"image":{"@id":"https:\/\/rosal-feedmills.com\/#\/schema\/logo\/image\/"},"sameAs":["https:\/\/es.linkedin.com\/company\/rosal-instalaciones-agroindustriales-s-a"]}]}},"_links":{"self":[{"href":"https:\/\/rosal-feedmills.com\/de\/wp-json\/wp\/v2\/pages\/580","targetHints":{"allow":["GET"]}}],"collection":[{"href":"https:\/\/rosal-feedmills.com\/de\/wp-json\/wp\/v2\/pages"}],"about":[{"href":"https:\/\/rosal-feedmills.com\/de\/wp-json\/wp\/v2\/types\/page"}],"author":[{"embeddable":true,"href":"https:\/\/rosal-feedmills.com\/de\/wp-json\/wp\/v2\/users\/2"}],"replies":[{"embeddable":true,"href":"https:\/\/rosal-feedmills.com\/de\/wp-json\/wp\/v2\/comments?post=580"}],"version-history":[{"count":20,"href":"https:\/\/rosal-feedmills.com\/de\/wp-json\/wp\/v2\/pages\/580\/revisions"}],"predecessor-version":[{"id":19059,"href":"https:\/\/rosal-feedmills.com\/de\/wp-json\/wp\/v2\/pages\/580\/revisions\/19059"}],"wp:attachment":[{"href":"https:\/\/rosal-feedmills.com\/de\/wp-json\/wp\/v2\/media?parent=580"}],"curies":[{"name":"wp","href":"https:\/\/api.w.org\/{rel}","templated":true}]}}