{"id":1796,"date":"2021-03-30T10:59:43","date_gmt":"2021-03-30T10:59:43","guid":{"rendered":"http:\/\/rosal-feedmills.com.mialias.net\/?page_id=1796"},"modified":"2025-08-29T11:51:26","modified_gmt":"2025-08-29T10:51:26","slug":"melange","status":"publish","type":"page","link":"https:\/\/rosal-feedmills.com\/fr\/maquinaria\/mezcla\/","title":{"rendered":"M\u00e9lange"},"content":{"rendered":"<div data-elementor-type=\"wp-page\" data-elementor-id=\"1796\" class=\"elementor elementor-1796\" data-elementor-post-type=\"page\">\n\t\t\t\t<div class=\"elementor-element elementor-element-6d636463 e-flex e-con-boxed e-con e-parent\" data-id=\"6d636463\" data-element_type=\"container\" data-e-type=\"container\">\n\t\t\t\t\t<div class=\"e-con-inner\">\n\t\t<div class=\"elementor-element elementor-element-3bb5679d e-con-full e-flex e-con e-child\" data-id=\"3bb5679d\" data-element_type=\"container\" data-e-type=\"container\">\n\t\t\t\t<div class=\"elementor-element elementor-element-397de70e elementor-widget elementor-widget-image\" data-id=\"397de70e\" data-element_type=\"widget\" data-e-type=\"widget\" data-widget_type=\"image.default\">\n\t\t\t\t<div class=\"elementor-widget-container\">\n\t\t\t\t\t\t\t\t\t\t\t\t\t\t\t<img fetchpriority=\"high\" decoding=\"async\" width=\"1280\" height=\"1024\" src=\"https:\/\/rosal-feedmills.com\/wp-content\/uploads\/2024\/12\/1727211962412.jpg\" class=\"attachment-full size-full wp-image-12953\" alt=\"M\u00e9langeur industriel Rosal pour les usines d&#039;aliments pour animaux\" srcset=\"https:\/\/rosal-feedmills.com\/wp-content\/uploads\/2024\/12\/1727211962412.jpg 1280w, https:\/\/rosal-feedmills.com\/wp-content\/uploads\/2024\/12\/1727211962412-300x240.jpg 300w, https:\/\/rosal-feedmills.com\/wp-content\/uploads\/2024\/12\/1727211962412-1024x819.jpg 1024w, https:\/\/rosal-feedmills.com\/wp-content\/uploads\/2024\/12\/1727211962412-768x614.jpg 768w\" sizes=\"(max-width: 1280px) 100vw, 1280px\" \/>\t\t\t\t\t\t\t\t\t\t\t\t\t\t\t<\/div>\n\t\t\t\t<\/div>\n\t\t\t\t<\/div>\n\t\t<div class=\"elementor-element elementor-element-40579101 e-con-full e-flex e-con e-child\" data-id=\"40579101\" data-element_type=\"container\" data-e-type=\"container\">\n\t\t\t\t<div class=\"elementor-element elementor-element-51a93d43 elementor-widget elementor-widget-heading\" data-id=\"51a93d43\" data-element_type=\"widget\" data-e-type=\"widget\" data-widget_type=\"heading.default\">\n\t\t\t\t<div class=\"elementor-widget-container\">\n\t\t\t\t\t<h1 class=\"elementor-heading-title elementor-size-default\">M\u00e9lange<\/h1>\t\t\t\t<\/div>\n\t\t\t\t<\/div>\n\t\t\t\t<div class=\"elementor-element elementor-element-600565a1 elementor-widget elementor-widget-text-editor\" data-id=\"600565a1\" data-element_type=\"widget\" data-e-type=\"widget\" data-widget_type=\"text-editor.default\">\n\t\t\t\t<div class=\"elementor-widget-container\">\n\t\t\t\t\t\t\t\t\t<p>L'objectif principal du processus de m\u00e9lange est d'obtenir une homog\u00e9n\u00e9isation correcte du produit. Toutes les mati\u00e8res premi\u00e8res, pr\u00e9alablement broy\u00e9es, ainsi que les micro-ingr\u00e9dients et autres correcteurs, sont introduits dans le m\u00e9langeur.<\/p><p>Les m\u00e9langeurs Rosal permettent d'obtenir une homog\u00e9n\u00e9it\u00e9 optimale du produit, ce qui permet d'atteindre un taux de production \u00e9lev\u00e9 avec des temps de m\u00e9lange courts.<\/p>\t\t\t\t\t\t\t\t<\/div>\n\t\t\t\t<\/div>\n\t\t\t\t<\/div>\n\t\t\t\t\t<\/div>\n\t\t\t\t<\/div>\n\t\t<div class=\"elementor-element elementor-element-7b5a4c1c e-flex e-con-boxed e-con e-parent\" data-id=\"7b5a4c1c\" data-element_type=\"container\" data-e-type=\"container\" data-settings=\"{&quot;background_background&quot;:&quot;classic&quot;}\">\n\t\t\t\t\t<div class=\"e-con-inner\">\n\t\t\t\t<div class=\"elementor-element elementor-element-f5b27d0 grid-maquinaria elementor-widget elementor-widget-ucaddon_content_grid2\" data-id=\"f5b27d0\" data-element_type=\"widget\" data-e-type=\"widget\" data-widget_type=\"ucaddon_content_grid2.default\">\n\t\t\t\t<div class=\"elementor-widget-container\">\n\t\t\t\t\t\n<!-- start Content Grid -->\n\t\t<link id='font-awesome-css' href='https:\/\/rosal-feedmills.com\/wp-content\/plugins\/unlimited-elements-for-elementor-premium\/assets_libraries\/font-awesome6\/fontawesome-all.min.css' type='text\/css' rel='stylesheet' >\n\t\t<link id='font-awesome-4-shim-css' href='https:\/\/rosal-feedmills.com\/wp-content\/plugins\/unlimited-elements-for-elementor-premium\/assets_libraries\/font-awesome6\/fontawesome-v4-shims.min.css' type='text\/css' rel='stylesheet' >\n\t\t<link id='fancybox-css' href='https:\/\/rosal-feedmills.com\/wp-content\/plugins\/unlimited-elements-for-elementor-premium\/assets_libraries\/fancybox3\/jquery.fancybox.min.css' type='text\/css' rel='stylesheet' >\n\n<style>\/* widget: Content Grid *\/\n\n\n\n#uc_content_grid2_elementor_f5b27d0 * {\n\tbox-sizing: border-box;\t\n}\n\n#uc_content_grid2_elementor_f5b27d0 .uc_post_grid_style_one_wrap {\n\tdisplay: grid;\n}\n\n#uc_content_grid2_elementor_f5b27d0 .uc_post_grid_style_one_image {\n\twidth: 100%;\n\toverflow: hidden;\n\tdisplay: block;  \t\n}\n\n#uc_content_grid2_elementor_f5b27d0 .uc_post_image {\n\twidth: inherit;\n\theight: inherit;\n\tbackground-position: center center;\n\tbackground-repeat: no-repeat;\n\tdisplay: block;\n\ttransition: all 0.25s ease-in-out;\n}\n\n#uc_content_grid2_elementor_f5b27d0 .ue-image-holder a{\n  display:block;\n}\n\n#uc_content_grid2_elementor_f5b27d0 .ue-item{\n  position:relative;\n  overflow:hidden;\n}\n\n#uc_content_grid2_elementor_f5b27d0 .ue-item-title{\n  width:100%;\n}\n\n#uc_content_grid2_elementor_f5b27d0 .ue-item-text{\n  width:100%;\n}\n\n#uc_content_grid2_elementor_f5b27d0 .uc_content{\n  display:flex;\n  flex-direction:column;\n}\n\n#uc_content_grid2_elementor_f5b27d0 .ue-content-wrapper{\n  width:100%;\n}\n\n#uc_content_grid2_elementor_f5b27d0 .ue-button{\n  margin-top:auto;\n}\n\n#uc_content_grid2_elementor_f5b27d0 .ue-button{\n  width:100%;\n}\n\n\n\n\n\n\n\n\n\n#uc_content_grid2_elementor_f5b27d0.uc-remote-parent .ue-item{\n  cursor:pointer;\n}\n\n#uc_content_grid2_elementor_f5b27d0 .uc_post_grid_style_one_search_wrap{\n  display: flex;  \n}\n\n#uc_content_grid2_elementor_f5b27d0 .uc_post_grid_style_one_search_container{\n  position: relative;\n}\n\n\n#uc_content_grid2_elementor_f5b27d0 ::-webkit-input-placeholder { \/* Edge *\/\n  color: #8f8f8f;\n}\n\n#uc_content_grid2_elementor_f5b27d0 :-ms-input-placeholder { \/* Internet Explorer 10-11 *\/\n  color: #8f8f8f;\n}\n\n#uc_content_grid2_elementor_f5b27d0 ::placeholder {\n  color: #8f8f8f;\n}\n\n#uc_content_grid2_elementor_f5b27d0 .uc_post_grid_style_one_next_button_pagination_button{\n      display: none;\n  }\n\n#uc_content_grid2_elementor_f5b27d0 .uc_post_grid_style_one_search_icon,\n#uc_content_grid2_elementor_f5b27d0 .uc_post_grid_style_one_reset_icon{\n\tposition: absolute;\n  \ttop: 50%;\n    transform: translate(0, -50%);\n    height: 100%;\n  \tdisplay: flex;\n    align-items: center;\n    justify-content: center;\n}\n\n#uc_content_grid2_elementor_f5b27d0 .uc_post_grid_style_one_reset_icon{\n  cursor: pointer;\n}\n\n\n\/* pagination *\/\n#uc_content_grid2_elementor_f5b27d0 .uc_post_grid_style_one_prev_button_pagination{\n  display: flex;\n  align-items: center;\n}\n\n#uc_content_grid2_elementor_f5b27d0 .uc_post_grid_style_one_pagination_button,\n#uc_content_grid2_elementor_f5b27d0 .uc_post_grid_style_one_pagination_number{\n  padding: 0;\n  justify-content: center;\n  align-items: center;\n  transition: all .3s ease;\n  margin: 0;\n}\n\n#uc_content_grid2_elementor_f5b27d0 .uc_post_grid_style_one_pagination_number:last-child,\n#uc_content_grid2_elementor_f5b27d0 .uc_post_grid_style_one_pagination_number:first-child{\n  display: inline-flex;\n  position: relative;\n}\n\n#uc_content_grid2_elementor_f5b27d0 .ue-hidden{\n  display: none;\n}\n\n#uc_content_grid2_elementor_f5b27d0 .ue-disabled{\n  opacity: .5;\n  pointer-events: none;\n}\n\n#uc_content_grid2_elementor_f5b27d0 .uc_post_grid_style_one_pagination_number.ue-visible{\n  display: inline-flex;\n}\n\n#uc_content_grid2_elementor_f5b27d0 .uc_post_grid_style_one_pagination_numbers{\n  display: flex;\n  flex-wrap: wrap;\n}\n\n#uc_content_grid2_elementor_f5b27d0 .uc_post_grid_style_one_prev_button_pagination_wrap{\n  display: flex;\n}\n\/* end pagination *\/\n\n<\/style>\n\n<div id=\"uc_content_grid2_elementor_f5b27d0\" class=\"uc_post_grid_style_one uc_items\"   data-lightbox=\"false\">\n  \n    \n  <div class=\"uc_post_grid_style_one_wrap uc-items-wrapper\">\n          \n<div class=\"uc_post_grid_style_one_item ue-item\">\n    \n      <div class=\"uc_post_grid_style_one_image ue-image-holder\">\n                    <a class=\"uc_post_grid_style_one-link\" href=\"https:\/\/rosal-feedmills.com\/fr\/machines\/melange\/melangeur\/\" >\n                      \n    <div aria-role=\"img\" aria-label=\"Repr\u00e9sentation d&#039;un m\u00e9langeur industriel \u00e0 palettes Rosal pour les moulins \u00e0 aliments.\"  class=\"uc_post_image\" style=\"background-image: url(https:\/\/rosal-feedmills.com\/wp-content\/uploads\/2025\/03\/MEZCLADORA-MPR-8000-CN-NEW1554-768x432.png);\"><\/div>\n    <\/a>    <\/div>\n    \n  <div class=\"uc_content padding\">\n    <div class=\"ue-content-wrapper\">\n      \n              <a href=\"https:\/\/rosal-feedmills.com\/fr\/machines\/melange\/melangeur\/\" >        \t<h3 class=\"ue-item-title\">M\u00e9langeur \u00e0 ruban et \u00e0 pales<\/h3>\n         <\/a>            \n      <div class=\"ue-item-text\"><div class=\"maquinaria-description\"><p>Les m\u00e9langeurs \u00e0 ruban ou \u00e0 pales assurent une homog\u00e9n\u00e9isation efficace.<\/p><\/div><\/div>      \n            \n    <\/div>\n    \n        \n  <\/div>\n<\/div>\n\n<div class=\"uc_post_grid_style_one_item ue-item\">\n    \n      <div class=\"uc_post_grid_style_one_image ue-image-holder\">\n                    <a class=\"uc_post_grid_style_one-link\" href=\"https:\/\/rosal-feedmills.com\/fr\/machines\/melange\/melangeur-a-double-rotor\/\" >\n                      \n    <div aria-role=\"img\" aria-label=\"Repr\u00e9sentation d&#039;un m\u00e9langeur industriel \u00e0 palettes \u00e0 double rotor Rosal pour le m\u00e9lange dans les broyeurs d&#039;aliments pour animaux.\"  class=\"uc_post_image\" style=\"background-image: url(https:\/\/rosal-feedmills.com\/wp-content\/uploads\/2024\/11\/miniatura-doble.jpg);\"><\/div>\n    <\/a>    <\/div>\n    \n  <div class=\"uc_content padding\">\n    <div class=\"ue-content-wrapper\">\n      \n              <a href=\"https:\/\/rosal-feedmills.com\/fr\/machines\/melange\/melangeur-a-double-rotor\/\" >        \t<h3 class=\"ue-item-title\">M\u00e9langeur \u00e0 double rotor<\/h3>\n         <\/a>            \n      <div class=\"ue-item-text\"><p>Le m\u00e9langeur \u00e0 double rotor est id\u00e9al pour m\u00e9langer des produits de textures tr\u00e8s diff\u00e9rentes, tels que les granul\u00e9s, les farines et les extrud\u00e9s.<\/p><\/div>      \n            \n    <\/div>\n    \n        \n  <\/div>\n<\/div>\n\n<div class=\"uc_post_grid_style_one_item ue-item\">\n    \n      <div class=\"uc_post_grid_style_one_image ue-image-holder\">\n                    <a class=\"uc_post_grid_style_one-link\" href=\"https:\/\/rosal-feedmills.com\/fr\/machines\/melange\/melangeur-a-turbulence\/\" >\n                      \n    <div aria-role=\"img\" aria-label=\"turbulences miniatures\"  class=\"uc_post_image\" style=\"background-image: url(https:\/\/rosal-feedmills.com\/wp-content\/uploads\/2024\/11\/miniatura-turbulencias.jpg);\"><\/div>\n    <\/a>    <\/div>\n    \n  <div class=\"uc_content padding\">\n    <div class=\"ue-content-wrapper\">\n      \n              <a href=\"https:\/\/rosal-feedmills.com\/fr\/machines\/melange\/melangeur-a-turbulence\/\" >        \t<h3 class=\"ue-item-title\">M\u00e9langeur de turbulences<\/h3>\n         <\/a>            \n      <div class=\"ue-item-text\"><div class=\"maquinaria-description\"><p>Le m\u00e9langeur \u00e0 turbulence permet d'obtenir des niveaux d'homog\u00e9n\u00e9isation optimaux sans d\u00e9t\u00e9riorer le produit.<\/p><\/div><\/div>      \n            \n    <\/div>\n    \n        \n  <\/div>\n<\/div>\n\n      <\/div>  \n    \n<\/div>\n<!-- end Content Grid -->\t\t\t\t<\/div>\n\t\t\t\t<\/div>\n\t\t\t\t\t<\/div>\n\t\t\t\t<\/div>\n\t\t\t\t<\/div>","protected":false},"excerpt":{"rendered":"<p>Mezcla El objetivo principal del proceso de mezclado es conseguir una correcta homogeneizaci\u00f3n del producto. En la mezcladora desemboca toda la materia prima, previamente molturada, adem\u00e1s de los microingredientes y otros correctores. Las mezcladoras de Rosal permiten una \u00f3ptima homogeneidad del producto alcanzando un alto porcentaje de producci\u00f3n en periodos cortos de mezcla. Mezcladora de [&hellip;]<\/p>\n","protected":false},"author":2,"featured_media":0,"parent":1951,"menu_order":0,"comment_status":"closed","ping_status":"closed","template":"","meta":{"footnotes":""},"class_list":["post-1796","page","type-page","status-publish","hentry"],"yoast_head":"<!-- This site is optimized with the Yoast SEO plugin v27.2 - https:\/\/yoast.com\/product\/yoast-seo-wordpress\/ -->\n<title>Maquinaria de mezcla para f\u00e1bricas de piensos | Rosal<\/title>\n<meta name=\"description\" content=\"Descubra los tipos de mezcladoras industriales utilizadas en los procesos de mezclado en las f\u00e1bricas de piensos.\" \/>\n<meta name=\"robots\" content=\"index, follow, max-snippet:-1, max-image-preview:large, max-video-preview:-1\" \/>\n<link rel=\"canonical\" href=\"https:\/\/rosal-feedmills.com\/fr\/machines\/melange\/\" \/>\n<meta property=\"og:locale\" content=\"fr_FR\" \/>\n<meta property=\"og:type\" content=\"article\" \/>\n<meta property=\"og:title\" content=\"Maquinaria de mezcla para f\u00e1bricas de piensos | Rosal\" \/>\n<meta property=\"og:description\" content=\"Descubra los tipos de mezcladoras industriales utilizadas en los procesos de mezclado en las f\u00e1bricas de piensos.\" \/>\n<meta property=\"og:url\" content=\"https:\/\/rosal-feedmills.com\/fr\/machines\/melange\/\" \/>\n<meta property=\"og:site_name\" content=\"Rosal Feedmills\" \/>\n<meta property=\"article:modified_time\" content=\"2025-08-29T10:51:26+00:00\" \/>\n<meta property=\"og:image\" content=\"https:\/\/rosal-feedmills.com\/wp-content\/uploads\/2024\/12\/1727211962412.jpg\" \/>\n<meta name=\"twitter:card\" content=\"summary_large_image\" \/>\n<meta name=\"twitter:label1\" content=\"Dur\u00e9e de lecture estim\u00e9e\" \/>\n\t<meta name=\"twitter:data1\" content=\"1 minute\" \/>\n<script type=\"application\/ld+json\" class=\"yoast-schema-graph\">{\"@context\":\"https:\/\/schema.org\",\"@graph\":[{\"@type\":\"WebPage\",\"@id\":\"https:\/\/rosal-feedmills.com\/maquinaria\/mezcla\/\",\"url\":\"https:\/\/rosal-feedmills.com\/maquinaria\/mezcla\/\",\"name\":\"Maquinaria de mezcla para f\u00e1bricas de piensos | Rosal\",\"isPartOf\":{\"@id\":\"https:\/\/rosal-feedmills.com\/#website\"},\"primaryImageOfPage\":{\"@id\":\"https:\/\/rosal-feedmills.com\/maquinaria\/mezcla\/#primaryimage\"},\"image\":{\"@id\":\"https:\/\/rosal-feedmills.com\/maquinaria\/mezcla\/#primaryimage\"},\"thumbnailUrl\":\"https:\/\/rosal-feedmills.com\/wp-content\/uploads\/2024\/12\/1727211962412.jpg\",\"datePublished\":\"2021-03-30T10:59:43+00:00\",\"dateModified\":\"2025-08-29T10:51:26+00:00\",\"description\":\"Descubra los tipos de mezcladoras industriales utilizadas en los procesos de mezclado en las f\u00e1bricas de piensos.\",\"breadcrumb\":{\"@id\":\"https:\/\/rosal-feedmills.com\/maquinaria\/mezcla\/#breadcrumb\"},\"inLanguage\":\"fr-FR\",\"potentialAction\":[{\"@type\":\"ReadAction\",\"target\":[\"https:\/\/rosal-feedmills.com\/maquinaria\/mezcla\/\"]}]},{\"@type\":\"ImageObject\",\"inLanguage\":\"fr-FR\",\"@id\":\"https:\/\/rosal-feedmills.com\/maquinaria\/mezcla\/#primaryimage\",\"url\":\"https:\/\/rosal-feedmills.com\/wp-content\/uploads\/2024\/12\/1727211962412.jpg\",\"contentUrl\":\"https:\/\/rosal-feedmills.com\/wp-content\/uploads\/2024\/12\/1727211962412.jpg\"},{\"@type\":\"BreadcrumbList\",\"@id\":\"https:\/\/rosal-feedmills.com\/maquinaria\/mezcla\/#breadcrumb\",\"itemListElement\":[{\"@type\":\"ListItem\",\"position\":1,\"name\":\"Portada\",\"item\":\"https:\/\/rosal-feedmills.com\/\"},{\"@type\":\"ListItem\",\"position\":2,\"name\":\"Maquinaria\",\"item\":\"https:\/\/rosal-feedmills.com\/maquinaria\/\"},{\"@type\":\"ListItem\",\"position\":3,\"name\":\"Mezcla\"}]},{\"@type\":\"WebSite\",\"@id\":\"https:\/\/rosal-feedmills.com\/#website\",\"url\":\"https:\/\/rosal-feedmills.com\/\",\"name\":\"Rosal\",\"description\":\"Maquinaria y f\u00e1bricas completas para alimentaci\u00f3n animal\",\"publisher\":{\"@id\":\"https:\/\/rosal-feedmills.com\/#organization\"},\"potentialAction\":[{\"@type\":\"SearchAction\",\"target\":{\"@type\":\"EntryPoint\",\"urlTemplate\":\"https:\/\/rosal-feedmills.com\/?s={search_term_string}\"},\"query-input\":{\"@type\":\"PropertyValueSpecification\",\"valueRequired\":true,\"valueName\":\"search_term_string\"}}],\"inLanguage\":\"fr-FR\"},{\"@type\":\"Organization\",\"@id\":\"https:\/\/rosal-feedmills.com\/#organization\",\"name\":\"Rosal Instalaciones Agroindustriales\",\"url\":\"https:\/\/rosal-feedmills.com\/\",\"logo\":{\"@type\":\"ImageObject\",\"inLanguage\":\"fr-FR\",\"@id\":\"https:\/\/rosal-feedmills.com\/#\/schema\/logo\/image\/\",\"url\":\"https:\/\/rosal-feedmills.com\/wp-content\/uploads\/2024\/11\/Logo-Rosal-complert-png-e1731455627780.webp\",\"contentUrl\":\"https:\/\/rosal-feedmills.com\/wp-content\/uploads\/2024\/11\/Logo-Rosal-complert-png-e1731455627780.webp\",\"width\":913,\"height\":396,\"caption\":\"Rosal Instalaciones Agroindustriales\"},\"image\":{\"@id\":\"https:\/\/rosal-feedmills.com\/#\/schema\/logo\/image\/\"},\"sameAs\":[\"https:\/\/es.linkedin.com\/company\/rosal-instalaciones-agroindustriales-s-a\"]}]}<\/script>\n<!-- \/ Yoast SEO plugin. -->","yoast_head_json":{"title":"Machines de m\u00e9lange pour les usines d'aliments pour animaux | Rosal","description":"D\u00e9couvrez les types de m\u00e9langeurs industriels utilis\u00e9s dans les processus de m\u00e9lange des usines d'aliments pour animaux.","robots":{"index":"index","follow":"follow","max-snippet":"max-snippet:-1","max-image-preview":"max-image-preview:large","max-video-preview":"max-video-preview:-1"},"canonical":"https:\/\/rosal-feedmills.com\/fr\/machines\/melange\/","og_locale":"fr_FR","og_type":"article","og_title":"Maquinaria de mezcla para f\u00e1bricas de piensos | Rosal","og_description":"Descubra los tipos de mezcladoras industriales utilizadas en los procesos de mezclado en las f\u00e1bricas de piensos.","og_url":"https:\/\/rosal-feedmills.com\/fr\/machines\/melange\/","og_site_name":"Rosal Feedmills","article_modified_time":"2025-08-29T10:51:26+00:00","og_image":[{"url":"https:\/\/rosal-feedmills.com\/wp-content\/uploads\/2024\/12\/1727211962412.jpg","type":"","width":"","height":""}],"twitter_card":"summary_large_image","twitter_misc":{"Dur\u00e9e de lecture estim\u00e9e":"1 minute"},"schema":{"@context":"https:\/\/schema.org","@graph":[{"@type":"WebPage","@id":"https:\/\/rosal-feedmills.com\/maquinaria\/mezcla\/","url":"https:\/\/rosal-feedmills.com\/maquinaria\/mezcla\/","name":"Machines de m\u00e9lange pour les usines d'aliments pour animaux | Rosal","isPartOf":{"@id":"https:\/\/rosal-feedmills.com\/#website"},"primaryImageOfPage":{"@id":"https:\/\/rosal-feedmills.com\/maquinaria\/mezcla\/#primaryimage"},"image":{"@id":"https:\/\/rosal-feedmills.com\/maquinaria\/mezcla\/#primaryimage"},"thumbnailUrl":"https:\/\/rosal-feedmills.com\/wp-content\/uploads\/2024\/12\/1727211962412.jpg","datePublished":"2021-03-30T10:59:43+00:00","dateModified":"2025-08-29T10:51:26+00:00","description":"D\u00e9couvrez les types de m\u00e9langeurs industriels utilis\u00e9s dans les processus de m\u00e9lange des usines d'aliments pour animaux.","breadcrumb":{"@id":"https:\/\/rosal-feedmills.com\/maquinaria\/mezcla\/#breadcrumb"},"inLanguage":"fr-FR","potentialAction":[{"@type":"ReadAction","target":["https:\/\/rosal-feedmills.com\/maquinaria\/mezcla\/"]}]},{"@type":"ImageObject","inLanguage":"fr-FR","@id":"https:\/\/rosal-feedmills.com\/maquinaria\/mezcla\/#primaryimage","url":"https:\/\/rosal-feedmills.com\/wp-content\/uploads\/2024\/12\/1727211962412.jpg","contentUrl":"https:\/\/rosal-feedmills.com\/wp-content\/uploads\/2024\/12\/1727211962412.jpg"},{"@type":"BreadcrumbList","@id":"https:\/\/rosal-feedmills.com\/maquinaria\/mezcla\/#breadcrumb","itemListElement":[{"@type":"ListItem","position":1,"name":"Portada","item":"https:\/\/rosal-feedmills.com\/"},{"@type":"ListItem","position":2,"name":"Maquinaria","item":"https:\/\/rosal-feedmills.com\/maquinaria\/"},{"@type":"ListItem","position":3,"name":"Mezcla"}]},{"@type":"WebSite","@id":"https:\/\/rosal-feedmills.com\/#website","url":"https:\/\/rosal-feedmills.com\/","name":"Rosal","description":"Machines et installations compl\u00e8tes pour l'alimentation animale","publisher":{"@id":"https:\/\/rosal-feedmills.com\/#organization"},"potentialAction":[{"@type":"SearchAction","target":{"@type":"EntryPoint","urlTemplate":"https:\/\/rosal-feedmills.com\/?s={search_term_string}"},"query-input":{"@type":"PropertyValueSpecification","valueRequired":true,"valueName":"search_term_string"}}],"inLanguage":"fr-FR"},{"@type":"Organization","@id":"https:\/\/rosal-feedmills.com\/#organization","name":"Rosal Installations agro-industrielles","url":"https:\/\/rosal-feedmills.com\/","logo":{"@type":"ImageObject","inLanguage":"fr-FR","@id":"https:\/\/rosal-feedmills.com\/#\/schema\/logo\/image\/","url":"https:\/\/rosal-feedmills.com\/wp-content\/uploads\/2024\/11\/Logo-Rosal-complert-png-e1731455627780.webp","contentUrl":"https:\/\/rosal-feedmills.com\/wp-content\/uploads\/2024\/11\/Logo-Rosal-complert-png-e1731455627780.webp","width":913,"height":396,"caption":"Rosal Instalaciones Agroindustriales"},"image":{"@id":"https:\/\/rosal-feedmills.com\/#\/schema\/logo\/image\/"},"sameAs":["https:\/\/es.linkedin.com\/company\/rosal-instalaciones-agroindustriales-s-a"]}]}},"_links":{"self":[{"href":"https:\/\/rosal-feedmills.com\/fr\/wp-json\/wp\/v2\/pages\/1796","targetHints":{"allow":["GET"]}}],"collection":[{"href":"https:\/\/rosal-feedmills.com\/fr\/wp-json\/wp\/v2\/pages"}],"about":[{"href":"https:\/\/rosal-feedmills.com\/fr\/wp-json\/wp\/v2\/types\/page"}],"author":[{"embeddable":true,"href":"https:\/\/rosal-feedmills.com\/fr\/wp-json\/wp\/v2\/users\/2"}],"replies":[{"embeddable":true,"href":"https:\/\/rosal-feedmills.com\/fr\/wp-json\/wp\/v2\/comments?post=1796"}],"version-history":[{"count":42,"href":"https:\/\/rosal-feedmills.com\/fr\/wp-json\/wp\/v2\/pages\/1796\/revisions"}],"predecessor-version":[{"id":18765,"href":"https:\/\/rosal-feedmills.com\/fr\/wp-json\/wp\/v2\/pages\/1796\/revisions\/18765"}],"up":[{"embeddable":true,"href":"https:\/\/rosal-feedmills.com\/fr\/wp-json\/wp\/v2\/pages\/1951"}],"wp:attachment":[{"href":"https:\/\/rosal-feedmills.com\/fr\/wp-json\/wp\/v2\/media?parent=1796"}],"curies":[{"name":"wp","href":"https:\/\/api.w.org\/{rel}","templated":true}]}}