{"id":578,"date":"2021-03-10T14:46:51","date_gmt":"2021-03-10T14:46:51","guid":{"rendered":"http:\/\/rosal-feedmills.com.mialias.net\/?page_id=578"},"modified":"2025-10-17T09:35:06","modified_gmt":"2025-10-17T08:35:06","slug":"politique-de-confidentialite","status":"publish","type":"page","link":"https:\/\/rosal-feedmills.com\/fr\/politica-de-privacidad\/","title":{"rendered":"Politique de confidentialit\u00e9"},"content":{"rendered":"<div data-elementor-type=\"wp-page\" data-elementor-id=\"578\" class=\"elementor elementor-578\" data-elementor-post-type=\"page\">\n\t\t\t\t<div class=\"elementor-element elementor-element-53725bc8 e-flex e-con-boxed e-con e-parent\" data-id=\"53725bc8\" data-element_type=\"container\" data-e-type=\"container\" data-settings=\"{&quot;background_background&quot;:&quot;classic&quot;}\">\n\t\t\t\t\t<div class=\"e-con-inner\">\n\t\t\t\t<div class=\"elementor-element elementor-element-8ec3386 elementor-widget elementor-widget-heading\" data-id=\"8ec3386\" data-element_type=\"widget\" data-e-type=\"widget\" data-widget_type=\"heading.default\">\n\t\t\t\t<div class=\"elementor-widget-container\">\n\t\t\t\t\t<h1 class=\"elementor-heading-title elementor-size-default\">Politique de confidentialit\u00e9<\/h1>\t\t\t\t<\/div>\n\t\t\t\t<\/div>\n\t\t\t\t<div class=\"elementor-element elementor-element-6a83dae6 elementor-widget elementor-widget-text-editor\" data-id=\"6a83dae6\" data-element_type=\"widget\" data-e-type=\"widget\" data-widget_type=\"text-editor.default\">\n\t\t\t\t<div class=\"elementor-widget-container\">\n\t\t\t\t\t\t\t\t\t <p>Nous vous informons que pour acc\u00e9der \u00e0 certains contenus ou services, il sera n\u00e9cessaire de fournir des donn\u00e9es personnelles. Les utilisateurs devront garantir la v\u00e9racit\u00e9, l'exactitude et l'authenticit\u00e9 de ces donn\u00e9es. ROSAL INSTALACIONES AGROINDUSTRIALES S.A. pr\u00e9servera la confidentialit\u00e9 et la s\u00e9curit\u00e9 de vos donn\u00e9es personnelles et leur donnera le traitement automatis\u00e9 correspondant \u00e0 leur nature ou finalit\u00e9, dans les termes indiqu\u00e9s dans la section Politique de protection des donn\u00e9es.<\/p>\n    <p>Il est important, et compte tenu du r\u00e8glement europ\u00e9en sur la protection des donn\u00e9es R\u00e8glement UE 2016\/679 du Parlement europ\u00e9en et du Conseil europ\u00e9en, de lire les informations de base. Vous devez \u00e9galement savoir que le fait de laisser vos donn\u00e9es n'attribue, ne confirme, n'annule, ne l\u00e9gitime ni ne perfectionne aucune relation contractuelle avec notre soci\u00e9t\u00e9.<\/p>\n\n    <h2>Informations de base<\/h2>\n    <p><strong>Responsable du traitement des donn\u00e9es :<\/strong> ROSAL INSTALACIONES AGROINDUSTRIALES S.A.<br>\n    A08557282 Calle Roger de Flor (Pol. Ind. Can Vinyals S\/N) 08130 Santa Perpetua de la Mogoda <a href=\"mailto:j.rosal@rosal.biz\">j.rosal@rosal.biz<\/a> \u2013 935741932<\/p>\n\n    <h3>Principes de traitement<\/h3>\n    <ul>\n        <li>d'une mani\u00e8re licite, loyale et transparente \u00e0 l'\u00e9gard de la personne concern\u00e9e.<\/li>\n        <li>Les donn\u00e9es sont collect\u00e9es pour des finalit\u00e9s d\u00e9termin\u00e9es, explicites et l\u00e9gitimes et ne sont pas trait\u00e9es ult\u00e9rieurement de mani\u00e8re incompatible avec ces finalit\u00e9s ; les finalit\u00e9s d'archivage dans l'int\u00e9r\u00eat public, les finalit\u00e9s de recherche scientifique et historique ou les finalit\u00e9s statistiques ne sont pas consid\u00e9r\u00e9es comme incompatibles avec les finalit\u00e9s initiales.<\/li>\n        <li>Ad\u00e9quates, pertinentes et limit\u00e9es \u00e0 ce qui est n\u00e9cessaire au regard des finalit\u00e9s pour lesquelles elles sont trait\u00e9es.<\/li>\n        <li>Exactes et, si n\u00e9cessaire, mises \u00e0 jour ; toutes les mesures raisonnables sont prises pour que les donn\u00e9es \u00e0 caract\u00e8re personnel qui sont inexactes au regard des finalit\u00e9s pour lesquelles elles sont trait\u00e9es soient effac\u00e9es ou rectifi\u00e9es sans d\u00e9lai.<\/li>\n        <li>Conserv\u00e9es sous une forme permettant l'identification des personnes concern\u00e9es pendant une dur\u00e9e n'exc\u00e9dant pas celle n\u00e9cessaire \u00e0 la r\u00e9alisation des finalit\u00e9s pour lesquelles elles sont trait\u00e9es ; les donn\u00e9es \u00e0 caract\u00e8re personnel peuvent \u00eatre conserv\u00e9es pendant une dur\u00e9e plus longue \u00e0 condition qu'elles soient trait\u00e9es exclusivement \u00e0 des fins d'archivage dans l'int\u00e9r\u00eat public, \u00e0 des fins de recherche scientifique ou historique ou \u00e0 des fins statistiques.<\/li>\n        <li>Trait\u00e9es de mani\u00e8re \u00e0 assurer une s\u00e9curit\u00e9 appropri\u00e9e des donn\u00e9es \u00e0 caract\u00e8re personnel, y compris la protection contre le traitement non autoris\u00e9 ou illicite et contre la perte, la destruction ou les dommages accidentels, par la mise en \u0153uvre de mesures techniques ou organisationnelles appropri\u00e9es.<\/li>\n    <\/ul>\n\n    <p><strong>Langue :<\/strong> La langue applicable \u00e0 la pr\u00e9sente politique de confidentialit\u00e9 est l'espagnol. Par cons\u00e9quent, en cas de contradiction dans l'une des versions fournies dans d'autres langues, la version espagnole pr\u00e9vaudra. En ce qui concerne l'interpr\u00e9tation des contrats, les articles 1281 et suivants du code civil seront sp\u00e9cifiquement respect\u00e9s.<\/p>\n\n    <h3>Objectifs<\/h3>\n    <ul>\n        <li>G\u00e9rer les services et les ventes aux clients dans le cadre de l'objet social : CNAE 2829 Fabrication d'autres machines d'usage g\u00e9n\u00e9ral, ing\u00e9nierie, production, montage et services apr\u00e8s-vente.<\/li>\n        <li>R\u00e9pondre \u00e0 vos demandes, facturer ces services, g\u00e9rer les annulations et les remboursements dans les d\u00e9lais l\u00e9gaux pr\u00e9vus par la loi 34\/2002, du 11 juillet, sur les services de la soci\u00e9t\u00e9 de l'information et le commerce \u00e9lectronique, le d\u00e9cret royal l\u00e9gislatif 1\/2007, du 16 novembre, approuvant le texte r\u00e9vis\u00e9 de la loi g\u00e9n\u00e9rale pour la d\u00e9fense des consommateurs et des utilisateurs et d'autres lois compl\u00e9mentaires.<\/li>\n        <li>Vous envoyer de la publicit\u00e9 et des promotions li\u00e9es \u00e0 notre objet social en fonction de vos centres d'int\u00e9r\u00eat, par n'importe quel moyen, que ce soit par voie postale, t\u00e9l\u00e9matique ou par le biais de la t\u00e9l\u00e9phonie fixe ou mobile. Vous inviter \u00e0 des \u00e9v\u00e9nements organis\u00e9s par l'entreprise, tant en personne qu'en ligne.<\/li>\n    <\/ul>\n\n    <h3>Conformit\u00e9 r\u00e9glementaire<\/h3>\n    <p>Nous nous r\u00e9servons le droit de stocker et de conserver les informations que vous nous avez fournies, y compris les services utilis\u00e9s, les informations relatives \u00e0 votre compte et vos donn\u00e9es personnelles, afin de nous conformer aux lois applicables et, le cas \u00e9ch\u00e9ant, de fournir des preuves dans le cadre d'un arbitrage ou d'un proc\u00e8s, et de les verrouiller et de les pseudonymiser, afin d'en garantir la s\u00e9curit\u00e9, le secret et la confidentialit\u00e9.<\/p>\n\n    <h3>L\u00e9galit\u00e9<\/h3>\n    <p>Nous ne traiterons pas de donn\u00e9es sans consentement explicite pour chacune des finalit\u00e9s, uniquement lorsque :<\/p>\n    <ul>\n        <li>Lorsque cela est n\u00e9cessaire \u00e0 l'ex\u00e9cution d'un contrat auquel la personne concern\u00e9e est partie ou \u00e0 la mise en \u0153uvre de mesures pr\u00e9contractuelles \u00e0 la demande de la personne concern\u00e9e.<\/li>\n        <li>Lorsque cela est n\u00e9cessaire au respect d'une obligation l\u00e9gale applicable au responsable du traitement.<\/li>\n        <li>Lorsque le traitement est n\u00e9cessaire \u00e0 la sauvegarde des int\u00e9r\u00eats vitaux de la personne concern\u00e9e ou d'une autre personne physique ;<\/li>\n        <li>Lorsque cela est n\u00e9cessaire aux fins des int\u00e9r\u00eats l\u00e9gitimes poursuivis par le responsable du traitement ou par un tiers, \u00e0 condition que ne pr\u00e9valent pas sur ces int\u00e9r\u00eats les int\u00e9r\u00eats ou les libert\u00e9s et droits fondamentaux de la personne concern\u00e9e qui exigent la protection des donn\u00e9es \u00e0 caract\u00e8re personnel, en particulier lorsque la personne concern\u00e9e est un enfant.<\/li>\n    <\/ul>\n    <p>Nous veillerons \u00e0 ce que des garanties appropri\u00e9es soient mises en place, qui peuvent inclure le cryptage ou la pseudonymisation des donn\u00e9es, afin de prot\u00e9ger l'identit\u00e9 de l'utilisateur.<\/p>\n\n    <h3>D\u00e9l\u00e9gu\u00e9 \u00e0 la protection des donn\u00e9es<\/h3>\n    <p>Pour toute demande concernant vos droits fondamentaux tels que d\u00e9crits \u00e0 l'article 8, paragraphe 1, de la Charte des droits fondamentaux de l'Union europ\u00e9enne et \u00e0 l'article 16, paragraphe 1, du trait\u00e9 sur le fonctionnement de l'Union europ\u00e9enne (TFUE), \u00e0 l'article 12 de la D\u00e9claration universelle des droits de l'homme, \u00e0 l'article 17 du Pacte international relatif aux droits civils et politiques adopt\u00e9 par l'Assembl\u00e9e g\u00e9n\u00e9rale des Nations unies, \u00e0 l'article 11 de la Convention am\u00e9ricaine relative aux droits de l'homme, \u00e9galement connue sous le nom de Pacte de San Jos\u00e9 de Costa Rica, et ceux d\u00e9crits dans les articles 14 \u00e0 29 de la Constitution espagnole. Vous pouvez adresser votre plainte \u00e0 <a href=\"mailto:j.rosal@rosal.biz\">j.rosal@rosal.biz<\/a> \u2013 935741932<\/p>\n\n    <h3>L\u00e9gitimation<\/h3>\n    <p>Consentement, relation contractuelle et int\u00e9r\u00eat l\u00e9gitime.<\/p>\n\n    <h3>Base juridique<\/h3>\n    <p>R\u00e8glement (UE) 2016\/679 du Parlement europ\u00e9en et du Conseil du 27 avril 2016 relatif \u00e0 la protection des personnes physiques \u00e0 l'\u00e9gard du traitement des donn\u00e9es \u00e0 caract\u00e8re personnel et \u00e0 la libre circulation de ces donn\u00e9es, loi organique 3\/2018 du 5 d\u00e9cembre sur la protection des donn\u00e9es \u00e0 caract\u00e8re personnel et la garantie des droits num\u00e9riques, loi 34\/2002 du 11 juillet sur les services de la soci\u00e9t\u00e9 de l'information et le commerce \u00e9lectronique. D\u00e9cret l\u00e9gislatif royal 1\/2007, du 16 novembre, approuvant le texte r\u00e9vis\u00e9 de la loi g\u00e9n\u00e9rale pour la d\u00e9fense des consommateurs et des utilisateurs et d'autres lois compl\u00e9mentaires.<\/p>\n <h3>Destinataires<\/h3>\n    <p>Nous transf\u00e9rons des donn\u00e9es \u00e0 des tiers tels que les op\u00e9rateurs qui g\u00e8rent le site web et qui maintiennent notre application informatique qui nous permet la gestion ordinaire de nos services, indispensable \u00e0 la gestion de notre activit\u00e9.<\/p>\n\n    <h3>La dur\u00e9e<\/h3>\n    <p>Les donn\u00e9es fournies seront conserv\u00e9es pendant une p\u00e9riode de cinq ans \u00e0 compter du dernier contrat, \u00e0 moins que vous n'ayez demand\u00e9 au pr\u00e9alable leur blocage ou leur suppression, ou que la l\u00e9gislation fiscale ne le prescrive. Les donn\u00e9es fiscales seront conserv\u00e9es pendant 5 ans en vertu d'une prescription l\u00e9gale.<\/p>\n\n    <h3>Qualit\u00e9 des donn\u00e9es<\/h3>\n    <p>Toutes les donn\u00e9es demand\u00e9es par l'interm\u00e9diaire du site web sont obligatoires, car elles sont n\u00e9cessaires \u00e0 la fourniture d'un service optimal \u00e0 l'utilisateur. Si toutes les donn\u00e9es ne sont pas fournies, le fournisseur ne garantit pas la prestation des services demand\u00e9s.<\/p>\n    <p>L'utilisateur est seul responsable de la v\u00e9racit\u00e9 et de la mise \u00e0 jour des donn\u00e9es fournies \u00e0 travers les diff\u00e9rents formulaires du site.<\/p>\n\n    <h3>Profilage<\/h3>\n    <p>Nous ne traitons pas vos donn\u00e9es personnelles de mani\u00e8re automatis\u00e9e \u00e0 des fins de profilage sur le site web, sauf \u00e0 des fins statistiques qui ne compromettent pas les droits fondamentaux des personnes concern\u00e9es.<\/p>\n\n    <h3>Informations compl\u00e9mentaires<\/h3>\n    <p>Vous pouvez \u00e0 tout moment demander des informations suppl\u00e9mentaires sur vos donn\u00e9es \u00e0 caract\u00e8re personnel (\u201cdeuxi\u00e8me couche\u00bb), \u00e0 la m\u00eame adresse que celle que nous vous avons fournie pour exercer vos droits.<\/p>\n\n    <h3>Mineurs<\/h3>\n    <p>Nos services ne s'adressent pas aux mineurs ou aux personnes handicap\u00e9es. Nous comprenons qu'ils ont l'autorisation et le consentement de leurs parents, tuteurs ou repr\u00e9sentants l\u00e9gaux. L'utilisation de ceux-ci, que ce soit par n\u00e9gligence ou par faute, se fera \u00e0 leurs propres risques, ce qui pourrait entra\u00eener une responsabilit\u00e9 non contractuelle.<\/p>\n\n    <h3>Transferts internationaux de donn\u00e9es<\/h3>\n    <p>Dans certains cas, afin de vous fournir un meilleur service, nous pouvons effectuer des transferts internationaux de donn\u00e9es qui seront r\u00e9gis par les dispositions du r\u00e8glement (UE) 2016\/679 et avec diff\u00e9rents supports juridiques pr\u00e9vus par celui-ci :<\/p>\n    <ul>\n        <li>Avec votre consentement explicite, en respectant toutes les garanties l\u00e9gales pour prot\u00e9ger votre vie priv\u00e9e, avec le maximum de s\u00e9curit\u00e9, en maintenant le secret et la confidentialit\u00e9 des donn\u00e9es.<\/li>\n        <li>Par le biais de clauses contractuelles telles que d\u00e9finies \u00e0 l'article 46, paragraphe 2, point c), du r\u00e8glement (UE) 2016\/679, qui sont pr\u00e9alablement soumises \u00e0 l'avis du Comit\u00e9 europ\u00e9en de protection des donn\u00e9es pr\u00e9vu \u00e0 l'article 64 du r\u00e8glement.<\/li>\n        <li>R\u00e8gles d'entreprise contraignantes conform\u00e9ment \u00e0 l'article 47 du r\u00e8glement (UE) 2016\/679.<\/li>\n        <li>Les transferts internationaux de donn\u00e9es vers des pays ou des organisations internationales qui ne disposent pas d'une d\u00e9cision d'ad\u00e9quation approuv\u00e9e par la Commission ou qui ne sont couverts par aucune des garanties pr\u00e9vues \u00e0 l'article pr\u00e9c\u00e9dent et \u00e0 l'article 46.2 du r\u00e8glement (UE) 2016\/679 devront faire l'objet d'une autorisation pr\u00e9alable de l'Agence espagnole de protection des donn\u00e9es.<\/li>\n    <\/ul>\n\n    <h3>Droits de l'homme<\/h3>\n    <p>Vous pouvez exercer vos droits d'acc\u00e8s, de rectification, d'annulation et\/ou d'opposition, ainsi que le droit \u00e0 la limitation de la finalit\u00e9 et \u00e0 la portabilit\u00e9. Vous pouvez nous contacter \u00e0 notre adresse \u00e9lectronique : <a href=\"mailto:j.rosal@rosal.biz\">j.rosal@rosal.biz<\/a> ; Ou \u00e0 notre adresse postale en \u00e9crivant \u00e0 la personne en charge du dossier de notre entreprise. Pour ce faire, il sera n\u00e9cessaire de fournir des donn\u00e9es personnelles et des documents justificatifs, ainsi que votre demande.<\/p>\n    <p>Documents n\u00e9cessaires :<\/p>\n    <ul>\n        <li>Photocopie de la carte d'identit\u00e9<\/li>\n        <li>Identification et repr\u00e9sentation suffisantes.<\/li>\n        <li>Explication et objet de la plainte.<\/li>\n        <li>Adresse pour l'envoi de communications, ou e-mail, afin que nous puissions vous contacter dans les plus brefs d\u00e9lais.<\/li>\n    <\/ul>\n\n    <h3>Informations compl\u00e9mentaires<\/h3>\n    <p>Vous avez le droit d'obtenir la confirmation de la mani\u00e8re dont vos donn\u00e9es personnelles sont trait\u00e9es par notre soci\u00e9t\u00e9. Ainsi, vous avez le droit d'acc\u00e9der \u00e0 vos donn\u00e9es personnelles, aux donn\u00e9es inexactes ou de demander leur suppression lorsque les donn\u00e9es ne sont plus n\u00e9cessaires aux fins pour lesquelles elles ont \u00e9t\u00e9 collect\u00e9es, et ce \u00e0 tout moment, simplement et gratuitement.<\/p>\n    <p>Vous pouvez \u00e9galement vous d\u00e9sabonner de la r\u00e9ception de messages promotionnels, conform\u00e9ment \u00e0 la LSSICE 34\/2002. Pour ce faire, vous devez fournir les informations suivantes :<\/p>\n    &lt;ul\t\t\t\t\t\t\t\t<\/div>\n\t\t\t\t<\/div>\n\t\t\t\t\t<\/div>\n\t\t\t\t<\/div>\n\t\t\t\t<\/div>","protected":false},"excerpt":{"rendered":"<p>Pol\u00edtica de privacidad Le informamos que para el acceso de determinados contenidos o servicios ser\u00e1 necesario facilitar datos de car\u00e1cter personal. Los Usuarios garantizar\u00e1n su veracidad, exactitud, autenticidad de los datos. ROSAL INSTALACIONES AGROINDUSTRIALES S.A. preservar\u00e1 la confidencialidad y seguridad de sus datos personales y dar\u00e1 a los mismos el tratamiento automatizado que corresponda en [&hellip;]<\/p>\n","protected":false},"author":2,"featured_media":0,"parent":0,"menu_order":0,"comment_status":"closed","ping_status":"closed","template":"","meta":{"footnotes":""},"class_list":["post-578","page","type-page","status-publish","hentry"],"yoast_head":"<!-- This site is optimized with the Yoast SEO plugin v27.2 - https:\/\/yoast.com\/product\/yoast-seo-wordpress\/ -->\n<title>Pol\u00edtica de privacidad | Rosal Feedmills<\/title>\n<meta name=\"robots\" content=\"noindex, nofollow\" \/>\n<meta property=\"og:locale\" content=\"fr_FR\" \/>\n<meta property=\"og:type\" content=\"article\" \/>\n<meta property=\"og:title\" content=\"Pol\u00edtica de privacidad | Rosal Feedmills\" \/>\n<meta property=\"og:description\" content=\"Pol\u00edtica de privacidad Le informamos que para el acceso de determinados contenidos o servicios ser\u00e1 necesario facilitar datos de car\u00e1cter personal. Los Usuarios garantizar\u00e1n su veracidad, exactitud, autenticidad de los datos. ROSAL INSTALACIONES AGROINDUSTRIALES S.A. preservar\u00e1 la confidencialidad y seguridad de sus datos personales y dar\u00e1 a los mismos el tratamiento automatizado que corresponda en [&hellip;]\" \/>\n<meta property=\"og:url\" content=\"https:\/\/rosal-feedmills.com\/fr\/politique-de-confidentialite\/\" \/>\n<meta property=\"og:site_name\" content=\"Rosal Feedmills\" \/>\n<meta property=\"article:modified_time\" content=\"2025-10-17T08:35:06+00:00\" \/>\n<meta property=\"og:image\" content=\"https:\/\/rosal-feedmills.com\/wp-content\/uploads\/2024\/11\/16_1-jpg.webp\" \/>\n\t<meta property=\"og:image:width\" content=\"1996\" \/>\n\t<meta property=\"og:image:height\" content=\"1121\" \/>\n\t<meta property=\"og:image:type\" content=\"image\/jpeg\" \/>\n<meta name=\"twitter:card\" content=\"summary_large_image\" \/>\n<meta name=\"twitter:label1\" content=\"Dur\u00e9e de lecture estim\u00e9e\" \/>\n\t<meta name=\"twitter:data1\" content=\"8 minutes\" \/>\n<script type=\"application\/ld+json\" class=\"yoast-schema-graph\">{\"@context\":\"https:\/\/schema.org\",\"@graph\":[{\"@type\":\"WebPage\",\"@id\":\"https:\/\/rosal-feedmills.com\/politica-de-privacidad\/\",\"url\":\"https:\/\/rosal-feedmills.com\/politica-de-privacidad\/\",\"name\":\"Pol\u00edtica de privacidad | Rosal Feedmills\",\"isPartOf\":{\"@id\":\"https:\/\/rosal-feedmills.com\/#website\"},\"datePublished\":\"2021-03-10T14:46:51+00:00\",\"dateModified\":\"2025-10-17T08:35:06+00:00\",\"breadcrumb\":{\"@id\":\"https:\/\/rosal-feedmills.com\/politica-de-privacidad\/#breadcrumb\"},\"inLanguage\":\"fr-FR\",\"potentialAction\":[{\"@type\":\"ReadAction\",\"target\":[\"https:\/\/rosal-feedmills.com\/politica-de-privacidad\/\"]}]},{\"@type\":\"BreadcrumbList\",\"@id\":\"https:\/\/rosal-feedmills.com\/politica-de-privacidad\/#breadcrumb\",\"itemListElement\":[{\"@type\":\"ListItem\",\"position\":1,\"name\":\"Portada\",\"item\":\"https:\/\/rosal-feedmills.com\/\"},{\"@type\":\"ListItem\",\"position\":2,\"name\":\"Pol\u00edtica de privacidad\"}]},{\"@type\":\"WebSite\",\"@id\":\"https:\/\/rosal-feedmills.com\/#website\",\"url\":\"https:\/\/rosal-feedmills.com\/\",\"name\":\"Rosal\",\"description\":\"Maquinaria y f\u00e1bricas completas para alimentaci\u00f3n animal\",\"publisher\":{\"@id\":\"https:\/\/rosal-feedmills.com\/#organization\"},\"potentialAction\":[{\"@type\":\"SearchAction\",\"target\":{\"@type\":\"EntryPoint\",\"urlTemplate\":\"https:\/\/rosal-feedmills.com\/?s={search_term_string}\"},\"query-input\":{\"@type\":\"PropertyValueSpecification\",\"valueRequired\":true,\"valueName\":\"search_term_string\"}}],\"inLanguage\":\"fr-FR\"},{\"@type\":\"Organization\",\"@id\":\"https:\/\/rosal-feedmills.com\/#organization\",\"name\":\"Rosal Instalaciones Agroindustriales\",\"url\":\"https:\/\/rosal-feedmills.com\/\",\"logo\":{\"@type\":\"ImageObject\",\"inLanguage\":\"fr-FR\",\"@id\":\"https:\/\/rosal-feedmills.com\/#\/schema\/logo\/image\/\",\"url\":\"https:\/\/rosal-feedmills.com\/wp-content\/uploads\/2024\/11\/Logo-Rosal-complert-png-e1731455627780.webp\",\"contentUrl\":\"https:\/\/rosal-feedmills.com\/wp-content\/uploads\/2024\/11\/Logo-Rosal-complert-png-e1731455627780.webp\",\"width\":913,\"height\":396,\"caption\":\"Rosal Instalaciones Agroindustriales\"},\"image\":{\"@id\":\"https:\/\/rosal-feedmills.com\/#\/schema\/logo\/image\/\"},\"sameAs\":[\"https:\/\/es.linkedin.com\/company\/rosal-instalaciones-agroindustriales-s-a\"]}]}<\/script>\n<!-- \/ Yoast SEO plugin. -->","yoast_head_json":{"title":"Politique de confidentialit\u00e9 | Rosal Feedmills","robots":{"index":"noindex","follow":"nofollow"},"og_locale":"fr_FR","og_type":"article","og_title":"Pol\u00edtica de privacidad | Rosal Feedmills","og_description":"Pol\u00edtica de privacidad Le informamos que para el acceso de determinados contenidos o servicios ser\u00e1 necesario facilitar datos de car\u00e1cter personal. Los Usuarios garantizar\u00e1n su veracidad, exactitud, autenticidad de los datos. ROSAL INSTALACIONES AGROINDUSTRIALES S.A. preservar\u00e1 la confidencialidad y seguridad de sus datos personales y dar\u00e1 a los mismos el tratamiento automatizado que corresponda en [&hellip;]","og_url":"https:\/\/rosal-feedmills.com\/fr\/politique-de-confidentialite\/","og_site_name":"Rosal Feedmills","article_modified_time":"2025-10-17T08:35:06+00:00","og_image":[{"width":1996,"height":1121,"url":"https:\/\/rosal-feedmills.com\/wp-content\/uploads\/2024\/11\/16_1-jpg.webp","type":"image\/jpeg"}],"twitter_card":"summary_large_image","twitter_misc":{"Dur\u00e9e de lecture estim\u00e9e":"8 minutes"},"schema":{"@context":"https:\/\/schema.org","@graph":[{"@type":"WebPage","@id":"https:\/\/rosal-feedmills.com\/politica-de-privacidad\/","url":"https:\/\/rosal-feedmills.com\/politica-de-privacidad\/","name":"Politique de confidentialit\u00e9 | Rosal Feedmills","isPartOf":{"@id":"https:\/\/rosal-feedmills.com\/#website"},"datePublished":"2021-03-10T14:46:51+00:00","dateModified":"2025-10-17T08:35:06+00:00","breadcrumb":{"@id":"https:\/\/rosal-feedmills.com\/politica-de-privacidad\/#breadcrumb"},"inLanguage":"fr-FR","potentialAction":[{"@type":"ReadAction","target":["https:\/\/rosal-feedmills.com\/politica-de-privacidad\/"]}]},{"@type":"BreadcrumbList","@id":"https:\/\/rosal-feedmills.com\/politica-de-privacidad\/#breadcrumb","itemListElement":[{"@type":"ListItem","position":1,"name":"Portada","item":"https:\/\/rosal-feedmills.com\/"},{"@type":"ListItem","position":2,"name":"Pol\u00edtica de privacidad"}]},{"@type":"WebSite","@id":"https:\/\/rosal-feedmills.com\/#website","url":"https:\/\/rosal-feedmills.com\/","name":"Rosal","description":"Machines et installations compl\u00e8tes pour l'alimentation animale","publisher":{"@id":"https:\/\/rosal-feedmills.com\/#organization"},"potentialAction":[{"@type":"SearchAction","target":{"@type":"EntryPoint","urlTemplate":"https:\/\/rosal-feedmills.com\/?s={search_term_string}"},"query-input":{"@type":"PropertyValueSpecification","valueRequired":true,"valueName":"search_term_string"}}],"inLanguage":"fr-FR"},{"@type":"Organization","@id":"https:\/\/rosal-feedmills.com\/#organization","name":"Rosal Installations agro-industrielles","url":"https:\/\/rosal-feedmills.com\/","logo":{"@type":"ImageObject","inLanguage":"fr-FR","@id":"https:\/\/rosal-feedmills.com\/#\/schema\/logo\/image\/","url":"https:\/\/rosal-feedmills.com\/wp-content\/uploads\/2024\/11\/Logo-Rosal-complert-png-e1731455627780.webp","contentUrl":"https:\/\/rosal-feedmills.com\/wp-content\/uploads\/2024\/11\/Logo-Rosal-complert-png-e1731455627780.webp","width":913,"height":396,"caption":"Rosal Instalaciones Agroindustriales"},"image":{"@id":"https:\/\/rosal-feedmills.com\/#\/schema\/logo\/image\/"},"sameAs":["https:\/\/es.linkedin.com\/company\/rosal-instalaciones-agroindustriales-s-a"]}]}},"_links":{"self":[{"href":"https:\/\/rosal-feedmills.com\/fr\/wp-json\/wp\/v2\/pages\/578","targetHints":{"allow":["GET"]}}],"collection":[{"href":"https:\/\/rosal-feedmills.com\/fr\/wp-json\/wp\/v2\/pages"}],"about":[{"href":"https:\/\/rosal-feedmills.com\/fr\/wp-json\/wp\/v2\/types\/page"}],"author":[{"embeddable":true,"href":"https:\/\/rosal-feedmills.com\/fr\/wp-json\/wp\/v2\/users\/2"}],"replies":[{"embeddable":true,"href":"https:\/\/rosal-feedmills.com\/fr\/wp-json\/wp\/v2\/comments?post=578"}],"version-history":[{"count":17,"href":"https:\/\/rosal-feedmills.com\/fr\/wp-json\/wp\/v2\/pages\/578\/revisions"}],"predecessor-version":[{"id":19063,"href":"https:\/\/rosal-feedmills.com\/fr\/wp-json\/wp\/v2\/pages\/578\/revisions\/19063"}],"wp:attachment":[{"href":"https:\/\/rosal-feedmills.com\/fr\/wp-json\/wp\/v2\/media?parent=578"}],"curies":[{"name":"wp","href":"https:\/\/api.w.org\/{rel}","templated":true}]}}