{"id":580,"date":"2021-03-10T15:04:05","date_gmt":"2021-03-10T15:04:05","guid":{"rendered":"http:\/\/rosal-feedmills.com.mialias.net\/?page_id=580"},"modified":"2025-10-17T09:29:47","modified_gmt":"2025-10-17T08:29:47","slug":"politique-en-matiere-de-cookies","status":"publish","type":"page","link":"https:\/\/rosal-feedmills.com\/fr\/politica-de-cookies\/","title":{"rendered":"Politique en mati\u00e8re de cookies"},"content":{"rendered":"<div data-elementor-type=\"wp-page\" data-elementor-id=\"580\" class=\"elementor elementor-580\" data-elementor-post-type=\"page\">\n\t\t\t\t<div class=\"elementor-element elementor-element-09253d7 e-flex e-con-boxed e-con e-parent\" data-id=\"09253d7\" data-element_type=\"container\" data-e-type=\"container\" data-settings=\"{&quot;background_background&quot;:&quot;classic&quot;}\">\n\t\t\t\t\t<div class=\"e-con-inner\">\n\t\t\t\t<div class=\"elementor-element elementor-element-4a791be elementor-widget elementor-widget-heading\" data-id=\"4a791be\" data-element_type=\"widget\" data-e-type=\"widget\" data-widget_type=\"heading.default\">\n\t\t\t\t<div class=\"elementor-widget-container\">\n\t\t\t\t\t<h1 class=\"elementor-heading-title elementor-size-default\">Politique en mati\u00e8re de cookies<\/h1>\t\t\t\t<\/div>\n\t\t\t\t<\/div>\n\t\t\t\t<div class=\"elementor-element elementor-element-efeb535 elementor-widget elementor-widget-text-editor\" data-id=\"efeb535\" data-element_type=\"widget\" data-e-type=\"widget\" data-widget_type=\"text-editor.default\">\n\t\t\t\t<div class=\"elementor-widget-container\">\n\t\t\t\t\t\t\t\t\t    <p>ROSAL INSTALACIONES AGROINDUSTRIALES S.A. vous souhaite la bienvenue et vous invite \u00e0 lire attentivement la Politique de COOKIES de ce Site Web (ci-apr\u00e8s Politique de COOKIES) qui d\u00e9crit les termes et conditions qui seront applicables \u00e0 votre navigation sur celui-ci, conform\u00e9ment aux dispositions de la r\u00e9glementation espagnole applicable. \u00c9tant donn\u00e9 que www.nouenergia.com peut modifier cette politique de cookies \u00e0 l'avenir, nous vous recommandons de les visiter p\u00e9riodiquement afin d'\u00eatre d\u00fbment inform\u00e9 des changements apport\u00e9s.<\/p>\n\n    <p>Dans le but de garantir que le site Web respecte les crit\u00e8res de transparence, de clart\u00e9 et de simplicit\u00e9, les utilisateurs sont inform\u00e9s que toute suggestion, doute ou question concernant la politique de confidentialit\u00e9 peut \u00eatre r\u00e9solu en contactant www.rosal-feedmills.com via l'adresse \u00e9lectronique suivante : j.rosal@rosal.biz - 935741932. La politique en mati\u00e8re de cookies est r\u00e9dig\u00e9e en espagnol et constitue la version authentique.<\/p>\n\n    <h2>Types et typologie des cookies utilis\u00e9s sur notre site web :<\/h2>\n    <ol>\n        <li>\n            <strong>Cookies analytiques de premi\u00e8re partie :<\/strong> Nous utilisons ces cookies pour estimer le nombre de visiteurs uniques, pour am\u00e9liorer nos sites web et ceux de nos marchands, et pour d\u00e9tecter les mots les plus recherch\u00e9s dans les moteurs de recherche qui m\u00e8nent \u00e0 une page web. Ces cookies ne sont pas utilis\u00e9s pour vous cibler avec du marketing en ligne. Nous utilisons ces cookies pour comprendre comment fonctionnent nos sites web et ceux de nos marchands et pour apporter des am\u00e9liorations pertinentes afin d'am\u00e9liorer votre exp\u00e9rience de navigation. <em>Op\u00e9rationnel<\/em>\n        <\/li>\n        <li>\n            <strong>Cookies d'analyse de tiers :<\/strong> Nous utilisons \u00e9galement Google Analytics et d'autres fournisseurs de services d'analyse tiers \u00e9num\u00e9r\u00e9s ci-dessous pour nous aider \u00e0 mesurer la mani\u00e8re dont les utilisateurs interagissent avec le contenu de notre site web. Ces cookies \u00abm\u00e9morisent\u00bb ce que nos utilisateurs ont fait sur les pages pr\u00e9c\u00e9dentes et comment ils ont interagi avec le site web. Pour plus d'informations sur Google Analytics, veuillez consulter la page d'information de Google. Pour savoir comment d\u00e9sactiver Google Analytics, voir ci-dessous. <em>Op\u00e9rationnel<\/em>\n        <\/li>\n    <\/ol>\n\n    <ul>\n        <li><strong>Cookies publicitaires :<\/strong> Ils sont utilis\u00e9s sur notre site web pour personnaliser le marketing en fonction de vous et de vos int\u00e9r\u00eats et pour vous fournir un service plus personnalis\u00e9 \u00e0 l'avenir. Ces cookies se souviennent que vous avez visit\u00e9 notre site web et nous pouvons partager ces informations avec des tiers, tels que des annonceurs. Bien que ces cookies puissent suivre les visites de votre appareil sur notre site web et d'autres sites, ils ne peuvent g\u00e9n\u00e9ralement pas vous identifier personnellement. Sans ces cookies, les publicit\u00e9s que vous voyez peuvent \u00eatre moins pertinentes et moins int\u00e9ressantes pour vous. Pour en savoir plus sur la mani\u00e8re dont les entreprises utilisent les cookies pour la publicit\u00e9 cibl\u00e9e ou recibl\u00e9e, cliquez ici. Nous n'installons pas de cookies publicitaires par l'interm\u00e9diaire des vitrines de nos marchands, bien que ces derniers puissent choisir de le faire ind\u00e9pendamment. <em>Non op\u00e9rationnel<\/em><\/li>\n\n        <li><strong>Cookies sociaux et de contenu :<\/strong> Ils sont plac\u00e9s sur de nombreux plugins de m\u00e9dias sociaux (par exemple le bouton \u00abJ'aime\u00bb de Facebook) et d'autres outils destin\u00e9s \u00e0 fournir ou \u00e0 am\u00e9liorer le contenu d'un site web (par exemple les services qui permettent de lire des fichiers vid\u00e9o ou qui cr\u00e9ent des sections de commentaires). Nous int\u00e9grons ces modules dans notre plateforme afin d'am\u00e9liorer l'exp\u00e9rience de navigation et d'interaction avec nos sites web. Veuillez noter que certains de ces services tiers placent des cookies qui sont \u00e9galement utilis\u00e9s \u00e0 des fins de publicit\u00e9 comportementale, d'analyse et\/ou d'\u00e9tude de march\u00e9. <em>Non op\u00e9rationnel<\/em><\/li>\n    <\/ul>\n\n    <h2>Combien de temps les cookies resteront-ils sur mon ordinateur ou mon appareil mobile ?<\/h2>\n    <p>La dur\u00e9e de conservation d'un cookie sur votre ordinateur ou votre appareil mobile varie selon qu'il s'agit d'un cookie \u00abpersistant\u00bb ou d'un cookie \u00abde session\u00bb. Les cookies de session durent jusqu'\u00e0 ce que vous arr\u00eatiez de naviguer et les cookies persistants durent jusqu'\u00e0 ce qu'ils expirent ou soient supprim\u00e9s. La plupart des cookies que nous utilisons sont des cookies persistants et expirent entre 30 minutes et deux ans \u00e0 compter de la date \u00e0 laquelle ils ont \u00e9t\u00e9 t\u00e9l\u00e9charg\u00e9s sur votre appareil. Veuillez consulter la section ci-dessous sur la mani\u00e8re de contr\u00f4ler les cookies pour plus d'informations sur la mani\u00e8re de supprimer les cookies avant qu'ils n'expirent.<\/p>\n\n    <h2>Comment contr\u00f4ler les cookies ?<\/h2>\n    <p>Vous pouvez contr\u00f4ler et g\u00e9rer les cookies de diff\u00e9rentes mani\u00e8res. Veuillez noter que la suppression ou le blocage des cookies peut nuire \u00e0 votre exp\u00e9rience d'utilisateur et que certaines parties de notre site web peuvent ne plus \u00eatre enti\u00e8rement accessibles. La plupart des navigateurs acceptent automatiquement les cookies, mais vous pouvez choisir de les accepter ou non par le biais des contr\u00f4les de votre navigateur, qui se trouvent souvent dans le menu \u00abOutils\u00bb ou \u00abPr\u00e9f\u00e9rences\u00bb de votre navigateur. Pour plus d'informations sur la mani\u00e8re de modifier les param\u00e8tres de votre navigateur ou de bloquer, g\u00e9rer ou filtrer les cookies, vous pouvez les trouver dans le fichier d'aide de votre navigateur ou sur des sites tels que : <a href=\"http:\/\/www.allaboutcookies.org\" target=\"_blank\">www.allaboutcookies.org<\/a>. De nombreux services de publicit\u00e9 et de suivi de tiers mentionn\u00e9s ci-dessus vous offrent la possibilit\u00e9 de refuser leurs syst\u00e8mes de suivi. Vous pouvez en savoir plus sur les informations qu'ils collectent et sur la mani\u00e8re de les refuser en consultant les liens ci-dessus relatifs \u00e0 la politique de protection de la vie priv\u00e9e.<\/p>\n\n    <h2>Qu'est-ce qu'un biscuit ?<\/h2>\n    <p>Les cookies sont utilis\u00e9s pour stocker et r\u00e9cup\u00e9rer des informations sur les utilisateurs qui visitent un site web. Ils sont utilis\u00e9s pour garder une trace des pages visit\u00e9es, ainsi que pour se souvenir de certaines actions de l'utilisateur, telles que les pr\u00e9f\u00e9rences de navigation. Ces pr\u00e9f\u00e9rences sont m\u00e9moris\u00e9es lorsque l'utilisateur visite \u00e0 nouveau le site.<\/p>\n\n    <h2>Quelles informations conservent-ils sur le web ?<\/h2>\n    <ol>\n        <li>des informations statistiques sur l'utilisation du site.<\/li>\n        <li>Journal des activit\u00e9s effectu\u00e9es par le visiteur (pages consult\u00e9es, recherches, achats, etc.).<\/li>\n        <li>Donn\u00e9es de connexion aux r\u00e9seaux sociaux pour les utilisateurs qui se connectent avec leur utilisateur Facebook ou Twitter.<\/li>\n    <\/ol>\n\n    <h2>Que se passe-t-il si je bloque son utilisation ?<\/h2>\n    <p>En cas de blocage de leur utilisation, certains services web peuvent ne pas \u00eatre disponibles.<\/p>\n\n    <h2>Comment puis-je bloquer les cookies dans mon navigateur ?<\/h2>\n    <p>Les liens suivants vous fourniront des informations \u00e0 ce sujet dans votre navigateur :<\/p>\n    <ol>\n        <li>Chrome<\/li>\n        <li>Firefox<\/li>\n        <li>Safari<\/li>\n        <li>Internet Explorer<\/li>\n    <\/ol>\n\n    <h2>Que se passe-t-il si je d\u00e9sactive les cookies ?<\/h2>\n    <p>Pour que vous compreniez les cons\u00e9quences de la d\u00e9sactivation des cookies, voici quelques exemples :<\/p>\n    <ul>\n        <li>Vous ne pouvez pas partager le contenu de ce site web sur Facebook, Twitter ou tout autre r\u00e9seau social.<\/li>\n        <li>Le site web ne sera pas en mesure d'adapter le contenu \u00e0 vos pr\u00e9f\u00e9rences personnelles, comme c'est souvent le cas pour les boutiques en ligne.<\/li>\n        <li>Vous ne pourrez pas acc\u00e9der \u00e0 l'espace personnel de ce site web, tel que Mon compte, Mon profil ou Mes commandes.<\/li>\n        <li>Magasins en ligne : Vous ne pourrez pas faire vos achats en ligne, vous devrez les faire par t\u00e9l\u00e9phone ou en vous rendant dans le magasin physique si vous en avez un.<\/li>\n        <li>Il ne sera pas possible de personnaliser vos pr\u00e9f\u00e9rences g\u00e9ographiques telles que le fuseau horaire, la devise ou la langue.<\/li>\n        <li>Le site web ne sera pas en mesure d'effectuer des analyses sur les visiteurs et le trafic web, ce qui rendra le site web difficilement comp\u00e9titif.<\/li>\n        <li>Vous ne pourrez pas \u00e9crire sur le blog, t\u00e9l\u00e9charger des images, publier des commentaires, \u00e9valuer ou noter le contenu. Le site web ne pourra pas non plus d\u00e9terminer si vous \u00eates un \u00eatre humain ou une application automatis\u00e9e publiant des spams.<\/li>\n        <li>Il ne sera plus possible d'afficher de la publicit\u00e9 cibl\u00e9e, ce qui r\u00e9duira les recettes publicitaires du site.<\/li>\n        <li>Tous les r\u00e9seaux sociaux utilisent des cookies. Si vous les d\u00e9sactivez, vous ne pourrez utiliser aucun r\u00e9seau social.<\/li>\n    <\/ul>\n\n    <h2>Les cookies peuvent-ils \u00eatre supprim\u00e9s ?<\/h2>\n    <p>Oui, non seulement supprimer, mais aussi bloquer, soit en g\u00e9n\u00e9ral, soit pour un domaine sp\u00e9cifique. Pour supprimer les cookies d'un site web, vous devez aller dans les param\u00e8tres de votre navigateur et y rechercher ceux qui sont associ\u00e9s au domaine en question et les supprimer.<\/p>\n\n    <h2>Param\u00e8tres des cookies pour les navigateurs les plus populaires<\/h2>\n    <p>Voici comment acc\u00e9der \u00e0 un cookie particulier dans le navigateur Chrome. Remarque : ces \u00e9tapes peuvent varier en fonction de votre navigateur et de sa version :<\/p>\n    <ol>\n        <li>Allez dans Param\u00e8tres ou Pr\u00e9f\u00e9rences via le menu Fichier ou en cliquant sur l'ic\u00f4ne de personnalisation en haut \u00e0 droite.<\/li>\n        <li>Vous verrez diff\u00e9rentes sections, choisissez l'option Afficher les options avanc\u00e9es.<\/li>\n        <li>Allez dans Confidentialit\u00e9, Param\u00e8tres de contenu.<\/li>\n        <li>S\u00e9lectionnez Tous les cookies et donn\u00e9es de localisation.<\/li>\n        <li>Une liste appara\u00eetra avec tous les cookies tri\u00e9s par domaine. Pour faciliter la recherche des cookies d'un certain domaine, saisissez une partie ou la totalit\u00e9 de l'adresse dans le champ Rechercher des cookies.<\/li>\n        <li>Une fois ce filtre effectu\u00e9, une ou plusieurs lignes contenant les cookies du site web demand\u00e9 appara\u00eetront \u00e0 l'\u00e9cran. Il ne vous reste plus qu'\u00e0 les s\u00e9lectionner et \u00e0 appuyer sur X pour les supprimer.<\/li>\n    <\/ol>\n\n    <p>Pour acc\u00e9der aux param\u00e8tres des cookies de votre navigateur Internet Explorer, proc\u00e9dez comme suit (cela peut varier en fonction de la version du navigateur) :<\/p>\n    <ol>\n        <li>Allez dans Outils, Options Internet<\/li>\n        <li>Cliquez sur Confidentialit\u00e9.<\/li>\n        <li>D\u00e9placez le menu d\u00e9roulant pour d\u00e9finir le niveau de confidentialit\u00e9 souhait\u00e9.<\/li>\n    <\/ol>\n\n    <p>Pour acc\u00e9der aux param\u00e8tres des cookies de votre navigateur Firefox, proc\u00e9dez comme suit (cela peut varier en fonction de la version du navigateur) :<\/p>\n    <ol>\n        <li>Allez dans Options ou Pr\u00e9f\u00e9rences en fonction de votre syst\u00e8me d'exploitation.<\/li>\n        <li>Cliquez sur Confidentialit\u00e9.<\/li>\n        <li>Sous Historique, choisissez Utiliser les param\u00e8tres personnalis\u00e9s pour l'historique.<\/li>\n        <li>Vous verrez maintenant l'option Accepter les cookies, vous pouvez l'activer ou la d\u00e9sactiver selon vos pr\u00e9f\u00e9rences.<\/li>\n    <\/ol>\n\n    <p>Pour acc\u00e9der aux param\u00e8tres des cookies dans le navigateur Safari pour OSX, proc\u00e9dez comme suit (cela peut varier en fonction de la version du navigateur) :<\/p>\n    <ol>\n        <li>Allez dans Pr\u00e9f\u00e9rences, puis dans Confidentialit\u00e9.<\/li>\n        <li>L'option Bloquer les cookies vous permet de d\u00e9finir le type de blocage que vous souhaitez.<\/li>\n    <\/ol>\n\n    <p>Pour acc\u00e9der aux param\u00e8tres des cookies dans le navigateur Safari pour iOS, proc\u00e9dez comme suit (cela peut varier en fonction de la version du navigateur) :<\/p>\n    <ol>\n        <li>Allez dans Param\u00e8tres, puis dans Safari.<\/li>\n        <li>Allez dans Confidentialit\u00e9 et s\u00e9curit\u00e9, vous verrez l'option Bloquer les cookies qui vous permettra de r\u00e9gler le type de blocage que vous souhaitez effectuer.<\/li>\n    <\/ol>\n\n    <p>Pour acc\u00e9der aux param\u00e8tres des cookies de votre navigateur pour les appareils Android, proc\u00e9dez comme suit (cela peut varier en fonction de la version du navigateur) :<\/p>\n    <ol>\n        <li>Lancez le navigateur et appuyez sur la touche Menu, puis sur Param\u00e8tres.<\/li>\n        <li>Allez dans Confidentialit\u00e9, vous verrez l'option Accepter les cookies pour cocher ou d\u00e9cocher la case.<\/li>\n    <\/ol>\n\n    <p>Pour acc\u00e9der aux param\u00e8tres des cookies de votre navigateur pour les appareils Windows Phone, proc\u00e9dez comme suit (cela peut varier en fonction de la version du navigateur) :<\/p>\n    <ol>\n        <li>Ouvrez Internet Explorer, puis Plus, puis Param\u00e8tres.<\/li>\n        <li>Vous pouvez maintenant cocher ou d\u00e9cocher la case \"autoriser les cookies\".<\/li>\n    <\/ol>\t\t\t\t\t\t\t\t<\/div>\n\t\t\t\t<\/div>\n\t\t\t\t\t<\/div>\n\t\t\t\t<\/div>\n\t\t\t\t<\/div>","protected":false},"excerpt":{"rendered":"<p>Pol\u00edtica de cookies ROSAL INSTALACIONES AGROINDUSTRIALES S.A. le da la bienvenida y le invita a leer atentamente las Pol\u00edtica de COOKIES de este Sitio Web (en adelante Pol\u00edtica de COOKIES) que describen los t\u00e9rminos y condiciones que ser\u00e1n aplicables a su navegaci\u00f3n por el mismo, de conformidad con lo establecido en la normativa espa\u00f1ola de [&hellip;]<\/p>\n","protected":false},"author":2,"featured_media":0,"parent":0,"menu_order":0,"comment_status":"closed","ping_status":"closed","template":"","meta":{"footnotes":""},"class_list":["post-580","page","type-page","status-publish","hentry"],"yoast_head":"<!-- This site is optimized with the Yoast SEO plugin v27.2 - https:\/\/yoast.com\/product\/yoast-seo-wordpress\/ -->\n<title>Pol\u00edtica de cookies | Rosal Feedmills<\/title>\n<meta name=\"robots\" content=\"noindex, nofollow\" \/>\n<meta property=\"og:locale\" content=\"fr_FR\" \/>\n<meta property=\"og:type\" content=\"article\" \/>\n<meta property=\"og:title\" content=\"Pol\u00edtica de cookies | Rosal Feedmills\" \/>\n<meta property=\"og:description\" content=\"Pol\u00edtica de cookies ROSAL INSTALACIONES AGROINDUSTRIALES S.A. le da la bienvenida y le invita a leer atentamente las Pol\u00edtica de COOKIES de este Sitio Web (en adelante Pol\u00edtica de COOKIES) que describen los t\u00e9rminos y condiciones que ser\u00e1n aplicables a su navegaci\u00f3n por el mismo, de conformidad con lo establecido en la normativa espa\u00f1ola de [&hellip;]\" \/>\n<meta property=\"og:url\" content=\"https:\/\/rosal-feedmills.com\/fr\/politique-en-matiere-de-cookies\/\" \/>\n<meta property=\"og:site_name\" content=\"Rosal Feedmills\" \/>\n<meta property=\"article:modified_time\" content=\"2025-10-17T08:29:47+00:00\" \/>\n<meta property=\"og:image\" content=\"https:\/\/rosal-feedmills.com\/wp-content\/uploads\/2024\/11\/16_1-jpg.webp\" \/>\n\t<meta property=\"og:image:width\" content=\"1996\" \/>\n\t<meta property=\"og:image:height\" content=\"1121\" \/>\n\t<meta property=\"og:image:type\" content=\"image\/jpeg\" \/>\n<meta name=\"twitter:card\" content=\"summary_large_image\" \/>\n<meta name=\"twitter:label1\" content=\"Dur\u00e9e de lecture estim\u00e9e\" \/>\n\t<meta name=\"twitter:data1\" content=\"8 minutes\" \/>\n<script type=\"application\/ld+json\" class=\"yoast-schema-graph\">{\"@context\":\"https:\/\/schema.org\",\"@graph\":[{\"@type\":\"WebPage\",\"@id\":\"https:\/\/rosal-feedmills.com\/politica-de-cookies\/\",\"url\":\"https:\/\/rosal-feedmills.com\/politica-de-cookies\/\",\"name\":\"Pol\u00edtica de cookies | Rosal Feedmills\",\"isPartOf\":{\"@id\":\"https:\/\/rosal-feedmills.com\/#website\"},\"datePublished\":\"2021-03-10T15:04:05+00:00\",\"dateModified\":\"2025-10-17T08:29:47+00:00\",\"breadcrumb\":{\"@id\":\"https:\/\/rosal-feedmills.com\/politica-de-cookies\/#breadcrumb\"},\"inLanguage\":\"fr-FR\",\"potentialAction\":[{\"@type\":\"ReadAction\",\"target\":[\"https:\/\/rosal-feedmills.com\/politica-de-cookies\/\"]}]},{\"@type\":\"BreadcrumbList\",\"@id\":\"https:\/\/rosal-feedmills.com\/politica-de-cookies\/#breadcrumb\",\"itemListElement\":[{\"@type\":\"ListItem\",\"position\":1,\"name\":\"Portada\",\"item\":\"https:\/\/rosal-feedmills.com\/\"},{\"@type\":\"ListItem\",\"position\":2,\"name\":\"Pol\u00edtica de cookies\"}]},{\"@type\":\"WebSite\",\"@id\":\"https:\/\/rosal-feedmills.com\/#website\",\"url\":\"https:\/\/rosal-feedmills.com\/\",\"name\":\"Rosal\",\"description\":\"Maquinaria y f\u00e1bricas completas para alimentaci\u00f3n animal\",\"publisher\":{\"@id\":\"https:\/\/rosal-feedmills.com\/#organization\"},\"potentialAction\":[{\"@type\":\"SearchAction\",\"target\":{\"@type\":\"EntryPoint\",\"urlTemplate\":\"https:\/\/rosal-feedmills.com\/?s={search_term_string}\"},\"query-input\":{\"@type\":\"PropertyValueSpecification\",\"valueRequired\":true,\"valueName\":\"search_term_string\"}}],\"inLanguage\":\"fr-FR\"},{\"@type\":\"Organization\",\"@id\":\"https:\/\/rosal-feedmills.com\/#organization\",\"name\":\"Rosal Instalaciones Agroindustriales\",\"url\":\"https:\/\/rosal-feedmills.com\/\",\"logo\":{\"@type\":\"ImageObject\",\"inLanguage\":\"fr-FR\",\"@id\":\"https:\/\/rosal-feedmills.com\/#\/schema\/logo\/image\/\",\"url\":\"https:\/\/rosal-feedmills.com\/wp-content\/uploads\/2024\/11\/Logo-Rosal-complert-png-e1731455627780.webp\",\"contentUrl\":\"https:\/\/rosal-feedmills.com\/wp-content\/uploads\/2024\/11\/Logo-Rosal-complert-png-e1731455627780.webp\",\"width\":913,\"height\":396,\"caption\":\"Rosal Instalaciones Agroindustriales\"},\"image\":{\"@id\":\"https:\/\/rosal-feedmills.com\/#\/schema\/logo\/image\/\"},\"sameAs\":[\"https:\/\/es.linkedin.com\/company\/rosal-instalaciones-agroindustriales-s-a\"]}]}<\/script>\n<!-- \/ Yoast SEO plugin. -->","yoast_head_json":{"title":"Politique en mati\u00e8re de cookies | Rosal Feedmills","robots":{"index":"noindex","follow":"nofollow"},"og_locale":"fr_FR","og_type":"article","og_title":"Pol\u00edtica de cookies | Rosal Feedmills","og_description":"Pol\u00edtica de cookies ROSAL INSTALACIONES AGROINDUSTRIALES S.A. le da la bienvenida y le invita a leer atentamente las Pol\u00edtica de COOKIES de este Sitio Web (en adelante Pol\u00edtica de COOKIES) que describen los t\u00e9rminos y condiciones que ser\u00e1n aplicables a su navegaci\u00f3n por el mismo, de conformidad con lo establecido en la normativa espa\u00f1ola de [&hellip;]","og_url":"https:\/\/rosal-feedmills.com\/fr\/politique-en-matiere-de-cookies\/","og_site_name":"Rosal Feedmills","article_modified_time":"2025-10-17T08:29:47+00:00","og_image":[{"width":1996,"height":1121,"url":"https:\/\/rosal-feedmills.com\/wp-content\/uploads\/2024\/11\/16_1-jpg.webp","type":"image\/jpeg"}],"twitter_card":"summary_large_image","twitter_misc":{"Dur\u00e9e de lecture estim\u00e9e":"8 minutes"},"schema":{"@context":"https:\/\/schema.org","@graph":[{"@type":"WebPage","@id":"https:\/\/rosal-feedmills.com\/politica-de-cookies\/","url":"https:\/\/rosal-feedmills.com\/politica-de-cookies\/","name":"Politique en mati\u00e8re de cookies | Rosal Feedmills","isPartOf":{"@id":"https:\/\/rosal-feedmills.com\/#website"},"datePublished":"2021-03-10T15:04:05+00:00","dateModified":"2025-10-17T08:29:47+00:00","breadcrumb":{"@id":"https:\/\/rosal-feedmills.com\/politica-de-cookies\/#breadcrumb"},"inLanguage":"fr-FR","potentialAction":[{"@type":"ReadAction","target":["https:\/\/rosal-feedmills.com\/politica-de-cookies\/"]}]},{"@type":"BreadcrumbList","@id":"https:\/\/rosal-feedmills.com\/politica-de-cookies\/#breadcrumb","itemListElement":[{"@type":"ListItem","position":1,"name":"Portada","item":"https:\/\/rosal-feedmills.com\/"},{"@type":"ListItem","position":2,"name":"Pol\u00edtica de cookies"}]},{"@type":"WebSite","@id":"https:\/\/rosal-feedmills.com\/#website","url":"https:\/\/rosal-feedmills.com\/","name":"Rosal","description":"Machines et installations compl\u00e8tes pour l'alimentation animale","publisher":{"@id":"https:\/\/rosal-feedmills.com\/#organization"},"potentialAction":[{"@type":"SearchAction","target":{"@type":"EntryPoint","urlTemplate":"https:\/\/rosal-feedmills.com\/?s={search_term_string}"},"query-input":{"@type":"PropertyValueSpecification","valueRequired":true,"valueName":"search_term_string"}}],"inLanguage":"fr-FR"},{"@type":"Organization","@id":"https:\/\/rosal-feedmills.com\/#organization","name":"Rosal Installations agro-industrielles","url":"https:\/\/rosal-feedmills.com\/","logo":{"@type":"ImageObject","inLanguage":"fr-FR","@id":"https:\/\/rosal-feedmills.com\/#\/schema\/logo\/image\/","url":"https:\/\/rosal-feedmills.com\/wp-content\/uploads\/2024\/11\/Logo-Rosal-complert-png-e1731455627780.webp","contentUrl":"https:\/\/rosal-feedmills.com\/wp-content\/uploads\/2024\/11\/Logo-Rosal-complert-png-e1731455627780.webp","width":913,"height":396,"caption":"Rosal Instalaciones Agroindustriales"},"image":{"@id":"https:\/\/rosal-feedmills.com\/#\/schema\/logo\/image\/"},"sameAs":["https:\/\/es.linkedin.com\/company\/rosal-instalaciones-agroindustriales-s-a"]}]}},"_links":{"self":[{"href":"https:\/\/rosal-feedmills.com\/fr\/wp-json\/wp\/v2\/pages\/580","targetHints":{"allow":["GET"]}}],"collection":[{"href":"https:\/\/rosal-feedmills.com\/fr\/wp-json\/wp\/v2\/pages"}],"about":[{"href":"https:\/\/rosal-feedmills.com\/fr\/wp-json\/wp\/v2\/types\/page"}],"author":[{"embeddable":true,"href":"https:\/\/rosal-feedmills.com\/fr\/wp-json\/wp\/v2\/users\/2"}],"replies":[{"embeddable":true,"href":"https:\/\/rosal-feedmills.com\/fr\/wp-json\/wp\/v2\/comments?post=580"}],"version-history":[{"count":20,"href":"https:\/\/rosal-feedmills.com\/fr\/wp-json\/wp\/v2\/pages\/580\/revisions"}],"predecessor-version":[{"id":19059,"href":"https:\/\/rosal-feedmills.com\/fr\/wp-json\/wp\/v2\/pages\/580\/revisions\/19059"}],"wp:attachment":[{"href":"https:\/\/rosal-feedmills.com\/fr\/wp-json\/wp\/v2\/media?parent=580"}],"curies":[{"name":"wp","href":"https:\/\/api.w.org\/{rel}","templated":true}]}}