{"id":1786,"date":"2024-12-30T10:16:07","date_gmt":"2024-12-30T09:16:07","guid":{"rendered":"http:\/\/rosal-feedmills.com.mialias.net\/?page_id=1786"},"modified":"2025-08-29T11:52:10","modified_gmt":"2025-08-29T10:52:10","slug":"movimentazione","status":"publish","type":"page","link":"https:\/\/rosal-feedmills.com\/it\/maquinaria\/transporte\/","title":{"rendered":"Movimentazione"},"content":{"rendered":"<div data-elementor-type=\"wp-page\" data-elementor-id=\"1786\" class=\"elementor elementor-1786\" data-elementor-post-type=\"page\">\n\t\t\t\t<div class=\"elementor-element elementor-element-1a057699 e-flex e-con-boxed e-con e-parent\" data-id=\"1a057699\" data-element_type=\"container\" data-e-type=\"container\">\n\t\t\t\t\t<div class=\"e-con-inner\">\n\t\t<div class=\"elementor-element elementor-element-9529f04 e-con-full e-flex e-con e-child\" data-id=\"9529f04\" data-element_type=\"container\" data-e-type=\"container\">\n\t\t\t\t<div class=\"elementor-element elementor-element-2472409a elementor-widget elementor-widget-image\" data-id=\"2472409a\" data-element_type=\"widget\" data-e-type=\"widget\" data-widget_type=\"image.default\">\n\t\t\t\t<div class=\"elementor-widget-container\">\n\t\t\t\t\t\t\t\t\t\t\t\t\t\t\t<img fetchpriority=\"high\" decoding=\"async\" width=\"800\" height=\"640\" src=\"https:\/\/rosal-feedmills.com\/wp-content\/uploads\/2024\/12\/IMG_2220-1-1024x819.jpg\" class=\"attachment-large size-large wp-image-16200\" alt=\"Trasportatori a catena in un mangimificio.\" srcset=\"https:\/\/rosal-feedmills.com\/wp-content\/uploads\/2024\/12\/IMG_2220-1-1024x819.jpg 1024w, https:\/\/rosal-feedmills.com\/wp-content\/uploads\/2024\/12\/IMG_2220-1-300x240.jpg 300w, https:\/\/rosal-feedmills.com\/wp-content\/uploads\/2024\/12\/IMG_2220-1-768x614.jpg 768w, https:\/\/rosal-feedmills.com\/wp-content\/uploads\/2024\/12\/IMG_2220-1-1536x1229.jpg 1536w, https:\/\/rosal-feedmills.com\/wp-content\/uploads\/2024\/12\/IMG_2220-1-2048x1638.jpg 2048w, https:\/\/rosal-feedmills.com\/wp-content\/uploads\/2024\/12\/IMG_2220-1-15x12.jpg 15w\" sizes=\"(max-width: 800px) 100vw, 800px\" \/>\t\t\t\t\t\t\t\t\t\t\t\t\t\t\t<\/div>\n\t\t\t\t<\/div>\n\t\t\t\t<\/div>\n\t\t<div class=\"elementor-element elementor-element-6d6705f1 e-con-full e-flex e-con e-child\" data-id=\"6d6705f1\" data-element_type=\"container\" data-e-type=\"container\">\n\t\t\t\t<div class=\"elementor-element elementor-element-5fea2d03 elementor-widget elementor-widget-heading\" data-id=\"5fea2d03\" data-element_type=\"widget\" data-e-type=\"widget\" data-widget_type=\"heading.default\">\n\t\t\t\t<div class=\"elementor-widget-container\">\n\t\t\t\t\t<h1 class=\"elementor-heading-title elementor-size-default\">Movimentazione<\/h1>\t\t\t\t<\/div>\n\t\t\t\t<\/div>\n\t\t\t\t<div class=\"elementor-element elementor-element-42033d7f elementor-widget elementor-widget-text-editor\" data-id=\"42033d7f\" data-element_type=\"widget\" data-e-type=\"widget\" data-widget_type=\"text-editor.default\">\n\t\t\t\t<div class=\"elementor-widget-container\">\n\t\t\t\t\t\t\t\t\t<p>Il trasporto di tutte le materie prime nel processo di produzione dei mangimi deve garantire un trattamento ottimale del prodotto fino al confezionamento finale.<\/p><p>Noi di Rosal produciamo sistemi di trasporto sia verticali che orizzontali.<\/p>\t\t\t\t\t\t\t\t<\/div>\n\t\t\t\t<\/div>\n\t\t\t\t<\/div>\n\t\t\t\t\t<\/div>\n\t\t\t\t<\/div>\n\t\t<div class=\"elementor-element elementor-element-24eaee3b e-flex e-con-boxed e-con e-parent\" data-id=\"24eaee3b\" data-element_type=\"container\" data-e-type=\"container\" data-settings=\"{&quot;background_background&quot;:&quot;classic&quot;}\">\n\t\t\t\t\t<div class=\"e-con-inner\">\n\t\t\t\t<div class=\"elementor-element elementor-element-99faae0 grid-maquinaria elementor-widget elementor-widget-ucaddon_content_grid2\" data-id=\"99faae0\" data-element_type=\"widget\" data-e-type=\"widget\" data-widget_type=\"ucaddon_content_grid2.default\">\n\t\t\t\t<div class=\"elementor-widget-container\">\n\t\t\t\t\t\n<!-- start Content Grid -->\n\t\t<link id='font-awesome-css' href='https:\/\/rosal-feedmills.com\/wp-content\/plugins\/unlimited-elements-for-elementor-premium\/assets_libraries\/font-awesome6\/fontawesome-all.min.css' type='text\/css' rel='stylesheet' >\n\t\t<link id='font-awesome-4-shim-css' href='https:\/\/rosal-feedmills.com\/wp-content\/plugins\/unlimited-elements-for-elementor-premium\/assets_libraries\/font-awesome6\/fontawesome-v4-shims.min.css' type='text\/css' rel='stylesheet' >\n\t\t<link id='fancybox-css' href='https:\/\/rosal-feedmills.com\/wp-content\/plugins\/unlimited-elements-for-elementor-premium\/assets_libraries\/fancybox3\/jquery.fancybox.min.css' type='text\/css' rel='stylesheet' >\n\n<style>\/* widget: Content Grid *\/\n\n\n\n#uc_content_grid2_elementor_99faae0 * {\n\tbox-sizing: border-box;\t\n}\n\n#uc_content_grid2_elementor_99faae0 .uc_post_grid_style_one_wrap {\n\tdisplay: grid;\n}\n\n#uc_content_grid2_elementor_99faae0 .uc_post_grid_style_one_image {\n\twidth: 100%;\n\toverflow: hidden;\n\tdisplay: block;  \t\n}\n\n#uc_content_grid2_elementor_99faae0 .uc_post_image {\n\twidth: inherit;\n\theight: inherit;\n\tbackground-position: center center;\n\tbackground-repeat: no-repeat;\n\tdisplay: block;\n\ttransition: all 0.25s ease-in-out;\n}\n\n#uc_content_grid2_elementor_99faae0 .ue-image-holder a{\n  display:block;\n}\n\n#uc_content_grid2_elementor_99faae0 .ue-item{\n  position:relative;\n  overflow:hidden;\n}\n\n#uc_content_grid2_elementor_99faae0 .ue-item-title{\n  width:100%;\n}\n\n#uc_content_grid2_elementor_99faae0 .ue-item-text{\n  width:100%;\n}\n\n#uc_content_grid2_elementor_99faae0 .uc_content{\n  display:flex;\n  flex-direction:column;\n}\n\n#uc_content_grid2_elementor_99faae0 .ue-content-wrapper{\n  width:100%;\n}\n\n#uc_content_grid2_elementor_99faae0 .ue-button{\n  margin-top:auto;\n}\n\n#uc_content_grid2_elementor_99faae0 .ue-button{\n  width:100%;\n}\n\n\n\n\n\n\n\n\n\n#uc_content_grid2_elementor_99faae0.uc-remote-parent .ue-item{\n  cursor:pointer;\n}\n\n#uc_content_grid2_elementor_99faae0 .uc_post_grid_style_one_search_wrap{\n  display: flex;  \n}\n\n#uc_content_grid2_elementor_99faae0 .uc_post_grid_style_one_search_container{\n  position: relative;\n}\n\n\n#uc_content_grid2_elementor_99faae0 ::-webkit-input-placeholder { \/* Edge *\/\n  color: #8f8f8f;\n}\n\n#uc_content_grid2_elementor_99faae0 :-ms-input-placeholder { \/* Internet Explorer 10-11 *\/\n  color: #8f8f8f;\n}\n\n#uc_content_grid2_elementor_99faae0 ::placeholder {\n  color: #8f8f8f;\n}\n\n#uc_content_grid2_elementor_99faae0 .uc_post_grid_style_one_next_button_pagination_button{\n      display: none;\n  }\n\n#uc_content_grid2_elementor_99faae0 .uc_post_grid_style_one_search_icon,\n#uc_content_grid2_elementor_99faae0 .uc_post_grid_style_one_reset_icon{\n\tposition: absolute;\n  \ttop: 50%;\n    transform: translate(0, -50%);\n    height: 100%;\n  \tdisplay: flex;\n    align-items: center;\n    justify-content: center;\n}\n\n#uc_content_grid2_elementor_99faae0 .uc_post_grid_style_one_reset_icon{\n  cursor: pointer;\n}\n\n\n\/* pagination *\/\n#uc_content_grid2_elementor_99faae0 .uc_post_grid_style_one_prev_button_pagination{\n  display: flex;\n  align-items: center;\n}\n\n#uc_content_grid2_elementor_99faae0 .uc_post_grid_style_one_pagination_button,\n#uc_content_grid2_elementor_99faae0 .uc_post_grid_style_one_pagination_number{\n  padding: 0;\n  justify-content: center;\n  align-items: center;\n  transition: all .3s ease;\n  margin: 0;\n}\n\n#uc_content_grid2_elementor_99faae0 .uc_post_grid_style_one_pagination_number:last-child,\n#uc_content_grid2_elementor_99faae0 .uc_post_grid_style_one_pagination_number:first-child{\n  display: inline-flex;\n  position: relative;\n}\n\n#uc_content_grid2_elementor_99faae0 .ue-hidden{\n  display: none;\n}\n\n#uc_content_grid2_elementor_99faae0 .ue-disabled{\n  opacity: .5;\n  pointer-events: none;\n}\n\n#uc_content_grid2_elementor_99faae0 .uc_post_grid_style_one_pagination_number.ue-visible{\n  display: inline-flex;\n}\n\n#uc_content_grid2_elementor_99faae0 .uc_post_grid_style_one_pagination_numbers{\n  display: flex;\n  flex-wrap: wrap;\n}\n\n#uc_content_grid2_elementor_99faae0 .uc_post_grid_style_one_prev_button_pagination_wrap{\n  display: flex;\n}\n\/* end pagination *\/\n\n<\/style>\n\n<div id=\"uc_content_grid2_elementor_99faae0\" class=\"uc_post_grid_style_one uc_items\"   data-lightbox=\"false\">\n  \n    \n  <div class=\"uc_post_grid_style_one_wrap uc-items-wrapper\">\n          \n<div class=\"uc_post_grid_style_one_item ue-item\">\n    \n      <div class=\"uc_post_grid_style_one_image ue-image-holder\">\n                    <a class=\"uc_post_grid_style_one-link\" href=\"https:\/\/rosal-feedmills.com\/it\/macchinari\/movimentazione\/trasportatore-a-catena\/\" >\n                      \n    <div aria-role=\"img\" aria-label=\"Rendering di un trasportatore a catena Rosal\"  class=\"uc_post_image\" style=\"background-image: url(https:\/\/rosal-feedmills.com\/wp-content\/uploads\/2024\/11\/miniatura-1.jpg);\"><\/div>\n    <\/a>    <\/div>\n    \n  <div class=\"uc_content padding\">\n    <div class=\"ue-content-wrapper\">\n      \n              <a href=\"https:\/\/rosal-feedmills.com\/it\/macchinari\/movimentazione\/trasportatore-a-catena\/\" >        \t<h3 class=\"ue-item-title\">Trasportatore a catena<\/h3>\n         <\/a>            \n      <div class=\"ue-item-text\"><div class=\"maquinaria-description\"><p>Il trasportatore a catena \u00e8 ideale per coprire lunghe distanze e per estrarre il prodotto da sotto le tramogge.<\/p><\/div><\/div>      \n            \n    <\/div>\n    \n        \n  <\/div>\n<\/div>\n\n<div class=\"uc_post_grid_style_one_item ue-item\">\n    \n      <div class=\"uc_post_grid_style_one_image ue-image-holder\">\n                    <a class=\"uc_post_grid_style_one-link\" href=\"https:\/\/rosal-feedmills.com\/it\/macchinari\/movimentazione\/transportatore-a-palette\/\" >\n                      \n    <div aria-role=\"img\" aria-label=\"Rendering del trasportatore di pallet per mangimi dall&#039;interno\"  class=\"uc_post_image\" style=\"background-image: url(https:\/\/rosal-feedmills.com\/wp-content\/uploads\/2025\/07\/SimLab_125-768x432.png);\"><\/div>\n    <\/a>    <\/div>\n    \n  <div class=\"uc_content padding\">\n    <div class=\"ue-content-wrapper\">\n      \n              <a href=\"https:\/\/rosal-feedmills.com\/it\/macchinari\/movimentazione\/transportatore-a-palette\/\" >        \t<h3 class=\"ue-item-title\">Trasportatore a palette<\/h3>\n         <\/a>            \n      <div class=\"ue-item-text\"><p>Il trasportatore a pale \u00e8 progettato per garantire una corretta gestione dei pellet.<\/p><\/div>      \n            \n    <\/div>\n    \n        \n  <\/div>\n<\/div>\n\n<div class=\"uc_post_grid_style_one_item ue-item\">\n    \n      <div class=\"uc_post_grid_style_one_image ue-image-holder\">\n                    <a class=\"uc_post_grid_style_one-link\" href=\"https:\/\/rosal-feedmills.com\/it\/macchinari\/movimentazione\/elevatore-a-tazze\/\" >\n                      \n    <div aria-role=\"img\" aria-label=\"Rendering dell&#039;ascensore a tazze\"  class=\"uc_post_image\" style=\"background-image: url(https:\/\/rosal-feedmills.com\/wp-content\/uploads\/2024\/11\/Elevador-de-cangilones-1024.jpg);\"><\/div>\n    <\/a>    <\/div>\n    \n  <div class=\"uc_content padding\">\n    <div class=\"ue-content-wrapper\">\n      \n              <a href=\"https:\/\/rosal-feedmills.com\/it\/macchinari\/movimentazione\/elevatore-a-tazze\/\" >        \t<h3 class=\"ue-item-title\">Elevatore a tazze<\/h3>\n         <\/a>            \n      <div class=\"ue-item-text\"><div class=\"maquinaria-description\"><p>Gli elevatori a tazze sono macchine per il trasporto verticale dei prodotti.<\/p><\/div><\/div>      \n            \n    <\/div>\n    \n        \n  <\/div>\n<\/div>\n\n<div class=\"uc_post_grid_style_one_item ue-item\">\n    \n      <div class=\"uc_post_grid_style_one_image ue-image-holder\">\n                    <a class=\"uc_post_grid_style_one-link\" href=\"https:\/\/rosal-feedmills.com\/it\/macchinari\/movimentazione\/trasportatore-a-coclea\/\" >\n                      \n    <div aria-role=\"img\" aria-label=\"Rendering di un trasportatore a coclea\"  class=\"uc_post_image\" style=\"background-image: url(https:\/\/rosal-feedmills.com\/wp-content\/uploads\/2024\/11\/Roscas-transportadoras-1-768x274.webp);\"><\/div>\n    <\/a>    <\/div>\n    \n  <div class=\"uc_content padding\">\n    <div class=\"ue-content-wrapper\">\n      \n              <a href=\"https:\/\/rosal-feedmills.com\/it\/macchinari\/movimentazione\/trasportatore-a-coclea\/\" >        \t<h3 class=\"ue-item-title\">Trasportatore a coclea<\/h3>\n         <\/a>            \n      <div class=\"ue-item-text\"><div class=\"maquinaria-description\"><p>I trasportatori a coclea sono apparecchiature progettate per trasportare prodotti in orizzontale o in verticale.<\/p><\/div><\/div>      \n            \n    <\/div>\n    \n        \n  <\/div>\n<\/div>\n\n      <\/div>  \n    \n<\/div>\n<!-- end Content Grid -->\t\t\t\t<\/div>\n\t\t\t\t<\/div>\n\t\t\t\t\t<\/div>\n\t\t\t\t<\/div>\n\t\t\t\t<\/div>","protected":false},"excerpt":{"rendered":"<p>Transporte El transporte de toda materia prima dentro del proceso de elaboraci\u00f3n de alimento para animales debe garantizar un \u00f3ptimo trato del producto hasta su ensaque final. En Rosal fabricamos sistemas de transporte tanto vertical como horizontal. Transportador de cadenas &nbsp; El transportador de cadenas es ideal para cubrir longitudes largas y para la extracci\u00f3n [&hellip;]<\/p>\n","protected":false},"author":2,"featured_media":0,"parent":1951,"menu_order":0,"comment_status":"closed","ping_status":"closed","template":"","meta":{"footnotes":""},"class_list":["post-1786","page","type-page","status-publish","hentry"],"yoast_head":"<!-- This site is optimized with the Yoast SEO plugin v27.2 - https:\/\/yoast.com\/product\/yoast-seo-wordpress\/ -->\n<title>Maquinaria de transporte mec\u00e1nico para la agroindustria | Rosal<\/title>\n<meta name=\"description\" content=\"Equipos de transporte mec\u00e1nico de s\u00f3lidos, duraderos y robustos, para el manejo eficiente de materiales en f\u00e1bricas de piensos.\" \/>\n<meta name=\"robots\" content=\"index, follow, max-snippet:-1, max-image-preview:large, max-video-preview:-1\" \/>\n<link rel=\"canonical\" href=\"https:\/\/rosal-feedmills.com\/it\/macchinari\/movimentazione\/\" \/>\n<meta property=\"og:locale\" content=\"it_IT\" \/>\n<meta property=\"og:type\" content=\"article\" \/>\n<meta property=\"og:title\" content=\"Maquinaria de transporte mec\u00e1nico para la agroindustria | Rosal\" \/>\n<meta property=\"og:description\" content=\"Equipos de transporte mec\u00e1nico de s\u00f3lidos, duraderos y robustos, para el manejo eficiente de materiales en f\u00e1bricas de piensos.\" \/>\n<meta property=\"og:url\" content=\"https:\/\/rosal-feedmills.com\/it\/macchinari\/movimentazione\/\" \/>\n<meta property=\"og:site_name\" content=\"Rosal Feedmills\" \/>\n<meta property=\"article:modified_time\" content=\"2025-08-29T10:52:10+00:00\" \/>\n<meta property=\"og:image\" content=\"https:\/\/rosal-feedmills.com\/wp-content\/uploads\/2024\/12\/IMG_2220-1-1024x819.jpg\" \/>\n<meta name=\"twitter:card\" content=\"summary_large_image\" \/>\n<meta name=\"twitter:label1\" content=\"Tempo di lettura stimato\" \/>\n\t<meta name=\"twitter:data1\" content=\"1 minuto\" \/>\n<script type=\"application\/ld+json\" class=\"yoast-schema-graph\">{\"@context\":\"https:\/\/schema.org\",\"@graph\":[{\"@type\":\"WebPage\",\"@id\":\"https:\/\/rosal-feedmills.com\/maquinaria\/transporte\/\",\"url\":\"https:\/\/rosal-feedmills.com\/maquinaria\/transporte\/\",\"name\":\"Maquinaria de transporte mec\u00e1nico para la agroindustria | Rosal\",\"isPartOf\":{\"@id\":\"https:\/\/rosal-feedmills.com\/#website\"},\"primaryImageOfPage\":{\"@id\":\"https:\/\/rosal-feedmills.com\/maquinaria\/transporte\/#primaryimage\"},\"image\":{\"@id\":\"https:\/\/rosal-feedmills.com\/maquinaria\/transporte\/#primaryimage\"},\"thumbnailUrl\":\"https:\/\/rosal-feedmills.com\/wp-content\/uploads\/2024\/12\/IMG_2220-1-1024x819.jpg\",\"datePublished\":\"2024-12-30T09:16:07+00:00\",\"dateModified\":\"2025-08-29T10:52:10+00:00\",\"description\":\"Equipos de transporte mec\u00e1nico de s\u00f3lidos, duraderos y robustos, para el manejo eficiente de materiales en f\u00e1bricas de piensos.\",\"breadcrumb\":{\"@id\":\"https:\/\/rosal-feedmills.com\/maquinaria\/transporte\/#breadcrumb\"},\"inLanguage\":\"it-IT\",\"potentialAction\":[{\"@type\":\"ReadAction\",\"target\":[\"https:\/\/rosal-feedmills.com\/maquinaria\/transporte\/\"]}]},{\"@type\":\"ImageObject\",\"inLanguage\":\"it-IT\",\"@id\":\"https:\/\/rosal-feedmills.com\/maquinaria\/transporte\/#primaryimage\",\"url\":\"https:\/\/rosal-feedmills.com\/wp-content\/uploads\/2024\/12\/IMG_2220-1-1024x819.jpg\",\"contentUrl\":\"https:\/\/rosal-feedmills.com\/wp-content\/uploads\/2024\/12\/IMG_2220-1-1024x819.jpg\"},{\"@type\":\"BreadcrumbList\",\"@id\":\"https:\/\/rosal-feedmills.com\/maquinaria\/transporte\/#breadcrumb\",\"itemListElement\":[{\"@type\":\"ListItem\",\"position\":1,\"name\":\"Portada\",\"item\":\"https:\/\/rosal-feedmills.com\/\"},{\"@type\":\"ListItem\",\"position\":2,\"name\":\"Maquinaria\",\"item\":\"https:\/\/rosal-feedmills.com\/maquinaria\/\"},{\"@type\":\"ListItem\",\"position\":3,\"name\":\"Transporte\"}]},{\"@type\":\"WebSite\",\"@id\":\"https:\/\/rosal-feedmills.com\/#website\",\"url\":\"https:\/\/rosal-feedmills.com\/\",\"name\":\"Rosal\",\"description\":\"Maquinaria y f\u00e1bricas completas para alimentaci\u00f3n animal\",\"publisher\":{\"@id\":\"https:\/\/rosal-feedmills.com\/#organization\"},\"potentialAction\":[{\"@type\":\"SearchAction\",\"target\":{\"@type\":\"EntryPoint\",\"urlTemplate\":\"https:\/\/rosal-feedmills.com\/?s={search_term_string}\"},\"query-input\":{\"@type\":\"PropertyValueSpecification\",\"valueRequired\":true,\"valueName\":\"search_term_string\"}}],\"inLanguage\":\"it-IT\"},{\"@type\":\"Organization\",\"@id\":\"https:\/\/rosal-feedmills.com\/#organization\",\"name\":\"Rosal Instalaciones Agroindustriales\",\"url\":\"https:\/\/rosal-feedmills.com\/\",\"logo\":{\"@type\":\"ImageObject\",\"inLanguage\":\"it-IT\",\"@id\":\"https:\/\/rosal-feedmills.com\/#\/schema\/logo\/image\/\",\"url\":\"https:\/\/rosal-feedmills.com\/wp-content\/uploads\/2024\/11\/Logo-Rosal-complert-png-e1731455627780.webp\",\"contentUrl\":\"https:\/\/rosal-feedmills.com\/wp-content\/uploads\/2024\/11\/Logo-Rosal-complert-png-e1731455627780.webp\",\"width\":913,\"height\":396,\"caption\":\"Rosal Instalaciones Agroindustriales\"},\"image\":{\"@id\":\"https:\/\/rosal-feedmills.com\/#\/schema\/logo\/image\/\"},\"sameAs\":[\"https:\/\/es.linkedin.com\/company\/rosal-instalaciones-agroindustriales-s-a\"]}]}<\/script>\n<!-- \/ Yoast SEO plugin. -->","yoast_head_json":{"title":"Attrezzature di trasporto meccanico per l'industria agroalimentare : Rosal","description":"Apparecchiature di trasporto meccanico dei solidi durevoli e robuste per una gestione efficiente dei materiali nei mangimifici.","robots":{"index":"index","follow":"follow","max-snippet":"max-snippet:-1","max-image-preview":"max-image-preview:large","max-video-preview":"max-video-preview:-1"},"canonical":"https:\/\/rosal-feedmills.com\/it\/macchinari\/movimentazione\/","og_locale":"it_IT","og_type":"article","og_title":"Maquinaria de transporte mec\u00e1nico para la agroindustria | Rosal","og_description":"Equipos de transporte mec\u00e1nico de s\u00f3lidos, duraderos y robustos, para el manejo eficiente de materiales en f\u00e1bricas de piensos.","og_url":"https:\/\/rosal-feedmills.com\/it\/macchinari\/movimentazione\/","og_site_name":"Rosal Feedmills","article_modified_time":"2025-08-29T10:52:10+00:00","og_image":[{"url":"https:\/\/rosal-feedmills.com\/wp-content\/uploads\/2024\/12\/IMG_2220-1-1024x819.jpg","type":"","width":"","height":""}],"twitter_card":"summary_large_image","twitter_misc":{"Tempo di lettura stimato":"1 minuto"},"schema":{"@context":"https:\/\/schema.org","@graph":[{"@type":"WebPage","@id":"https:\/\/rosal-feedmills.com\/maquinaria\/transporte\/","url":"https:\/\/rosal-feedmills.com\/maquinaria\/transporte\/","name":"Attrezzature di trasporto meccanico per l'industria agroalimentare : Rosal","isPartOf":{"@id":"https:\/\/rosal-feedmills.com\/#website"},"primaryImageOfPage":{"@id":"https:\/\/rosal-feedmills.com\/maquinaria\/transporte\/#primaryimage"},"image":{"@id":"https:\/\/rosal-feedmills.com\/maquinaria\/transporte\/#primaryimage"},"thumbnailUrl":"https:\/\/rosal-feedmills.com\/wp-content\/uploads\/2024\/12\/IMG_2220-1-1024x819.jpg","datePublished":"2024-12-30T09:16:07+00:00","dateModified":"2025-08-29T10:52:10+00:00","description":"Apparecchiature di trasporto meccanico dei solidi durevoli e robuste per una gestione efficiente dei materiali nei mangimifici.","breadcrumb":{"@id":"https:\/\/rosal-feedmills.com\/maquinaria\/transporte\/#breadcrumb"},"inLanguage":"it-IT","potentialAction":[{"@type":"ReadAction","target":["https:\/\/rosal-feedmills.com\/maquinaria\/transporte\/"]}]},{"@type":"ImageObject","inLanguage":"it-IT","@id":"https:\/\/rosal-feedmills.com\/maquinaria\/transporte\/#primaryimage","url":"https:\/\/rosal-feedmills.com\/wp-content\/uploads\/2024\/12\/IMG_2220-1-1024x819.jpg","contentUrl":"https:\/\/rosal-feedmills.com\/wp-content\/uploads\/2024\/12\/IMG_2220-1-1024x819.jpg"},{"@type":"BreadcrumbList","@id":"https:\/\/rosal-feedmills.com\/maquinaria\/transporte\/#breadcrumb","itemListElement":[{"@type":"ListItem","position":1,"name":"Portada","item":"https:\/\/rosal-feedmills.com\/"},{"@type":"ListItem","position":2,"name":"Maquinaria","item":"https:\/\/rosal-feedmills.com\/maquinaria\/"},{"@type":"ListItem","position":3,"name":"Transporte"}]},{"@type":"WebSite","@id":"https:\/\/rosal-feedmills.com\/#website","url":"https:\/\/rosal-feedmills.com\/","name":"Rosal","description":"Macchinari e impianti completi per l'alimentazione animale","publisher":{"@id":"https:\/\/rosal-feedmills.com\/#organization"},"potentialAction":[{"@type":"SearchAction","target":{"@type":"EntryPoint","urlTemplate":"https:\/\/rosal-feedmills.com\/?s={search_term_string}"},"query-input":{"@type":"PropertyValueSpecification","valueRequired":true,"valueName":"search_term_string"}}],"inLanguage":"it-IT"},{"@type":"Organization","@id":"https:\/\/rosal-feedmills.com\/#organization","name":"Rosal Impianti agro-industriali","url":"https:\/\/rosal-feedmills.com\/","logo":{"@type":"ImageObject","inLanguage":"it-IT","@id":"https:\/\/rosal-feedmills.com\/#\/schema\/logo\/image\/","url":"https:\/\/rosal-feedmills.com\/wp-content\/uploads\/2024\/11\/Logo-Rosal-complert-png-e1731455627780.webp","contentUrl":"https:\/\/rosal-feedmills.com\/wp-content\/uploads\/2024\/11\/Logo-Rosal-complert-png-e1731455627780.webp","width":913,"height":396,"caption":"Rosal Instalaciones Agroindustriales"},"image":{"@id":"https:\/\/rosal-feedmills.com\/#\/schema\/logo\/image\/"},"sameAs":["https:\/\/es.linkedin.com\/company\/rosal-instalaciones-agroindustriales-s-a"]}]}},"_links":{"self":[{"href":"https:\/\/rosal-feedmills.com\/it\/wp-json\/wp\/v2\/pages\/1786","targetHints":{"allow":["GET"]}}],"collection":[{"href":"https:\/\/rosal-feedmills.com\/it\/wp-json\/wp\/v2\/pages"}],"about":[{"href":"https:\/\/rosal-feedmills.com\/it\/wp-json\/wp\/v2\/types\/page"}],"author":[{"embeddable":true,"href":"https:\/\/rosal-feedmills.com\/it\/wp-json\/wp\/v2\/users\/2"}],"replies":[{"embeddable":true,"href":"https:\/\/rosal-feedmills.com\/it\/wp-json\/wp\/v2\/comments?post=1786"}],"version-history":[{"count":88,"href":"https:\/\/rosal-feedmills.com\/it\/wp-json\/wp\/v2\/pages\/1786\/revisions"}],"predecessor-version":[{"id":18767,"href":"https:\/\/rosal-feedmills.com\/it\/wp-json\/wp\/v2\/pages\/1786\/revisions\/18767"}],"up":[{"embeddable":true,"href":"https:\/\/rosal-feedmills.com\/it\/wp-json\/wp\/v2\/pages\/1951"}],"wp:attachment":[{"href":"https:\/\/rosal-feedmills.com\/it\/wp-json\/wp\/v2\/media?parent=1786"}],"curies":[{"name":"wp","href":"https:\/\/api.w.org\/{rel}","templated":true}]}}