{"id":578,"date":"2021-03-10T14:46:51","date_gmt":"2021-03-10T14:46:51","guid":{"rendered":"http:\/\/rosal-feedmills.com.mialias.net\/?page_id=578"},"modified":"2025-10-17T09:35:06","modified_gmt":"2025-10-17T08:35:06","slug":"informativa-sulla-privacy","status":"publish","type":"page","link":"https:\/\/rosal-feedmills.com\/it\/politica-de-privacidad\/","title":{"rendered":"Informativa sulla privacy"},"content":{"rendered":"<div data-elementor-type=\"wp-page\" data-elementor-id=\"578\" class=\"elementor elementor-578\" data-elementor-post-type=\"page\">\n\t\t\t\t<div class=\"elementor-element elementor-element-53725bc8 e-flex e-con-boxed e-con e-parent\" data-id=\"53725bc8\" data-element_type=\"container\" data-e-type=\"container\" data-settings=\"{&quot;background_background&quot;:&quot;classic&quot;}\">\n\t\t\t\t\t<div class=\"e-con-inner\">\n\t\t\t\t<div class=\"elementor-element elementor-element-8ec3386 elementor-widget elementor-widget-heading\" data-id=\"8ec3386\" data-element_type=\"widget\" data-e-type=\"widget\" data-widget_type=\"heading.default\">\n\t\t\t\t<div class=\"elementor-widget-container\">\n\t\t\t\t\t<h1 class=\"elementor-heading-title elementor-size-default\">Informativa sulla privacy<\/h1>\t\t\t\t<\/div>\n\t\t\t\t<\/div>\n\t\t\t\t<div class=\"elementor-element elementor-element-6a83dae6 elementor-widget elementor-widget-text-editor\" data-id=\"6a83dae6\" data-element_type=\"widget\" data-e-type=\"widget\" data-widget_type=\"text-editor.default\">\n\t\t\t\t<div class=\"elementor-widget-container\">\n\t\t\t\t\t\t\t\t\t <p>Si informa che per accedere a determinati contenuti o servizi sar\u00e0 necessario fornire dati personali. Gli utenti dovranno garantire la veridicit\u00e0, l'accuratezza e l'autenticit\u00e0 dei dati. ROSAL INSTALACIONES AGROINDUSTRIALES S.A. manterr\u00e0 la riservatezza e la sicurezza dei dati personali dell'utente e li sottoporr\u00e0 al trattamento automatizzato corrispondente alla loro natura o finalit\u00e0, nei termini indicati nella sezione Politica di protezione dei dati.<\/p>\n    <p>\u00c8 importante, visto il Regolamento europeo sulla protezione dei dati personali Regolamento UE 2016\/679 del Parlamento europeo e del Consiglio europeo, leggere l'Informativa di base. Dovete inoltre essere consapevoli che il fatto di lasciare i vostri dati non attribuisce, conferma, annulla, cancella, legittima o perfeziona alcun rapporto contrattuale con la nostra azienda.<\/p>\n\n    <h2>Informazioni di base<\/h2>\n    <p><strong>Titolare del trattamento dei dati:<\/strong> ROSAL INSTALACIONES AGROINDUSTRIALES S.A.<br>\n    A08557282 Calle Roger de Flor (Pol. Ind. Can Vinyals S\/N) 08130 Santa Perpetua de la Mogoda <a href=\"mailto:j.rosal@rosal.biz\">j.rosal@rosal.biz<\/a> \u2013 935741932<\/p>\n\n    <h3>Principi di trattamento<\/h3>\n    <ul>\n        <li>In modo lecito, equo e trasparente nei confronti dell'interessato.<\/li>\n        <li>Raccolti per finalit\u00e0 specifiche, esplicite e legittime, e non saranno ulteriormente trattati in modo incompatibile con tali finalit\u00e0; per finalit\u00e0 di archiviazione nel pubblico interesse, per finalit\u00e0 di ricerca scientifica e storica o per finalit\u00e0 statistiche non saranno considerate incompatibili con le finalit\u00e0 iniziali.<\/li>\n        <li>Adeguati, pertinenti e limitati a quanto necessario in relazione alle finalit\u00e0 per cui sono trattati.<\/li>\n        <li>Accurati e, se necessario, aggiornati; devono essere adottate tutte le misure ragionevoli per garantire che i dati personali inesatti in relazione alle finalit\u00e0 per cui sono trattati siano cancellati o rettificati senza indugio.<\/li>\n        <li>Conservati in una forma che consenta l'identificazione degli interessati per un periodo di tempo non superiore a quello necessario per il conseguimento delle finalit\u00e0 per le quali sono trattati; i dati personali possono essere conservati per periodi pi\u00f9 lunghi a condizione che siano trattati esclusivamente per finalit\u00e0 di archiviazione nel pubblico interesse, per finalit\u00e0 di ricerca scientifica o storica o per finalit\u00e0 statistiche.<\/li>\n        <li>Trattati in modo da garantire un'adeguata sicurezza dei dati personali, compresa la protezione da un trattamento non autorizzato o illegale e dalla perdita, dalla distruzione o dal danno accidentali, mediante l'attuazione di misure tecniche o organizzative adeguate.<\/li>\n    <\/ul>\n\n    <p><strong>Lingua:<\/strong> La lingua applicabile alla presente Informativa sulla privacy \u00e8 lo spagnolo. Pertanto, in caso di contraddizioni nelle versioni fornite in altre lingue, prevarr\u00e0 la versione spagnola. Per quanto riguarda l'interpretazione dei contratti, si osserveranno specificamente gli articoli 1281 e seguenti del Codice Civile.<\/p>\n\n    <h3>Scopi<\/h3>\n    <ul>\n        <li>Gestire i servizi e le vendite ai clienti nell'ambito del nostro oggetto sociale: CNAE 2829 Fabbricazione di altri macchinari di uso generale, ingegneria, produzione, assemblaggio e servizi post-vendita.<\/li>\n        <li>Per rispondere alle vostre richieste, fatturare questi servizi, gestire le cancellazioni e i rimborsi entro i termini legali stabiliti dalla Legge 34\/2002, dell'11 luglio, sui servizi della societ\u00e0 dell'informazione e il commercio elettronico, dal Regio Decreto Legislativo 1\/2007, del 16 novembre, che approva il testo rivisto della Legge Generale per la Difesa dei Consumatori e degli Utenti e da altre leggi complementari.<\/li>\n        <li>Inviarvi pubblicit\u00e0 e promozioni relative al nostro scopo aziendale in base alle vostre aree di interesse, con qualsiasi mezzo, per posta, per via telematica o tramite telefonia fissa o mobile. Inoltre, vi invitiamo a partecipare a eventi organizzati dall'azienda, sia di persona che online.<\/li>\n    <\/ul>\n\n    <h3>Conformit\u00e0 normativa<\/h3>\n    <p>Ci riserviamo il diritto di archiviare e conservare le informazioni fornite dall'utente, compresi i servizi utilizzati, le informazioni relative all'account e i dati personali per ottemperare alle leggi vigenti, se necessario per fornire prove in sede di arbitrato o di tribunale, e di mantenerle bloccate e pseudonimizzate, per garantirne la sicurezza, la segretezza e la riservatezza.<\/p>\n\n    <h3>Legalit\u00e0<\/h3>\n    <p>Non tratteremo i dati senza un consenso esplicito per ciascuna delle finalit\u00e0, solo quando:<\/p>\n    <ul>\n        <li>Se necessario per l'esecuzione di un contratto di cui l'interessato \u00e8 parte o per l'attuazione di misure precontrattuali su richiesta dell'interessato.<\/li>\n        <li>Se necessario per l'adempimento di un obbligo legale applicabile al titolare del trattamento.<\/li>\n        <li>Quando il trattamento \u00e8 necessario per proteggere gli interessi vitali dell'interessato o di un'altra persona fisica;<\/li>\n        <li>Se necessario ai fini dei legittimi interessi perseguiti dal responsabile del trattamento o da un terzo, a condizione che tali interessi non prevalgano sugli interessi o sui diritti e le libert\u00e0 fondamentali dell'interessato che richiedono la protezione dei dati personali, in particolare se l'interessato \u00e8 un minore.<\/li>\n    <\/ul>\n    <p>Garantiremo l'adozione di adeguate misure di salvaguardia, che possono includere la crittografia o la pseudonimizzazione dei dati, per proteggere l'identit\u00e0 dell'utente.<\/p>\n\n    <h3>Responsabile della protezione dei dati<\/h3>\n    <p>Per qualsiasi richiesta riguardante i vostri diritti fondamentali, come descritto nell'articolo 8, paragrafo 1, della Carta dei diritti fondamentali dell'Unione europea e nell'articolo 16, paragrafo 1, del Trattato sul funzionamento dell'Unione europea (TFUE), nell'articolo 12 della Dichiarazione universale dei diritti dell'uomo, nell'articolo 17 del Patto internazionale sui diritti civili e politici adottato dall'Assemblea generale delle Nazioni Unite, nell'articolo 11 della Convenzione americana sui diritti dell'uomo, nota anche come Patto di San Jos\u00e9 de Costa Rica, e in quelli descritti negli articoli da 14 a 29 della Costituzione spagnola. Il reclamo pu\u00f2 essere indirizzato a: <a href=\"mailto:j.rosal@rosal.biz\">j.rosal@rosal.biz<\/a> \u2013 935741932<\/p>\n\n    <h3>Legittimazione<\/h3>\n    <p>Consenso, rapporto contrattuale e interesse legittimo.<\/p>\n\n    <h3>Base giuridica<\/h3>\n    <p>Regolamento (UE) 2016\/679 del Parlamento europeo e del Consiglio, del 27 aprile 2016, relativo alla protezione delle persone fisiche con riguardo al trattamento dei dati personali e alla libera circolazione di tali dati, Legge organica 3\/2018, del 5 dicembre, sulla protezione dei dati personali e la garanzia dei diritti digitali, Legge 34\/2002, dell'11 luglio, sui servizi della societ\u00e0 dell'informazione e il commercio elettronico. Regio Decreto Legislativo 1\/2007, del 16 novembre, che approva il testo rivisto della Legge Generale per la Difesa dei Consumatori e degli Utenti e altre leggi complementari.<\/p>\n <h3>Destinatari<\/h3>\n    <p>Cediamo i dati a terzi, quali gli operatori che gestiscono il sito web e che curano la manutenzione del nostro applicativo informatico che ci consente la gestione ordinaria dei nostri servizi, indispensabile per la gestione della nostra attivit\u00e0.<\/p>\n\n    <h3>Durata<\/h3>\n    <p>I dati forniti saranno conservati per un periodo di 5 anni dall'ultimo contratto, a meno che l'utente non abbia precedentemente richiesto il blocco o la cancellazione degli stessi; o come prescritto dalla normativa fiscale. I dati fiscali saranno conservati per 5 anni per prescrizione di legge.<\/p>\n\n    <h3>Qualit\u00e0 dei dati<\/h3>\n    <p>Tutti i dati richiesti attraverso il sito web sono obbligatori, in quanto necessari per la fornitura di un servizio ottimale all'utente. Nel caso in cui non vengano forniti tutti i dati, il fornitore non garantisce la fornitura dei servizi richiesti.<\/p>\n    <p>L'utente \u00e8 l'unico responsabile della veridicit\u00e0 e dell'aggiornamento dei dati forniti attraverso i diversi moduli presenti sul sito.<\/p>\n\n    <h3>Profilazione<\/h3>\n    <p>Non trattiamo i vostri dati personali in modo automatizzato per la profilazione sul sito web, se non per scopi statistici che non compromettano i diritti fondamentali degli interessati.<\/p>\n\n    <h3>Informazioni aggiuntive<\/h3>\n    <p>Potete in qualsiasi momento richiedere ulteriori informazioni sui vostri dati personali (\u201csecondo livello\u00bb), allo stesso indirizzo che vi forniamo per esercitare i vostri diritti.<\/p>\n\n    <h3>Minori<\/h3>\n    <p>I nostri servizi non sono rivolti a minori o a persone disabili. Ci risulta che essi abbiano l'autorizzazione e il consenso dei loro genitori, tutori o rappresentanti legali. L'utilizzo di questi ultimi, per negligenza o colpa, sar\u00e0 a loro rischio e pericolo, il che potrebbe comportare una responsabilit\u00e0 extracontrattuale.<\/p>\n\n    <h3>Trasferimenti internazionali di dati<\/h3>\n    <p>In alcuni casi, al fine di fornirvi un servizio migliore, potremmo effettuare trasferimenti internazionali di dati che saranno disciplinati dalle disposizioni del Regolamento (UE) 2016\/679 e con i diversi supporti giuridici ivi previsti:<\/p>\n    <ul>\n        <li>Con il vostro esplicito consenso, mantenendo tutte le garanzie legali a tutela della vostra privacy, con la massima sicurezza, mantenendo la segretezza e la riservatezza dei dati.<\/li>\n        <li>Attraverso clausole contrattuali come definite all'articolo 46, paragrafo 2, lettera c), del Regolamento UE 2016\/679, che saranno preventivamente sottoposte al parere del Comitato europeo per la protezione dei dati personali di cui all'articolo 64 del Regolamento.<\/li>\n        <li>Norme aziendali vincolanti ai sensi dell'articolo 47 del Regolamento (UE) 2016\/679.<\/li>\n        <li>I trasferimenti internazionali di dati verso paesi o organizzazioni internazionali che non dispongono di una decisione di adeguatezza approvata dalla Commissione o che non sono coperti da nessuna delle garanzie previste dall'articolo precedente e dall'articolo 46.2 del Regolamento (UE) 2016\/679 richiedono l'autorizzazione preventiva dell'Agenzia spagnola per la protezione dei dati.<\/li>\n    <\/ul>\n\n    <h3>Diritti<\/h3>\n    <p>Potete esercitare i vostri diritti di accesso, rettifica, cancellazione e\/o opposizione, nonch\u00e9 il diritto alla limitazione dello scopo e alla portabilit\u00e0. Potete contattarci al nostro indirizzo e-mail: <a href=\"mailto:j.rosal@rosal.biz\">j.rosal@rosal.biz<\/a> ; Oppure al nostro indirizzo postale, contattando il responsabile del nostro archivio aziendale. A tal fine, sar\u00e0 necessario fornire i dati personali e i documenti di supporto, insieme alla richiesta.<\/p>\n    <p>Documenti necessari:<\/p>\n    <ul>\n        <li>Fotocopia della carta d'identit\u00e0<\/li>\n        <li>Identificazione e rappresentazione sufficienti.<\/li>\n        <li>Spiegazione e scopo del reclamo.<\/li>\n        <li>Indirizzo per l'invio di comunicazioni, o e-mail, in modo da potervi contattare il prima possibile.<\/li>\n    <\/ul>\n\n    <h3>Informazioni supplementari<\/h3>\n    <p>Avete il diritto di ottenere conferma di come i vostri dati personali vengono trattati dalla nostra azienda. Pertanto, avete il diritto di accedere ai vostri dati personali, ai dati inesatti o di richiederne la cancellazione quando i dati non sono pi\u00f9 necessari per gli scopi per i quali sono stati raccolti, in qualsiasi momento, facilmente e gratuitamente.<\/p>\n    <p>\u00c8 inoltre possibile annullare la ricezione di messaggi promozionali, in conformit\u00e0 con la LSSICE 34\/2002. Per farlo, \u00e8 necessario fornire le seguenti informazioni:<\/p>\n    &lt;ul\t\t\t\t\t\t\t\t<\/div>\n\t\t\t\t<\/div>\n\t\t\t\t\t<\/div>\n\t\t\t\t<\/div>\n\t\t\t\t<\/div>","protected":false},"excerpt":{"rendered":"<p>Pol\u00edtica de privacidad Le informamos que para el acceso de determinados contenidos o servicios ser\u00e1 necesario facilitar datos de car\u00e1cter personal. Los Usuarios garantizar\u00e1n su veracidad, exactitud, autenticidad de los datos. ROSAL INSTALACIONES AGROINDUSTRIALES S.A. preservar\u00e1 la confidencialidad y seguridad de sus datos personales y dar\u00e1 a los mismos el tratamiento automatizado que corresponda en [&hellip;]<\/p>\n","protected":false},"author":2,"featured_media":0,"parent":0,"menu_order":0,"comment_status":"closed","ping_status":"closed","template":"","meta":{"footnotes":""},"class_list":["post-578","page","type-page","status-publish","hentry"],"yoast_head":"<!-- This site is optimized with the Yoast SEO plugin v27.2 - https:\/\/yoast.com\/product\/yoast-seo-wordpress\/ -->\n<title>Pol\u00edtica de privacidad | Rosal Feedmills<\/title>\n<meta name=\"robots\" content=\"noindex, nofollow\" \/>\n<meta property=\"og:locale\" content=\"it_IT\" \/>\n<meta property=\"og:type\" content=\"article\" \/>\n<meta property=\"og:title\" content=\"Pol\u00edtica de privacidad | Rosal Feedmills\" \/>\n<meta property=\"og:description\" content=\"Pol\u00edtica de privacidad Le informamos que para el acceso de determinados contenidos o servicios ser\u00e1 necesario facilitar datos de car\u00e1cter personal. Los Usuarios garantizar\u00e1n su veracidad, exactitud, autenticidad de los datos. ROSAL INSTALACIONES AGROINDUSTRIALES S.A. preservar\u00e1 la confidencialidad y seguridad de sus datos personales y dar\u00e1 a los mismos el tratamiento automatizado que corresponda en [&hellip;]\" \/>\n<meta property=\"og:url\" content=\"https:\/\/rosal-feedmills.com\/it\/informativa-sulla-privacy\/\" \/>\n<meta property=\"og:site_name\" content=\"Rosal Feedmills\" \/>\n<meta property=\"article:modified_time\" content=\"2025-10-17T08:35:06+00:00\" \/>\n<meta property=\"og:image\" content=\"https:\/\/rosal-feedmills.com\/wp-content\/uploads\/2024\/11\/16_1-jpg.webp\" \/>\n\t<meta property=\"og:image:width\" content=\"1996\" \/>\n\t<meta property=\"og:image:height\" content=\"1121\" \/>\n\t<meta property=\"og:image:type\" content=\"image\/jpeg\" \/>\n<meta name=\"twitter:card\" content=\"summary_large_image\" \/>\n<meta name=\"twitter:label1\" content=\"Tempo di lettura stimato\" \/>\n\t<meta name=\"twitter:data1\" content=\"8 minuti\" \/>\n<script type=\"application\/ld+json\" class=\"yoast-schema-graph\">{\"@context\":\"https:\/\/schema.org\",\"@graph\":[{\"@type\":\"WebPage\",\"@id\":\"https:\/\/rosal-feedmills.com\/politica-de-privacidad\/\",\"url\":\"https:\/\/rosal-feedmills.com\/politica-de-privacidad\/\",\"name\":\"Pol\u00edtica de privacidad | Rosal Feedmills\",\"isPartOf\":{\"@id\":\"https:\/\/rosal-feedmills.com\/#website\"},\"datePublished\":\"2021-03-10T14:46:51+00:00\",\"dateModified\":\"2025-10-17T08:35:06+00:00\",\"breadcrumb\":{\"@id\":\"https:\/\/rosal-feedmills.com\/politica-de-privacidad\/#breadcrumb\"},\"inLanguage\":\"it-IT\",\"potentialAction\":[{\"@type\":\"ReadAction\",\"target\":[\"https:\/\/rosal-feedmills.com\/politica-de-privacidad\/\"]}]},{\"@type\":\"BreadcrumbList\",\"@id\":\"https:\/\/rosal-feedmills.com\/politica-de-privacidad\/#breadcrumb\",\"itemListElement\":[{\"@type\":\"ListItem\",\"position\":1,\"name\":\"Portada\",\"item\":\"https:\/\/rosal-feedmills.com\/\"},{\"@type\":\"ListItem\",\"position\":2,\"name\":\"Pol\u00edtica de privacidad\"}]},{\"@type\":\"WebSite\",\"@id\":\"https:\/\/rosal-feedmills.com\/#website\",\"url\":\"https:\/\/rosal-feedmills.com\/\",\"name\":\"Rosal\",\"description\":\"Maquinaria y f\u00e1bricas completas para alimentaci\u00f3n animal\",\"publisher\":{\"@id\":\"https:\/\/rosal-feedmills.com\/#organization\"},\"potentialAction\":[{\"@type\":\"SearchAction\",\"target\":{\"@type\":\"EntryPoint\",\"urlTemplate\":\"https:\/\/rosal-feedmills.com\/?s={search_term_string}\"},\"query-input\":{\"@type\":\"PropertyValueSpecification\",\"valueRequired\":true,\"valueName\":\"search_term_string\"}}],\"inLanguage\":\"it-IT\"},{\"@type\":\"Organization\",\"@id\":\"https:\/\/rosal-feedmills.com\/#organization\",\"name\":\"Rosal Instalaciones Agroindustriales\",\"url\":\"https:\/\/rosal-feedmills.com\/\",\"logo\":{\"@type\":\"ImageObject\",\"inLanguage\":\"it-IT\",\"@id\":\"https:\/\/rosal-feedmills.com\/#\/schema\/logo\/image\/\",\"url\":\"https:\/\/rosal-feedmills.com\/wp-content\/uploads\/2024\/11\/Logo-Rosal-complert-png-e1731455627780.webp\",\"contentUrl\":\"https:\/\/rosal-feedmills.com\/wp-content\/uploads\/2024\/11\/Logo-Rosal-complert-png-e1731455627780.webp\",\"width\":913,\"height\":396,\"caption\":\"Rosal Instalaciones Agroindustriales\"},\"image\":{\"@id\":\"https:\/\/rosal-feedmills.com\/#\/schema\/logo\/image\/\"},\"sameAs\":[\"https:\/\/es.linkedin.com\/company\/rosal-instalaciones-agroindustriales-s-a\"]}]}<\/script>\n<!-- \/ Yoast SEO plugin. -->","yoast_head_json":{"title":"Informativa sulla privacy | Rosal Feedmills","robots":{"index":"noindex","follow":"nofollow"},"og_locale":"it_IT","og_type":"article","og_title":"Pol\u00edtica de privacidad | Rosal Feedmills","og_description":"Pol\u00edtica de privacidad Le informamos que para el acceso de determinados contenidos o servicios ser\u00e1 necesario facilitar datos de car\u00e1cter personal. Los Usuarios garantizar\u00e1n su veracidad, exactitud, autenticidad de los datos. ROSAL INSTALACIONES AGROINDUSTRIALES S.A. preservar\u00e1 la confidencialidad y seguridad de sus datos personales y dar\u00e1 a los mismos el tratamiento automatizado que corresponda en [&hellip;]","og_url":"https:\/\/rosal-feedmills.com\/it\/informativa-sulla-privacy\/","og_site_name":"Rosal Feedmills","article_modified_time":"2025-10-17T08:35:06+00:00","og_image":[{"width":1996,"height":1121,"url":"https:\/\/rosal-feedmills.com\/wp-content\/uploads\/2024\/11\/16_1-jpg.webp","type":"image\/jpeg"}],"twitter_card":"summary_large_image","twitter_misc":{"Tempo di lettura stimato":"8 minuti"},"schema":{"@context":"https:\/\/schema.org","@graph":[{"@type":"WebPage","@id":"https:\/\/rosal-feedmills.com\/politica-de-privacidad\/","url":"https:\/\/rosal-feedmills.com\/politica-de-privacidad\/","name":"Informativa sulla privacy | Rosal Feedmills","isPartOf":{"@id":"https:\/\/rosal-feedmills.com\/#website"},"datePublished":"2021-03-10T14:46:51+00:00","dateModified":"2025-10-17T08:35:06+00:00","breadcrumb":{"@id":"https:\/\/rosal-feedmills.com\/politica-de-privacidad\/#breadcrumb"},"inLanguage":"it-IT","potentialAction":[{"@type":"ReadAction","target":["https:\/\/rosal-feedmills.com\/politica-de-privacidad\/"]}]},{"@type":"BreadcrumbList","@id":"https:\/\/rosal-feedmills.com\/politica-de-privacidad\/#breadcrumb","itemListElement":[{"@type":"ListItem","position":1,"name":"Portada","item":"https:\/\/rosal-feedmills.com\/"},{"@type":"ListItem","position":2,"name":"Pol\u00edtica de privacidad"}]},{"@type":"WebSite","@id":"https:\/\/rosal-feedmills.com\/#website","url":"https:\/\/rosal-feedmills.com\/","name":"Rosal","description":"Macchinari e impianti completi per l'alimentazione animale","publisher":{"@id":"https:\/\/rosal-feedmills.com\/#organization"},"potentialAction":[{"@type":"SearchAction","target":{"@type":"EntryPoint","urlTemplate":"https:\/\/rosal-feedmills.com\/?s={search_term_string}"},"query-input":{"@type":"PropertyValueSpecification","valueRequired":true,"valueName":"search_term_string"}}],"inLanguage":"it-IT"},{"@type":"Organization","@id":"https:\/\/rosal-feedmills.com\/#organization","name":"Rosal Impianti agro-industriali","url":"https:\/\/rosal-feedmills.com\/","logo":{"@type":"ImageObject","inLanguage":"it-IT","@id":"https:\/\/rosal-feedmills.com\/#\/schema\/logo\/image\/","url":"https:\/\/rosal-feedmills.com\/wp-content\/uploads\/2024\/11\/Logo-Rosal-complert-png-e1731455627780.webp","contentUrl":"https:\/\/rosal-feedmills.com\/wp-content\/uploads\/2024\/11\/Logo-Rosal-complert-png-e1731455627780.webp","width":913,"height":396,"caption":"Rosal Instalaciones Agroindustriales"},"image":{"@id":"https:\/\/rosal-feedmills.com\/#\/schema\/logo\/image\/"},"sameAs":["https:\/\/es.linkedin.com\/company\/rosal-instalaciones-agroindustriales-s-a"]}]}},"_links":{"self":[{"href":"https:\/\/rosal-feedmills.com\/it\/wp-json\/wp\/v2\/pages\/578","targetHints":{"allow":["GET"]}}],"collection":[{"href":"https:\/\/rosal-feedmills.com\/it\/wp-json\/wp\/v2\/pages"}],"about":[{"href":"https:\/\/rosal-feedmills.com\/it\/wp-json\/wp\/v2\/types\/page"}],"author":[{"embeddable":true,"href":"https:\/\/rosal-feedmills.com\/it\/wp-json\/wp\/v2\/users\/2"}],"replies":[{"embeddable":true,"href":"https:\/\/rosal-feedmills.com\/it\/wp-json\/wp\/v2\/comments?post=578"}],"version-history":[{"count":17,"href":"https:\/\/rosal-feedmills.com\/it\/wp-json\/wp\/v2\/pages\/578\/revisions"}],"predecessor-version":[{"id":19063,"href":"https:\/\/rosal-feedmills.com\/it\/wp-json\/wp\/v2\/pages\/578\/revisions\/19063"}],"wp:attachment":[{"href":"https:\/\/rosal-feedmills.com\/it\/wp-json\/wp\/v2\/media?parent=578"}],"curies":[{"name":"wp","href":"https:\/\/api.w.org\/{rel}","templated":true}]}}