{"id":580,"date":"2021-03-10T15:04:05","date_gmt":"2021-03-10T15:04:05","guid":{"rendered":"http:\/\/rosal-feedmills.com.mialias.net\/?page_id=580"},"modified":"2025-10-17T09:29:47","modified_gmt":"2025-10-17T08:29:47","slug":"informativa-sui-cookie","status":"publish","type":"page","link":"https:\/\/rosal-feedmills.com\/it\/politica-de-cookies\/","title":{"rendered":"Politica sui cookie"},"content":{"rendered":"<div data-elementor-type=\"wp-page\" data-elementor-id=\"580\" class=\"elementor elementor-580\" data-elementor-post-type=\"page\">\n\t\t\t\t<div class=\"elementor-element elementor-element-09253d7 e-flex e-con-boxed e-con e-parent\" data-id=\"09253d7\" data-element_type=\"container\" data-e-type=\"container\" data-settings=\"{&quot;background_background&quot;:&quot;classic&quot;}\">\n\t\t\t\t\t<div class=\"e-con-inner\">\n\t\t\t\t<div class=\"elementor-element elementor-element-4a791be elementor-widget elementor-widget-heading\" data-id=\"4a791be\" data-element_type=\"widget\" data-e-type=\"widget\" data-widget_type=\"heading.default\">\n\t\t\t\t<div class=\"elementor-widget-container\">\n\t\t\t\t\t<h1 class=\"elementor-heading-title elementor-size-default\">Politica sui cookie<\/h1>\t\t\t\t<\/div>\n\t\t\t\t<\/div>\n\t\t\t\t<div class=\"elementor-element elementor-element-efeb535 elementor-widget elementor-widget-text-editor\" data-id=\"efeb535\" data-element_type=\"widget\" data-e-type=\"widget\" data-widget_type=\"text-editor.default\">\n\t\t\t\t<div class=\"elementor-widget-container\">\n\t\t\t\t\t\t\t\t\t    <p>ROSAL INSTALACIONES AGROINDUSTRIALES S.A. vi d\u00e0 il benvenuto e vi invita a leggere attentamente la Politica sui COOKIES di questo sito web (di seguito \"Politica sui COOKIES\") che descrive i termini e le condizioni che saranno applicabili alla vostra navigazione su di esso, in conformit\u00e0 con le disposizioni della normativa spagnola applicabile. Poich\u00e9 www.nouenergia.com potr\u00e0 modificare in futuro la presente Politica sui COOKIES, si consiglia di visitarla periodicamente per essere debitamente informati delle modifiche apportate.<\/p>\n\n    <p>Al fine di garantire la conformit\u00e0 del Sito Web ai criteri di trasparenza, chiarezza e semplicit\u00e0, si avvisano gli Utenti che qualsiasi suggerimento, dubbio o domanda in merito all'Informativa sulla privacy pu\u00f2 essere risolto contattando www.rosal-feedmills.com tramite il seguente indirizzo e-mail: j.rosal@rosal.biz - 935741932. L'Informativa sui cookie \u00e8 in lingua spagnola e fa fede.<\/p>\n\n    <h2>Tipi e tipologie di cookie utilizzati sul nostro sito web:<\/h2>\n    <ol>\n        <li>\n            <strong>Cookie analitici di prima parte:<\/strong> Utilizziamo questi cookie per stimare il numero di visitatori unici, per migliorare i nostri siti web e quelli dei nostri commercianti e per rilevare le parole pi\u00f9 ricercate nei motori di ricerca che portano a una pagina web. Questi cookie non vengono utilizzati per indirizzarvi al marketing online. Utilizziamo questi cookie per capire come funzionano i nostri siti web e quelli dei nostri commercianti e per apportare miglioramenti utili a migliorare la vostra esperienza di navigazione. <em>Operativo<\/em>\n        <\/li>\n        <li>\n            <strong>Cookie di analisi di terze parti:<\/strong> Utilizziamo anche Google Analytics e altri fornitori di analisi di terze parti elencati di seguito per aiutare a misurare come gli utenti interagiscono con i contenuti del nostro sito web. Questi cookie \u00abricordano\u00bb cosa hanno fatto i nostri utenti nelle pagine precedenti e come hanno interagito con il sito web. Per ulteriori informazioni su Google Analytics, visitate la pagina informativa di Google. Per istruzioni su come rinunciare a Google Analytics, consultare la pagina seguente. <em>Operativo<\/em>\n        <\/li>\n    <\/ol>\n\n    <ul>\n        <li><strong>Cookie pubblicitari:<\/strong> Vengono utilizzati sul nostro sito web per personalizzare il marketing in base ai vostri interessi e per fornirvi un servizio pi\u00f9 personalizzato in futuro. Questi cookie ricordano che l'utente ha visitato il nostro sito web e possono essere condivisi con terzi, ad esempio con gli inserzionisti. Sebbene questi cookie possano tracciare le visite del vostro dispositivo al nostro sito web e ad altri siti, in genere non possono identificarvi personalmente. Senza questi cookie, gli annunci che vedete potrebbero essere meno pertinenti e interessanti per voi. Per saperne di pi\u00f9 su come le aziende utilizzano i cookie per la pubblicit\u00e0 mirata o ritargetizzata, consultate il sito. Non impostiamo cookie pubblicitari attraverso le vetrine dei nostri commercianti, anche se questi ultimi possono scegliere di farlo in modo indipendente. <em>Non operativo<\/em><\/li>\n\n        <li><strong>Cookie sociali e di contenuto:<\/strong> Sono presenti in molti plugin dei social media (ad esempio, il pulsante \u00abMi piace\u00bb di Facebook) e in altri strumenti destinati a fornire o migliorare il contenuto di un sito web (ad esempio, servizi che consentono la riproduzione di file video o che creano sezioni di commenti). Integriamo questi moduli nella nostra piattaforma per migliorare l'esperienza di navigazione e interazione con i nostri siti web. Si noti che alcuni di questi servizi di terze parti inseriscono cookie utilizzati anche per scopi quali pubblicit\u00e0 comportamentale, analisi e\/o ricerche di mercato. <em>Non operativo<\/em><\/li>\n    <\/ul>\n\n    <h2>Per quanto tempo i cookie rimarranno sul mio computer o dispositivo mobile?<\/h2>\n    <p>La durata della permanenza di un cookie sul computer o sul dispositivo mobile dipende dal fatto che si tratti di un cookie \u00abpersistente\u00bb o \u00abdi sessione\u00bb. I cookie di sessione durano finch\u00e9 l'utente non interrompe la navigazione, mentre i cookie persistenti durano finch\u00e9 non scadono o vengono eliminati. La maggior parte dei cookie che utilizziamo sono persistenti e scadranno tra i 30 minuti e i due anni dalla data in cui sono stati scaricati sul vostro dispositivo. Per ulteriori informazioni su come eliminare i cookie prima della loro scadenza, consultare la sezione sottostante relativa al controllo dei cookie.<\/p>\n\n    <h2>Come controllare i cookie?<\/h2>\n    <p>\u00c8 possibile controllare e gestire i cookie in diversi modi. Si noti che l'eliminazione o il blocco dei cookie pu\u00f2 influire negativamente sull'esperienza dell'utente e che alcune parti del nostro sito web potrebbero non essere pi\u00f9 completamente accessibili. La maggior parte dei browser accetta automaticamente i cookie, ma \u00e8 possibile scegliere se accettarli o meno attraverso i controlli del browser, che spesso si trovano nel menu \u00abStrumenti\u00bb o \u00abPreferenze\u00bb del browser. Per ulteriori informazioni su come modificare le impostazioni del browser o su come bloccare, gestire o filtrare i cookie, \u00e8 possibile consultare il file di aiuto del browser o siti come: <a href=\"http:\/\/www.allaboutcookies.org\" target=\"_blank\">www.allaboutcookies.org<\/a>. Molti dei servizi pubblicitari di terze parti e altri servizi di tracciamento sopra menzionati offrono all'utente la possibilit\u00e0 di rinunciare ai loro sistemi di tracciamento. Per saperne di pi\u00f9 sulle informazioni raccolte e sulle modalit\u00e0 di rinuncia, \u00e8 possibile consultare i link all'informativa sulla privacy riportati sopra.<\/p>\n\n    <h2>Cosa sono i biscotti?<\/h2>\n    <p>I cookie vengono utilizzati per memorizzare e recuperare informazioni sugli utenti che visitano un sito web. Vengono utilizzati per tenere traccia delle pagine visitate e per ricordare alcune azioni dell'utente, come le preferenze di navigazione. Queste preferenze vengono ricordate quando l'utente visita nuovamente il sito.<\/p>\n\n    <h2>Quali informazioni conservano sul web?<\/h2>\n    <ol>\n        <li>Informazioni statistiche sull'utilizzo del sito.<\/li>\n        <li>Registro delle attivit\u00e0 svolte dal visitatore (visualizzazioni di pagine, ricerche, acquisti, ecc.).<\/li>\n        <li>Dati di connessione ai social network per gli utenti che si collegano con il proprio utente di Facebook o Twitter.<\/li>\n    <\/ol>\n\n    <h2>Cosa succede se ne blocco l'uso?<\/h2>\n    <p>In caso di blocco del loro utilizzo, alcuni servizi web potrebbero non essere disponibili.<\/p>\n\n    <h2>Come posso bloccare i cookie nel mio browser?<\/h2>\n    <p>I seguenti link vi forniranno informazioni al riguardo nel vostro browser:<\/p>\n    <ol>\n        <li>Cromo<\/li>\n        <li>Firefox<\/li>\n        <li>Safari<\/li>\n        <li>Internet Explorer<\/li>\n    <\/ol>\n\n    <h2>Cosa succede se disabilito i cookie?<\/h2>\n    <p>Per farvi capire le conseguenze della disabilitazione dei cookie, ecco alcuni esempi:<\/p>\n    <ul>\n        <li>Non \u00e8 consentito condividere i contenuti di questo sito web su Facebook, Twitter o qualsiasi altro social network.<\/li>\n        <li>Il sito web non sar\u00e0 in grado di adattare il contenuto alle preferenze personali dell'utente, come spesso accade nei negozi online.<\/li>\n        <li>Non sar\u00e0 possibile accedere all'area personale di questo sito web, come Il mio account, Il mio profilo o I miei ordini.<\/li>\n        <li>Negozi online: non sar\u00e0 possibile fare acquisti online, ma si dovr\u00e0 acquistare per telefono o visitando il negozio fisico, se presente.<\/li>\n        <li>Non sar\u00e0 possibile personalizzare le preferenze geografiche, come il fuso orario, la valuta o la lingua.<\/li>\n        <li>Il sito non sar\u00e0 in grado di effettuare analisi web sui visitatori e sul traffico web, il che render\u00e0 difficile per il sito essere competitivo.<\/li>\n        <li>Non sar\u00e0 possibile scrivere sul blog, caricare immagini, inviare commenti, valutare o votare i contenuti. Inoltre, il sito web non sar\u00e0 in grado di capire se siete un essere umano o un'applicazione automatica che pubblica spam.<\/li>\n        <li>Non sar\u00e0 pi\u00f9 possibile visualizzare pubblicit\u00e0 mirata, il che ridurr\u00e0 le entrate pubblicitarie del sito.<\/li>\n        <li>Tutti i social network utilizzano i cookie; se li disabilitate, non potrete utilizzare alcun social network.<\/li>\n    <\/ul>\n\n    <h2>I cookie possono essere cancellati?<\/h2>\n    <p>S\u00ec, non solo eliminare, ma anche bloccare, in generale o per un dominio specifico. Per eliminare i cookie da un sito web \u00e8 necessario andare nelle impostazioni del browser e l\u00ec \u00e8 possibile cercare quelli associati al dominio in questione ed eliminarli.<\/p>\n\n    <h2>Impostazioni dei cookie per i browser pi\u00f9 diffusi<\/h2>\n    <p>Ecco come accedere a un particolare cookie nel browser Chrome. Nota: questi passaggi possono variare a seconda del browser e della sua versione:<\/p>\n    <ol>\n        <li>Accedere a Impostazioni o Preferenze tramite il menu File o facendo clic sull'icona di personalizzazione in alto a destra.<\/li>\n        <li>Verranno visualizzate diverse sezioni, scegliendo l'opzione Mostra opzioni avanzate.<\/li>\n        <li>Andare su Privacy, Impostazioni contenuti.<\/li>\n        <li>Selezionare Tutti i cookie e i dati di localizzazione.<\/li>\n        <li>Apparir\u00e0 un elenco con tutti i cookie ordinati per dominio. Per facilitare la ricerca dei cookie di un determinato dominio, inserite una parte o tutto l'indirizzo nel campo Cerca cookie.<\/li>\n        <li>Una volta effettuato il filtro, sullo schermo appariranno una o pi\u00f9 righe con i cookie del sito web richiesto. A questo punto non resta che selezionarle e premere X per eliminarle.<\/li>\n    <\/ol>\n\n    <p>Per accedere alle impostazioni dei cookie del browser Internet Explorer, procedete come segue (pu\u00f2 variare a seconda della versione del browser):<\/p>\n    <ol>\n        <li>Andare a Strumenti, Opzioni Internet<\/li>\n        <li>Fare clic su Privacy.<\/li>\n        <li>Spostare il menu a tendina per impostare il livello di privacy desiderato.<\/li>\n    <\/ol>\n\n    <p>Per accedere alle impostazioni dei cookie del browser Firefox, procedere come segue (pu\u00f2 variare a seconda della versione del browser):<\/p>\n    <ol>\n        <li>Andare in Opzioni o Preferenze, a seconda del sistema operativo.<\/li>\n        <li>Fare clic su Privacy.<\/li>\n        <li>In Cronologia scegliere Usa impostazioni personalizzate per la cronologia.<\/li>\n        <li>A questo punto viene visualizzata l'opzione Accetta i cookie, che pu\u00f2 essere attivata o disattivata in base alle proprie preferenze.<\/li>\n    <\/ol>\n\n    <p>Per accedere alle impostazioni dei cookie nel browser Safari per OSX, procedete come segue (pu\u00f2 variare a seconda della versione del browser):<\/p>\n    <ol>\n        <li>Andare su Preferenze, quindi su Privacy.<\/li>\n        <li>Qui apparir\u00e0 l'opzione Blocca cookie per impostare il tipo di blocco che si desidera effettuare.<\/li>\n    <\/ol>\n\n    <p>Per accedere alle impostazioni dei cookie nel browser Safari per iOS, procedete come segue (pu\u00f2 variare a seconda della versione del browser):<\/p>\n    <ol>\n        <li>Andare su Impostazioni, quindi su Safari.<\/li>\n        <li>Andate su Privacy e sicurezza e vedrete l'opzione Blocca cookie per regolare il tipo di blocco che desiderate.<\/li>\n    <\/ol>\n\n    <p>Per accedere alle impostazioni dei cookie del browser per i dispositivi Android, procedere come segue (pu\u00f2 variare a seconda della versione del browser):<\/p>\n    <ol>\n        <li>Avviare il browser e premere il tasto Menu, quindi Impostazioni.<\/li>\n        <li>Andando su Riservatezza, apparir\u00e0 l'opzione Accetta i cookie, che potrete selezionare o deselezionare.<\/li>\n    <\/ol>\n\n    <p>Per accedere alle impostazioni dei cookie del browser per i dispositivi Windows Phone, procedete come segue (pu\u00f2 variare a seconda della versione del browser):<\/p>\n    <ol>\n        <li>Aprire Internet Explorer, quindi Altro, quindi Impostazioni.<\/li>\n        <li>\u00c8 ora possibile selezionare o deselezionare la casella Consenti cookie.<\/li>\n    <\/ol>\t\t\t\t\t\t\t\t<\/div>\n\t\t\t\t<\/div>\n\t\t\t\t\t<\/div>\n\t\t\t\t<\/div>\n\t\t\t\t<\/div>","protected":false},"excerpt":{"rendered":"<p>Pol\u00edtica de cookies ROSAL INSTALACIONES AGROINDUSTRIALES S.A. le da la bienvenida y le invita a leer atentamente las Pol\u00edtica de COOKIES de este Sitio Web (en adelante Pol\u00edtica de COOKIES) que describen los t\u00e9rminos y condiciones que ser\u00e1n aplicables a su navegaci\u00f3n por el mismo, de conformidad con lo establecido en la normativa espa\u00f1ola de [&hellip;]<\/p>\n","protected":false},"author":2,"featured_media":0,"parent":0,"menu_order":0,"comment_status":"closed","ping_status":"closed","template":"","meta":{"footnotes":""},"class_list":["post-580","page","type-page","status-publish","hentry"],"yoast_head":"<!-- This site is optimized with the Yoast SEO plugin v27.2 - https:\/\/yoast.com\/product\/yoast-seo-wordpress\/ -->\n<title>Pol\u00edtica de cookies | Rosal Feedmills<\/title>\n<meta name=\"robots\" content=\"noindex, nofollow\" \/>\n<meta property=\"og:locale\" content=\"it_IT\" \/>\n<meta property=\"og:type\" content=\"article\" \/>\n<meta property=\"og:title\" content=\"Pol\u00edtica de cookies | Rosal Feedmills\" \/>\n<meta property=\"og:description\" content=\"Pol\u00edtica de cookies ROSAL INSTALACIONES AGROINDUSTRIALES S.A. le da la bienvenida y le invita a leer atentamente las Pol\u00edtica de COOKIES de este Sitio Web (en adelante Pol\u00edtica de COOKIES) que describen los t\u00e9rminos y condiciones que ser\u00e1n aplicables a su navegaci\u00f3n por el mismo, de conformidad con lo establecido en la normativa espa\u00f1ola de [&hellip;]\" \/>\n<meta property=\"og:url\" content=\"https:\/\/rosal-feedmills.com\/it\/informativa-sui-cookie\/\" \/>\n<meta property=\"og:site_name\" content=\"Rosal Feedmills\" \/>\n<meta property=\"article:modified_time\" content=\"2025-10-17T08:29:47+00:00\" \/>\n<meta property=\"og:image\" content=\"https:\/\/rosal-feedmills.com\/wp-content\/uploads\/2024\/11\/16_1-jpg.webp\" \/>\n\t<meta property=\"og:image:width\" content=\"1996\" \/>\n\t<meta property=\"og:image:height\" content=\"1121\" \/>\n\t<meta property=\"og:image:type\" content=\"image\/jpeg\" \/>\n<meta name=\"twitter:card\" content=\"summary_large_image\" \/>\n<meta name=\"twitter:label1\" content=\"Tempo di lettura stimato\" \/>\n\t<meta name=\"twitter:data1\" content=\"8 minuti\" \/>\n<script type=\"application\/ld+json\" class=\"yoast-schema-graph\">{\"@context\":\"https:\/\/schema.org\",\"@graph\":[{\"@type\":\"WebPage\",\"@id\":\"https:\/\/rosal-feedmills.com\/politica-de-cookies\/\",\"url\":\"https:\/\/rosal-feedmills.com\/politica-de-cookies\/\",\"name\":\"Pol\u00edtica de cookies | Rosal Feedmills\",\"isPartOf\":{\"@id\":\"https:\/\/rosal-feedmills.com\/#website\"},\"datePublished\":\"2021-03-10T15:04:05+00:00\",\"dateModified\":\"2025-10-17T08:29:47+00:00\",\"breadcrumb\":{\"@id\":\"https:\/\/rosal-feedmills.com\/politica-de-cookies\/#breadcrumb\"},\"inLanguage\":\"it-IT\",\"potentialAction\":[{\"@type\":\"ReadAction\",\"target\":[\"https:\/\/rosal-feedmills.com\/politica-de-cookies\/\"]}]},{\"@type\":\"BreadcrumbList\",\"@id\":\"https:\/\/rosal-feedmills.com\/politica-de-cookies\/#breadcrumb\",\"itemListElement\":[{\"@type\":\"ListItem\",\"position\":1,\"name\":\"Portada\",\"item\":\"https:\/\/rosal-feedmills.com\/\"},{\"@type\":\"ListItem\",\"position\":2,\"name\":\"Pol\u00edtica de cookies\"}]},{\"@type\":\"WebSite\",\"@id\":\"https:\/\/rosal-feedmills.com\/#website\",\"url\":\"https:\/\/rosal-feedmills.com\/\",\"name\":\"Rosal\",\"description\":\"Maquinaria y f\u00e1bricas completas para alimentaci\u00f3n animal\",\"publisher\":{\"@id\":\"https:\/\/rosal-feedmills.com\/#organization\"},\"potentialAction\":[{\"@type\":\"SearchAction\",\"target\":{\"@type\":\"EntryPoint\",\"urlTemplate\":\"https:\/\/rosal-feedmills.com\/?s={search_term_string}\"},\"query-input\":{\"@type\":\"PropertyValueSpecification\",\"valueRequired\":true,\"valueName\":\"search_term_string\"}}],\"inLanguage\":\"it-IT\"},{\"@type\":\"Organization\",\"@id\":\"https:\/\/rosal-feedmills.com\/#organization\",\"name\":\"Rosal Instalaciones Agroindustriales\",\"url\":\"https:\/\/rosal-feedmills.com\/\",\"logo\":{\"@type\":\"ImageObject\",\"inLanguage\":\"it-IT\",\"@id\":\"https:\/\/rosal-feedmills.com\/#\/schema\/logo\/image\/\",\"url\":\"https:\/\/rosal-feedmills.com\/wp-content\/uploads\/2024\/11\/Logo-Rosal-complert-png-e1731455627780.webp\",\"contentUrl\":\"https:\/\/rosal-feedmills.com\/wp-content\/uploads\/2024\/11\/Logo-Rosal-complert-png-e1731455627780.webp\",\"width\":913,\"height\":396,\"caption\":\"Rosal Instalaciones Agroindustriales\"},\"image\":{\"@id\":\"https:\/\/rosal-feedmills.com\/#\/schema\/logo\/image\/\"},\"sameAs\":[\"https:\/\/es.linkedin.com\/company\/rosal-instalaciones-agroindustriales-s-a\"]}]}<\/script>\n<!-- \/ Yoast SEO plugin. -->","yoast_head_json":{"title":"Politica sui cookie | Rosal Feedmills","robots":{"index":"noindex","follow":"nofollow"},"og_locale":"it_IT","og_type":"article","og_title":"Pol\u00edtica de cookies | Rosal Feedmills","og_description":"Pol\u00edtica de cookies ROSAL INSTALACIONES AGROINDUSTRIALES S.A. le da la bienvenida y le invita a leer atentamente las Pol\u00edtica de COOKIES de este Sitio Web (en adelante Pol\u00edtica de COOKIES) que describen los t\u00e9rminos y condiciones que ser\u00e1n aplicables a su navegaci\u00f3n por el mismo, de conformidad con lo establecido en la normativa espa\u00f1ola de [&hellip;]","og_url":"https:\/\/rosal-feedmills.com\/it\/informativa-sui-cookie\/","og_site_name":"Rosal Feedmills","article_modified_time":"2025-10-17T08:29:47+00:00","og_image":[{"width":1996,"height":1121,"url":"https:\/\/rosal-feedmills.com\/wp-content\/uploads\/2024\/11\/16_1-jpg.webp","type":"image\/jpeg"}],"twitter_card":"summary_large_image","twitter_misc":{"Tempo di lettura stimato":"8 minuti"},"schema":{"@context":"https:\/\/schema.org","@graph":[{"@type":"WebPage","@id":"https:\/\/rosal-feedmills.com\/politica-de-cookies\/","url":"https:\/\/rosal-feedmills.com\/politica-de-cookies\/","name":"Politica sui cookie | Rosal Feedmills","isPartOf":{"@id":"https:\/\/rosal-feedmills.com\/#website"},"datePublished":"2021-03-10T15:04:05+00:00","dateModified":"2025-10-17T08:29:47+00:00","breadcrumb":{"@id":"https:\/\/rosal-feedmills.com\/politica-de-cookies\/#breadcrumb"},"inLanguage":"it-IT","potentialAction":[{"@type":"ReadAction","target":["https:\/\/rosal-feedmills.com\/politica-de-cookies\/"]}]},{"@type":"BreadcrumbList","@id":"https:\/\/rosal-feedmills.com\/politica-de-cookies\/#breadcrumb","itemListElement":[{"@type":"ListItem","position":1,"name":"Portada","item":"https:\/\/rosal-feedmills.com\/"},{"@type":"ListItem","position":2,"name":"Pol\u00edtica de cookies"}]},{"@type":"WebSite","@id":"https:\/\/rosal-feedmills.com\/#website","url":"https:\/\/rosal-feedmills.com\/","name":"Rosal","description":"Macchinari e impianti completi per l'alimentazione animale","publisher":{"@id":"https:\/\/rosal-feedmills.com\/#organization"},"potentialAction":[{"@type":"SearchAction","target":{"@type":"EntryPoint","urlTemplate":"https:\/\/rosal-feedmills.com\/?s={search_term_string}"},"query-input":{"@type":"PropertyValueSpecification","valueRequired":true,"valueName":"search_term_string"}}],"inLanguage":"it-IT"},{"@type":"Organization","@id":"https:\/\/rosal-feedmills.com\/#organization","name":"Rosal Impianti agro-industriali","url":"https:\/\/rosal-feedmills.com\/","logo":{"@type":"ImageObject","inLanguage":"it-IT","@id":"https:\/\/rosal-feedmills.com\/#\/schema\/logo\/image\/","url":"https:\/\/rosal-feedmills.com\/wp-content\/uploads\/2024\/11\/Logo-Rosal-complert-png-e1731455627780.webp","contentUrl":"https:\/\/rosal-feedmills.com\/wp-content\/uploads\/2024\/11\/Logo-Rosal-complert-png-e1731455627780.webp","width":913,"height":396,"caption":"Rosal Instalaciones Agroindustriales"},"image":{"@id":"https:\/\/rosal-feedmills.com\/#\/schema\/logo\/image\/"},"sameAs":["https:\/\/es.linkedin.com\/company\/rosal-instalaciones-agroindustriales-s-a"]}]}},"_links":{"self":[{"href":"https:\/\/rosal-feedmills.com\/it\/wp-json\/wp\/v2\/pages\/580","targetHints":{"allow":["GET"]}}],"collection":[{"href":"https:\/\/rosal-feedmills.com\/it\/wp-json\/wp\/v2\/pages"}],"about":[{"href":"https:\/\/rosal-feedmills.com\/it\/wp-json\/wp\/v2\/types\/page"}],"author":[{"embeddable":true,"href":"https:\/\/rosal-feedmills.com\/it\/wp-json\/wp\/v2\/users\/2"}],"replies":[{"embeddable":true,"href":"https:\/\/rosal-feedmills.com\/it\/wp-json\/wp\/v2\/comments?post=580"}],"version-history":[{"count":20,"href":"https:\/\/rosal-feedmills.com\/it\/wp-json\/wp\/v2\/pages\/580\/revisions"}],"predecessor-version":[{"id":19059,"href":"https:\/\/rosal-feedmills.com\/it\/wp-json\/wp\/v2\/pages\/580\/revisions\/19059"}],"wp:attachment":[{"href":"https:\/\/rosal-feedmills.com\/it\/wp-json\/wp\/v2\/media?parent=580"}],"curies":[{"name":"wp","href":"https:\/\/api.w.org\/{rel}","templated":true}]}}