{"id":1800,"date":"2021-03-30T11:29:27","date_gmt":"2021-03-30T11:29:27","guid":{"rendered":"http:\/\/rosal-feedmills.com.mialias.net\/?page_id=1800"},"modified":"2025-07-27T20:15:42","modified_gmt":"2025-07-27T19:15:42","slug":"granulacion","status":"publish","type":"page","link":"https:\/\/rosal-feedmills.com\/mx\/maquinaria\/granulacion\/","title":{"rendered":"Peletizaci\u00f3n"},"content":{"rendered":"<div data-elementor-type=\"wp-page\" data-elementor-id=\"1800\" class=\"elementor elementor-1800\" data-elementor-post-type=\"page\">\n\t\t\t\t<div class=\"elementor-element elementor-element-65330a e-flex e-con-boxed e-con e-parent\" data-id=\"65330a\" data-element_type=\"container\" data-e-type=\"container\">\n\t\t\t\t\t<div class=\"e-con-inner\">\n\t\t<div class=\"elementor-element elementor-element-6f0e339e e-con-full e-flex e-con e-child\" data-id=\"6f0e339e\" data-element_type=\"container\" data-e-type=\"container\">\n\t\t\t\t<div class=\"elementor-element elementor-element-7524928d elementor-widget elementor-widget-image\" data-id=\"7524928d\" data-element_type=\"widget\" data-e-type=\"widget\" data-widget_type=\"image.default\">\n\t\t\t\t<div class=\"elementor-widget-container\">\n\t\t\t\t\t\t\t\t\t\t\t\t\t\t\t<img fetchpriority=\"high\" decoding=\"async\" width=\"1341\" height=\"1073\" src=\"https:\/\/rosal-feedmills.com\/wp-content\/uploads\/2024\/11\/Peletizadoras-Mabrik-26.jpg\" class=\"attachment-full size-full wp-image-12027\" alt=\"Dos peletizadoras Mabrik en una planta de alimentos balanceados.\" srcset=\"https:\/\/rosal-feedmills.com\/wp-content\/uploads\/2024\/11\/Peletizadoras-Mabrik-26.jpg 1341w, https:\/\/rosal-feedmills.com\/wp-content\/uploads\/2024\/11\/Peletizadoras-Mabrik-26-300x240.jpg 300w, https:\/\/rosal-feedmills.com\/wp-content\/uploads\/2024\/11\/Peletizadoras-Mabrik-26-1024x819.jpg 1024w, https:\/\/rosal-feedmills.com\/wp-content\/uploads\/2024\/11\/Peletizadoras-Mabrik-26-768x615.jpg 768w\" sizes=\"(max-width: 1341px) 100vw, 1341px\" \/>\t\t\t\t\t\t\t\t\t\t\t\t\t\t\t<\/div>\n\t\t\t\t<\/div>\n\t\t\t\t<\/div>\n\t\t<div class=\"elementor-element elementor-element-2f0cf279 e-con-full e-flex e-con e-child\" data-id=\"2f0cf279\" data-element_type=\"container\" data-e-type=\"container\">\n\t\t\t\t<div class=\"elementor-element elementor-element-634e7ced elementor-widget elementor-widget-heading\" data-id=\"634e7ced\" data-element_type=\"widget\" data-e-type=\"widget\" data-widget_type=\"heading.default\">\n\t\t\t\t<div class=\"elementor-widget-container\">\n\t\t\t\t\t<h1 class=\"elementor-heading-title elementor-size-default\">Peletizaci\u00f3n<\/h1>\t\t\t\t<\/div>\n\t\t\t\t<\/div>\n\t\t\t\t<div class=\"elementor-element elementor-element-4238361a elementor-widget elementor-widget-text-editor\" data-id=\"4238361a\" data-element_type=\"widget\" data-e-type=\"widget\" data-widget_type=\"text-editor.default\">\n\t\t\t\t<div class=\"elementor-widget-container\">\n\t\t\t\t\t\t\t\t\t<p>La peletizaci\u00f3n o granulaci\u00f3n es el proceso que convierte la harina en gr\u00e1nulos o pellets mediante la presi\u00f3n que ejercen los rodillos contra la matriz de la prensa granuladora.<\/p><p>Un buen proceso de peletizado nos asegura que los alimentos sean m\u00e1s f\u00e1cilmente digeribles por los animales y, adem\u00e1s, de mayor calidad y durabilidad.<\/p><p>Mabrik es la empresa l\u00edder mundial en fabricaci\u00f3n de maquinaria y \u00faltima tecnolog\u00eda para la granulaci\u00f3n de alimento para animales, biomasa y otros subproductos.<\/p>\t\t\t\t\t\t\t\t<\/div>\n\t\t\t\t<\/div>\n\t\t\t\t<div class=\"elementor-element elementor-element-1584240 elementor-align-left catalogo-mabrik elementor-widget elementor-widget-button\" data-id=\"1584240\" data-element_type=\"widget\" data-e-type=\"widget\" data-widget_type=\"button.default\">\n\t\t\t\t<div class=\"elementor-widget-container\">\n\t\t\t\t\t\t\t\t\t<div class=\"elementor-button-wrapper\">\n\t\t\t\t\t<a class=\"elementor-button elementor-button-link elementor-size-sm\" href=\"https:\/\/rosal-feedmills.com\/wp-content\/uploads\/2025\/05\/Mabrik-brochure.pdf\" target=\"_blank\">\n\t\t\t\t\t\t<span class=\"elementor-button-content-wrapper\">\n\t\t\t\t\t\t\t\t\t<span class=\"elementor-button-text\">Cat\u00e1logo de Mabrik<\/span>\n\t\t\t\t\t<\/span>\n\t\t\t\t\t<\/a>\n\t\t\t\t<\/div>\n\t\t\t\t\t\t\t\t<\/div>\n\t\t\t\t<\/div>\n\t\t\t\t<\/div>\n\t\t\t\t\t<\/div>\n\t\t\t\t<\/div>\n\t\t<div class=\"elementor-element elementor-element-32ebcd5e e-flex e-con-boxed e-con e-parent\" data-id=\"32ebcd5e\" data-element_type=\"container\" data-e-type=\"container\" data-settings=\"{&quot;background_background&quot;:&quot;classic&quot;}\">\n\t\t\t\t\t<div class=\"e-con-inner\">\n\t\t\t\t<div class=\"elementor-element elementor-element-16e63f4 grid-maquinaria elementor-widget elementor-widget-ucaddon_content_grid2\" data-id=\"16e63f4\" data-element_type=\"widget\" data-e-type=\"widget\" data-widget_type=\"ucaddon_content_grid2.default\">\n\t\t\t\t<div class=\"elementor-widget-container\">\n\t\t\t\t\t\n<!-- start Content Grid -->\n\t\t<link id='font-awesome-css' href='https:\/\/rosal-feedmills.com\/wp-content\/plugins\/unlimited-elements-for-elementor-premium\/assets_libraries\/font-awesome6\/fontawesome-all.min.css' type='text\/css' rel='stylesheet' >\n\t\t<link id='font-awesome-4-shim-css' href='https:\/\/rosal-feedmills.com\/wp-content\/plugins\/unlimited-elements-for-elementor-premium\/assets_libraries\/font-awesome6\/fontawesome-v4-shims.min.css' type='text\/css' rel='stylesheet' >\n\t\t<link id='fancybox-css' href='https:\/\/rosal-feedmills.com\/wp-content\/plugins\/unlimited-elements-for-elementor-premium\/assets_libraries\/fancybox3\/jquery.fancybox.min.css' type='text\/css' rel='stylesheet' >\n\n<style>\/* widget: Content Grid *\/\n\n\n\n#uc_content_grid2_elementor_16e63f4 * {\n\tbox-sizing: border-box;\t\n}\n\n#uc_content_grid2_elementor_16e63f4 .uc_post_grid_style_one_wrap {\n\tdisplay: grid;\n}\n\n#uc_content_grid2_elementor_16e63f4 .uc_post_grid_style_one_image {\n\twidth: 100%;\n\toverflow: hidden;\n\tdisplay: block;  \t\n}\n\n#uc_content_grid2_elementor_16e63f4 .uc_post_image {\n\twidth: inherit;\n\theight: inherit;\n\tbackground-position: center center;\n\tbackground-repeat: no-repeat;\n\tdisplay: block;\n\ttransition: all 0.25s ease-in-out;\n}\n\n#uc_content_grid2_elementor_16e63f4 .ue-image-holder a{\n  display:block;\n}\n\n#uc_content_grid2_elementor_16e63f4 .ue-item{\n  position:relative;\n  overflow:hidden;\n}\n\n#uc_content_grid2_elementor_16e63f4 .ue-item-title{\n  width:100%;\n}\n\n#uc_content_grid2_elementor_16e63f4 .ue-item-text{\n  width:100%;\n}\n\n#uc_content_grid2_elementor_16e63f4 .uc_content{\n  display:flex;\n  flex-direction:column;\n}\n\n#uc_content_grid2_elementor_16e63f4 .ue-content-wrapper{\n  width:100%;\n}\n\n#uc_content_grid2_elementor_16e63f4 .ue-button{\n  margin-top:auto;\n}\n\n#uc_content_grid2_elementor_16e63f4 .ue-button{\n  width:100%;\n}\n\n\n\n\n\n\n\n\n\n#uc_content_grid2_elementor_16e63f4.uc-remote-parent .ue-item{\n  cursor:pointer;\n}\n\n#uc_content_grid2_elementor_16e63f4 .uc_post_grid_style_one_search_wrap{\n  display: flex;  \n}\n\n#uc_content_grid2_elementor_16e63f4 .uc_post_grid_style_one_search_container{\n  position: relative;\n}\n\n\n#uc_content_grid2_elementor_16e63f4 ::-webkit-input-placeholder { \/* Edge *\/\n  color: #8f8f8f;\n}\n\n#uc_content_grid2_elementor_16e63f4 :-ms-input-placeholder { \/* Internet Explorer 10-11 *\/\n  color: #8f8f8f;\n}\n\n#uc_content_grid2_elementor_16e63f4 ::placeholder {\n  color: #8f8f8f;\n}\n\n#uc_content_grid2_elementor_16e63f4 .uc_post_grid_style_one_next_button_pagination_button{\n      display: none;\n  }\n\n#uc_content_grid2_elementor_16e63f4 .uc_post_grid_style_one_search_icon,\n#uc_content_grid2_elementor_16e63f4 .uc_post_grid_style_one_reset_icon{\n\tposition: absolute;\n  \ttop: 50%;\n    transform: translate(0, -50%);\n    height: 100%;\n  \tdisplay: flex;\n    align-items: center;\n    justify-content: center;\n}\n\n#uc_content_grid2_elementor_16e63f4 .uc_post_grid_style_one_reset_icon{\n  cursor: pointer;\n}\n\n\n\/* pagination *\/\n#uc_content_grid2_elementor_16e63f4 .uc_post_grid_style_one_prev_button_pagination{\n  display: flex;\n  align-items: center;\n}\n\n#uc_content_grid2_elementor_16e63f4 .uc_post_grid_style_one_pagination_button,\n#uc_content_grid2_elementor_16e63f4 .uc_post_grid_style_one_pagination_number{\n  padding: 0;\n  justify-content: center;\n  align-items: center;\n  transition: all .3s ease;\n  margin: 0;\n}\n\n#uc_content_grid2_elementor_16e63f4 .uc_post_grid_style_one_pagination_number:last-child,\n#uc_content_grid2_elementor_16e63f4 .uc_post_grid_style_one_pagination_number:first-child{\n  display: inline-flex;\n  position: relative;\n}\n\n#uc_content_grid2_elementor_16e63f4 .ue-hidden{\n  display: none;\n}\n\n#uc_content_grid2_elementor_16e63f4 .ue-disabled{\n  opacity: .5;\n  pointer-events: none;\n}\n\n#uc_content_grid2_elementor_16e63f4 .uc_post_grid_style_one_pagination_number.ue-visible{\n  display: inline-flex;\n}\n\n#uc_content_grid2_elementor_16e63f4 .uc_post_grid_style_one_pagination_numbers{\n  display: flex;\n  flex-wrap: wrap;\n}\n\n#uc_content_grid2_elementor_16e63f4 .uc_post_grid_style_one_prev_button_pagination_wrap{\n  display: flex;\n}\n\/* end pagination *\/\n\n<\/style>\n\n<div id=\"uc_content_grid2_elementor_16e63f4\" class=\"uc_post_grid_style_one uc_items\"   data-lightbox=\"false\">\n  \n    \n  <div class=\"uc_post_grid_style_one_wrap uc-items-wrapper\">\n          \n<div class=\"uc_post_grid_style_one_item ue-item\">\n    \n      <div class=\"uc_post_grid_style_one_image ue-image-holder\">\n                    <a class=\"uc_post_grid_style_one-link\" href=\"https:\/\/rosal-feedmills.com\/mx\/maquinaria\/granulacion\/prensas-granuladoras-mabrik\/\" >\n                      \n    <div aria-role=\"img\" aria-label=\"Render de una peletizadora Mabrik para peletizado de alimento balanceado y biomasa.\"  class=\"uc_post_image\" style=\"background-image: url(https:\/\/rosal-feedmills.com\/wp-content\/uploads\/2024\/11\/miniatura-peletizadora.png);\"><\/div>\n    <\/a>    <\/div>\n    \n  <div class=\"uc_content padding\">\n    <div class=\"ue-content-wrapper\">\n      \n              <a href=\"https:\/\/rosal-feedmills.com\/mx\/maquinaria\/granulacion\/prensas-granuladoras-mabrik\/\" >        \t<h3 class=\"ue-item-title\">Peletizadora<\/h3>\n         <\/a>            \n      <div class=\"ue-item-text\"><p>Las peletizadoras industriales Mabrik est\u00e1n fabricadas con materiales de alta calidad y gran resistencia.<\/p><\/div>      \n            \n    <\/div>\n    \n        \n  <\/div>\n<\/div>\n\n<div class=\"uc_post_grid_style_one_item ue-item\">\n    \n      <div class=\"uc_post_grid_style_one_image ue-image-holder\">\n                    <a class=\"uc_post_grid_style_one-link\" href=\"https:\/\/rosal-feedmills.com\/mx\/maquinaria\/granulacion\/acondicionadores\/\" >\n                      \n    <div aria-role=\"img\" aria-label=\"Render de un acondicionador para peletizaci\u00f3n de piensos\"  class=\"uc_post_image\" style=\"background-image: url(https:\/\/rosal-feedmills.com\/wp-content\/uploads\/2024\/12\/miniatura-acondicionadpor.jpg);\"><\/div>\n    <\/a>    <\/div>\n    \n  <div class=\"uc_content padding\">\n    <div class=\"ue-content-wrapper\">\n      \n              <a href=\"https:\/\/rosal-feedmills.com\/mx\/maquinaria\/granulacion\/acondicionadores\/\" >        \t<h3 class=\"ue-item-title\">Acondicionador<\/h3>\n         <\/a>            \n      <div class=\"ue-item-text\"><p>Los acondicionadores generan el tratamiento t\u00e9rmico necesario para preparar el producto antes de la peletizaci\u00f3n.<\/p><\/div>      \n            \n    <\/div>\n    \n        \n  <\/div>\n<\/div>\n\n<div class=\"uc_post_grid_style_one_item ue-item\">\n    \n      <div class=\"uc_post_grid_style_one_image ue-image-holder\">\n                    <a class=\"uc_post_grid_style_one-link\" href=\"https:\/\/rosal-feedmills.com\/mx\/maquinaria\/granulacion\/refrigeradores-de-contracorriente\/\" >\n                      \n    <div aria-role=\"img\" aria-label=\"Render de un refrigerador a contracorriente para pellets alimentaci\u00f3n animal\"  class=\"uc_post_image\" style=\"background-image: url(https:\/\/rosal-feedmills.com\/wp-content\/uploads\/2025\/07\/refrigerador-3-e1753525784608-768x723.png);\"><\/div>\n    <\/a>    <\/div>\n    \n  <div class=\"uc_content padding\">\n    <div class=\"ue-content-wrapper\">\n      \n              <a href=\"https:\/\/rosal-feedmills.com\/mx\/maquinaria\/granulacion\/refrigeradores-de-contracorriente\/\" >        \t<h3 class=\"ue-item-title\">Enfriador<\/h3>\n         <\/a>            \n      <div class=\"ue-item-text\"><div class=\"maquinaria-description\"><p>Los enfriadores Mabrik est\u00e1n destinados a enfriar los pellets que salen del proceso de peletizaci\u00f3n.<\/p><\/div><\/div>      \n            \n    <\/div>\n    \n        \n  <\/div>\n<\/div>\n\n<div class=\"uc_post_grid_style_one_item ue-item\">\n    \n      <div class=\"uc_post_grid_style_one_image ue-image-holder\">\n                    <a class=\"uc_post_grid_style_one-link\" href=\"https:\/\/rosal-feedmills.com\/mx\/maquinaria\/granulacion\/reengrasador\/\" >\n                      \n    <div aria-role=\"img\" aria-label=\"MOLINO1045\"  class=\"uc_post_image\" style=\"background-image: url(https:\/\/rosal-feedmills.com\/wp-content\/uploads\/2025\/07\/MOLINO1045-e1753526076482-768x514.png);\"><\/div>\n    <\/a>    <\/div>\n    \n  <div class=\"uc_content padding\">\n    <div class=\"ue-content-wrapper\">\n      \n              <a href=\"https:\/\/rosal-feedmills.com\/mx\/maquinaria\/granulacion\/reengrasador\/\" >        \t<h3 class=\"ue-item-title\">Recubridor<\/h3>\n         <\/a>            \n      <div class=\"ue-item-text\"><div class=\"maquinaria-description\"><p>Los reengrasadores son equipos dise\u00f1ados para optimizar la calidad final del pienso, permitiendo la adici\u00f3n precisa de grasa, aceite u otros l\u00edquidos al pellet<\/p><\/div><\/div>      \n            \n    <\/div>\n    \n        \n  <\/div>\n<\/div>\n\n<div class=\"uc_post_grid_style_one_item ue-item\">\n    \n      <div class=\"uc_post_grid_style_one_image ue-image-holder\">\n                    <a class=\"uc_post_grid_style_one-link\" href=\"https:\/\/rosal-feedmills.com\/mx\/maquinaria\/granulacion\/higienizador\/\" >\n                      \n    <div aria-role=\"img\" aria-label=\"higienitzador (2)\"  class=\"uc_post_image\" style=\"background-image: url(https:\/\/rosal-feedmills.com\/wp-content\/uploads\/2025\/07\/higienitzador-2-e1762528716888-768x565.png);\"><\/div>\n    <\/a>    <\/div>\n    \n  <div class=\"uc_content padding\">\n    <div class=\"ue-content-wrapper\">\n      \n              <a href=\"https:\/\/rosal-feedmills.com\/mx\/maquinaria\/granulacion\/higienizador\/\" >        \t<h3 class=\"ue-item-title\">Higienizador<\/h3>\n         <\/a>            \n      <div class=\"ue-item-text\"><div class=\"maquinaria-description\"><p>El higienizador est\u00e1 dise\u00f1ado para reducir y eliminar pat\u00f3genos en el pienso compuesto.<\/p><\/div><\/div>      \n            \n    <\/div>\n    \n        \n  <\/div>\n<\/div>\n\n<div class=\"uc_post_grid_style_one_item ue-item\">\n    \n      <div class=\"uc_post_grid_style_one_image ue-image-holder\">\n                    <a class=\"uc_post_grid_style_one-link\" href=\"https:\/\/rosal-feedmills.com\/mx\/maquinaria\/granulacion\/desmenuzador\/\" >\n                      \n    <div aria-role=\"img\" aria-label=\"Desmenuzador (1)\"  class=\"uc_post_image\" style=\"background-image: url(https:\/\/rosal-feedmills.com\/wp-content\/uploads\/2025\/07\/Desmenuzador-1-e1753530238185-768x536.png);\"><\/div>\n    <\/a>    <\/div>\n    \n  <div class=\"uc_content padding\">\n    <div class=\"ue-content-wrapper\">\n      \n              <a href=\"https:\/\/rosal-feedmills.com\/mx\/maquinaria\/granulacion\/desmenuzador\/\" >        \t<h3 class=\"ue-item-title\">Migajador<\/h3>\n         <\/a>            \n      <div class=\"ue-item-text\"><div class=\"maquinaria-description\"><p>El migajador est\u00e1 dise\u00f1ado para desmenuzar gr\u00e1nulos en migajas.<\/p><\/div><\/div>      \n            \n    <\/div>\n    \n        \n  <\/div>\n<\/div>\n\n      <\/div>  \n    \n<\/div>\n<!-- end Content Grid -->\t\t\t\t<\/div>\n\t\t\t\t<\/div>\n\t\t\t\t\t<\/div>\n\t\t\t\t<\/div>\n\t\t\t\t<\/div>","protected":false},"excerpt":{"rendered":"<p>Peletizaci\u00f3n La peletizaci\u00f3n o granulaci\u00f3n es el proceso que convierte la harina en gr\u00e1nulos o pellets mediante la presi\u00f3n que ejercen los rodillos contra la matriz de la prensa granuladora. Un buen proceso de peletizado nos asegura que los alimentos sean m\u00e1s f\u00e1cilmente digeribles por los animales y, adem\u00e1s, de mayor calidad y durabilidad. Mabrik [&hellip;]<\/p>\n","protected":false},"author":2,"featured_media":0,"parent":1951,"menu_order":0,"comment_status":"closed","ping_status":"closed","template":"","meta":{"footnotes":""},"class_list":["post-1800","page","type-page","status-publish","hentry"],"yoast_head":"<!-- This site is optimized with the Yoast SEO plugin v27.2 - https:\/\/yoast.com\/product\/yoast-seo-wordpress\/ -->\n<title>Maquinaria de peletizaci\u00f3n para alimentaci\u00f3n animal y biomasa<\/title>\n<meta name=\"description\" content=\"Descubra la maquinaria l\u00edder en peletizaci\u00f3n de alimento para animales, biomasa, residuos s\u00f3lidos y abono org\u00e1nico.\" \/>\n<meta name=\"robots\" content=\"index, follow, max-snippet:-1, max-image-preview:large, max-video-preview:-1\" \/>\n<link rel=\"canonical\" href=\"https:\/\/rosal-feedmills.com\/mx\/maquinaria\/granulacion\/\" \/>\n<meta property=\"og:locale\" content=\"es_MX\" \/>\n<meta property=\"og:type\" content=\"article\" \/>\n<meta property=\"og:title\" content=\"Maquinaria de peletizaci\u00f3n para alimentaci\u00f3n animal y biomasa\" \/>\n<meta property=\"og:description\" content=\"Descubra la maquinaria l\u00edder en peletizaci\u00f3n de alimento para animales, biomasa, residuos s\u00f3lidos y abono org\u00e1nico.\" \/>\n<meta property=\"og:url\" content=\"https:\/\/rosal-feedmills.com\/mx\/maquinaria\/granulacion\/\" \/>\n<meta property=\"og:site_name\" content=\"Rosal Feedmills\" \/>\n<meta property=\"article:modified_time\" content=\"2025-07-27T19:15:42+00:00\" \/>\n<meta property=\"og:image\" content=\"https:\/\/rosal-feedmills.com\/wp-content\/uploads\/2024\/11\/Peletizadoras-Mabrik-26.jpg\" \/>\n\t<meta property=\"og:image:width\" content=\"1341\" \/>\n\t<meta property=\"og:image:height\" content=\"1073\" \/>\n\t<meta property=\"og:image:type\" content=\"image\/jpeg\" \/>\n<meta name=\"twitter:card\" content=\"summary_large_image\" \/>\n<meta name=\"twitter:label1\" content=\"Tiempo de lectura\" \/>\n\t<meta name=\"twitter:data1\" content=\"1 minuto\" \/>\n<script type=\"application\/ld+json\" class=\"yoast-schema-graph\">{\"@context\":\"https:\/\/schema.org\",\"@graph\":[{\"@type\":\"WebPage\",\"@id\":\"https:\/\/rosal-feedmills.com\/maquinaria\/granulacion\/\",\"url\":\"https:\/\/rosal-feedmills.com\/maquinaria\/granulacion\/\",\"name\":\"Maquinaria de peletizaci\u00f3n para alimentaci\u00f3n animal y biomasa\",\"isPartOf\":{\"@id\":\"https:\/\/rosal-feedmills.com\/#website\"},\"primaryImageOfPage\":{\"@id\":\"https:\/\/rosal-feedmills.com\/maquinaria\/granulacion\/#primaryimage\"},\"image\":{\"@id\":\"https:\/\/rosal-feedmills.com\/maquinaria\/granulacion\/#primaryimage\"},\"thumbnailUrl\":\"https:\/\/rosal-feedmills.com\/wp-content\/uploads\/2024\/11\/Peletizadoras-Mabrik-26.jpg\",\"datePublished\":\"2021-03-30T11:29:27+00:00\",\"dateModified\":\"2025-07-27T19:15:42+00:00\",\"description\":\"Descubra la maquinaria l\u00edder en peletizaci\u00f3n de alimento para animales, biomasa, residuos s\u00f3lidos y abono org\u00e1nico.\",\"breadcrumb\":{\"@id\":\"https:\/\/rosal-feedmills.com\/maquinaria\/granulacion\/#breadcrumb\"},\"inLanguage\":\"es\",\"potentialAction\":[{\"@type\":\"ReadAction\",\"target\":[\"https:\/\/rosal-feedmills.com\/maquinaria\/granulacion\/\"]}]},{\"@type\":\"ImageObject\",\"inLanguage\":\"es\",\"@id\":\"https:\/\/rosal-feedmills.com\/maquinaria\/granulacion\/#primaryimage\",\"url\":\"https:\/\/rosal-feedmills.com\/wp-content\/uploads\/2024\/11\/Peletizadoras-Mabrik-26.jpg\",\"contentUrl\":\"https:\/\/rosal-feedmills.com\/wp-content\/uploads\/2024\/11\/Peletizadoras-Mabrik-26.jpg\"},{\"@type\":\"BreadcrumbList\",\"@id\":\"https:\/\/rosal-feedmills.com\/maquinaria\/granulacion\/#breadcrumb\",\"itemListElement\":[{\"@type\":\"ListItem\",\"position\":1,\"name\":\"Portada\",\"item\":\"https:\/\/rosal-feedmills.com\/\"},{\"@type\":\"ListItem\",\"position\":2,\"name\":\"Maquinaria\",\"item\":\"https:\/\/rosal-feedmills.com\/maquinaria\/\"},{\"@type\":\"ListItem\",\"position\":3,\"name\":\"Peletizaci\u00f3n\"}]},{\"@type\":\"WebSite\",\"@id\":\"https:\/\/rosal-feedmills.com\/#website\",\"url\":\"https:\/\/rosal-feedmills.com\/\",\"name\":\"Rosal\",\"description\":\"Maquinaria y f\u00e1bricas completas para alimentaci\u00f3n animal\",\"publisher\":{\"@id\":\"https:\/\/rosal-feedmills.com\/#organization\"},\"potentialAction\":[{\"@type\":\"SearchAction\",\"target\":{\"@type\":\"EntryPoint\",\"urlTemplate\":\"https:\/\/rosal-feedmills.com\/?s={search_term_string}\"},\"query-input\":{\"@type\":\"PropertyValueSpecification\",\"valueRequired\":true,\"valueName\":\"search_term_string\"}}],\"inLanguage\":\"es\"},{\"@type\":\"Organization\",\"@id\":\"https:\/\/rosal-feedmills.com\/#organization\",\"name\":\"Rosal Instalaciones Agroindustriales\",\"url\":\"https:\/\/rosal-feedmills.com\/\",\"logo\":{\"@type\":\"ImageObject\",\"inLanguage\":\"es\",\"@id\":\"https:\/\/rosal-feedmills.com\/#\/schema\/logo\/image\/\",\"url\":\"https:\/\/rosal-feedmills.com\/wp-content\/uploads\/2024\/11\/Logo-Rosal-complert-png-e1731455627780.webp\",\"contentUrl\":\"https:\/\/rosal-feedmills.com\/wp-content\/uploads\/2024\/11\/Logo-Rosal-complert-png-e1731455627780.webp\",\"width\":913,\"height\":396,\"caption\":\"Rosal Instalaciones Agroindustriales\"},\"image\":{\"@id\":\"https:\/\/rosal-feedmills.com\/#\/schema\/logo\/image\/\"},\"sameAs\":[\"https:\/\/es.linkedin.com\/company\/rosal-instalaciones-agroindustriales-s-a\"]}]}<\/script>\n<!-- \/ Yoast SEO plugin. -->","yoast_head_json":{"title":"Maquinaria de peletizaci\u00f3n para alimentos y biomasa","description":"Descubra la maquinaria l\u00edder en peletizaci\u00f3n de alimento para animales, biomasa, residuos s\u00f3lidos y abono org\u00e1nico.","robots":{"index":"index","follow":"follow","max-snippet":"max-snippet:-1","max-image-preview":"max-image-preview:large","max-video-preview":"max-video-preview:-1"},"canonical":"https:\/\/rosal-feedmills.com\/mx\/maquinaria\/granulacion\/","og_locale":"es_MX","og_type":"article","og_title":"Maquinaria de peletizaci\u00f3n para alimentaci\u00f3n animal y biomasa","og_description":"Descubra la maquinaria l\u00edder en peletizaci\u00f3n de alimento para animales, biomasa, residuos s\u00f3lidos y abono org\u00e1nico.","og_url":"https:\/\/rosal-feedmills.com\/mx\/maquinaria\/granulacion\/","og_site_name":"Rosal Feedmills","article_modified_time":"2025-07-27T19:15:42+00:00","og_image":[{"width":1341,"height":1073,"url":"https:\/\/rosal-feedmills.com\/wp-content\/uploads\/2024\/11\/Peletizadoras-Mabrik-26.jpg","type":"image\/jpeg"}],"twitter_card":"summary_large_image","twitter_misc":{"Tiempo de lectura":"1 minuto"},"schema":{"@context":"https:\/\/schema.org","@graph":[{"@type":"WebPage","@id":"https:\/\/rosal-feedmills.com\/maquinaria\/granulacion\/","url":"https:\/\/rosal-feedmills.com\/maquinaria\/granulacion\/","name":"Maquinaria de peletizaci\u00f3n para alimentos y biomasa","isPartOf":{"@id":"https:\/\/rosal-feedmills.com\/#website"},"primaryImageOfPage":{"@id":"https:\/\/rosal-feedmills.com\/maquinaria\/granulacion\/#primaryimage"},"image":{"@id":"https:\/\/rosal-feedmills.com\/maquinaria\/granulacion\/#primaryimage"},"thumbnailUrl":"https:\/\/rosal-feedmills.com\/wp-content\/uploads\/2024\/11\/Peletizadoras-Mabrik-26.jpg","datePublished":"2021-03-30T11:29:27+00:00","dateModified":"2025-07-27T19:15:42+00:00","description":"Descubra la maquinaria l\u00edder en peletizaci\u00f3n de alimento para animales, biomasa, residuos s\u00f3lidos y abono org\u00e1nico.","breadcrumb":{"@id":"https:\/\/rosal-feedmills.com\/maquinaria\/granulacion\/#breadcrumb"},"inLanguage":"es","potentialAction":[{"@type":"ReadAction","target":["https:\/\/rosal-feedmills.com\/maquinaria\/granulacion\/"]}]},{"@type":"ImageObject","inLanguage":"es","@id":"https:\/\/rosal-feedmills.com\/maquinaria\/granulacion\/#primaryimage","url":"https:\/\/rosal-feedmills.com\/wp-content\/uploads\/2024\/11\/Peletizadoras-Mabrik-26.jpg","contentUrl":"https:\/\/rosal-feedmills.com\/wp-content\/uploads\/2024\/11\/Peletizadoras-Mabrik-26.jpg"},{"@type":"BreadcrumbList","@id":"https:\/\/rosal-feedmills.com\/maquinaria\/granulacion\/#breadcrumb","itemListElement":[{"@type":"ListItem","position":1,"name":"Portada","item":"https:\/\/rosal-feedmills.com\/"},{"@type":"ListItem","position":2,"name":"Maquinaria","item":"https:\/\/rosal-feedmills.com\/maquinaria\/"},{"@type":"ListItem","position":3,"name":"Peletizaci\u00f3n"}]},{"@type":"WebSite","@id":"https:\/\/rosal-feedmills.com\/#website","url":"https:\/\/rosal-feedmills.com\/","name":"Rosal","description":"Maquinaria y f\u00e1bricas completas para alimentaci\u00f3n animal","publisher":{"@id":"https:\/\/rosal-feedmills.com\/#organization"},"potentialAction":[{"@type":"SearchAction","target":{"@type":"EntryPoint","urlTemplate":"https:\/\/rosal-feedmills.com\/?s={search_term_string}"},"query-input":{"@type":"PropertyValueSpecification","valueRequired":true,"valueName":"search_term_string"}}],"inLanguage":"es"},{"@type":"Organization","@id":"https:\/\/rosal-feedmills.com\/#organization","name":"Rosal Instalaciones Agroindustriales","url":"https:\/\/rosal-feedmills.com\/","logo":{"@type":"ImageObject","inLanguage":"es","@id":"https:\/\/rosal-feedmills.com\/#\/schema\/logo\/image\/","url":"https:\/\/rosal-feedmills.com\/wp-content\/uploads\/2024\/11\/Logo-Rosal-complert-png-e1731455627780.webp","contentUrl":"https:\/\/rosal-feedmills.com\/wp-content\/uploads\/2024\/11\/Logo-Rosal-complert-png-e1731455627780.webp","width":913,"height":396,"caption":"Rosal Instalaciones Agroindustriales"},"image":{"@id":"https:\/\/rosal-feedmills.com\/#\/schema\/logo\/image\/"},"sameAs":["https:\/\/es.linkedin.com\/company\/rosal-instalaciones-agroindustriales-s-a"]}]}},"_links":{"self":[{"href":"https:\/\/rosal-feedmills.com\/mx\/wp-json\/wp\/v2\/pages\/1800","targetHints":{"allow":["GET"]}}],"collection":[{"href":"https:\/\/rosal-feedmills.com\/mx\/wp-json\/wp\/v2\/pages"}],"about":[{"href":"https:\/\/rosal-feedmills.com\/mx\/wp-json\/wp\/v2\/types\/page"}],"author":[{"embeddable":true,"href":"https:\/\/rosal-feedmills.com\/mx\/wp-json\/wp\/v2\/users\/2"}],"replies":[{"embeddable":true,"href":"https:\/\/rosal-feedmills.com\/mx\/wp-json\/wp\/v2\/comments?post=1800"}],"version-history":[{"count":71,"href":"https:\/\/rosal-feedmills.com\/mx\/wp-json\/wp\/v2\/pages\/1800\/revisions"}],"predecessor-version":[{"id":18496,"href":"https:\/\/rosal-feedmills.com\/mx\/wp-json\/wp\/v2\/pages\/1800\/revisions\/18496"}],"up":[{"embeddable":true,"href":"https:\/\/rosal-feedmills.com\/mx\/wp-json\/wp\/v2\/pages\/1951"}],"wp:attachment":[{"href":"https:\/\/rosal-feedmills.com\/mx\/wp-json\/wp\/v2\/media?parent=1800"}],"curies":[{"name":"wp","href":"https:\/\/api.w.org\/{rel}","templated":true}]}}