{"id":578,"date":"2021-03-10T14:46:51","date_gmt":"2021-03-10T14:46:51","guid":{"rendered":"http:\/\/rosal-feedmills.com.mialias.net\/?page_id=578"},"modified":"2025-10-17T09:35:06","modified_gmt":"2025-10-17T08:35:06","slug":"politica-de-privacidad","status":"publish","type":"page","link":"https:\/\/rosal-feedmills.com\/mx\/politica-de-privacidad\/","title":{"rendered":"Pol\u00edtica de privacidad"},"content":{"rendered":"<div data-elementor-type=\"wp-page\" data-elementor-id=\"578\" class=\"elementor elementor-578\" data-elementor-post-type=\"page\">\n\t\t\t\t<div class=\"elementor-element elementor-element-53725bc8 e-flex e-con-boxed e-con e-parent\" data-id=\"53725bc8\" data-element_type=\"container\" data-e-type=\"container\" data-settings=\"{&quot;background_background&quot;:&quot;classic&quot;}\">\n\t\t\t\t\t<div class=\"e-con-inner\">\n\t\t\t\t<div class=\"elementor-element elementor-element-8ec3386 elementor-widget elementor-widget-heading\" data-id=\"8ec3386\" data-element_type=\"widget\" data-e-type=\"widget\" data-widget_type=\"heading.default\">\n\t\t\t\t<div class=\"elementor-widget-container\">\n\t\t\t\t\t<h1 class=\"elementor-heading-title elementor-size-default\">Pol\u00edtica de privacidad<\/h1>\t\t\t\t<\/div>\n\t\t\t\t<\/div>\n\t\t\t\t<div class=\"elementor-element elementor-element-6a83dae6 elementor-widget elementor-widget-text-editor\" data-id=\"6a83dae6\" data-element_type=\"widget\" data-e-type=\"widget\" data-widget_type=\"text-editor.default\">\n\t\t\t\t<div class=\"elementor-widget-container\">\n\t\t\t\t\t\t\t\t\t <p>Le informamos que para el acceso de determinados contenidos o servicios ser\u00e1 necesario facilitar datos de car\u00e1cter personal. Los Usuarios garantizar\u00e1n su veracidad, exactitud, autenticidad de los datos. ROSAL INSTALACIONES AGROINDUSTRIALES S.A. preservar\u00e1 la confidencialidad y seguridad de sus datos personales y dar\u00e1 a los mismos el tratamiento automatizado que corresponda en funci\u00f3n de su naturaleza o finalidad, en los t\u00e9rminos indicados en la Secci\u00f3n de Pol\u00edtica de Protecci\u00f3n de Datos.<\/p>\n    <p>Es importante, y dada la normativa europea en Protecci\u00f3n de Datos Reglamento UE 2016\/679 del Parlamento y del Consejo Europeo, lea la Informaci\u00f3n B\u00e1sica. Tambi\u00e9n debe saber, que el hecho de dejar sus datos no atribuye, ni confirma, ni anula, ni legitima, ni perfecciona ning\u00fan v\u00ednculo contractual con nuestra empresa.<\/p>\n\n    <h2>Informaci\u00f3n b\u00e1sica<\/h2>\n    <p><strong>Responsable del tratamiento:<\/strong> ROSAL INSTALACIONES AGROINDUSTRIALES S.A.<br>\n    A08557282 Calle Roger de Flor (Pol. Ind. Can Vinyals S\/N) 08130 Santa Perpetua de la Mogoda <a href=\"mailto:j.rosal@rosal.biz\">j.rosal@rosal.biz<\/a> &#8211; 935741932<\/p>\n\n    <h3>Principios relativos al tratamiento<\/h3>\n    <ul>\n        <li>De manera l\u00edcita, leal y transparente en relaci\u00f3n con el interesado.<\/li>\n        <li>Recogidos con fines determinados, expl\u00edcitos y leg\u00edtimos, y no ser\u00e1n tratados ulteriormente de manera incompatible con dichos fines; con fines de archivo en inter\u00e9s p\u00fablico, fines de investigaci\u00f3n cient\u00edfica e hist\u00f3rica o fines estad\u00edsticos no se considerar\u00e1 incompatible con los fines iniciales.<\/li>\n        <li>Adecuados, pertinentes y limitados a lo necesario en relaci\u00f3n con los fines para los que son tratados.<\/li>\n        <li>Exactos y, si fuera necesario, actualizados; se adoptar\u00e1n todas las medidas razonables para que se supriman o rectifiquen sin dilaci\u00f3n los datos personales que sean inexactos con respecto a los fines para los que se tratan.<\/li>\n        <li>Mantenidos de forma que se permita la identificaci\u00f3n de los interesados durante no m\u00e1s tiempo del necesario para los fines del tratamiento de los datos personales; los datos personales podr\u00e1n conservarse durante per\u00edodos m\u00e1s largos siempre que se traten exclusivamente con fines de archivo en inter\u00e9s p\u00fablico, fines de investigaci\u00f3n cient\u00edfica o hist\u00f3rica o fines estad\u00edsticos.<\/li>\n        <li>Tratados de tal manera que se garantice una seguridad adecuada de los datos personales, incluida la protecci\u00f3n contra el tratamiento no autorizado o il\u00edcito y contra su p\u00e9rdida, destrucci\u00f3n o da\u00f1o accidental, mediante la aplicaci\u00f3n de medidas t\u00e9cnicas u organizativas apropiadas.<\/li>\n    <\/ul>\n\n    <p><strong>Idioma:<\/strong> El idioma aplicable a esta Pol\u00edtica de Privacidad es el castellano. Por tanto, en caso de que hubiera alguna contradicci\u00f3n en alguna de las versiones facilitadas en otros idiomas, prevalecer\u00e1 la versi\u00f3n en espa\u00f1ol. En cuanto a lo que a la interpretaci\u00f3n de los contratos se refiere, se atender\u00e1 espec\u00edficamente a los arts. 1281 y ss. del C\u00f3digo Civil.<\/p>\n\n    <h3>Finalidades<\/h3>\n    <ul>\n        <li>Gestionar servicios y ventas a clientes en el \u00e1mbito de nuestro objeto social: CNAE 2829 Fabricaci\u00f3n de otra maquinaria de uso general, ingenier\u00eda, producci\u00f3n, montaje y postventa.<\/li>\n        <li>Atender sus demandas, facturar estos servicios, gestionar desistimientos y reembolsos en los plazos legales previstos en la Ley 34\/2002, de 11 de julio, de servicios de la sociedad de la informaci\u00f3n y de comercio electr\u00f3nico, Real Decreto Legislativo 1\/2007, de 16 de noviembre, por el que se aprueba el texto refundido de la Ley General para la Defensa de los Consumidores y Usuarios y otras leyes complementarias.<\/li>\n        <li>Enviarle publicidad y promociones relacionadas con nuestro objeto social de acuerdo con sus \u00e1reas de inter\u00e9s, por cualquier medio sea postal, telem\u00e1tico; o a trav\u00e9s de medios de telefon\u00eda fija o m\u00f3vil. As\u00ed como, invitarles a eventos organizados por la empresa tanto presenciales como online.<\/li>\n    <\/ul>\n\n    <h3>Cumplimiento normativo<\/h3>\n    <p>Nos reservamos el derecho de almacenar y retener informaci\u00f3n proporcionada por usted, incluyendo los servicios utilizados, informaci\u00f3n que incluye informaci\u00f3n de cuenta y datos personales para cumplir con las leyes aplicables, cuando sea necesaria la aportaci\u00f3n de pruebas en arbitrajes o tribunales, manteni\u00e9ndolos bloqueados y seudonimizados, para garantizar su seguridad, secreto y confidencialidad.<\/p>\n\n    <h3>Licitud<\/h3>\n    <p>No trataremos datos sin el consentimiento expl\u00edcito para cada una de las finalidades, s\u00f3lo cuando:<\/p>\n    <ul>\n        <li>Cuando sea necesario para la ejecuci\u00f3n de un contrato en el que el interesado es parte o para la aplicaci\u00f3n a petici\u00f3n de este de medidas precontractuales.<\/li>\n        <li>Cuando sea necesario para el cumplimiento de una obligaci\u00f3n legal aplicable al responsable del tratamiento.<\/li>\n        <li>Cuando sea necesario el tratamiento es necesario para proteger intereses vitales del interesado o de otra persona f\u00edsica;<\/li>\n        <li>Cuando sea necesario para la satisfacci\u00f3n de intereses leg\u00edtimos perseguidos por el responsable del tratamiento o por un tercero, siempre que sobre dichos intereses no prevalezcan los intereses o los derechos y libertades fundamentales del interesado que requieran la protecci\u00f3n de datos personales, en particular cuando el interesado sea un ni\u00f1o.<\/li>\n    <\/ul>\n    <p>Para ello procuraremos la existencia de garant\u00edas adecuadas, que podr\u00e1n incluir el cifrado o la seudonimizaci\u00f3n de los datos, para que quede protegida la identidad del usuario.<\/p>\n\n    <h3>Delegado de protecci\u00f3n de datos<\/h3>\n    <p>Para cualquier solicitud que tenga que ver con sus derechos fundamentales descritos en el art\u00edculo 8, apartado 1, de la Carta de los Derechos Fundamentales de la Uni\u00f3n Europea y el art\u00edculo 16, apartado 1, del Tratado de Funcionamiento de la Uni\u00f3n Europea (TFUE), Declaraci\u00f3n Universal de los Derechos Humanos en su art\u00edculo 12, art. 17 del Pacto Internacional de los Derechos Civiles y Pol\u00edticos adoptado por la Asamblea de las Naciones Unidas, art.11 de la Convenci\u00f3n Americana sobre Derechos Humanos, tambi\u00e9n llamado Pacto de San Jos\u00e9 de Costa Rica, y los descritos entre los arts. 14 al 29 de la Constituci\u00f3n Espa\u00f1ola. Podr\u00e1 dirigirse a: <a href=\"mailto:j.rosal@rosal.biz\">j.rosal@rosal.biz<\/a> &#8211; 935741932<\/p>\n\n    <h3>Legitimaci\u00f3n<\/h3>\n    <p>Consentimiento, relaci\u00f3n contractual e inter\u00e9s leg\u00edtimo.<\/p>\n\n    <h3>Base legal<\/h3>\n    <p>Reglamento (UE) 2016\/679 del Parlamento Europeo y del Consejo, de 27 de abril de 2016, relativo a la protecci\u00f3n de las personas f\u00edsicas en lo que respecta al tratamiento de datos personales y la libre circulaci\u00f3n de estos datos, Ley org\u00e1nica 3\/2018, de 5 de diciembre, de Protecci\u00f3n de datos personales y garant\u00eda de los derechos digitales, Ley 34\/2002, de 11 de julio, de servicios de la sociedad de la informaci\u00f3n y de comercio electr\u00f3nico. Real Decreto Legislativo 1\/2007, de 16 de noviembre, por el que se aprueba el texto refundido de la Ley General para la Defensa de los Consumidores y Usuarios y otras leyes complementarias.<\/p>\n <h3>Destinatarios<\/h3>\n    <p>Cedemos datos a terceros tales como operadores que gestionan la p\u00e1gina web y que mantiene nuestra aplicaci\u00f3n inform\u00e1tica que nos permite la gesti\u00f3n ordinaria de nuestros servicios, imprescindibles para la gesti\u00f3n de nuestra actividad.<\/p>\n\n    <h3>Duraci\u00f3n<\/h3>\n    <p>Los datos proporcionados se conservar\u00e1n durante un per\u00edodo de 5 a\u00f1os desde la \u00faltima contrataci\u00f3n, salvo que usted antes haya solicitado el bloqueo o borrado de los mismos; o bien, lo prescrito en la legislaci\u00f3n tributaria. Los datos fiscales ser\u00e1n guardados durante 5 a\u00f1os por prescripci\u00f3n legal.<\/p>\n\n    <h3>Calidad de los datos<\/h3>\n    <p>Todos los datos solicitados a trav\u00e9s del sitio web son obligatorios, ya que son necesarios para la prestaci\u00f3n de un servicio \u00f3ptimo al usuario. En caso de que no sean facilitados todos los datos, el prestador no garantiza la prestaci\u00f3n de los servicios solicitados.<\/p>\n    <p>El usuario ser\u00e1 el \u00fanico responsable respecto a la veracidad y actualizaci\u00f3n de los datos aportados a trav\u00e9s de los diferentes formularios del sitio web.<\/p>\n\n    <h3>Elaboraci\u00f3n de perfiles<\/h3>\n    <p>No tratamos sus datos personales de forma automatizada para la elaboraci\u00f3n de perfiles en la p\u00e1gina web, salvo para estad\u00edsticas que no comprometen ning\u00fan derecho fundamental de los interesados.<\/p>\n\n    <h3>Informaci\u00f3n adicional<\/h3>\n    <p>Usted en todo momento podr\u00e1 pedir informaci\u00f3n adicional sobre sus datos personales (\u201csegunda capa\u00bb), en la misma direcci\u00f3n que le facilitamos para poder ejercer sus derechos.<\/p>\n\n    <h3>Menores de edad<\/h3>\n    <p>Nuestros servicios no van dirigidos a personas menores de edad o incapacitados. Entendemos que tienen la autorizaci\u00f3n y consentimiento de sus padres, tutores o representantes legales. Ser\u00e1 bajo su responsabilidad la utilizaci\u00f3n de estos, ya sea por negligencia o por culpa invigilando, que pudiera ocasionar una responsabilidad extracontractual.<\/p>\n\n    <h3>Transferencias internacionales de datos<\/h3>\n    <p>En algunos casos, para poder ofrecerle un mejor servicio, podremos realizar transferencias internacionales de datos que se regir\u00e1n por lo dispuesto en el Reglamento (UE) 2016\/679 y con diferentes soportes legales previstos en el mismo:<\/p>\n    <ul>\n        <li>Por su consentimiento expl\u00edcito guardando todas las garant\u00edas legales para proteger su intimidad, con la m\u00e1xima seguridad guardando secreto y confidencialidad de los datos.<\/li>\n        <li>A trav\u00e9s de cl\u00e1usulas contractuales definidas en el art\u00edculo 46.2.c del Reglamento UE 2016\/679, que se someter\u00e1n previamente al dictamen del Comit\u00e9 Europeo de Protecci\u00f3n de Datos previsto en el art\u00edculo 64 del Reglamento.<\/li>\n        <li>Normas corporativas vinculantes de acuerdo con lo previsto en el art\u00edculo 47 del Reglamento (UE) 2016\/679.<\/li>\n        <li>Las transferencias internacionales de datos a pa\u00edses u organizaciones internacionales que no cuenten con decisi\u00f3n de adecuaci\u00f3n aprobada por la Comisi\u00f3n o que no se amparen en alguna de las garant\u00edas previstas en el art\u00edculo anterior y en el art\u00edculo 46.2 del Reglamento (UE) 2016\/679, requerir\u00e1n una previa autorizaci\u00f3n de la Agencia Espa\u00f1ola de Protecci\u00f3n de Datos.<\/li>\n    <\/ul>\n\n    <h3>Derechos<\/h3>\n    <p>Usted podr\u00e1 ejercer los derechos de acceso, rectificaci\u00f3n, cancelaci\u00f3n y\/u oposici\u00f3n, as\u00ed como el derecho limitaci\u00f3n de la finalidad y portabilidad. Puede usted dirigirse a nuestra direcci\u00f3n de correo: <a href=\"mailto:j.rosal@rosal.biz\">j.rosal@rosal.biz<\/a> ; o bien, a nuestra direcci\u00f3n postal dirigi\u00e9ndose al responsable del Fichero de nuestra empresa. Para ello ser\u00e1 necesario aportar los datos personales y documentos que lo acrediten, junto con su petici\u00f3n.<\/p>\n    <p>Documentos necesarios:<\/p>\n    <ul>\n        <li>Fotocopia DNI<\/li>\n        <li>Identificaci\u00f3n y representaci\u00f3n suficiente.<\/li>\n        <li>Explicaci\u00f3n y objeto de la reclamaci\u00f3n.<\/li>\n        <li>Domicilio para env\u00edo de comunicaciones, o correo electr\u00f3nico, para ponernos en contacto con usted lo antes posible.<\/li>\n    <\/ul>\n\n    <h3>Informaci\u00f3n complementaria<\/h3>\n    <p>Usted tiene derecho a obtener confirmaci\u00f3n sobre c\u00f3mo nuestra empresa est\u00e1 tratando sus datos personales. Por lo tanto, tiene derecho a acceder a sus datos personales, los datos inexactos o solicitar su supresi\u00f3n cuando los datos ya no sean necesarios para los fines que fueron recogidos en cualquier momento, de forma sencilla y gratuita.<\/p>\n    <p>Tambi\u00e9n podr\u00e1 darse de baja para la recepci\u00f3n de los mensajes promocionales, en cumplimiento de la LSSICE 34\/2002. Para ello es necesario aportar los siguientes datos:<\/p>\n    <ul\t\t\t\t\t\t\t\t<\/div>\n\t\t\t\t<\/div>\n\t\t\t\t\t<\/div>\n\t\t\t\t<\/div>\n\t\t\t\t<\/div>","protected":false},"excerpt":{"rendered":"<p>Pol\u00edtica de privacidad Le informamos que para el acceso de determinados contenidos o servicios ser\u00e1 necesario facilitar datos de car\u00e1cter personal. Los Usuarios garantizar\u00e1n su veracidad, exactitud, autenticidad de los datos. ROSAL INSTALACIONES AGROINDUSTRIALES S.A. preservar\u00e1 la confidencialidad y seguridad de sus datos personales y dar\u00e1 a los mismos el tratamiento automatizado que corresponda en [&hellip;]<\/p>\n","protected":false},"author":2,"featured_media":0,"parent":0,"menu_order":0,"comment_status":"closed","ping_status":"closed","template":"","meta":{"footnotes":""},"class_list":["post-578","page","type-page","status-publish","hentry"],"yoast_head":"<!-- This site is optimized with the Yoast SEO plugin v27.2 - https:\/\/yoast.com\/product\/yoast-seo-wordpress\/ -->\n<title>Pol\u00edtica de privacidad | Rosal Feedmills<\/title>\n<meta name=\"robots\" content=\"noindex, nofollow\" \/>\n<meta property=\"og:locale\" content=\"es_MX\" \/>\n<meta property=\"og:type\" content=\"article\" \/>\n<meta property=\"og:title\" content=\"Pol\u00edtica de privacidad | Rosal Feedmills\" \/>\n<meta property=\"og:description\" content=\"Pol\u00edtica de privacidad Le informamos que para el acceso de determinados contenidos o servicios ser\u00e1 necesario facilitar datos de car\u00e1cter personal. Los Usuarios garantizar\u00e1n su veracidad, exactitud, autenticidad de los datos. ROSAL INSTALACIONES AGROINDUSTRIALES S.A. preservar\u00e1 la confidencialidad y seguridad de sus datos personales y dar\u00e1 a los mismos el tratamiento automatizado que corresponda en [&hellip;]\" \/>\n<meta property=\"og:url\" content=\"https:\/\/rosal-feedmills.com\/mx\/politica-de-privacidad\/\" \/>\n<meta property=\"og:site_name\" content=\"Rosal Feedmills\" \/>\n<meta property=\"article:modified_time\" content=\"2025-10-17T08:35:06+00:00\" \/>\n<meta property=\"og:image\" content=\"https:\/\/rosal-feedmills.com\/wp-content\/uploads\/2024\/11\/16_1-jpg.webp\" \/>\n\t<meta property=\"og:image:width\" content=\"1996\" \/>\n\t<meta property=\"og:image:height\" content=\"1121\" \/>\n\t<meta property=\"og:image:type\" content=\"image\/jpeg\" \/>\n<meta name=\"twitter:card\" content=\"summary_large_image\" \/>\n<meta name=\"twitter:label1\" content=\"Tiempo de lectura\" \/>\n\t<meta name=\"twitter:data1\" content=\"8 minutos\" \/>\n<script type=\"application\/ld+json\" class=\"yoast-schema-graph\">{\"@context\":\"https:\/\/schema.org\",\"@graph\":[{\"@type\":\"WebPage\",\"@id\":\"https:\/\/rosal-feedmills.com\/politica-de-privacidad\/\",\"url\":\"https:\/\/rosal-feedmills.com\/politica-de-privacidad\/\",\"name\":\"Pol\u00edtica de privacidad | Rosal Feedmills\",\"isPartOf\":{\"@id\":\"https:\/\/rosal-feedmills.com\/#website\"},\"datePublished\":\"2021-03-10T14:46:51+00:00\",\"dateModified\":\"2025-10-17T08:35:06+00:00\",\"breadcrumb\":{\"@id\":\"https:\/\/rosal-feedmills.com\/politica-de-privacidad\/#breadcrumb\"},\"inLanguage\":\"es\",\"potentialAction\":[{\"@type\":\"ReadAction\",\"target\":[\"https:\/\/rosal-feedmills.com\/politica-de-privacidad\/\"]}]},{\"@type\":\"BreadcrumbList\",\"@id\":\"https:\/\/rosal-feedmills.com\/politica-de-privacidad\/#breadcrumb\",\"itemListElement\":[{\"@type\":\"ListItem\",\"position\":1,\"name\":\"Portada\",\"item\":\"https:\/\/rosal-feedmills.com\/\"},{\"@type\":\"ListItem\",\"position\":2,\"name\":\"Pol\u00edtica de privacidad\"}]},{\"@type\":\"WebSite\",\"@id\":\"https:\/\/rosal-feedmills.com\/#website\",\"url\":\"https:\/\/rosal-feedmills.com\/\",\"name\":\"Rosal\",\"description\":\"Maquinaria y f\u00e1bricas completas para alimentaci\u00f3n animal\",\"publisher\":{\"@id\":\"https:\/\/rosal-feedmills.com\/#organization\"},\"potentialAction\":[{\"@type\":\"SearchAction\",\"target\":{\"@type\":\"EntryPoint\",\"urlTemplate\":\"https:\/\/rosal-feedmills.com\/?s={search_term_string}\"},\"query-input\":{\"@type\":\"PropertyValueSpecification\",\"valueRequired\":true,\"valueName\":\"search_term_string\"}}],\"inLanguage\":\"es\"},{\"@type\":\"Organization\",\"@id\":\"https:\/\/rosal-feedmills.com\/#organization\",\"name\":\"Rosal Instalaciones Agroindustriales\",\"url\":\"https:\/\/rosal-feedmills.com\/\",\"logo\":{\"@type\":\"ImageObject\",\"inLanguage\":\"es\",\"@id\":\"https:\/\/rosal-feedmills.com\/#\/schema\/logo\/image\/\",\"url\":\"https:\/\/rosal-feedmills.com\/wp-content\/uploads\/2024\/11\/Logo-Rosal-complert-png-e1731455627780.webp\",\"contentUrl\":\"https:\/\/rosal-feedmills.com\/wp-content\/uploads\/2024\/11\/Logo-Rosal-complert-png-e1731455627780.webp\",\"width\":913,\"height\":396,\"caption\":\"Rosal Instalaciones Agroindustriales\"},\"image\":{\"@id\":\"https:\/\/rosal-feedmills.com\/#\/schema\/logo\/image\/\"},\"sameAs\":[\"https:\/\/es.linkedin.com\/company\/rosal-instalaciones-agroindustriales-s-a\"]}]}<\/script>\n<!-- \/ Yoast SEO plugin. -->","yoast_head_json":{"title":"Pol\u00edtica de privacidad | Rosal Feedmills","robots":{"index":"noindex","follow":"nofollow"},"og_locale":"es_MX","og_type":"article","og_title":"Pol\u00edtica de privacidad | Rosal Feedmills","og_description":"Pol\u00edtica de privacidad Le informamos que para el acceso de determinados contenidos o servicios ser\u00e1 necesario facilitar datos de car\u00e1cter personal. Los Usuarios garantizar\u00e1n su veracidad, exactitud, autenticidad de los datos. ROSAL INSTALACIONES AGROINDUSTRIALES S.A. preservar\u00e1 la confidencialidad y seguridad de sus datos personales y dar\u00e1 a los mismos el tratamiento automatizado que corresponda en [&hellip;]","og_url":"https:\/\/rosal-feedmills.com\/mx\/politica-de-privacidad\/","og_site_name":"Rosal Feedmills","article_modified_time":"2025-10-17T08:35:06+00:00","og_image":[{"width":1996,"height":1121,"url":"https:\/\/rosal-feedmills.com\/wp-content\/uploads\/2024\/11\/16_1-jpg.webp","type":"image\/jpeg"}],"twitter_card":"summary_large_image","twitter_misc":{"Tiempo de lectura":"8 minutos"},"schema":{"@context":"https:\/\/schema.org","@graph":[{"@type":"WebPage","@id":"https:\/\/rosal-feedmills.com\/politica-de-privacidad\/","url":"https:\/\/rosal-feedmills.com\/politica-de-privacidad\/","name":"Pol\u00edtica de privacidad | Rosal Feedmills","isPartOf":{"@id":"https:\/\/rosal-feedmills.com\/#website"},"datePublished":"2021-03-10T14:46:51+00:00","dateModified":"2025-10-17T08:35:06+00:00","breadcrumb":{"@id":"https:\/\/rosal-feedmills.com\/politica-de-privacidad\/#breadcrumb"},"inLanguage":"es","potentialAction":[{"@type":"ReadAction","target":["https:\/\/rosal-feedmills.com\/politica-de-privacidad\/"]}]},{"@type":"BreadcrumbList","@id":"https:\/\/rosal-feedmills.com\/politica-de-privacidad\/#breadcrumb","itemListElement":[{"@type":"ListItem","position":1,"name":"Portada","item":"https:\/\/rosal-feedmills.com\/"},{"@type":"ListItem","position":2,"name":"Pol\u00edtica de privacidad"}]},{"@type":"WebSite","@id":"https:\/\/rosal-feedmills.com\/#website","url":"https:\/\/rosal-feedmills.com\/","name":"Rosal","description":"Maquinaria y f\u00e1bricas completas para alimentaci\u00f3n animal","publisher":{"@id":"https:\/\/rosal-feedmills.com\/#organization"},"potentialAction":[{"@type":"SearchAction","target":{"@type":"EntryPoint","urlTemplate":"https:\/\/rosal-feedmills.com\/?s={search_term_string}"},"query-input":{"@type":"PropertyValueSpecification","valueRequired":true,"valueName":"search_term_string"}}],"inLanguage":"es"},{"@type":"Organization","@id":"https:\/\/rosal-feedmills.com\/#organization","name":"Rosal Instalaciones Agroindustriales","url":"https:\/\/rosal-feedmills.com\/","logo":{"@type":"ImageObject","inLanguage":"es","@id":"https:\/\/rosal-feedmills.com\/#\/schema\/logo\/image\/","url":"https:\/\/rosal-feedmills.com\/wp-content\/uploads\/2024\/11\/Logo-Rosal-complert-png-e1731455627780.webp","contentUrl":"https:\/\/rosal-feedmills.com\/wp-content\/uploads\/2024\/11\/Logo-Rosal-complert-png-e1731455627780.webp","width":913,"height":396,"caption":"Rosal Instalaciones Agroindustriales"},"image":{"@id":"https:\/\/rosal-feedmills.com\/#\/schema\/logo\/image\/"},"sameAs":["https:\/\/es.linkedin.com\/company\/rosal-instalaciones-agroindustriales-s-a"]}]}},"_links":{"self":[{"href":"https:\/\/rosal-feedmills.com\/mx\/wp-json\/wp\/v2\/pages\/578","targetHints":{"allow":["GET"]}}],"collection":[{"href":"https:\/\/rosal-feedmills.com\/mx\/wp-json\/wp\/v2\/pages"}],"about":[{"href":"https:\/\/rosal-feedmills.com\/mx\/wp-json\/wp\/v2\/types\/page"}],"author":[{"embeddable":true,"href":"https:\/\/rosal-feedmills.com\/mx\/wp-json\/wp\/v2\/users\/2"}],"replies":[{"embeddable":true,"href":"https:\/\/rosal-feedmills.com\/mx\/wp-json\/wp\/v2\/comments?post=578"}],"version-history":[{"count":17,"href":"https:\/\/rosal-feedmills.com\/mx\/wp-json\/wp\/v2\/pages\/578\/revisions"}],"predecessor-version":[{"id":19063,"href":"https:\/\/rosal-feedmills.com\/mx\/wp-json\/wp\/v2\/pages\/578\/revisions\/19063"}],"wp:attachment":[{"href":"https:\/\/rosal-feedmills.com\/mx\/wp-json\/wp\/v2\/media?parent=578"}],"curies":[{"name":"wp","href":"https:\/\/api.w.org\/{rel}","templated":true}]}}