{"id":580,"date":"2021-03-10T15:04:05","date_gmt":"2021-03-10T15:04:05","guid":{"rendered":"http:\/\/rosal-feedmills.com.mialias.net\/?page_id=580"},"modified":"2025-10-17T09:29:47","modified_gmt":"2025-10-17T08:29:47","slug":"politica-de-cookies","status":"publish","type":"page","link":"https:\/\/rosal-feedmills.com\/mx\/politica-de-cookies\/","title":{"rendered":"Pol\u00edtica de cookies"},"content":{"rendered":"<div data-elementor-type=\"wp-page\" data-elementor-id=\"580\" class=\"elementor elementor-580\" data-elementor-post-type=\"page\">\n\t\t\t\t<div class=\"elementor-element elementor-element-09253d7 e-flex e-con-boxed e-con e-parent\" data-id=\"09253d7\" data-element_type=\"container\" data-e-type=\"container\" data-settings=\"{&quot;background_background&quot;:&quot;classic&quot;}\">\n\t\t\t\t\t<div class=\"e-con-inner\">\n\t\t\t\t<div class=\"elementor-element elementor-element-4a791be elementor-widget elementor-widget-heading\" data-id=\"4a791be\" data-element_type=\"widget\" data-e-type=\"widget\" data-widget_type=\"heading.default\">\n\t\t\t\t<div class=\"elementor-widget-container\">\n\t\t\t\t\t<h1 class=\"elementor-heading-title elementor-size-default\">Pol\u00edtica de cookies<\/h1>\t\t\t\t<\/div>\n\t\t\t\t<\/div>\n\t\t\t\t<div class=\"elementor-element elementor-element-efeb535 elementor-widget elementor-widget-text-editor\" data-id=\"efeb535\" data-element_type=\"widget\" data-e-type=\"widget\" data-widget_type=\"text-editor.default\">\n\t\t\t\t<div class=\"elementor-widget-container\">\n\t\t\t\t\t\t\t\t\t    <p>ROSAL INSTALACIONES AGROINDUSTRIALES S.A. le da la bienvenida y le invita a leer atentamente las Pol\u00edtica de COOKIES de este Sitio Web (en adelante Pol\u00edtica de COOKIES) que describen los t\u00e9rminos y condiciones que ser\u00e1n aplicables a su navegaci\u00f3n por el mismo, de conformidad con lo establecido en la normativa espa\u00f1ola de aplicaci\u00f3n. Dado que www.nouenergia.com podr\u00eda modificar en el futuro esta Pol\u00edtica de COOKIES, le recomendamos que las visite peri\u00f3dicamente para estar debidamente informado de los cambios realizados.<\/p>\n\n    <p>Con el \u00e1nimo de que el Sitio Web se ajuste a los criterios de transparencia, claridad y sencillez, se recomienda al Usuario que cualquier sugerencia, duda o consulta sobre las Pol\u00edtica de Privacidad pueda solucionarla contactando con www.rosal-feedmills.com a trav\u00e9s de la direcci\u00f3n de correo electr\u00f3nico: j.rosal@rosal.biz &#8211; 935741932. La Pol\u00edtica de cookies est\u00e1 en castellano y es la versi\u00f3n aut\u00e9ntica.<\/p>\n\n    <h2>Tipos y tipolog\u00eda de cookies empleadas en nuestra p\u00e1gina web:<\/h2>\n    <ol>\n        <li>\n            <strong>Cookies de an\u00e1lisis de origen:<\/strong> utilizamos estas cookies para estimar la cantidad de visitantes \u00fanicos, para mejorar nuestros sitios web y los sitios web de nuestros comerciantes, y para detectar las palabras m\u00e1s buscadas en los motores de b\u00fasqueda que conducen a una p\u00e1gina web. Estas cookies no se utilizan para apuntarle con marketing en l\u00ednea. Usamos estas cookies para saber c\u00f3mo funcionan nuestros sitios web y los sitios web de nuestros comerciantes y realizar mejoras relevantes para mejorar su experiencia de navegaci\u00f3n. <em>Operativas<\/em>\n        <\/li>\n        <li>\n            <strong>Cookies de an\u00e1lisis de terceros:<\/strong> tambi\u00e9n utilizamos Google Analytics y otros proveedores de an\u00e1lisis de terceros enumerados a continuaci\u00f3n para ayudar a medir c\u00f3mo los usuarios interact\u00faan con el contenido de nuestro sitio web. Estas cookies \u00abrecuerdan\u00bb lo que nuestros usuarios han hecho en p\u00e1ginas anteriores y c\u00f3mo han interactuado con el sitio web. Para obtener m\u00e1s informaci\u00f3n sobre Google Analytics, visite la p\u00e1gina de informaci\u00f3n de Google. Para obtener instrucciones sobre c\u00f3mo darse de baja de Google Analytics, consulte a continuaci\u00f3n. <em>Operativas<\/em>\n        <\/li>\n    <\/ol>\n\n    <ul>\n        <li><strong>Las cookies publicitarias:<\/strong> Se utilizan en nuestro sitio web para personalizar el marketing para usted y sus intereses y brindarle un servicio m\u00e1s personalizado en el futuro. Estas cookies recuerdan que usted visit\u00f3 nuestro sitio web y podemos compartir esta informaci\u00f3n con terceros, como los anunciantes. Aunque estas cookies pueden rastrear las visitas de su dispositivo a nuestro sitio web y otros sitios, en general no pueden identificarlo personalmente. Sin estas cookies, los anuncios que ve pueden ser menos relevantes e interesantes para usted. Lea m\u00e1s sobre c\u00f3mo las empresas usan cookies para realizar publicidad dirigida o reorientada aqu\u00ed. No establecemos cookies publicitarias a trav\u00e9s de los escaparates de nuestros comerciantes, aunque los comerciantes pueden optar por hacerlo de forma independiente. <em>No operativas<\/em><\/li>\n\n        <li><strong>Las cookies sociales y de contenido:<\/strong> Se colocan en muchos complementos de redes sociales (por ejemplo, el bot\u00f3n \u00abme gusta\u00bb de Facebook) y otras herramientas destinadas a proporcionar o mejorar el contenido de un sitio web (por ejemplo, servicios que permiten la reproducci\u00f3n de archivos de video, o que crean secciones de comentarios). Integramos estos m\u00f3dulos en nuestra plataforma para mejorar la experiencia de navegar e interactuar con nuestros sitios web. Tenga en cuenta que algunos de estos servicios de terceros colocan cookies que tambi\u00e9n se utilizan para cosas como publicidad conductual, an\u00e1lisis y \/ o investigaci\u00f3n de mercado. <em>No operativas<\/em><\/li>\n    <\/ul>\n\n    <h2>\u00bfCu\u00e1nto tiempo permanecer\u00e1n las cookies en mi computadora o dispositivo m\u00f3vil?<\/h2>\n    <p>El per\u00edodo de tiempo que una cookie permanece en su computadora o dispositivo m\u00f3vil depende de si es una cookie \u00abpersistente\u00bb o de \u00absesi\u00f3n\u00bb. Las cookies de sesi\u00f3n duran hasta que deja de navegar y las cookies persistentes duran hasta que caduquen o se eliminen. La mayor\u00eda de las cookies que utilizamos son persistentes y caducar\u00e1n entre 30 minutos y dos a\u00f1os a partir de la fecha de descarga en su dispositivo. Consulte la secci\u00f3n a continuaci\u00f3n sobre c\u00f3mo controlar las cookies para obtener m\u00e1s informaci\u00f3n sobre c\u00f3mo eliminarlas antes de que caduquen.<\/p>\n\n    <h2>\u00bfC\u00f3mo controlar las cookies?<\/h2>\n    <p>Puede controlar y administrar las cookies de varias maneras. Tenga en cuenta que eliminar o bloquear las cookies puede afectar negativamente su experiencia de usuario y es posible que algunas partes de nuestro sitio web ya no sean totalmente accesibles. La mayor\u00eda de los navegadores aceptan autom\u00e1ticamente las cookies, pero puede elegir si acepta o no las cookies a trav\u00e9s de los controles de su navegador, que a menudo se encuentran en el men\u00fa \u00abHerramientas\u00bb o \u00abPreferencias\u00bb de su navegador. Para obtener m\u00e1s informaci\u00f3n sobre c\u00f3mo modificar la configuraci\u00f3n de su navegador o c\u00f3mo bloquear, administrar o filtrar las cookies, puede encontrarlas en el archivo de ayuda de su navegador o en sitios como: <a href=\"http:\/\/www.allaboutcookies.org\" target=\"_blank\">www.allaboutcookies.org<\/a>. Muchos de los servicios de publicidad de terceros y otros servicios de seguimiento mencionados anteriormente le ofrecen la oportunidad de optar por no participar en sus sistemas de seguimiento. Puede leer m\u00e1s sobre la informaci\u00f3n que recopilan y c\u00f3mo darse de baja a trav\u00e9s de los enlaces de pol\u00edtica de privacidad mencionados anteriormente.<\/p>\n\n    <h2>\u00bfQu\u00e9 son las cookies?<\/h2>\n    <p>Las cookies sirven para almacenar y recuperar informaci\u00f3n relativa a los usuarios que visitan una web. Se usan para hacer seguimiento de las p\u00e1ginas visitadas, as\u00ed como para recordar ciertas acciones del usuario tales como preferencias de navegaci\u00f3n. Estas preferencias son recordadas cuando un usuario visita de nuevo la p\u00e1gina.<\/p>\n\n    <h2>\u00bfQu\u00e9 informaci\u00f3n guardan en la web?<\/h2>\n    <ol>\n        <li>Informaci\u00f3n estad\u00edstica del uso del site.<\/li>\n        <li>Registro de actividad que ha llevado a cabo el visitante (p\u00e1ginas vistas, b\u00fasquedas, compras, etc.)<\/li>\n        <li>Datos de conexi\u00f3n a redes sociales para los usuarios que acceden con su usuario de Facebook o Twitter.<\/li>\n    <\/ol>\n\n    <h2>\u00bfQu\u00e9 pasa si bloqueo su uso?<\/h2>\n    <p>En caso de bloquear su uso, es posible que algunos servicios del web no est\u00e9n disponibles.<\/p>\n\n    <h2>\u00bfC\u00f3mo puedo bloquear las cookies en mi navegador?<\/h2>\n    <p>En los siguientes enlaces encontrar\u00e1 informaci\u00f3n relativa en su navegador:<\/p>\n    <ol>\n        <li>Chrome<\/li>\n        <li>Firefox<\/li>\n        <li>Safari<\/li>\n        <li>Internet Explorer<\/li>\n    <\/ol>\n\n    <h2>\u00bfQu\u00e9 pasa si desactivo las Cookies?<\/h2>\n    <p>Porque entiende las consecuencias que puede tener desactivar las cookies le mostramos algunos ejemplos:<\/p>\n    <ul>\n        <li>No podr\u00e1 compartir contenidos de esta web en Facebook, Twitter o cualquier otra red social.<\/li>\n        <li>El sitio web no podr\u00e1 adaptar los contenidos a sus preferencias personales, como suele ocurrir en las tiendas en l\u00ednea.<\/li>\n        <li>No podr\u00e1 acceder al \u00e1rea personal de esta web, como por ejemplo Mi cuenta, o Mi perfil o Mis pedidos.<\/li>\n        <li>Tiendas en l\u00ednea: Le ser\u00e1 imposible realizar compras en l\u00ednea, deber\u00e1n ser telef\u00f3nicas o visitando la tienda f\u00edsica si es que la tienen.<\/li>\n        <li>No ser\u00e1 posible personalizar sus preferencias geogr\u00e1ficas como franja horaria, divisa o idioma.<\/li>\n        <li>El sitio web no podr\u00e1 realizar anal\u00edticas web sobre visitantes y tr\u00e1fico en la web, esto dificultar\u00e1 que la web sea competitiva.<\/li>\n        <li>No podr\u00e1 escribir en el blog, no podr\u00e1 subir im\u00e1genes, publicar comentarios, valorar o puntuar contenidos. La web tampoco podr\u00e1 saber si usted es un humano o una aplicaci\u00f3n automatizada que publica spam.<\/li>\n        <li>No se podr\u00e1 mostrar publicidad sectorizada, esto reducir\u00e1 los ingresos publicitarios de la web.<\/li>\n        <li>Todas las redes sociales hacen uso de cookies, si las desactiva, no podr\u00e1 utilizar ninguna red social.<\/li>\n    <\/ul>\n\n    <h2>\u00bfSe pueden eliminar las cookies?<\/h2>\n    <p>S\u00ed. No s\u00f3lo eliminar, tambi\u00e9n bloquear, de forma general o particular para un dominio espec\u00edfico. Para eliminar las cookies de un sitio web tiene que ir a la configuraci\u00f3n de su navegador y all\u00ed podr\u00e1 buscar las asociadas al dominio en cuesti\u00f3n y proceder a su eliminaci\u00f3n.<\/p>\n\n    <h2>Configuraci\u00f3n de cookies para los navegadores m\u00e1s populares<\/h2>\n    <p>A continuaci\u00f3n, le indicamos c\u00f3mo acceder a una cookie determinada del navegador Chrome. Nota: estos pasos pueden variar en funci\u00f3n del navegador y su versi\u00f3n:<\/p>\n    <ol>\n        <li>Vaya a Configuraci\u00f3n o Preferencias mediante el men\u00fa Archivo o bien pulsando el icono de personalizaci\u00f3n que aparece arriba a la derecha.<\/li>\n        <li>Ver\u00e1 diferentes secciones, elija la opci\u00f3n Mostrar opciones avanzadas.<\/li>\n        <li>Vaya a Privacidad, Configuraci\u00f3n de contenido.<\/li>\n        <li>Seleccione Todas las cookies y los datos de lugares.<\/li>\n        <li>Aparecer\u00e1 un listado con todas las cookies ordenadas por dominio. Para que le sea m\u00e1s f\u00e1cil encontrar las Cookies de un determinado dominio introduzca parcial o totalmente la direcci\u00f3n en el campo Buscar cookies.<\/li>\n        <li>Una vez realizado este filtro aparecer\u00e1n en pantalla una o varias l\u00edneas con las Cookies de la web solicitada. Ahora s\u00f3lo tiene que seleccionarla y pulsar la X para proceder a su Eliminaci\u00f3n.<\/li>\n    <\/ol>\n\n    <p>Para acceder a la configuraci\u00f3n de cookies del navegador Internet Explorer hace lo siguiente (pueden variar en funci\u00f3n de la versi\u00f3n del navegador):<\/p>\n    <ol>\n        <li>Ir a Herramientas, Opciones de Internet<\/li>\n        <li>Haga clic en Privacidad.<\/li>\n        <li>Mueve el desplegable hasta ajustar el nivel de privacidad que desee.<\/li>\n    <\/ol>\n\n    <p>Para acceder a la configuraci\u00f3n de cookies del navegador Firefox hace lo siguiente (pueden variar en funci\u00f3n de la versi\u00f3n del navegador):<\/p>\n    <ol>\n        <li>Vaya a Opciones o Preferencias seg\u00fan su sistema operativo.<\/li>\n        <li>Haga clic en Privacidad.<\/li>\n        <li>En Hist\u00f3rico elige Usar una configuraci\u00f3n personalizada para el historial.<\/li>\n        <li>Ahora ver\u00e1 la opci\u00f3n Aceptar cookies, puede activarla o desactivarla seg\u00fan sus preferencias.<\/li>\n    <\/ol>\n\n    <p>Para acceder a la configuraci\u00f3n de cookies del navegador Safari para OSX hace lo siguiente (pueden variar en funci\u00f3n de la versi\u00f3n del navegador):<\/p>\n    <ol>\n        <li>Vaya a Preferencias, despu\u00e9s Privacidad.<\/li>\n        <li>En este lugar ver\u00e1 la opci\u00f3n Bloquear Cookies para que ajuste el tipo de bloqueo que desee realizar.<\/li>\n    <\/ol>\n\n    <p>Para acceder a la configuraci\u00f3n de cookies del navegador Safari para iOS hace lo siguiente (pueden variar en funci\u00f3n de la versi\u00f3n del navegador):<\/p>\n    <ol>\n        <li>Vaya a Configuraci\u00f3n, luego Safari.<\/li>\n        <li>Vaya a Privacidad y Seguridad, ver\u00e1 la opci\u00f3n Bloquear Cookies para que ajuste el tipo de bloqueo que desee realizar.<\/li>\n    <\/ol>\n\n    <p>Para acceder a la configuraci\u00f3n de cookies del navegador para dispositivos Android hace lo siguiente (pueden variar en funci\u00f3n de la versi\u00f3n del navegador):<\/p>\n    <ol>\n        <li>Ejecutar el navegador y pulse la tecla Men\u00fa, luego Configuraci\u00f3n.<\/li>\n        <li>Vaya a Confidencialidad, ver\u00e1 la opci\u00f3n Aceptar cookies para que active o desactive la casilla.<\/li>\n    <\/ol>\n\n    <p>Para acceder a la configuraci\u00f3n de cookies del navegador para dispositivos Windows Phone hace lo siguiente (pueden variar en funci\u00f3n de la versi\u00f3n del navegador):<\/p>\n    <ol>\n        <li>Abra Internet Explorer, entonces M\u00e1s, entonces Configuraci\u00f3n.<\/li>\n        <li>Ahora puede activar o desactivar la casilla permitir cookies.<\/li>\n    <\/ol>\t\t\t\t\t\t\t\t<\/div>\n\t\t\t\t<\/div>\n\t\t\t\t\t<\/div>\n\t\t\t\t<\/div>\n\t\t\t\t<\/div>","protected":false},"excerpt":{"rendered":"<p>Pol\u00edtica de cookies ROSAL INSTALACIONES AGROINDUSTRIALES S.A. le da la bienvenida y le invita a leer atentamente las Pol\u00edtica de COOKIES de este Sitio Web (en adelante Pol\u00edtica de COOKIES) que describen los t\u00e9rminos y condiciones que ser\u00e1n aplicables a su navegaci\u00f3n por el mismo, de conformidad con lo establecido en la normativa espa\u00f1ola de [&hellip;]<\/p>\n","protected":false},"author":2,"featured_media":0,"parent":0,"menu_order":0,"comment_status":"closed","ping_status":"closed","template":"","meta":{"footnotes":""},"class_list":["post-580","page","type-page","status-publish","hentry"],"yoast_head":"<!-- This site is optimized with the Yoast SEO plugin v27.2 - https:\/\/yoast.com\/product\/yoast-seo-wordpress\/ -->\n<title>Pol\u00edtica de cookies | Rosal Feedmills<\/title>\n<meta name=\"robots\" content=\"noindex, nofollow\" \/>\n<meta property=\"og:locale\" content=\"es_MX\" \/>\n<meta property=\"og:type\" content=\"article\" \/>\n<meta property=\"og:title\" content=\"Pol\u00edtica de cookies | Rosal Feedmills\" \/>\n<meta property=\"og:description\" content=\"Pol\u00edtica de cookies ROSAL INSTALACIONES AGROINDUSTRIALES S.A. le da la bienvenida y le invita a leer atentamente las Pol\u00edtica de COOKIES de este Sitio Web (en adelante Pol\u00edtica de COOKIES) que describen los t\u00e9rminos y condiciones que ser\u00e1n aplicables a su navegaci\u00f3n por el mismo, de conformidad con lo establecido en la normativa espa\u00f1ola de [&hellip;]\" \/>\n<meta property=\"og:url\" content=\"https:\/\/rosal-feedmills.com\/mx\/politica-de-cookies\/\" \/>\n<meta property=\"og:site_name\" content=\"Rosal Feedmills\" \/>\n<meta property=\"article:modified_time\" content=\"2025-10-17T08:29:47+00:00\" \/>\n<meta property=\"og:image\" content=\"https:\/\/rosal-feedmills.com\/wp-content\/uploads\/2024\/11\/16_1-jpg.webp\" \/>\n\t<meta property=\"og:image:width\" content=\"1996\" \/>\n\t<meta property=\"og:image:height\" content=\"1121\" \/>\n\t<meta property=\"og:image:type\" content=\"image\/jpeg\" \/>\n<meta name=\"twitter:card\" content=\"summary_large_image\" \/>\n<meta name=\"twitter:label1\" content=\"Tiempo de lectura\" \/>\n\t<meta name=\"twitter:data1\" content=\"8 minutos\" \/>\n<script type=\"application\/ld+json\" class=\"yoast-schema-graph\">{\"@context\":\"https:\/\/schema.org\",\"@graph\":[{\"@type\":\"WebPage\",\"@id\":\"https:\/\/rosal-feedmills.com\/politica-de-cookies\/\",\"url\":\"https:\/\/rosal-feedmills.com\/politica-de-cookies\/\",\"name\":\"Pol\u00edtica de cookies | Rosal Feedmills\",\"isPartOf\":{\"@id\":\"https:\/\/rosal-feedmills.com\/#website\"},\"datePublished\":\"2021-03-10T15:04:05+00:00\",\"dateModified\":\"2025-10-17T08:29:47+00:00\",\"breadcrumb\":{\"@id\":\"https:\/\/rosal-feedmills.com\/politica-de-cookies\/#breadcrumb\"},\"inLanguage\":\"es\",\"potentialAction\":[{\"@type\":\"ReadAction\",\"target\":[\"https:\/\/rosal-feedmills.com\/politica-de-cookies\/\"]}]},{\"@type\":\"BreadcrumbList\",\"@id\":\"https:\/\/rosal-feedmills.com\/politica-de-cookies\/#breadcrumb\",\"itemListElement\":[{\"@type\":\"ListItem\",\"position\":1,\"name\":\"Portada\",\"item\":\"https:\/\/rosal-feedmills.com\/\"},{\"@type\":\"ListItem\",\"position\":2,\"name\":\"Pol\u00edtica de cookies\"}]},{\"@type\":\"WebSite\",\"@id\":\"https:\/\/rosal-feedmills.com\/#website\",\"url\":\"https:\/\/rosal-feedmills.com\/\",\"name\":\"Rosal\",\"description\":\"Maquinaria y f\u00e1bricas completas para alimentaci\u00f3n animal\",\"publisher\":{\"@id\":\"https:\/\/rosal-feedmills.com\/#organization\"},\"potentialAction\":[{\"@type\":\"SearchAction\",\"target\":{\"@type\":\"EntryPoint\",\"urlTemplate\":\"https:\/\/rosal-feedmills.com\/?s={search_term_string}\"},\"query-input\":{\"@type\":\"PropertyValueSpecification\",\"valueRequired\":true,\"valueName\":\"search_term_string\"}}],\"inLanguage\":\"es\"},{\"@type\":\"Organization\",\"@id\":\"https:\/\/rosal-feedmills.com\/#organization\",\"name\":\"Rosal Instalaciones Agroindustriales\",\"url\":\"https:\/\/rosal-feedmills.com\/\",\"logo\":{\"@type\":\"ImageObject\",\"inLanguage\":\"es\",\"@id\":\"https:\/\/rosal-feedmills.com\/#\/schema\/logo\/image\/\",\"url\":\"https:\/\/rosal-feedmills.com\/wp-content\/uploads\/2024\/11\/Logo-Rosal-complert-png-e1731455627780.webp\",\"contentUrl\":\"https:\/\/rosal-feedmills.com\/wp-content\/uploads\/2024\/11\/Logo-Rosal-complert-png-e1731455627780.webp\",\"width\":913,\"height\":396,\"caption\":\"Rosal Instalaciones Agroindustriales\"},\"image\":{\"@id\":\"https:\/\/rosal-feedmills.com\/#\/schema\/logo\/image\/\"},\"sameAs\":[\"https:\/\/es.linkedin.com\/company\/rosal-instalaciones-agroindustriales-s-a\"]}]}<\/script>\n<!-- \/ Yoast SEO plugin. -->","yoast_head_json":{"title":"Pol\u00edtica de cookies | Rosal Feedmills","robots":{"index":"noindex","follow":"nofollow"},"og_locale":"es_MX","og_type":"article","og_title":"Pol\u00edtica de cookies | Rosal Feedmills","og_description":"Pol\u00edtica de cookies ROSAL INSTALACIONES AGROINDUSTRIALES S.A. le da la bienvenida y le invita a leer atentamente las Pol\u00edtica de COOKIES de este Sitio Web (en adelante Pol\u00edtica de COOKIES) que describen los t\u00e9rminos y condiciones que ser\u00e1n aplicables a su navegaci\u00f3n por el mismo, de conformidad con lo establecido en la normativa espa\u00f1ola de [&hellip;]","og_url":"https:\/\/rosal-feedmills.com\/mx\/politica-de-cookies\/","og_site_name":"Rosal Feedmills","article_modified_time":"2025-10-17T08:29:47+00:00","og_image":[{"width":1996,"height":1121,"url":"https:\/\/rosal-feedmills.com\/wp-content\/uploads\/2024\/11\/16_1-jpg.webp","type":"image\/jpeg"}],"twitter_card":"summary_large_image","twitter_misc":{"Tiempo de lectura":"8 minutos"},"schema":{"@context":"https:\/\/schema.org","@graph":[{"@type":"WebPage","@id":"https:\/\/rosal-feedmills.com\/politica-de-cookies\/","url":"https:\/\/rosal-feedmills.com\/politica-de-cookies\/","name":"Pol\u00edtica de cookies | Rosal Feedmills","isPartOf":{"@id":"https:\/\/rosal-feedmills.com\/#website"},"datePublished":"2021-03-10T15:04:05+00:00","dateModified":"2025-10-17T08:29:47+00:00","breadcrumb":{"@id":"https:\/\/rosal-feedmills.com\/politica-de-cookies\/#breadcrumb"},"inLanguage":"es","potentialAction":[{"@type":"ReadAction","target":["https:\/\/rosal-feedmills.com\/politica-de-cookies\/"]}]},{"@type":"BreadcrumbList","@id":"https:\/\/rosal-feedmills.com\/politica-de-cookies\/#breadcrumb","itemListElement":[{"@type":"ListItem","position":1,"name":"Portada","item":"https:\/\/rosal-feedmills.com\/"},{"@type":"ListItem","position":2,"name":"Pol\u00edtica de cookies"}]},{"@type":"WebSite","@id":"https:\/\/rosal-feedmills.com\/#website","url":"https:\/\/rosal-feedmills.com\/","name":"Rosal","description":"Maquinaria y f\u00e1bricas completas para alimentaci\u00f3n animal","publisher":{"@id":"https:\/\/rosal-feedmills.com\/#organization"},"potentialAction":[{"@type":"SearchAction","target":{"@type":"EntryPoint","urlTemplate":"https:\/\/rosal-feedmills.com\/?s={search_term_string}"},"query-input":{"@type":"PropertyValueSpecification","valueRequired":true,"valueName":"search_term_string"}}],"inLanguage":"es"},{"@type":"Organization","@id":"https:\/\/rosal-feedmills.com\/#organization","name":"Rosal Instalaciones Agroindustriales","url":"https:\/\/rosal-feedmills.com\/","logo":{"@type":"ImageObject","inLanguage":"es","@id":"https:\/\/rosal-feedmills.com\/#\/schema\/logo\/image\/","url":"https:\/\/rosal-feedmills.com\/wp-content\/uploads\/2024\/11\/Logo-Rosal-complert-png-e1731455627780.webp","contentUrl":"https:\/\/rosal-feedmills.com\/wp-content\/uploads\/2024\/11\/Logo-Rosal-complert-png-e1731455627780.webp","width":913,"height":396,"caption":"Rosal Instalaciones Agroindustriales"},"image":{"@id":"https:\/\/rosal-feedmills.com\/#\/schema\/logo\/image\/"},"sameAs":["https:\/\/es.linkedin.com\/company\/rosal-instalaciones-agroindustriales-s-a"]}]}},"_links":{"self":[{"href":"https:\/\/rosal-feedmills.com\/mx\/wp-json\/wp\/v2\/pages\/580","targetHints":{"allow":["GET"]}}],"collection":[{"href":"https:\/\/rosal-feedmills.com\/mx\/wp-json\/wp\/v2\/pages"}],"about":[{"href":"https:\/\/rosal-feedmills.com\/mx\/wp-json\/wp\/v2\/types\/page"}],"author":[{"embeddable":true,"href":"https:\/\/rosal-feedmills.com\/mx\/wp-json\/wp\/v2\/users\/2"}],"replies":[{"embeddable":true,"href":"https:\/\/rosal-feedmills.com\/mx\/wp-json\/wp\/v2\/comments?post=580"}],"version-history":[{"count":20,"href":"https:\/\/rosal-feedmills.com\/mx\/wp-json\/wp\/v2\/pages\/580\/revisions"}],"predecessor-version":[{"id":19059,"href":"https:\/\/rosal-feedmills.com\/mx\/wp-json\/wp\/v2\/pages\/580\/revisions\/19059"}],"wp:attachment":[{"href":"https:\/\/rosal-feedmills.com\/mx\/wp-json\/wp\/v2\/media?parent=580"}],"curies":[{"name":"wp","href":"https:\/\/api.w.org\/{rel}","templated":true}]}}