{"id":1791,"date":"2021-03-30T10:36:39","date_gmt":"2021-03-30T10:36:39","guid":{"rendered":"http:\/\/rosal-feedmills.com.mialias.net\/?page_id=1791"},"modified":"2025-08-29T11:51:49","modified_gmt":"2025-08-29T10:51:49","slug":"przesiewanie","status":"publish","type":"page","link":"https:\/\/rosal-feedmills.com\/pl\/maquinaria\/limpieza-y-cribado\/","title":{"rendered":"Przesiewanie"},"content":{"rendered":"<div data-elementor-type=\"wp-page\" data-elementor-id=\"1791\" class=\"elementor elementor-1791\" data-elementor-post-type=\"page\">\n\t\t\t\t<div class=\"elementor-element elementor-element-41d01e2e e-flex e-con-boxed e-con e-parent\" data-id=\"41d01e2e\" data-element_type=\"container\" data-e-type=\"container\">\n\t\t\t\t\t<div class=\"e-con-inner\">\n\t\t<div class=\"elementor-element elementor-element-46286526 e-con-full e-flex e-con e-child\" data-id=\"46286526\" data-element_type=\"container\" data-e-type=\"container\">\n\t\t\t\t<div class=\"elementor-element elementor-element-1c7deed2 elementor-widget elementor-widget-image\" data-id=\"1c7deed2\" data-element_type=\"widget\" data-e-type=\"widget\" data-widget_type=\"image.default\">\n\t\t\t\t<div class=\"elementor-widget-container\">\n\t\t\t\t\t\t\t\t\t\t\t\t\t\t\t<img fetchpriority=\"high\" decoding=\"async\" width=\"1108\" height=\"886\" src=\"https:\/\/rosal-feedmills.com\/wp-content\/uploads\/2024\/12\/1636126725365.jpg\" class=\"attachment-full size-full wp-image-12929\" alt=\"\" srcset=\"https:\/\/rosal-feedmills.com\/wp-content\/uploads\/2024\/12\/1636126725365.jpg 1108w, https:\/\/rosal-feedmills.com\/wp-content\/uploads\/2024\/12\/1636126725365-300x240.jpg 300w, https:\/\/rosal-feedmills.com\/wp-content\/uploads\/2024\/12\/1636126725365-1024x819.jpg 1024w, https:\/\/rosal-feedmills.com\/wp-content\/uploads\/2024\/12\/1636126725365-768x614.jpg 768w\" sizes=\"(max-width: 1108px) 100vw, 1108px\" \/>\t\t\t\t\t\t\t\t\t\t\t\t\t\t\t<\/div>\n\t\t\t\t<\/div>\n\t\t\t\t<\/div>\n\t\t<div class=\"elementor-element elementor-element-2df50d56 e-con-full e-flex e-con e-child\" data-id=\"2df50d56\" data-element_type=\"container\" data-e-type=\"container\">\n\t\t\t\t<div class=\"elementor-element elementor-element-28778dfd elementor-widget elementor-widget-heading\" data-id=\"28778dfd\" data-element_type=\"widget\" data-e-type=\"widget\" data-widget_type=\"heading.default\">\n\t\t\t\t<div class=\"elementor-widget-container\">\n\t\t\t\t\t<h1 class=\"elementor-heading-title elementor-size-default\">Przesiewanie<\/h1>\t\t\t\t<\/div>\n\t\t\t\t<\/div>\n\t\t\t\t<div class=\"elementor-element elementor-element-124211cb elementor-widget elementor-widget-text-editor\" data-id=\"124211cb\" data-element_type=\"widget\" data-e-type=\"widget\" data-widget_type=\"text-editor.default\">\n\t\t\t\t<div class=\"elementor-widget-container\">\n\t\t\t\t\t\t\t\t\t<p>Czyszczenie surowca jest niezb\u0119dnym procesem w \u0142a\u0144cuchu produkcyjnym w celu zagwarantowania najwy\u017cszego poziomu czysto\u015bci produktu ko\u0144cowego.<\/p><p>Nasze urz\u0105dzenia przesiewaj\u0105ce chroni\u0105 sprz\u0119t produkcyjny przed obecno\u015bci\u0105 wi\u00f3r\u00f3w drewnianych, kamieni lub innych cz\u0105stek, kt\u00f3re mog\u0105 spowodowa\u0107 uszkodzenie systemu przenoszenia i przetwarzania.<\/p>\t\t\t\t\t\t\t\t<\/div>\n\t\t\t\t<\/div>\n\t\t\t\t<\/div>\n\t\t\t\t\t<\/div>\n\t\t\t\t<\/div>\n\t\t<div class=\"elementor-element elementor-element-6082bf04 e-flex e-con-boxed e-con e-parent\" data-id=\"6082bf04\" data-element_type=\"container\" data-e-type=\"container\" data-settings=\"{&quot;background_background&quot;:&quot;classic&quot;}\">\n\t\t\t\t\t<div class=\"e-con-inner\">\n\t\t\t\t<div class=\"elementor-element elementor-element-8dc5e2b grid-maquinaria elementor-widget elementor-widget-ucaddon_content_grid2\" data-id=\"8dc5e2b\" data-element_type=\"widget\" data-e-type=\"widget\" data-widget_type=\"ucaddon_content_grid2.default\">\n\t\t\t\t<div class=\"elementor-widget-container\">\n\t\t\t\t\t\n<!-- start Content Grid -->\n\t\t<link id='font-awesome-css' href='https:\/\/rosal-feedmills.com\/wp-content\/plugins\/unlimited-elements-for-elementor-premium\/assets_libraries\/font-awesome6\/fontawesome-all.min.css' type='text\/css' rel='stylesheet' >\n\t\t<link id='font-awesome-4-shim-css' href='https:\/\/rosal-feedmills.com\/wp-content\/plugins\/unlimited-elements-for-elementor-premium\/assets_libraries\/font-awesome6\/fontawesome-v4-shims.min.css' type='text\/css' rel='stylesheet' >\n\t\t<link id='fancybox-css' href='https:\/\/rosal-feedmills.com\/wp-content\/plugins\/unlimited-elements-for-elementor-premium\/assets_libraries\/fancybox3\/jquery.fancybox.min.css' type='text\/css' rel='stylesheet' >\n\n<style>\/* widget: Content Grid *\/\n\n\n\n#uc_content_grid2_elementor_8dc5e2b * {\n\tbox-sizing: border-box;\t\n}\n\n#uc_content_grid2_elementor_8dc5e2b .uc_post_grid_style_one_wrap {\n\tdisplay: grid;\n}\n\n#uc_content_grid2_elementor_8dc5e2b .uc_post_grid_style_one_image {\n\twidth: 100%;\n\toverflow: hidden;\n\tdisplay: block;  \t\n}\n\n#uc_content_grid2_elementor_8dc5e2b .uc_post_image {\n\twidth: inherit;\n\theight: inherit;\n\tbackground-position: center center;\n\tbackground-repeat: no-repeat;\n\tdisplay: block;\n\ttransition: all 0.25s ease-in-out;\n}\n\n#uc_content_grid2_elementor_8dc5e2b .ue-image-holder a{\n  display:block;\n}\n\n#uc_content_grid2_elementor_8dc5e2b .ue-item{\n  position:relative;\n  overflow:hidden;\n}\n\n#uc_content_grid2_elementor_8dc5e2b .ue-item-title{\n  width:100%;\n}\n\n#uc_content_grid2_elementor_8dc5e2b .ue-item-text{\n  width:100%;\n}\n\n#uc_content_grid2_elementor_8dc5e2b .uc_content{\n  display:flex;\n  flex-direction:column;\n}\n\n#uc_content_grid2_elementor_8dc5e2b .ue-content-wrapper{\n  width:100%;\n}\n\n#uc_content_grid2_elementor_8dc5e2b .ue-button{\n  margin-top:auto;\n}\n\n#uc_content_grid2_elementor_8dc5e2b .ue-button{\n  width:100%;\n}\n\n\n\n\n\n\n\n\n\n#uc_content_grid2_elementor_8dc5e2b.uc-remote-parent .ue-item{\n  cursor:pointer;\n}\n\n#uc_content_grid2_elementor_8dc5e2b .uc_post_grid_style_one_search_wrap{\n  display: flex;  \n}\n\n#uc_content_grid2_elementor_8dc5e2b .uc_post_grid_style_one_search_container{\n  position: relative;\n}\n\n\n#uc_content_grid2_elementor_8dc5e2b ::-webkit-input-placeholder { \/* Edge *\/\n  color: #8f8f8f;\n}\n\n#uc_content_grid2_elementor_8dc5e2b :-ms-input-placeholder { \/* Internet Explorer 10-11 *\/\n  color: #8f8f8f;\n}\n\n#uc_content_grid2_elementor_8dc5e2b ::placeholder {\n  color: #8f8f8f;\n}\n\n#uc_content_grid2_elementor_8dc5e2b .uc_post_grid_style_one_next_button_pagination_button{\n      display: none;\n  }\n\n#uc_content_grid2_elementor_8dc5e2b .uc_post_grid_style_one_search_icon,\n#uc_content_grid2_elementor_8dc5e2b .uc_post_grid_style_one_reset_icon{\n\tposition: absolute;\n  \ttop: 50%;\n    transform: translate(0, -50%);\n    height: 100%;\n  \tdisplay: flex;\n    align-items: center;\n    justify-content: center;\n}\n\n#uc_content_grid2_elementor_8dc5e2b .uc_post_grid_style_one_reset_icon{\n  cursor: pointer;\n}\n\n\n\/* pagination *\/\n#uc_content_grid2_elementor_8dc5e2b .uc_post_grid_style_one_prev_button_pagination{\n  display: flex;\n  align-items: center;\n}\n\n#uc_content_grid2_elementor_8dc5e2b .uc_post_grid_style_one_pagination_button,\n#uc_content_grid2_elementor_8dc5e2b .uc_post_grid_style_one_pagination_number{\n  padding: 0;\n  justify-content: center;\n  align-items: center;\n  transition: all .3s ease;\n  margin: 0;\n}\n\n#uc_content_grid2_elementor_8dc5e2b .uc_post_grid_style_one_pagination_number:last-child,\n#uc_content_grid2_elementor_8dc5e2b .uc_post_grid_style_one_pagination_number:first-child{\n  display: inline-flex;\n  position: relative;\n}\n\n#uc_content_grid2_elementor_8dc5e2b .ue-hidden{\n  display: none;\n}\n\n#uc_content_grid2_elementor_8dc5e2b .ue-disabled{\n  opacity: .5;\n  pointer-events: none;\n}\n\n#uc_content_grid2_elementor_8dc5e2b .uc_post_grid_style_one_pagination_number.ue-visible{\n  display: inline-flex;\n}\n\n#uc_content_grid2_elementor_8dc5e2b .uc_post_grid_style_one_pagination_numbers{\n  display: flex;\n  flex-wrap: wrap;\n}\n\n#uc_content_grid2_elementor_8dc5e2b .uc_post_grid_style_one_prev_button_pagination_wrap{\n  display: flex;\n}\n\/* end pagination *\/\n\n<\/style>\n\n<div id=\"uc_content_grid2_elementor_8dc5e2b\" class=\"uc_post_grid_style_one uc_items\"   data-lightbox=\"false\">\n  \n    \n  <div class=\"uc_post_grid_style_one_wrap uc-items-wrapper\">\n          \n<div class=\"uc_post_grid_style_one_item ue-item\">\n    \n      <div class=\"uc_post_grid_style_one_image ue-image-holder\">\n                    <a class=\"uc_post_grid_style_one-link\" href=\"https:\/\/rosal-feedmills.com\/pl\/maszyny\/przesiewanie\/przesiewacz-wstepny\/\" >\n                      \n    <div aria-role=\"img\" aria-label=\"Rendering oczyszczarki wst\u0119pnej Rosal dla m\u0142yn\u00f3w paszowych\"  class=\"uc_post_image\" style=\"background-image: url(https:\/\/rosal-feedmills.com\/wp-content\/uploads\/2024\/12\/prelimpiacuadrado.jpg);\"><\/div>\n    <\/a>    <\/div>\n    \n  <div class=\"uc_content padding\">\n    <div class=\"ue-content-wrapper\">\n      \n              <a href=\"https:\/\/rosal-feedmills.com\/pl\/maszyny\/przesiewanie\/przesiewacz-wstepny\/\" >        \t<h3 class=\"ue-item-title\">Przesiewacz wst\u0119pny<\/h3>\n         <\/a>            \n      <div class=\"ue-item-text\"><div class=\"maquinaria-description\"><p>Oczyszczacze wst\u0119pne s\u0142u\u017c\u0105 do ochrony urz\u0105dze\u0144 produkcyjnych przed wi\u00f3rami drzewnymi, kamieniami i innymi zanieczyszczeniami.<\/p><\/div><\/div>      \n            \n    <\/div>\n    \n        \n  <\/div>\n<\/div>\n\n<div class=\"uc_post_grid_style_one_item ue-item\">\n    \n      <div class=\"uc_post_grid_style_one_image ue-image-holder\">\n                    <a class=\"uc_post_grid_style_one-link\" href=\"https:\/\/rosal-feedmills.com\/pl\/maszyny\/przesiewanie\/przesiewacz-maki\/\" >\n                      \n    <div aria-role=\"img\" aria-label=\"Rendering przesiewacza m\u0105ki Rosal dla m\u0142yn\u00f3w paszowych\"  class=\"uc_post_image\" style=\"background-image: url(https:\/\/rosal-feedmills.com\/wp-content\/uploads\/2024\/12\/cernedorminiatura.jpg);\"><\/div>\n    <\/a>    <\/div>\n    \n  <div class=\"uc_content padding\">\n    <div class=\"ue-content-wrapper\">\n      \n              <a href=\"https:\/\/rosal-feedmills.com\/pl\/maszyny\/przesiewanie\/przesiewacz-maki\/\" >        \t<h3 class=\"ue-item-title\">Przesiewacz m\u0105ki<\/h3>\n         <\/a>            \n      <div class=\"ue-item-text\"><p>Przesiewacz filtruje i usuwa z m\u0105ki cia\u0142a obce, takie jak \u017celazo, kamienie czy karton.<\/p><\/div>      \n            \n    <\/div>\n    \n        \n  <\/div>\n<\/div>\n\n<div class=\"uc_post_grid_style_one_item ue-item\">\n    \n      <div class=\"uc_post_grid_style_one_image ue-image-holder\">\n                    <a class=\"uc_post_grid_style_one-link\" href=\"https:\/\/rosal-feedmills.com\/pl\/maszyny\/przesiewanie\/sito-kolowe\/\" >\n                      \n    <div aria-role=\"img\" aria-label=\"Rendering przesiewacza tarczowego Rosal dla m\u0142yn\u00f3w paszowych\"  class=\"uc_post_image\" style=\"background-image: url(https:\/\/rosal-feedmills.com\/wp-content\/uploads\/2024\/12\/cribacircularminiatura.jpg);\"><\/div>\n    <\/a>    <\/div>\n    \n  <div class=\"uc_content padding\">\n    <div class=\"ue-content-wrapper\">\n      \n              <a href=\"https:\/\/rosal-feedmills.com\/pl\/maszyny\/przesiewanie\/sito-kolowe\/\" >        \t<h3 class=\"ue-item-title\">Sito ko\u0142owe<\/h3>\n         <\/a>            \n      <div class=\"ue-item-text\"><div class=\"maquinaria-description\"><p>Przesiewacze ko\u0142owe s\u0142u\u017c\u0105 do oddzielania drobnych frakcji od granulatu o r\u00f3\u017cnych rozmiarach i wydajno\u015bciach.<\/p><\/div><\/div>      \n            \n    <\/div>\n    \n        \n  <\/div>\n<\/div>\n\n      <\/div>  \n    \n<\/div>\n<!-- end Content Grid -->\t\t\t\t<\/div>\n\t\t\t\t<\/div>\n\t\t\t\t\t<\/div>\n\t\t\t\t<\/div>\n\t\t\t\t<\/div>","protected":false},"excerpt":{"rendered":"<p>Limpieza y cribado La limpieza de la materia prima es un proceso indispensable en la cadena de producci\u00f3n para poder garantizar el mayor nivel de pureza en el producto final. Nuestra maquinaria para el cribado permite proteger el equipo de fabricaci\u00f3n de la presencia de trozos de madera, piedras u otras part\u00edculas que puedan causar [&hellip;]<\/p>\n","protected":false},"author":2,"featured_media":0,"parent":1951,"menu_order":0,"comment_status":"closed","ping_status":"closed","template":"","meta":{"footnotes":""},"class_list":["post-1791","page","type-page","status-publish","hentry"],"yoast_head":"<!-- This site is optimized with the Yoast SEO plugin v27.2 - https:\/\/yoast.com\/product\/yoast-seo-wordpress\/ -->\n<title>Limpieza y cribado para f\u00e1bricas de piensos | Rosal<\/title>\n<meta name=\"description\" content=\"Maquinaria de cribado para garantizar la limpieza de la materia prima, protegiendo los equipos de part\u00edculas da\u00f1inas en f\u00e1bricas de piensos.\" \/>\n<meta name=\"robots\" content=\"index, follow, max-snippet:-1, max-image-preview:large, max-video-preview:-1\" \/>\n<link rel=\"canonical\" href=\"https:\/\/rosal-feedmills.com\/pl\/maszyny\/przesiewanie\/\" \/>\n<meta property=\"og:locale\" content=\"pl_PL\" \/>\n<meta property=\"og:type\" content=\"article\" \/>\n<meta property=\"og:title\" content=\"Limpieza y cribado para f\u00e1bricas de piensos | Rosal\" \/>\n<meta property=\"og:description\" content=\"Maquinaria de cribado para garantizar la limpieza de la materia prima, protegiendo los equipos de part\u00edculas da\u00f1inas en f\u00e1bricas de piensos.\" \/>\n<meta property=\"og:url\" content=\"https:\/\/rosal-feedmills.com\/pl\/maszyny\/przesiewanie\/\" \/>\n<meta property=\"og:site_name\" content=\"Rosal Feedmills\" \/>\n<meta property=\"article:modified_time\" content=\"2025-08-29T10:51:49+00:00\" \/>\n<meta property=\"og:image\" content=\"https:\/\/rosal-feedmills.com\/wp-content\/uploads\/2024\/12\/1636126725365.jpg\" \/>\n<meta name=\"twitter:card\" content=\"summary_large_image\" \/>\n<meta name=\"twitter:label1\" content=\"Szacowany czas czytania\" \/>\n\t<meta name=\"twitter:data1\" content=\"1 minuta\" \/>\n<script type=\"application\/ld+json\" class=\"yoast-schema-graph\">{\"@context\":\"https:\/\/schema.org\",\"@graph\":[{\"@type\":\"WebPage\",\"@id\":\"https:\/\/rosal-feedmills.com\/maquinaria\/limpieza-y-cribado\/\",\"url\":\"https:\/\/rosal-feedmills.com\/maquinaria\/limpieza-y-cribado\/\",\"name\":\"Limpieza y cribado para f\u00e1bricas de piensos | Rosal\",\"isPartOf\":{\"@id\":\"https:\/\/rosal-feedmills.com\/#website\"},\"primaryImageOfPage\":{\"@id\":\"https:\/\/rosal-feedmills.com\/maquinaria\/limpieza-y-cribado\/#primaryimage\"},\"image\":{\"@id\":\"https:\/\/rosal-feedmills.com\/maquinaria\/limpieza-y-cribado\/#primaryimage\"},\"thumbnailUrl\":\"https:\/\/rosal-feedmills.com\/wp-content\/uploads\/2024\/12\/1636126725365.jpg\",\"datePublished\":\"2021-03-30T10:36:39+00:00\",\"dateModified\":\"2025-08-29T10:51:49+00:00\",\"description\":\"Maquinaria de cribado para garantizar la limpieza de la materia prima, protegiendo los equipos de part\u00edculas da\u00f1inas en f\u00e1bricas de piensos.\",\"breadcrumb\":{\"@id\":\"https:\/\/rosal-feedmills.com\/maquinaria\/limpieza-y-cribado\/#breadcrumb\"},\"inLanguage\":\"pl-PL\",\"potentialAction\":[{\"@type\":\"ReadAction\",\"target\":[\"https:\/\/rosal-feedmills.com\/maquinaria\/limpieza-y-cribado\/\"]}]},{\"@type\":\"ImageObject\",\"inLanguage\":\"pl-PL\",\"@id\":\"https:\/\/rosal-feedmills.com\/maquinaria\/limpieza-y-cribado\/#primaryimage\",\"url\":\"https:\/\/rosal-feedmills.com\/wp-content\/uploads\/2024\/12\/1636126725365.jpg\",\"contentUrl\":\"https:\/\/rosal-feedmills.com\/wp-content\/uploads\/2024\/12\/1636126725365.jpg\"},{\"@type\":\"BreadcrumbList\",\"@id\":\"https:\/\/rosal-feedmills.com\/maquinaria\/limpieza-y-cribado\/#breadcrumb\",\"itemListElement\":[{\"@type\":\"ListItem\",\"position\":1,\"name\":\"Portada\",\"item\":\"https:\/\/rosal-feedmills.com\/\"},{\"@type\":\"ListItem\",\"position\":2,\"name\":\"Maquinaria\",\"item\":\"https:\/\/rosal-feedmills.com\/maquinaria\/\"},{\"@type\":\"ListItem\",\"position\":3,\"name\":\"Cribado\"}]},{\"@type\":\"WebSite\",\"@id\":\"https:\/\/rosal-feedmills.com\/#website\",\"url\":\"https:\/\/rosal-feedmills.com\/\",\"name\":\"Rosal\",\"description\":\"Maquinaria y f\u00e1bricas completas para alimentaci\u00f3n animal\",\"publisher\":{\"@id\":\"https:\/\/rosal-feedmills.com\/#organization\"},\"potentialAction\":[{\"@type\":\"SearchAction\",\"target\":{\"@type\":\"EntryPoint\",\"urlTemplate\":\"https:\/\/rosal-feedmills.com\/?s={search_term_string}\"},\"query-input\":{\"@type\":\"PropertyValueSpecification\",\"valueRequired\":true,\"valueName\":\"search_term_string\"}}],\"inLanguage\":\"pl-PL\"},{\"@type\":\"Organization\",\"@id\":\"https:\/\/rosal-feedmills.com\/#organization\",\"name\":\"Rosal Instalaciones Agroindustriales\",\"url\":\"https:\/\/rosal-feedmills.com\/\",\"logo\":{\"@type\":\"ImageObject\",\"inLanguage\":\"pl-PL\",\"@id\":\"https:\/\/rosal-feedmills.com\/#\/schema\/logo\/image\/\",\"url\":\"https:\/\/rosal-feedmills.com\/wp-content\/uploads\/2024\/11\/Logo-Rosal-complert-png-e1731455627780.webp\",\"contentUrl\":\"https:\/\/rosal-feedmills.com\/wp-content\/uploads\/2024\/11\/Logo-Rosal-complert-png-e1731455627780.webp\",\"width\":913,\"height\":396,\"caption\":\"Rosal Instalaciones Agroindustriales\"},\"image\":{\"@id\":\"https:\/\/rosal-feedmills.com\/#\/schema\/logo\/image\/\"},\"sameAs\":[\"https:\/\/es.linkedin.com\/company\/rosal-instalaciones-agroindustriales-s-a\"]}]}<\/script>\n<!-- \/ Yoast SEO plugin. -->","yoast_head_json":{"title":"Czyszczenie i przesiewanie dla m\u0142yn\u00f3w paszowych | Rosal","description":"Maszyny przesiewaj\u0105ce zapewniaj\u0105ce czysto\u015b\u0107 surowca, chroni\u0105ce sprz\u0119t przed szkodliwymi cz\u0105stkami w m\u0142ynach paszowych.","robots":{"index":"index","follow":"follow","max-snippet":"max-snippet:-1","max-image-preview":"max-image-preview:large","max-video-preview":"max-video-preview:-1"},"canonical":"https:\/\/rosal-feedmills.com\/pl\/maszyny\/przesiewanie\/","og_locale":"pl_PL","og_type":"article","og_title":"Limpieza y cribado para f\u00e1bricas de piensos | Rosal","og_description":"Maquinaria de cribado para garantizar la limpieza de la materia prima, protegiendo los equipos de part\u00edculas da\u00f1inas en f\u00e1bricas de piensos.","og_url":"https:\/\/rosal-feedmills.com\/pl\/maszyny\/przesiewanie\/","og_site_name":"Rosal Feedmills","article_modified_time":"2025-08-29T10:51:49+00:00","og_image":[{"url":"https:\/\/rosal-feedmills.com\/wp-content\/uploads\/2024\/12\/1636126725365.jpg","type":"","width":"","height":""}],"twitter_card":"summary_large_image","twitter_misc":{"Szacowany czas czytania":"1 minuta"},"schema":{"@context":"https:\/\/schema.org","@graph":[{"@type":"WebPage","@id":"https:\/\/rosal-feedmills.com\/maquinaria\/limpieza-y-cribado\/","url":"https:\/\/rosal-feedmills.com\/maquinaria\/limpieza-y-cribado\/","name":"Czyszczenie i przesiewanie dla m\u0142yn\u00f3w paszowych | Rosal","isPartOf":{"@id":"https:\/\/rosal-feedmills.com\/#website"},"primaryImageOfPage":{"@id":"https:\/\/rosal-feedmills.com\/maquinaria\/limpieza-y-cribado\/#primaryimage"},"image":{"@id":"https:\/\/rosal-feedmills.com\/maquinaria\/limpieza-y-cribado\/#primaryimage"},"thumbnailUrl":"https:\/\/rosal-feedmills.com\/wp-content\/uploads\/2024\/12\/1636126725365.jpg","datePublished":"2021-03-30T10:36:39+00:00","dateModified":"2025-08-29T10:51:49+00:00","description":"Maszyny przesiewaj\u0105ce zapewniaj\u0105ce czysto\u015b\u0107 surowca, chroni\u0105ce sprz\u0119t przed szkodliwymi cz\u0105stkami w m\u0142ynach paszowych.","breadcrumb":{"@id":"https:\/\/rosal-feedmills.com\/maquinaria\/limpieza-y-cribado\/#breadcrumb"},"inLanguage":"pl-PL","potentialAction":[{"@type":"ReadAction","target":["https:\/\/rosal-feedmills.com\/maquinaria\/limpieza-y-cribado\/"]}]},{"@type":"ImageObject","inLanguage":"pl-PL","@id":"https:\/\/rosal-feedmills.com\/maquinaria\/limpieza-y-cribado\/#primaryimage","url":"https:\/\/rosal-feedmills.com\/wp-content\/uploads\/2024\/12\/1636126725365.jpg","contentUrl":"https:\/\/rosal-feedmills.com\/wp-content\/uploads\/2024\/12\/1636126725365.jpg"},{"@type":"BreadcrumbList","@id":"https:\/\/rosal-feedmills.com\/maquinaria\/limpieza-y-cribado\/#breadcrumb","itemListElement":[{"@type":"ListItem","position":1,"name":"Portada","item":"https:\/\/rosal-feedmills.com\/"},{"@type":"ListItem","position":2,"name":"Maquinaria","item":"https:\/\/rosal-feedmills.com\/maquinaria\/"},{"@type":"ListItem","position":3,"name":"Cribado"}]},{"@type":"WebSite","@id":"https:\/\/rosal-feedmills.com\/#website","url":"https:\/\/rosal-feedmills.com\/","name":"Rosal","description":"Maszyny i kompletne instalacje do produkcji pasz dla zwierz\u0105t","publisher":{"@id":"https:\/\/rosal-feedmills.com\/#organization"},"potentialAction":[{"@type":"SearchAction","target":{"@type":"EntryPoint","urlTemplate":"https:\/\/rosal-feedmills.com\/?s={search_term_string}"},"query-input":{"@type":"PropertyValueSpecification","valueRequired":true,"valueName":"search_term_string"}}],"inLanguage":"pl-PL"},{"@type":"Organization","@id":"https:\/\/rosal-feedmills.com\/#organization","name":"Rosal Instalacje rolno-przemys\u0142owe","url":"https:\/\/rosal-feedmills.com\/","logo":{"@type":"ImageObject","inLanguage":"pl-PL","@id":"https:\/\/rosal-feedmills.com\/#\/schema\/logo\/image\/","url":"https:\/\/rosal-feedmills.com\/wp-content\/uploads\/2024\/11\/Logo-Rosal-complert-png-e1731455627780.webp","contentUrl":"https:\/\/rosal-feedmills.com\/wp-content\/uploads\/2024\/11\/Logo-Rosal-complert-png-e1731455627780.webp","width":913,"height":396,"caption":"Rosal Instalaciones Agroindustriales"},"image":{"@id":"https:\/\/rosal-feedmills.com\/#\/schema\/logo\/image\/"},"sameAs":["https:\/\/es.linkedin.com\/company\/rosal-instalaciones-agroindustriales-s-a"]}]}},"_links":{"self":[{"href":"https:\/\/rosal-feedmills.com\/pl\/wp-json\/wp\/v2\/pages\/1791","targetHints":{"allow":["GET"]}}],"collection":[{"href":"https:\/\/rosal-feedmills.com\/pl\/wp-json\/wp\/v2\/pages"}],"about":[{"href":"https:\/\/rosal-feedmills.com\/pl\/wp-json\/wp\/v2\/types\/page"}],"author":[{"embeddable":true,"href":"https:\/\/rosal-feedmills.com\/pl\/wp-json\/wp\/v2\/users\/2"}],"replies":[{"embeddable":true,"href":"https:\/\/rosal-feedmills.com\/pl\/wp-json\/wp\/v2\/comments?post=1791"}],"version-history":[{"count":73,"href":"https:\/\/rosal-feedmills.com\/pl\/wp-json\/wp\/v2\/pages\/1791\/revisions"}],"predecessor-version":[{"id":18766,"href":"https:\/\/rosal-feedmills.com\/pl\/wp-json\/wp\/v2\/pages\/1791\/revisions\/18766"}],"up":[{"embeddable":true,"href":"https:\/\/rosal-feedmills.com\/pl\/wp-json\/wp\/v2\/pages\/1951"}],"wp:attachment":[{"href":"https:\/\/rosal-feedmills.com\/pl\/wp-json\/wp\/v2\/media?parent=1791"}],"curies":[{"name":"wp","href":"https:\/\/api.w.org\/{rel}","templated":true}]}}