{"id":3306,"date":"2021-05-28T09:18:48","date_gmt":"2021-05-28T09:18:48","guid":{"rendered":"http:\/\/rosal-feedmills.com.mialias.net\/?page_id=3306"},"modified":"2025-08-29T11:50:56","modified_gmt":"2025-08-29T10:50:56","slug":"suszenie","status":"publish","type":"page","link":"https:\/\/rosal-feedmills.com\/pl\/maquinaria\/secado\/","title":{"rendered":"Suszenie"},"content":{"rendered":"<div data-elementor-type=\"wp-page\" data-elementor-id=\"3306\" class=\"elementor elementor-3306\" data-elementor-post-type=\"page\">\n\t\t\t\t<div class=\"elementor-element elementor-element-445ea46c e-flex e-con-boxed e-con e-parent\" data-id=\"445ea46c\" data-element_type=\"container\" data-e-type=\"container\">\n\t\t\t\t\t<div class=\"e-con-inner\">\n\t\t<div class=\"elementor-element elementor-element-d74e4fa e-con-full e-flex e-con e-child\" data-id=\"d74e4fa\" data-element_type=\"container\" data-e-type=\"container\">\n\t\t\t\t<div class=\"elementor-element elementor-element-50239592 elementor-widget elementor-widget-image\" data-id=\"50239592\" data-element_type=\"widget\" data-e-type=\"widget\" data-widget_type=\"image.default\">\n\t\t\t\t<div class=\"elementor-widget-container\">\n\t\t\t\t\t\t\t\t\t\t\t\t\t\t\t<img fetchpriority=\"high\" decoding=\"async\" width=\"1600\" height=\"1280\" src=\"https:\/\/rosal-feedmills.com\/wp-content\/uploads\/2024\/11\/Maquinas-Refrigeradores-Galeria-5-1600x2844-1.jpg\" class=\"attachment-full size-full wp-image-12125\" alt=\"Ch\u0142odnica przeciwpr\u0105dowa pelletu w fabryce pasz\" srcset=\"https:\/\/rosal-feedmills.com\/wp-content\/uploads\/2024\/11\/Maquinas-Refrigeradores-Galeria-5-1600x2844-1.jpg 1600w, https:\/\/rosal-feedmills.com\/wp-content\/uploads\/2024\/11\/Maquinas-Refrigeradores-Galeria-5-1600x2844-1-300x240.jpg 300w, https:\/\/rosal-feedmills.com\/wp-content\/uploads\/2024\/11\/Maquinas-Refrigeradores-Galeria-5-1600x2844-1-1024x819.jpg 1024w, https:\/\/rosal-feedmills.com\/wp-content\/uploads\/2024\/11\/Maquinas-Refrigeradores-Galeria-5-1600x2844-1-768x614.jpg 768w, https:\/\/rosal-feedmills.com\/wp-content\/uploads\/2024\/11\/Maquinas-Refrigeradores-Galeria-5-1600x2844-1-1536x1229.jpg 1536w\" sizes=\"(max-width: 1600px) 100vw, 1600px\" \/>\t\t\t\t\t\t\t\t\t\t\t\t\t\t\t<\/div>\n\t\t\t\t<\/div>\n\t\t\t\t<\/div>\n\t\t<div class=\"elementor-element elementor-element-65ef6407 e-con-full e-flex e-con e-child\" data-id=\"65ef6407\" data-element_type=\"container\" data-e-type=\"container\">\n\t\t\t\t<div class=\"elementor-element elementor-element-7a38ab32 elementor-widget elementor-widget-heading\" data-id=\"7a38ab32\" data-element_type=\"widget\" data-e-type=\"widget\" data-widget_type=\"heading.default\">\n\t\t\t\t<div class=\"elementor-widget-container\">\n\t\t\t\t\t<h1 class=\"elementor-heading-title elementor-size-default\">Suszenie<\/h1>\t\t\t\t<\/div>\n\t\t\t\t<\/div>\n\t\t\t\t<div class=\"elementor-element elementor-element-7af25393 elementor-widget elementor-widget-text-editor\" data-id=\"7af25393\" data-element_type=\"widget\" data-e-type=\"widget\" data-widget_type=\"text-editor.default\">\n\t\t\t\t<div class=\"elementor-widget-container\">\n\t\t\t\t\t\t\t\t\t<p>Celem systemu suszenia w m\u0142ynie paszowym jest osi\u0105gni\u0119cie najni\u017cszej zawarto\u015bci wilgoci w produkcie ko\u0144cowym.<\/p><p>Mokre granulki s\u0105 podawane przez jedn\u0105 stron\u0119 suszarki i mieszane wewn\u0105trz b\u0119bna, rozprowadzaj\u0105c je r\u00f3wnomiernie po ca\u0142ym obszarze suszenia i wystawiaj\u0105c je na dzia\u0142anie gor\u0105cego powietrza. Przenikanie ciep\u0142a umo\u017cliwia szybkie odparowanie wilgoci zawartej w pelecie.<\/p>\t\t\t\t\t\t\t\t<\/div>\n\t\t\t\t<\/div>\n\t\t\t\t<\/div>\n\t\t\t\t\t<\/div>\n\t\t\t\t<\/div>\n\t\t<div class=\"elementor-element elementor-element-75c1decb e-flex e-con-boxed e-con e-parent\" data-id=\"75c1decb\" data-element_type=\"container\" data-e-type=\"container\" data-settings=\"{&quot;background_background&quot;:&quot;classic&quot;}\">\n\t\t\t\t\t<div class=\"e-con-inner\">\n\t\t\t\t<div class=\"elementor-element elementor-element-b264197 grid-maquinaria elementor-widget elementor-widget-ucaddon_content_grid2\" data-id=\"b264197\" data-element_type=\"widget\" data-e-type=\"widget\" data-widget_type=\"ucaddon_content_grid2.default\">\n\t\t\t\t<div class=\"elementor-widget-container\">\n\t\t\t\t\t\n<!-- start Content Grid -->\n\t\t<link id='font-awesome-css' href='https:\/\/rosal-feedmills.com\/wp-content\/plugins\/unlimited-elements-for-elementor-premium\/assets_libraries\/font-awesome6\/fontawesome-all.min.css' type='text\/css' rel='stylesheet' >\n\t\t<link id='font-awesome-4-shim-css' href='https:\/\/rosal-feedmills.com\/wp-content\/plugins\/unlimited-elements-for-elementor-premium\/assets_libraries\/font-awesome6\/fontawesome-v4-shims.min.css' type='text\/css' rel='stylesheet' >\n\t\t<link id='fancybox-css' href='https:\/\/rosal-feedmills.com\/wp-content\/plugins\/unlimited-elements-for-elementor-premium\/assets_libraries\/fancybox3\/jquery.fancybox.min.css' type='text\/css' rel='stylesheet' >\n\n<style>\/* widget: Content Grid *\/\n\n\n\n#uc_content_grid2_elementor_b264197 * {\n\tbox-sizing: border-box;\t\n}\n\n#uc_content_grid2_elementor_b264197 .uc_post_grid_style_one_wrap {\n\tdisplay: grid;\n}\n\n#uc_content_grid2_elementor_b264197 .uc_post_grid_style_one_image {\n\twidth: 100%;\n\toverflow: hidden;\n\tdisplay: block;  \t\n}\n\n#uc_content_grid2_elementor_b264197 .uc_post_image {\n\twidth: inherit;\n\theight: inherit;\n\tbackground-position: center center;\n\tbackground-repeat: no-repeat;\n\tdisplay: block;\n\ttransition: all 0.25s ease-in-out;\n}\n\n#uc_content_grid2_elementor_b264197 .ue-image-holder a{\n  display:block;\n}\n\n#uc_content_grid2_elementor_b264197 .ue-item{\n  position:relative;\n  overflow:hidden;\n}\n\n#uc_content_grid2_elementor_b264197 .ue-item-title{\n  width:100%;\n}\n\n#uc_content_grid2_elementor_b264197 .ue-item-text{\n  width:100%;\n}\n\n#uc_content_grid2_elementor_b264197 .uc_content{\n  display:flex;\n  flex-direction:column;\n}\n\n#uc_content_grid2_elementor_b264197 .ue-content-wrapper{\n  width:100%;\n}\n\n#uc_content_grid2_elementor_b264197 .ue-button{\n  margin-top:auto;\n}\n\n#uc_content_grid2_elementor_b264197 .ue-button{\n  width:100%;\n}\n\n\n\n\n\n\n\n\n\n#uc_content_grid2_elementor_b264197.uc-remote-parent .ue-item{\n  cursor:pointer;\n}\n\n#uc_content_grid2_elementor_b264197 .uc_post_grid_style_one_search_wrap{\n  display: flex;  \n}\n\n#uc_content_grid2_elementor_b264197 .uc_post_grid_style_one_search_container{\n  position: relative;\n}\n\n\n#uc_content_grid2_elementor_b264197 ::-webkit-input-placeholder { \/* Edge *\/\n  color: #8f8f8f;\n}\n\n#uc_content_grid2_elementor_b264197 :-ms-input-placeholder { \/* Internet Explorer 10-11 *\/\n  color: #8f8f8f;\n}\n\n#uc_content_grid2_elementor_b264197 ::placeholder {\n  color: #8f8f8f;\n}\n\n#uc_content_grid2_elementor_b264197 .uc_post_grid_style_one_next_button_pagination_button{\n      display: none;\n  }\n\n#uc_content_grid2_elementor_b264197 .uc_post_grid_style_one_search_icon,\n#uc_content_grid2_elementor_b264197 .uc_post_grid_style_one_reset_icon{\n\tposition: absolute;\n  \ttop: 50%;\n    transform: translate(0, -50%);\n    height: 100%;\n  \tdisplay: flex;\n    align-items: center;\n    justify-content: center;\n}\n\n#uc_content_grid2_elementor_b264197 .uc_post_grid_style_one_reset_icon{\n  cursor: pointer;\n}\n\n\n\/* pagination *\/\n#uc_content_grid2_elementor_b264197 .uc_post_grid_style_one_prev_button_pagination{\n  display: flex;\n  align-items: center;\n}\n\n#uc_content_grid2_elementor_b264197 .uc_post_grid_style_one_pagination_button,\n#uc_content_grid2_elementor_b264197 .uc_post_grid_style_one_pagination_number{\n  padding: 0;\n  justify-content: center;\n  align-items: center;\n  transition: all .3s ease;\n  margin: 0;\n}\n\n#uc_content_grid2_elementor_b264197 .uc_post_grid_style_one_pagination_number:last-child,\n#uc_content_grid2_elementor_b264197 .uc_post_grid_style_one_pagination_number:first-child{\n  display: inline-flex;\n  position: relative;\n}\n\n#uc_content_grid2_elementor_b264197 .ue-hidden{\n  display: none;\n}\n\n#uc_content_grid2_elementor_b264197 .ue-disabled{\n  opacity: .5;\n  pointer-events: none;\n}\n\n#uc_content_grid2_elementor_b264197 .uc_post_grid_style_one_pagination_number.ue-visible{\n  display: inline-flex;\n}\n\n#uc_content_grid2_elementor_b264197 .uc_post_grid_style_one_pagination_numbers{\n  display: flex;\n  flex-wrap: wrap;\n}\n\n#uc_content_grid2_elementor_b264197 .uc_post_grid_style_one_prev_button_pagination_wrap{\n  display: flex;\n}\n\/* end pagination *\/\n\n<\/style>\n\n<div id=\"uc_content_grid2_elementor_b264197\" class=\"uc_post_grid_style_one uc_items\"   data-lightbox=\"false\">\n  \n    \n  <div class=\"uc_post_grid_style_one_wrap uc-items-wrapper\">\n          \n<div class=\"uc_post_grid_style_one_item ue-item\">\n    \n      <div class=\"uc_post_grid_style_one_image ue-image-holder\">\n                    <a class=\"uc_post_grid_style_one-link\" href=\"https:\/\/rosal-feedmills.com\/pl\/maszyny\/suszenie\/suszarka-tasmowa\/\" >\n                      \n    <div aria-role=\"img\" aria-label=\"Rendering przemys\u0142owej suszarni ta\u015bmowej do pasz dla zwierz\u0105t Rosal.\"  class=\"uc_post_image\" style=\"background-image: url(https:\/\/rosal-feedmills.com\/wp-content\/uploads\/2025\/07\/Secador-de-banda-4-e1753643635766-768x614.png);\"><\/div>\n    <\/a>    <\/div>\n    \n  <div class=\"uc_content padding\">\n    <div class=\"ue-content-wrapper\">\n      \n              <a href=\"https:\/\/rosal-feedmills.com\/pl\/maszyny\/suszenie\/suszarka-tasmowa\/\" >        \t<h3 class=\"ue-item-title\">Suszarka ta\u015bmowa<\/h3>\n         <\/a>            \n      <div class=\"ue-item-text\"><p>Suszarka ta\u015bmowa zosta\u0142a zaprojektowana tak, aby zapewni\u0107 r\u00f3wnomierne podawanie, co gwarantuje zr\u00f3wnowa\u017cone suszenie produktu.<\/p><\/div>      \n            \n    <\/div>\n    \n        \n  <\/div>\n<\/div>\n\n<div class=\"uc_post_grid_style_one_item ue-item\">\n    \n      <div class=\"uc_post_grid_style_one_image ue-image-holder\">\n                    <a class=\"uc_post_grid_style_one-link\" href=\"https:\/\/rosal-feedmills.com\/pl\/maszyny\/suszenie\/przemyslowa-suszarka-bebnowa\/\" >\n                      \n    <div aria-role=\"img\" aria-label=\"Suszarka b\u0119bnowa Rosal\"  class=\"uc_post_image\" style=\"background-image: url(https:\/\/rosal-feedmills.com\/wp-content\/uploads\/2024\/12\/tambor1.jpg);\"><\/div>\n    <\/a>    <\/div>\n    \n  <div class=\"uc_content padding\">\n    <div class=\"ue-content-wrapper\">\n      \n              <a href=\"https:\/\/rosal-feedmills.com\/pl\/maszyny\/suszenie\/przemyslowa-suszarka-bebnowa\/\" >        \t<h3 class=\"ue-item-title\">Suszarka b\u0119bnowa<\/h3>\n         <\/a>            \n      <div class=\"ue-item-text\"><div class=\"maquinaria-description\"><p>Obrotowa suszarka b\u0119bnowa zapewnia minimaln\u0105 zawarto\u015b\u0107 wilgoci w produkcie ko\u0144cowym.<\/p><\/div><\/div>      \n            \n    <\/div>\n    \n        \n  <\/div>\n<\/div>\n\n      <\/div>  \n    \n<\/div>\n<!-- end Content Grid -->\t\t\t\t<\/div>\n\t\t\t\t<\/div>\n\t\t\t\t\t<\/div>\n\t\t\t\t<\/div>\n\t\t\t\t<\/div>","protected":false},"excerpt":{"rendered":"<p>Secado El objetivo del sistema de secado en una f\u00e1brica de piensos es conseguir los m\u00ednimos grados de humedad en el producto final. Los pellets h\u00famedos se introducen por uno de los lados del secador y son agitados en el interior del tambor, extendi\u00e9ndolos de manera uniforme a trav\u00e9s del \u00e1rea de secado y exponi\u00e9ndolos [&hellip;]<\/p>\n","protected":false},"author":2,"featured_media":0,"parent":1951,"menu_order":0,"comment_status":"closed","ping_status":"closed","template":"","meta":{"footnotes":""},"class_list":["post-3306","page","type-page","status-publish","hentry"],"yoast_head":"<!-- This site is optimized with the Yoast SEO plugin v27.2 - https:\/\/yoast.com\/product\/yoast-seo-wordpress\/ -->\n<title>Equipo de secado industrial para alimentos | Rosal FeedMills<\/title>\n<meta name=\"description\" content=\"Descubra equipos de secado industrial de alta eficiencia para alimentos. Soluciones avanzadas y confiables. Haga Clic +Info.\" \/>\n<meta name=\"robots\" content=\"index, follow, max-snippet:-1, max-image-preview:large, max-video-preview:-1\" \/>\n<link rel=\"canonical\" href=\"https:\/\/rosal-feedmills.com\/pl\/maszyny\/suszenie\/\" \/>\n<meta property=\"og:locale\" content=\"pl_PL\" \/>\n<meta property=\"og:type\" content=\"article\" \/>\n<meta property=\"og:title\" content=\"Equipo de secado industrial para alimentos | Rosal FeedMills\" \/>\n<meta property=\"og:description\" content=\"Descubra equipos de secado industrial de alta eficiencia para alimentos. Soluciones avanzadas y confiables. Haga Clic +Info.\" \/>\n<meta property=\"og:url\" content=\"https:\/\/rosal-feedmills.com\/pl\/maszyny\/suszenie\/\" \/>\n<meta property=\"og:site_name\" content=\"Rosal Feedmills\" \/>\n<meta property=\"article:modified_time\" content=\"2025-08-29T10:50:56+00:00\" \/>\n<meta property=\"og:image\" content=\"https:\/\/rosal-feedmills.com\/wp-content\/uploads\/2024\/11\/Maquinas-Refrigeradores-Galeria-5-1600x2844-1.jpg\" \/>\n<meta name=\"twitter:card\" content=\"summary_large_image\" \/>\n<meta name=\"twitter:label1\" content=\"Szacowany czas czytania\" \/>\n\t<meta name=\"twitter:data1\" content=\"1 minuta\" \/>\n<script type=\"application\/ld+json\" class=\"yoast-schema-graph\">{\"@context\":\"https:\/\/schema.org\",\"@graph\":[{\"@type\":\"WebPage\",\"@id\":\"https:\/\/rosal-feedmills.com\/maquinaria\/secado\/\",\"url\":\"https:\/\/rosal-feedmills.com\/maquinaria\/secado\/\",\"name\":\"Equipo de secado industrial para alimentos | Rosal FeedMills\",\"isPartOf\":{\"@id\":\"https:\/\/rosal-feedmills.com\/#website\"},\"primaryImageOfPage\":{\"@id\":\"https:\/\/rosal-feedmills.com\/maquinaria\/secado\/#primaryimage\"},\"image\":{\"@id\":\"https:\/\/rosal-feedmills.com\/maquinaria\/secado\/#primaryimage\"},\"thumbnailUrl\":\"https:\/\/rosal-feedmills.com\/wp-content\/uploads\/2024\/11\/Maquinas-Refrigeradores-Galeria-5-1600x2844-1.jpg\",\"datePublished\":\"2021-05-28T09:18:48+00:00\",\"dateModified\":\"2025-08-29T10:50:56+00:00\",\"description\":\"Descubra equipos de secado industrial de alta eficiencia para alimentos. Soluciones avanzadas y confiables. Haga Clic +Info.\",\"breadcrumb\":{\"@id\":\"https:\/\/rosal-feedmills.com\/maquinaria\/secado\/#breadcrumb\"},\"inLanguage\":\"pl-PL\",\"potentialAction\":[{\"@type\":\"ReadAction\",\"target\":[\"https:\/\/rosal-feedmills.com\/maquinaria\/secado\/\"]}]},{\"@type\":\"ImageObject\",\"inLanguage\":\"pl-PL\",\"@id\":\"https:\/\/rosal-feedmills.com\/maquinaria\/secado\/#primaryimage\",\"url\":\"https:\/\/rosal-feedmills.com\/wp-content\/uploads\/2024\/11\/Maquinas-Refrigeradores-Galeria-5-1600x2844-1.jpg\",\"contentUrl\":\"https:\/\/rosal-feedmills.com\/wp-content\/uploads\/2024\/11\/Maquinas-Refrigeradores-Galeria-5-1600x2844-1.jpg\"},{\"@type\":\"BreadcrumbList\",\"@id\":\"https:\/\/rosal-feedmills.com\/maquinaria\/secado\/#breadcrumb\",\"itemListElement\":[{\"@type\":\"ListItem\",\"position\":1,\"name\":\"Portada\",\"item\":\"https:\/\/rosal-feedmills.com\/\"},{\"@type\":\"ListItem\",\"position\":2,\"name\":\"Maquinaria\",\"item\":\"https:\/\/rosal-feedmills.com\/maquinaria\/\"},{\"@type\":\"ListItem\",\"position\":3,\"name\":\"Secado\"}]},{\"@type\":\"WebSite\",\"@id\":\"https:\/\/rosal-feedmills.com\/#website\",\"url\":\"https:\/\/rosal-feedmills.com\/\",\"name\":\"Rosal\",\"description\":\"Maquinaria y f\u00e1bricas completas para alimentaci\u00f3n animal\",\"publisher\":{\"@id\":\"https:\/\/rosal-feedmills.com\/#organization\"},\"potentialAction\":[{\"@type\":\"SearchAction\",\"target\":{\"@type\":\"EntryPoint\",\"urlTemplate\":\"https:\/\/rosal-feedmills.com\/?s={search_term_string}\"},\"query-input\":{\"@type\":\"PropertyValueSpecification\",\"valueRequired\":true,\"valueName\":\"search_term_string\"}}],\"inLanguage\":\"pl-PL\"},{\"@type\":\"Organization\",\"@id\":\"https:\/\/rosal-feedmills.com\/#organization\",\"name\":\"Rosal Instalaciones Agroindustriales\",\"url\":\"https:\/\/rosal-feedmills.com\/\",\"logo\":{\"@type\":\"ImageObject\",\"inLanguage\":\"pl-PL\",\"@id\":\"https:\/\/rosal-feedmills.com\/#\/schema\/logo\/image\/\",\"url\":\"https:\/\/rosal-feedmills.com\/wp-content\/uploads\/2024\/11\/Logo-Rosal-complert-png-e1731455627780.webp\",\"contentUrl\":\"https:\/\/rosal-feedmills.com\/wp-content\/uploads\/2024\/11\/Logo-Rosal-complert-png-e1731455627780.webp\",\"width\":913,\"height\":396,\"caption\":\"Rosal Instalaciones Agroindustriales\"},\"image\":{\"@id\":\"https:\/\/rosal-feedmills.com\/#\/schema\/logo\/image\/\"},\"sameAs\":[\"https:\/\/es.linkedin.com\/company\/rosal-instalaciones-agroindustriales-s-a\"]}]}<\/script>\n<!-- \/ Yoast SEO plugin. -->","yoast_head_json":{"title":"Przemys\u0142owy sprz\u0119t do suszenia \u017cywno\u015bci: Rosal FeedMills","description":"Odkryj wysokowydajne przemys\u0142owe urz\u0105dzenia do suszenia \u017cywno\u015bci. Zaawansowane i niezawodne rozwi\u0105zania. Kliknij +Info.","robots":{"index":"index","follow":"follow","max-snippet":"max-snippet:-1","max-image-preview":"max-image-preview:large","max-video-preview":"max-video-preview:-1"},"canonical":"https:\/\/rosal-feedmills.com\/pl\/maszyny\/suszenie\/","og_locale":"pl_PL","og_type":"article","og_title":"Equipo de secado industrial para alimentos | Rosal FeedMills","og_description":"Descubra equipos de secado industrial de alta eficiencia para alimentos. Soluciones avanzadas y confiables. Haga Clic +Info.","og_url":"https:\/\/rosal-feedmills.com\/pl\/maszyny\/suszenie\/","og_site_name":"Rosal Feedmills","article_modified_time":"2025-08-29T10:50:56+00:00","og_image":[{"url":"https:\/\/rosal-feedmills.com\/wp-content\/uploads\/2024\/11\/Maquinas-Refrigeradores-Galeria-5-1600x2844-1.jpg","type":"","width":"","height":""}],"twitter_card":"summary_large_image","twitter_misc":{"Szacowany czas czytania":"1 minuta"},"schema":{"@context":"https:\/\/schema.org","@graph":[{"@type":"WebPage","@id":"https:\/\/rosal-feedmills.com\/maquinaria\/secado\/","url":"https:\/\/rosal-feedmills.com\/maquinaria\/secado\/","name":"Przemys\u0142owy sprz\u0119t do suszenia \u017cywno\u015bci: Rosal FeedMills","isPartOf":{"@id":"https:\/\/rosal-feedmills.com\/#website"},"primaryImageOfPage":{"@id":"https:\/\/rosal-feedmills.com\/maquinaria\/secado\/#primaryimage"},"image":{"@id":"https:\/\/rosal-feedmills.com\/maquinaria\/secado\/#primaryimage"},"thumbnailUrl":"https:\/\/rosal-feedmills.com\/wp-content\/uploads\/2024\/11\/Maquinas-Refrigeradores-Galeria-5-1600x2844-1.jpg","datePublished":"2021-05-28T09:18:48+00:00","dateModified":"2025-08-29T10:50:56+00:00","description":"Odkryj wysokowydajne przemys\u0142owe urz\u0105dzenia do suszenia \u017cywno\u015bci. Zaawansowane i niezawodne rozwi\u0105zania. Kliknij +Info.","breadcrumb":{"@id":"https:\/\/rosal-feedmills.com\/maquinaria\/secado\/#breadcrumb"},"inLanguage":"pl-PL","potentialAction":[{"@type":"ReadAction","target":["https:\/\/rosal-feedmills.com\/maquinaria\/secado\/"]}]},{"@type":"ImageObject","inLanguage":"pl-PL","@id":"https:\/\/rosal-feedmills.com\/maquinaria\/secado\/#primaryimage","url":"https:\/\/rosal-feedmills.com\/wp-content\/uploads\/2024\/11\/Maquinas-Refrigeradores-Galeria-5-1600x2844-1.jpg","contentUrl":"https:\/\/rosal-feedmills.com\/wp-content\/uploads\/2024\/11\/Maquinas-Refrigeradores-Galeria-5-1600x2844-1.jpg"},{"@type":"BreadcrumbList","@id":"https:\/\/rosal-feedmills.com\/maquinaria\/secado\/#breadcrumb","itemListElement":[{"@type":"ListItem","position":1,"name":"Portada","item":"https:\/\/rosal-feedmills.com\/"},{"@type":"ListItem","position":2,"name":"Maquinaria","item":"https:\/\/rosal-feedmills.com\/maquinaria\/"},{"@type":"ListItem","position":3,"name":"Secado"}]},{"@type":"WebSite","@id":"https:\/\/rosal-feedmills.com\/#website","url":"https:\/\/rosal-feedmills.com\/","name":"Rosal","description":"Maszyny i kompletne instalacje do produkcji pasz dla zwierz\u0105t","publisher":{"@id":"https:\/\/rosal-feedmills.com\/#organization"},"potentialAction":[{"@type":"SearchAction","target":{"@type":"EntryPoint","urlTemplate":"https:\/\/rosal-feedmills.com\/?s={search_term_string}"},"query-input":{"@type":"PropertyValueSpecification","valueRequired":true,"valueName":"search_term_string"}}],"inLanguage":"pl-PL"},{"@type":"Organization","@id":"https:\/\/rosal-feedmills.com\/#organization","name":"Rosal Instalacje rolno-przemys\u0142owe","url":"https:\/\/rosal-feedmills.com\/","logo":{"@type":"ImageObject","inLanguage":"pl-PL","@id":"https:\/\/rosal-feedmills.com\/#\/schema\/logo\/image\/","url":"https:\/\/rosal-feedmills.com\/wp-content\/uploads\/2024\/11\/Logo-Rosal-complert-png-e1731455627780.webp","contentUrl":"https:\/\/rosal-feedmills.com\/wp-content\/uploads\/2024\/11\/Logo-Rosal-complert-png-e1731455627780.webp","width":913,"height":396,"caption":"Rosal Instalaciones Agroindustriales"},"image":{"@id":"https:\/\/rosal-feedmills.com\/#\/schema\/logo\/image\/"},"sameAs":["https:\/\/es.linkedin.com\/company\/rosal-instalaciones-agroindustriales-s-a"]}]}},"_links":{"self":[{"href":"https:\/\/rosal-feedmills.com\/pl\/wp-json\/wp\/v2\/pages\/3306","targetHints":{"allow":["GET"]}}],"collection":[{"href":"https:\/\/rosal-feedmills.com\/pl\/wp-json\/wp\/v2\/pages"}],"about":[{"href":"https:\/\/rosal-feedmills.com\/pl\/wp-json\/wp\/v2\/types\/page"}],"author":[{"embeddable":true,"href":"https:\/\/rosal-feedmills.com\/pl\/wp-json\/wp\/v2\/users\/2"}],"replies":[{"embeddable":true,"href":"https:\/\/rosal-feedmills.com\/pl\/wp-json\/wp\/v2\/comments?post=3306"}],"version-history":[{"count":35,"href":"https:\/\/rosal-feedmills.com\/pl\/wp-json\/wp\/v2\/pages\/3306\/revisions"}],"predecessor-version":[{"id":18763,"href":"https:\/\/rosal-feedmills.com\/pl\/wp-json\/wp\/v2\/pages\/3306\/revisions\/18763"}],"up":[{"embeddable":true,"href":"https:\/\/rosal-feedmills.com\/pl\/wp-json\/wp\/v2\/pages\/1951"}],"wp:attachment":[{"href":"https:\/\/rosal-feedmills.com\/pl\/wp-json\/wp\/v2\/media?parent=3306"}],"curies":[{"name":"wp","href":"https:\/\/api.w.org\/{rel}","templated":true}]}}