{"id":578,"date":"2021-03-10T14:46:51","date_gmt":"2021-03-10T14:46:51","guid":{"rendered":"http:\/\/rosal-feedmills.com.mialias.net\/?page_id=578"},"modified":"2025-10-17T09:35:06","modified_gmt":"2025-10-17T08:35:06","slug":"polityka-prywatnosci","status":"publish","type":"page","link":"https:\/\/rosal-feedmills.com\/pl\/politica-de-privacidad\/","title":{"rendered":"Polityka prywatno\u015bci"},"content":{"rendered":"<div data-elementor-type=\"wp-page\" data-elementor-id=\"578\" class=\"elementor elementor-578\" data-elementor-post-type=\"page\">\n\t\t\t\t<div class=\"elementor-element elementor-element-53725bc8 e-flex e-con-boxed e-con e-parent\" data-id=\"53725bc8\" data-element_type=\"container\" data-e-type=\"container\" data-settings=\"{&quot;background_background&quot;:&quot;classic&quot;}\">\n\t\t\t\t\t<div class=\"e-con-inner\">\n\t\t\t\t<div class=\"elementor-element elementor-element-8ec3386 elementor-widget elementor-widget-heading\" data-id=\"8ec3386\" data-element_type=\"widget\" data-e-type=\"widget\" data-widget_type=\"heading.default\">\n\t\t\t\t<div class=\"elementor-widget-container\">\n\t\t\t\t\t<h1 class=\"elementor-heading-title elementor-size-default\">Polityka prywatno\u015bci<\/h1>\t\t\t\t<\/div>\n\t\t\t\t<\/div>\n\t\t\t\t<div class=\"elementor-element elementor-element-6a83dae6 elementor-widget elementor-widget-text-editor\" data-id=\"6a83dae6\" data-element_type=\"widget\" data-e-type=\"widget\" data-widget_type=\"text-editor.default\">\n\t\t\t\t<div class=\"elementor-widget-container\">\n\t\t\t\t\t\t\t\t\t <p>Informujemy, \u017ce w celu uzyskania dost\u0119pu do niekt\u00f3rych tre\u015bci lub us\u0142ug konieczne b\u0119dzie podanie danych osobowych. U\u017cytkownicy gwarantuj\u0105 prawdziwo\u015b\u0107, dok\u0142adno\u015b\u0107 i autentyczno\u015b\u0107 tych danych. ROSAL INSTALACIONES AGROINDUSTRIALES S.A. zachowa poufno\u015b\u0107 i bezpiecze\u0144stwo danych osobowych u\u017cytkownika i zapewni im odpowiednie zautomatyzowane przetwarzanie zgodnie z ich charakterem lub celem, na warunkach wskazanych w sekcji Polityka ochrony danych.<\/p>\n    <p>Wa\u017cne jest, aby zapozna\u0107 si\u0119 z podstawowymi informacjami, bior\u0105c pod uwag\u0119 europejskie rozporz\u0105dzenie o ochronie danych Rozporz\u0105dzenie Parlamentu Europejskiego i Rady (UE) 2016\/679. Nale\u017cy r\u00f3wnie\u017c pami\u0119ta\u0107, \u017ce fakt pozostawienia swoich danych nie przypisuje, nie potwierdza, nie anuluje, nie legitymizuje ani nie doskonali \u017cadnego stosunku umownego z nasz\u0105 firm\u0105.<\/p>\n\n    <h2>Podstawowe informacje<\/h2>\n    <p><strong>Administrator danych:<\/strong> ROSAL INSTALACIONES AGROINDUSTRIALES S.A.<br>\n    A08557282 Calle Roger de Flor (Pol. Ind. Can Vinyals S\/N) 08130 Santa Perpetua de la Mogoda <a href=\"mailto:j.rosal@rosal.biz\">j.rosal@rosal.biz<\/a> \u2013 935741932<\/p>\n\n    <h3>Zasady leczenia<\/h3>\n    <ul>\n        <li>W spos\u00f3b zgodny z prawem, uczciwy i przejrzysty w stosunku do osoby, kt\u00f3rej dane dotycz\u0105.<\/li>\n        <li>Zbierane do okre\u015blonych, jednoznacznych i zgodnych z prawem cel\u00f3w i nie b\u0119d\u0105 dalej przetwarzane w spos\u00f3b niezgodny z tymi celami; do cel\u00f3w archiwizacji w interesie publicznym, do cel\u00f3w bada\u0144 naukowych i historycznych lub do cel\u00f3w statystycznych nie b\u0119d\u0105 uznawane za niezgodne z pierwotnymi celami.<\/li>\n        <li>Adekwatne, stosowne i ograniczone do tego, co niezb\u0119dne w zwi\u0105zku z celami, dla kt\u00f3rych s\u0105 przetwarzane.<\/li>\n        <li>Dok\u0142adne i, w razie potrzeby, aktualne; nale\u017cy podj\u0105\u0107 wszelkie uzasadnione kroki, aby zapewni\u0107 niezw\u0142oczne usuni\u0119cie lub poprawienie danych osobowych, kt\u00f3re s\u0105 nieprawid\u0142owe w odniesieniu do cel\u00f3w, dla kt\u00f3rych s\u0105 przetwarzane.<\/li>\n        <li>Przechowywane w formie umo\u017cliwiaj\u0105cej identyfikacj\u0119 os\u00f3b, kt\u00f3rych dane dotycz\u0105, przez okres nie d\u0142u\u017cszy, ni\u017c jest to niezb\u0119dne do cel\u00f3w, w kt\u00f3rych dane osobowe s\u0105 przetwarzane; dane osobowe mog\u0105 by\u0107 przechowywane przez d\u0142u\u017cszy okres, pod warunkiem \u017ce s\u0105 przetwarzane wy\u0142\u0105cznie do cel\u00f3w archiwalnych w interesie publicznym, do cel\u00f3w bada\u0144 naukowych lub historycznych lub do cel\u00f3w statystycznych.<\/li>\n        <li>Przetwarzane w spos\u00f3b zapewniaj\u0105cy odpowiednie bezpiecze\u0144stwo danych osobowych, w tym ochron\u0119 przed niedozwolonym lub niezgodnym z prawem przetwarzaniem oraz przypadkow\u0105 utrat\u0105, zniszczeniem lub uszkodzeniem, poprzez wdro\u017cenie odpowiednich \u015brodk\u00f3w technicznych lub organizacyjnych.<\/li>\n    <\/ul>\n\n    <p><strong>J\u0119zyk:<\/strong> J\u0119zykiem maj\u0105cym zastosowanie do niniejszej Polityki prywatno\u015bci jest j\u0119zyk hiszpa\u0144ski. W zwi\u0105zku z tym, w przypadku jakichkolwiek sprzeczno\u015bci w kt\u00f3rejkolwiek z wersji podanych w innych j\u0119zykach, wersja hiszpa\u0144ska b\u0119dzie rozstrzygaj\u0105ca. W odniesieniu do interpretacji um\u00f3w nale\u017cy w szczeg\u00f3lno\u015bci przestrzega\u0107 art. 1281 i nast\u0119pnych Kodeksu cywilnego.<\/p>\n\n    <h3>Cele<\/h3>\n    <ul>\n        <li>Zarz\u0105dzanie us\u0142ugami i sprzeda\u017c\u0105 dla klient\u00f3w w ramach naszego celu korporacyjnego: CNAE 2829 Produkcja pozosta\u0142ych maszyn og\u00f3lnego przeznaczenia, in\u017cynieria, produkcja, monta\u017c i us\u0142ugi posprzeda\u017cne.<\/li>\n        <li>Odpowiadanie na \u017c\u0105dania u\u017cytkownik\u00f3w, fakturowanie tych us\u0142ug, zarz\u0105dzanie anulacjami i zwrotami w terminach prawnych okre\u015blonych w ustawie 34\/2002 z dnia 11 lipca o us\u0142ugach spo\u0142ecze\u0144stwa informacyjnego i handlu elektronicznym, kr\u00f3lewskim dekrecie ustawodawczym 1\/2007 z dnia 16 listopada zatwierdzaj\u0105cym zmieniony tekst og\u00f3lnej ustawy o ochronie konsument\u00f3w i u\u017cytkownik\u00f3w oraz innych ustawach uzupe\u0142niaj\u0105cych.<\/li>\n        <li>Wysy\u0142anie u\u017cytkownikowi reklam i promocji zwi\u0105zanych z celami naszej firmy, zgodnie z jego obszarami zainteresowa\u0144, za pomoc\u0105 dowolnych \u015brodk\u00f3w, zar\u00f3wno poczt\u0105, jak i telefonicznie, za po\u015brednictwem telefonii stacjonarnej lub kom\u00f3rkowej. A tak\u017ce zapraszanie na wydarzenia organizowane przez sp\u00f3\u0142k\u0119, zar\u00f3wno osobi\u015bcie, jak i online.<\/li>\n    <\/ul>\n\n    <h3>Zgodno\u015b\u0107 z przepisami<\/h3>\n    <p>Zastrzegamy sobie prawo do przechowywania i zachowywania informacji dostarczonych przez u\u017cytkownika, w tym wykorzystywanych us\u0142ug, informacji, w tym informacji o koncie i danych osobowych, w celu zapewnienia zgodno\u015bci z obowi\u0105zuj\u0105cymi przepisami prawa, w razie potrzeby w celu dostarczenia dowod\u00f3w w post\u0119powaniu arbitra\u017cowym lub s\u0105dowym, oraz do przechowywania ich w postaci zablokowanej i pseudonimizowanej, w celu zapewnienia ich bezpiecze\u0144stwa, tajno\u015bci i poufno\u015bci.<\/p>\n\n    <h3>Zgodno\u015b\u0107 z prawem<\/h3>\n    <p>Nie b\u0119dziemy przetwarza\u0107 danych bez wyra\u017anej zgody dla ka\u017cdego z cel\u00f3w, tylko wtedy, gdy:<\/p>\n    <ul>\n        <li>Gdy jest to konieczne do wykonania umowy, kt\u00f3rej stron\u0105 jest osoba, kt\u00f3rej dane dotycz\u0105, lub do wdro\u017cenia \u015brodk\u00f3w przedumownych na wniosek osoby, kt\u00f3rej dane dotycz\u0105.<\/li>\n        <li>Gdy jest to konieczne do wype\u0142nienia obowi\u0105zku prawnego maj\u0105cego zastosowanie do administratora danych.<\/li>\n        <li>Gdy przetwarzanie jest niezb\u0119dne do ochrony \u017cywotnych interes\u00f3w osoby, kt\u00f3rej dane dotycz\u0105, lub innej osoby fizycznej;<\/li>\n        <li>Je\u017celi jest to niezb\u0119dne do cel\u00f3w wynikaj\u0105cych z prawnie uzasadnionych interes\u00f3w realizowanych przez administratora lub przez stron\u0119 trzeci\u0105, o ile interesy te nie s\u0105 nadrz\u0119dne wobec interes\u00f3w lub podstawowych praw i wolno\u015bci osoby, kt\u00f3rej dane dotycz\u0105, wymagaj\u0105cych ochrony danych osobowych, w szczeg\u00f3lno\u015bci gdy osoba, kt\u00f3rej dane dotycz\u0105, jest dzieckiem.<\/li>\n    <\/ul>\n    <p>Zapewnimy odpowiednie zabezpieczenia, kt\u00f3re mog\u0105 obejmowa\u0107 szyfrowanie lub pseudonimizacj\u0119 danych w celu ochrony to\u017csamo\u015bci u\u017cytkownika.<\/p>\n\n    <h3>Inspektor ochrony danych<\/h3>\n    <p>W przypadku wszelkich wniosk\u00f3w dotycz\u0105cych praw podstawowych opisanych w art. 8 ust. 1 Karty praw podstawowych Unii Europejskiej i art. 16 ust. 1 Traktatu o funkcjonowaniu Unii Europejskiej (TFUE), art. 12 Powszechnej deklaracji praw cz\u0142owieka, art. 17 Mi\u0119dzynarodowego paktu praw obywatelskich i politycznych przyj\u0119tego przez Zgromadzenie Og\u00f3lne ONZ, art. 11 Ameryka\u0144skiej konwencji praw cz\u0142owieka, znanej r\u00f3wnie\u017c jako pakt z San Jos\u00e9 de Costa Rica, oraz praw opisanych w art. 14-29 hiszpa\u0144skiej konstytucji. Skarg\u0119 mo\u017cna skierowa\u0107 do: <a href=\"mailto:j.rosal@rosal.biz\">j.rosal@rosal.biz<\/a> \u2013 935741932<\/p>\n\n    <h3>Legitymizacja<\/h3>\n    <p>Zgoda, stosunek umowny i uzasadniony interes.<\/p>\n\n    <h3>Podstawa prawna<\/h3>\n    <p>Rozporz\u0105dzenie Parlamentu Europejskiego i Rady (UE) 2016\/679 z dnia 27 kwietnia 2016 r. w sprawie ochrony os\u00f3b fizycznych w zwi\u0105zku z przetwarzaniem danych osobowych i w sprawie swobodnego przep\u0142ywu takich danych, ustawa organiczna 3\/2018 z dnia 5 grudnia o ochronie danych osobowych i gwarancji praw cyfrowych, ustawa 34\/2002 z dnia 11 lipca o us\u0142ugach spo\u0142ecze\u0144stwa informacyjnego i handlu elektronicznym. Kr\u00f3lewski dekret ustawodawczy 1\/2007 z dnia 16 listopada, zatwierdzaj\u0105cy zmieniony tekst ustawy og\u00f3lnej o ochronie konsument\u00f3w i u\u017cytkownik\u00f3w oraz innych ustaw uzupe\u0142niaj\u0105cych.<\/p>\n <h3>Adresaci<\/h3>\n    <p>Przekazujemy dane stronom trzecim, takim jak operatorzy, kt\u00f3rzy zarz\u0105dzaj\u0105 stron\u0105 internetow\u0105 i kt\u00f3rzy utrzymuj\u0105 nasz\u0105 aplikacj\u0119 komputerow\u0105, kt\u00f3ra umo\u017cliwia nam zwyk\u0142e zarz\u0105dzanie naszymi us\u0142ugami, niezb\u0119dnymi do zarz\u0105dzania nasz\u0105 dzia\u0142alno\u015bci\u0105.<\/p>\n\n    <h3>Czas trwania<\/h3>\n    <p>Podane dane b\u0119d\u0105 przechowywane przez okres 5 lat od zawarcia ostatniej umowy, chyba \u017ce u\u017cytkownik za\u017c\u0105da\u0142 wcze\u015bniej ich zablokowania lub usuni\u0119cia; lub zgodnie z przepisami podatkowymi. Dane podatkowe b\u0119d\u0105 przechowywane przez 5 lat zgodnie z przepisami prawa.<\/p>\n\n    <h3>Jako\u015b\u0107 danych<\/h3>\n    <p>Wszystkie dane wymagane za po\u015brednictwem strony internetowej s\u0105 obowi\u0105zkowe, poniewa\u017c s\u0105 niezb\u0119dne do zapewnienia u\u017cytkownikowi optymalnej us\u0142ugi. W przypadku niepodania wszystkich danych dostawca nie gwarantuje \u015bwiadczenia \u017c\u0105danych us\u0142ug.<\/p>\n    <p>U\u017cytkownik ponosi wy\u0142\u0105czn\u0105 odpowiedzialno\u015b\u0107 za prawdziwo\u015b\u0107 i aktualizacj\u0119 danych podanych za po\u015brednictwem r\u00f3\u017cnych formularzy na stronie internetowej.<\/p>\n\n    <h3>Profilowanie<\/h3>\n    <p>Nie przetwarzamy danych osobowych w spos\u00f3b zautomatyzowany w celu profilowania na stronie internetowej, z wyj\u0105tkiem cel\u00f3w statystycznych, kt\u00f3re nie naruszaj\u0105 \u017cadnych podstawowych praw os\u00f3b, kt\u00f3rych dane dotycz\u0105.<\/p>\n\n    <h3>Dodatkowe informacje<\/h3>\n    <p>U\u017cytkownik mo\u017ce w dowolnym momencie za\u017c\u0105da\u0107 dodatkowych informacji na temat swoich danych osobowych (\u201cdruga warstwa\u00bb), pod tym samym adresem, kt\u00f3ry podajemy mu w celu skorzystania z przys\u0142uguj\u0105cych mu praw.<\/p>\n\n    <h3>Nieletni<\/h3>\n    <p>Nasze us\u0142ugi nie s\u0105 skierowane do os\u00f3b niepe\u0142noletnich lub niepe\u0142nosprawnych. Przyjmujemy, \u017ce maj\u0105 one upowa\u017cnienie i zgod\u0119 swoich rodzic\u00f3w, opiekun\u00f3w lub przedstawicieli prawnych. Korzystanie z nich, czy to w wyniku zaniedbania, czy z winy nieumy\u015blnej, b\u0119dzie odbywa\u0107 si\u0119 na ich w\u0142asne ryzyko, co mo\u017ce skutkowa\u0107 odpowiedzialno\u015bci\u0105 pozaumown\u0105.<\/p>\n\n    <h3>Mi\u0119dzynarodowe transfery danych<\/h3>\n    <p>W niekt\u00f3rych przypadkach, w celu zapewnienia u\u017cytkownikowi lepszej obs\u0142ugi, mo\u017cemy dokonywa\u0107 mi\u0119dzynarodowych transfer\u00f3w danych, kt\u00f3re b\u0119d\u0105 podlega\u0107 przepisom rozporz\u0105dzenia (UE) 2016\/679 i r\u00f3\u017cnym formom wsparcia prawnego przewidzianym w tym rozporz\u0105dzeniu:<\/p>\n    <ul>\n        <li>Za wyra\u017an\u0105 zgod\u0105 u\u017cytkownika, z zachowaniem wszelkich gwarancji prawnych w celu ochrony jego prywatno\u015bci, przy maksymalnym bezpiecze\u0144stwie, zachowaniu tajemnicy i poufno\u015bci danych.<\/li>\n        <li>Poprzez klauzule umowne okre\u015blone w art. 46 ust. 2 lit. c) rozporz\u0105dzenia UE 2016\/679, kt\u00f3re najpierw podlegaj\u0105 opinii Europejskiej Rady Ochrony Danych przewidzianej w art. 64 tego rozporz\u0105dzenia.<\/li>\n        <li>Wi\u0105\u017c\u0105ce regu\u0142y korporacyjne zgodnie z art. 47 rozporz\u0105dzenia (UE) 2016\/679.<\/li>\n        <li>Mi\u0119dzynarodowe przekazywanie danych do kraj\u00f3w lub organizacji mi\u0119dzynarodowych, kt\u00f3re nie posiadaj\u0105 decyzji stwierdzaj\u0105cej odpowiedni stopie\u0144 ochrony zatwierdzonej przez Komisj\u0119 lub kt\u00f3re nie s\u0105 obj\u0119te \u017cadn\u0105 z gwarancji przewidzianych w poprzednim artykule i w art. 46 ust. 2 rozporz\u0105dzenia (UE) 2016\/679, wymaga uprzedniej zgody Hiszpa\u0144skiej Agencji Ochrony Danych.<\/li>\n    <\/ul>\n\n    <h3>Prawa<\/h3>\n    <p>U\u017cytkownik mo\u017ce skorzysta\u0107 z prawa dost\u0119pu, sprostowania, anulowania i\/lub sprzeciwu, a tak\u017ce z prawa do ograniczenia celu i przenoszenia danych. U\u017cytkownik mo\u017ce skontaktowa\u0107 si\u0119 z nami pod adresem e-mail: <a href=\"mailto:j.rosal@rosal.biz\">j.rosal@rosal.biz<\/a> ; Lub na nasz adres pocztowy, kontaktuj\u0105c si\u0119 z osob\u0105 odpowiedzialn\u0105 za akta naszej firmy. W tym celu konieczne b\u0119dzie podanie danych osobowych i dokument\u00f3w potwierdzaj\u0105cych wraz z wnioskiem.<\/p>\n    <p>Niezb\u0119dne dokumenty:<\/p>\n    <ul>\n        <li>Kserokopia dowodu to\u017csamo\u015bci<\/li>\n        <li>Wystarczaj\u0105ca identyfikacja i reprezentacja.<\/li>\n        <li>Wyja\u015bnienie i cel skargi.<\/li>\n        <li>Adres do wysy\u0142ania wiadomo\u015bci lub e-mail, aby\u015bmy mogli jak najszybciej skontaktowa\u0107 si\u0119 z u\u017cytkownikiem.<\/li>\n    <\/ul>\n\n    <h3>Informacje uzupe\u0142niaj\u0105ce<\/h3>\n    <p>U\u017cytkownik ma prawo do uzyskania potwierdzenia, w jaki spos\u00f3b jego dane osobowe s\u0105 przetwarzane przez nasz\u0105 firm\u0119. W zwi\u0105zku z tym u\u017cytkownik ma prawo do uzyskania dost\u0119pu do swoich danych osobowych, niedok\u0142adnych danych lub \u017c\u0105dania ich usuni\u0119cia, gdy dane nie s\u0105 ju\u017c potrzebne do cel\u00f3w, dla kt\u00f3rych zosta\u0142y zgromadzone, w dowolnym momencie, w prosty i bezp\u0142atny spos\u00f3b.<\/p>\n    <p>U\u017cytkownik mo\u017ce r\u00f3wnie\u017c zrezygnowa\u0107 z otrzymywania wiadomo\u015bci promocyjnych, zgodnie z LSSICE 34\/2002. W tym celu nale\u017cy poda\u0107 nast\u0119puj\u0105ce informacje:<\/p>\n    &lt;ul\t\t\t\t\t\t\t\t<\/div>\n\t\t\t\t<\/div>\n\t\t\t\t\t<\/div>\n\t\t\t\t<\/div>\n\t\t\t\t<\/div>","protected":false},"excerpt":{"rendered":"<p>Pol\u00edtica de privacidad Le informamos que para el acceso de determinados contenidos o servicios ser\u00e1 necesario facilitar datos de car\u00e1cter personal. Los Usuarios garantizar\u00e1n su veracidad, exactitud, autenticidad de los datos. ROSAL INSTALACIONES AGROINDUSTRIALES S.A. preservar\u00e1 la confidencialidad y seguridad de sus datos personales y dar\u00e1 a los mismos el tratamiento automatizado que corresponda en [&hellip;]<\/p>\n","protected":false},"author":2,"featured_media":0,"parent":0,"menu_order":0,"comment_status":"closed","ping_status":"closed","template":"","meta":{"footnotes":""},"class_list":["post-578","page","type-page","status-publish","hentry"],"yoast_head":"<!-- This site is optimized with the Yoast SEO plugin v27.2 - https:\/\/yoast.com\/product\/yoast-seo-wordpress\/ -->\n<title>Pol\u00edtica de privacidad | Rosal Feedmills<\/title>\n<meta name=\"robots\" content=\"noindex, nofollow\" \/>\n<meta property=\"og:locale\" content=\"pl_PL\" \/>\n<meta property=\"og:type\" content=\"article\" \/>\n<meta property=\"og:title\" content=\"Pol\u00edtica de privacidad | Rosal Feedmills\" \/>\n<meta property=\"og:description\" content=\"Pol\u00edtica de privacidad Le informamos que para el acceso de determinados contenidos o servicios ser\u00e1 necesario facilitar datos de car\u00e1cter personal. Los Usuarios garantizar\u00e1n su veracidad, exactitud, autenticidad de los datos. ROSAL INSTALACIONES AGROINDUSTRIALES S.A. preservar\u00e1 la confidencialidad y seguridad de sus datos personales y dar\u00e1 a los mismos el tratamiento automatizado que corresponda en [&hellip;]\" \/>\n<meta property=\"og:url\" content=\"https:\/\/rosal-feedmills.com\/pl\/polityka-prywatnosci\/\" \/>\n<meta property=\"og:site_name\" content=\"Rosal Feedmills\" \/>\n<meta property=\"article:modified_time\" content=\"2025-10-17T08:35:06+00:00\" \/>\n<meta property=\"og:image\" content=\"https:\/\/rosal-feedmills.com\/wp-content\/uploads\/2024\/11\/16_1-jpg.webp\" \/>\n\t<meta property=\"og:image:width\" content=\"1996\" \/>\n\t<meta property=\"og:image:height\" content=\"1121\" \/>\n\t<meta property=\"og:image:type\" content=\"image\/jpeg\" \/>\n<meta name=\"twitter:card\" content=\"summary_large_image\" \/>\n<meta name=\"twitter:label1\" content=\"Szacowany czas czytania\" \/>\n\t<meta name=\"twitter:data1\" content=\"8 minut\" \/>\n<script type=\"application\/ld+json\" class=\"yoast-schema-graph\">{\"@context\":\"https:\/\/schema.org\",\"@graph\":[{\"@type\":\"WebPage\",\"@id\":\"https:\/\/rosal-feedmills.com\/politica-de-privacidad\/\",\"url\":\"https:\/\/rosal-feedmills.com\/politica-de-privacidad\/\",\"name\":\"Pol\u00edtica de privacidad | Rosal Feedmills\",\"isPartOf\":{\"@id\":\"https:\/\/rosal-feedmills.com\/#website\"},\"datePublished\":\"2021-03-10T14:46:51+00:00\",\"dateModified\":\"2025-10-17T08:35:06+00:00\",\"breadcrumb\":{\"@id\":\"https:\/\/rosal-feedmills.com\/politica-de-privacidad\/#breadcrumb\"},\"inLanguage\":\"pl-PL\",\"potentialAction\":[{\"@type\":\"ReadAction\",\"target\":[\"https:\/\/rosal-feedmills.com\/politica-de-privacidad\/\"]}]},{\"@type\":\"BreadcrumbList\",\"@id\":\"https:\/\/rosal-feedmills.com\/politica-de-privacidad\/#breadcrumb\",\"itemListElement\":[{\"@type\":\"ListItem\",\"position\":1,\"name\":\"Portada\",\"item\":\"https:\/\/rosal-feedmills.com\/\"},{\"@type\":\"ListItem\",\"position\":2,\"name\":\"Pol\u00edtica de privacidad\"}]},{\"@type\":\"WebSite\",\"@id\":\"https:\/\/rosal-feedmills.com\/#website\",\"url\":\"https:\/\/rosal-feedmills.com\/\",\"name\":\"Rosal\",\"description\":\"Maquinaria y f\u00e1bricas completas para alimentaci\u00f3n animal\",\"publisher\":{\"@id\":\"https:\/\/rosal-feedmills.com\/#organization\"},\"potentialAction\":[{\"@type\":\"SearchAction\",\"target\":{\"@type\":\"EntryPoint\",\"urlTemplate\":\"https:\/\/rosal-feedmills.com\/?s={search_term_string}\"},\"query-input\":{\"@type\":\"PropertyValueSpecification\",\"valueRequired\":true,\"valueName\":\"search_term_string\"}}],\"inLanguage\":\"pl-PL\"},{\"@type\":\"Organization\",\"@id\":\"https:\/\/rosal-feedmills.com\/#organization\",\"name\":\"Rosal Instalaciones Agroindustriales\",\"url\":\"https:\/\/rosal-feedmills.com\/\",\"logo\":{\"@type\":\"ImageObject\",\"inLanguage\":\"pl-PL\",\"@id\":\"https:\/\/rosal-feedmills.com\/#\/schema\/logo\/image\/\",\"url\":\"https:\/\/rosal-feedmills.com\/wp-content\/uploads\/2024\/11\/Logo-Rosal-complert-png-e1731455627780.webp\",\"contentUrl\":\"https:\/\/rosal-feedmills.com\/wp-content\/uploads\/2024\/11\/Logo-Rosal-complert-png-e1731455627780.webp\",\"width\":913,\"height\":396,\"caption\":\"Rosal Instalaciones Agroindustriales\"},\"image\":{\"@id\":\"https:\/\/rosal-feedmills.com\/#\/schema\/logo\/image\/\"},\"sameAs\":[\"https:\/\/es.linkedin.com\/company\/rosal-instalaciones-agroindustriales-s-a\"]}]}<\/script>\n<!-- \/ Yoast SEO plugin. -->","yoast_head_json":{"title":"Polityka prywatno\u015bci | Rosal Feedmills","robots":{"index":"noindex","follow":"nofollow"},"og_locale":"pl_PL","og_type":"article","og_title":"Pol\u00edtica de privacidad | Rosal Feedmills","og_description":"Pol\u00edtica de privacidad Le informamos que para el acceso de determinados contenidos o servicios ser\u00e1 necesario facilitar datos de car\u00e1cter personal. Los Usuarios garantizar\u00e1n su veracidad, exactitud, autenticidad de los datos. ROSAL INSTALACIONES AGROINDUSTRIALES S.A. preservar\u00e1 la confidencialidad y seguridad de sus datos personales y dar\u00e1 a los mismos el tratamiento automatizado que corresponda en [&hellip;]","og_url":"https:\/\/rosal-feedmills.com\/pl\/polityka-prywatnosci\/","og_site_name":"Rosal Feedmills","article_modified_time":"2025-10-17T08:35:06+00:00","og_image":[{"width":1996,"height":1121,"url":"https:\/\/rosal-feedmills.com\/wp-content\/uploads\/2024\/11\/16_1-jpg.webp","type":"image\/jpeg"}],"twitter_card":"summary_large_image","twitter_misc":{"Szacowany czas czytania":"8 minut"},"schema":{"@context":"https:\/\/schema.org","@graph":[{"@type":"WebPage","@id":"https:\/\/rosal-feedmills.com\/politica-de-privacidad\/","url":"https:\/\/rosal-feedmills.com\/politica-de-privacidad\/","name":"Polityka prywatno\u015bci | Rosal Feedmills","isPartOf":{"@id":"https:\/\/rosal-feedmills.com\/#website"},"datePublished":"2021-03-10T14:46:51+00:00","dateModified":"2025-10-17T08:35:06+00:00","breadcrumb":{"@id":"https:\/\/rosal-feedmills.com\/politica-de-privacidad\/#breadcrumb"},"inLanguage":"pl-PL","potentialAction":[{"@type":"ReadAction","target":["https:\/\/rosal-feedmills.com\/politica-de-privacidad\/"]}]},{"@type":"BreadcrumbList","@id":"https:\/\/rosal-feedmills.com\/politica-de-privacidad\/#breadcrumb","itemListElement":[{"@type":"ListItem","position":1,"name":"Portada","item":"https:\/\/rosal-feedmills.com\/"},{"@type":"ListItem","position":2,"name":"Pol\u00edtica de privacidad"}]},{"@type":"WebSite","@id":"https:\/\/rosal-feedmills.com\/#website","url":"https:\/\/rosal-feedmills.com\/","name":"Rosal","description":"Maszyny i kompletne instalacje do produkcji pasz dla zwierz\u0105t","publisher":{"@id":"https:\/\/rosal-feedmills.com\/#organization"},"potentialAction":[{"@type":"SearchAction","target":{"@type":"EntryPoint","urlTemplate":"https:\/\/rosal-feedmills.com\/?s={search_term_string}"},"query-input":{"@type":"PropertyValueSpecification","valueRequired":true,"valueName":"search_term_string"}}],"inLanguage":"pl-PL"},{"@type":"Organization","@id":"https:\/\/rosal-feedmills.com\/#organization","name":"Rosal Instalacje rolno-przemys\u0142owe","url":"https:\/\/rosal-feedmills.com\/","logo":{"@type":"ImageObject","inLanguage":"pl-PL","@id":"https:\/\/rosal-feedmills.com\/#\/schema\/logo\/image\/","url":"https:\/\/rosal-feedmills.com\/wp-content\/uploads\/2024\/11\/Logo-Rosal-complert-png-e1731455627780.webp","contentUrl":"https:\/\/rosal-feedmills.com\/wp-content\/uploads\/2024\/11\/Logo-Rosal-complert-png-e1731455627780.webp","width":913,"height":396,"caption":"Rosal Instalaciones Agroindustriales"},"image":{"@id":"https:\/\/rosal-feedmills.com\/#\/schema\/logo\/image\/"},"sameAs":["https:\/\/es.linkedin.com\/company\/rosal-instalaciones-agroindustriales-s-a"]}]}},"_links":{"self":[{"href":"https:\/\/rosal-feedmills.com\/pl\/wp-json\/wp\/v2\/pages\/578","targetHints":{"allow":["GET"]}}],"collection":[{"href":"https:\/\/rosal-feedmills.com\/pl\/wp-json\/wp\/v2\/pages"}],"about":[{"href":"https:\/\/rosal-feedmills.com\/pl\/wp-json\/wp\/v2\/types\/page"}],"author":[{"embeddable":true,"href":"https:\/\/rosal-feedmills.com\/pl\/wp-json\/wp\/v2\/users\/2"}],"replies":[{"embeddable":true,"href":"https:\/\/rosal-feedmills.com\/pl\/wp-json\/wp\/v2\/comments?post=578"}],"version-history":[{"count":17,"href":"https:\/\/rosal-feedmills.com\/pl\/wp-json\/wp\/v2\/pages\/578\/revisions"}],"predecessor-version":[{"id":19063,"href":"https:\/\/rosal-feedmills.com\/pl\/wp-json\/wp\/v2\/pages\/578\/revisions\/19063"}],"wp:attachment":[{"href":"https:\/\/rosal-feedmills.com\/pl\/wp-json\/wp\/v2\/media?parent=578"}],"curies":[{"name":"wp","href":"https:\/\/api.w.org\/{rel}","templated":true}]}}