{"id":580,"date":"2021-03-10T15:04:05","date_gmt":"2021-03-10T15:04:05","guid":{"rendered":"http:\/\/rosal-feedmills.com.mialias.net\/?page_id=580"},"modified":"2025-10-17T09:29:47","modified_gmt":"2025-10-17T08:29:47","slug":"polityka-plikow-cookie","status":"publish","type":"page","link":"https:\/\/rosal-feedmills.com\/pl\/politica-de-cookies\/","title":{"rendered":"Polityka plik\u00f3w cookie"},"content":{"rendered":"<div data-elementor-type=\"wp-page\" data-elementor-id=\"580\" class=\"elementor elementor-580\" data-elementor-post-type=\"page\">\n\t\t\t\t<div class=\"elementor-element elementor-element-09253d7 e-flex e-con-boxed e-con e-parent\" data-id=\"09253d7\" data-element_type=\"container\" data-e-type=\"container\" data-settings=\"{&quot;background_background&quot;:&quot;classic&quot;}\">\n\t\t\t\t\t<div class=\"e-con-inner\">\n\t\t\t\t<div class=\"elementor-element elementor-element-4a791be elementor-widget elementor-widget-heading\" data-id=\"4a791be\" data-element_type=\"widget\" data-e-type=\"widget\" data-widget_type=\"heading.default\">\n\t\t\t\t<div class=\"elementor-widget-container\">\n\t\t\t\t\t<h1 class=\"elementor-heading-title elementor-size-default\">Polityka plik\u00f3w cookie<\/h1>\t\t\t\t<\/div>\n\t\t\t\t<\/div>\n\t\t\t\t<div class=\"elementor-element elementor-element-efeb535 elementor-widget elementor-widget-text-editor\" data-id=\"efeb535\" data-element_type=\"widget\" data-e-type=\"widget\" data-widget_type=\"text-editor.default\">\n\t\t\t\t<div class=\"elementor-widget-container\">\n\t\t\t\t\t\t\t\t\t    <p>ROSAL INSTALACIONES AGROINDUSTRIALES S.A. wita i zaprasza do uwa\u017cnego zapoznania si\u0119 z Polityk\u0105 COOKIES niniejszej strony internetowej (zwan\u0105 dalej \"Polityk\u0105 COOKIES\"), kt\u00f3ra opisuje warunki maj\u0105ce zastosowanie do przegl\u0105dania tej strony, zgodnie z przepisami obowi\u0105zuj\u0105cymi w Hiszpanii. Bior\u0105c pod uwag\u0119, \u017ce www.nouenergia.com mo\u017ce w przysz\u0142o\u015bci modyfikowa\u0107 niniejsz\u0105 Polityk\u0119 COOKIES, zalecamy okresowe odwiedzanie jej w celu uzyskania nale\u017cytych informacji o wprowadzonych zmianach.<\/p>\n\n    <p>W celu zapewnienia, \u017ce Witryna spe\u0142nia kryteria przejrzysto\u015bci, jasno\u015bci i prostoty, U\u017cytkownicy s\u0105 informowani, \u017ce wszelkie sugestie, w\u0105tpliwo\u015bci lub pytania dotycz\u0105ce Polityki Prywatno\u015bci mo\u017cna rozwi\u0105za\u0107, kontaktuj\u0105c si\u0119 z www.rosal-feedmills.com za po\u015brednictwem nast\u0119puj\u0105cego adresu e-mail: j.rosal@rosal.biz - 935741932. Polityka Cookies jest w j\u0119zyku hiszpa\u0144skim i jest wersj\u0105 autentyczn\u0105.<\/p>\n\n    <h2>Rodzaje i typologia plik\u00f3w cookie u\u017cywanych na naszej stronie internetowej:<\/h2>\n    <ol>\n        <li>\n            <strong>W\u0142asne analityczne pliki cookie:<\/strong> U\u017cywamy tych plik\u00f3w cookie do szacowania liczby unikalnych odwiedzaj\u0105cych, ulepszania naszych witryn internetowych i witryn naszych sprzedawc\u00f3w oraz do wykrywania najcz\u0119\u015bciej wyszukiwanych s\u0142\u00f3w w wyszukiwarkach, kt\u00f3re prowadz\u0105 do strony internetowej. Te pliki cookie nie s\u0105 wykorzystywane do kierowania do u\u017cytkownika marketingu online. U\u017cywamy tych plik\u00f3w cookie, aby zrozumie\u0107, jak dzia\u0142aj\u0105 nasze strony internetowe i strony internetowe naszych sprzedawc\u00f3w oraz aby wprowadzi\u0107 odpowiednie ulepszenia w celu poprawy komfortu przegl\u0105dania. <em>Operacyjny<\/em>\n        <\/li>\n        <li>\n            <strong>Analityczne pliki cookie stron trzecich:<\/strong> Korzystamy r\u00f3wnie\u017c z Google Analytics i innych zewn\u0119trznych dostawc\u00f3w us\u0142ug analitycznych wymienionych poni\u017cej, aby pom\u00f3c zmierzy\u0107, w jaki spos\u00f3b u\u017cytkownicy wchodz\u0105 w interakcj\u0119 z tre\u015bciami na naszej stronie internetowej. Te pliki cookie \"pami\u0119taj\u0105\", co nasi u\u017cytkownicy robili na poprzednich stronach i w jaki spos\u00f3b wchodzili w interakcj\u0119 z witryn\u0105. Wi\u0119cej informacji na temat Google Analytics mo\u017cna znale\u017a\u0107 na stronie informacyjnej Google. Instrukcje dotycz\u0105ce rezygnacji z Google Analytics znajduj\u0105 si\u0119 poni\u017cej. <em>Operacyjny<\/em>\n        <\/li>\n    <\/ol>\n\n    <ul>\n        <li><strong>Reklamowe pliki cookie:<\/strong> S\u0105 one wykorzystywane na naszej stronie internetowej w celu spersonalizowania marketingu pod k\u0105tem u\u017cytkownika i jego zainteresowa\u0144 oraz zapewnienia mu bardziej spersonalizowanych us\u0142ug w przysz\u0142o\u015bci. Te pliki cookie zapami\u0119tuj\u0105, \u017ce u\u017cytkownik odwiedzi\u0142 nasz\u0105 witryn\u0119, a my mo\u017cemy udost\u0119pnia\u0107 te informacje stronom trzecim, takim jak reklamodawcy. Chocia\u017c te pliki cookie mog\u0105 \u015bledzi\u0107 wizyty urz\u0105dzenia u\u017cytkownika w naszej witrynie internetowej i innych witrynach, generalnie nie mog\u0105 one zidentyfikowa\u0107 u\u017cytkownika osobi\u015bcie. Bez tych plik\u00f3w cookie wy\u015bwietlane reklamy mog\u0105 by\u0107 mniej trafne i interesuj\u0105ce dla u\u017cytkownika. Wi\u0119cej informacji o tym, w jaki spos\u00f3b firmy wykorzystuj\u0105 pliki cookie do reklam ukierunkowanych lub retargetowanych, mo\u017cna znale\u017a\u0107 tutaj. Nie ustawiamy reklamowych plik\u00f3w cookie za po\u015brednictwem witryn sklepowych naszych sprzedawc\u00f3w, chocia\u017c sprzedawcy mog\u0105 zdecydowa\u0107 si\u0119 na to niezale\u017cnie. <em>Nie dzia\u0142a<\/em><\/li>\n\n        <li><strong>Pliki cookie spo\u0142eczno\u015bciowe i dotycz\u0105ce tre\u015bci:<\/strong> S\u0105 one umieszczane w wielu wtyczkach medi\u00f3w spo\u0142eczno\u015bciowych (np. przycisk \"Lubi\u0119 to\" na Facebooku) i innych narz\u0119dziach maj\u0105cych na celu dostarczanie lub ulepszanie zawarto\u015bci strony internetowej (np. us\u0142ugi umo\u017cliwiaj\u0105ce odtwarzanie plik\u00f3w wideo lub tworzenie sekcji komentarzy). Integrujemy te modu\u0142y z nasz\u0105 platform\u0105, aby zwi\u0119kszy\u0107 komfort przegl\u0105dania i interakcji z naszymi stronami internetowymi. Nale\u017cy pami\u0119ta\u0107, \u017ce niekt\u00f3re z tych us\u0142ug stron trzecich umieszczaj\u0105 pliki cookie, kt\u00f3re s\u0105 r\u00f3wnie\u017c wykorzystywane do takich cel\u00f3w, jak reklama behawioralna, analityka i\/lub badania rynku. <em>Nie dzia\u0142a<\/em><\/li>\n    <\/ul>\n\n    <h2>Jak d\u0142ugo pliki cookie pozostaj\u0105 na moim komputerze lub urz\u0105dzeniu mobilnym?<\/h2>\n    <p>Czas przechowywania pliku cookie na komputerze lub urz\u0105dzeniu mobilnym zale\u017cy od tego, czy jest to \"trwa\u0142y\" czy \"sesyjny\" plik cookie. Sesyjne pliki cookie dzia\u0142aj\u0105 do momentu zako\u0144czenia przegl\u0105dania, a trwa\u0142e pliki cookie dzia\u0142aj\u0105 do momentu ich wyga\u015bni\u0119cia lub usuni\u0119cia. Wi\u0119kszo\u015b\u0107 u\u017cywanych przez nas plik\u00f3w cookie to trwa\u0142e pliki cookie, kt\u00f3re trac\u0105 wa\u017cno\u015b\u0107 w okresie od 30 minut do dw\u00f3ch lat od daty ich pobrania na urz\u0105dzenie u\u017cytkownika. Wi\u0119cej informacji na temat usuwania plik\u00f3w cookie przed ich wyga\u015bni\u0119ciem mo\u017cna znale\u017a\u0107 w poni\u017cszej sekcji dotycz\u0105cej sposobu kontrolowania plik\u00f3w cookie.<\/p>\n\n    <h2>Jak kontrolowa\u0107 pliki cookie?<\/h2>\n    <p>Pliki cookie mo\u017cna kontrolowa\u0107 i zarz\u0105dza\u0107 nimi na wiele sposob\u00f3w. Nale\u017cy pami\u0119ta\u0107, \u017ce usuni\u0119cie lub zablokowanie plik\u00f3w cookie mo\u017ce negatywnie wp\u0142yn\u0105\u0107 na komfort u\u017cytkowania, a niekt\u00f3re cz\u0119\u015bci naszej witryny mog\u0105 nie by\u0107 w pe\u0142ni dost\u0119pne. Wi\u0119kszo\u015b\u0107 przegl\u0105darek automatycznie akceptuje pliki cookie, ale u\u017cytkownik mo\u017ce wybra\u0107, czy chce akceptowa\u0107 pliki cookie za pomoc\u0105 element\u00f3w steruj\u0105cych przegl\u0105darki, kt\u00f3re cz\u0119sto znajduj\u0105 si\u0119 w menu \"Narz\u0119dzia\" lub \"Preferencje\" przegl\u0105darki. Wi\u0119cej informacji na temat modyfikowania ustawie\u0144 przegl\u0105darki lub blokowania, zarz\u0105dzania lub filtrowania plik\u00f3w cookie mo\u017cna znale\u017a\u0107 w pliku pomocy przegl\u0105darki lub na stronach takich jak: <a href=\"http:\/\/www.allaboutcookies.org\" target=\"_blank\">www.allaboutcookies.org<\/a>. Wiele z wy\u017cej wymienionych zewn\u0119trznych us\u0142ug reklamowych i innych us\u0142ug \u015bledzenia oferuje mo\u017cliwo\u015b\u0107 rezygnacji z ich system\u00f3w \u015bledzenia. Wi\u0119cej informacji na temat gromadzonych przez nie informacji i sposobu rezygnacji mo\u017cna znale\u017a\u0107 w powy\u017cszych linkach do polityki prywatno\u015bci.<\/p>\n\n    <h2>Czym s\u0105 pliki cookie?<\/h2>\n    <p>Pliki cookie s\u0142u\u017c\u0105 do przechowywania i pobierania informacji o u\u017cytkownikach odwiedzaj\u0105cych witryn\u0119 internetow\u0105. S\u0142u\u017c\u0105 do \u015bledzenia odwiedzanych stron, a tak\u017ce do zapami\u0119tywania niekt\u00f3rych dzia\u0142a\u0144 u\u017cytkownika, takich jak preferencje przegl\u0105dania. Preferencje te s\u0105 zapami\u0119tywane, gdy u\u017cytkownik ponownie odwiedza witryn\u0119.<\/p>\n\n    <h2>Jakie informacje przechowuj\u0105 w sieci?<\/h2>\n    <ol>\n        <li>Informacje statystyczne dotycz\u0105ce korzystania z witryny.<\/li>\n        <li>Dziennik aktywno\u015bci wykonywanych przez odwiedzaj\u0105cego (ods\u0142ony, wyszukiwania, zakupy itp.).<\/li>\n        <li>Dane po\u0142\u0105czenia z sieci\u0105 spo\u0142eczno\u015bciow\u0105 dla u\u017cytkownik\u00f3w, kt\u00f3rzy loguj\u0105 si\u0119 za pomoc\u0105 Facebooka lub Twittera.<\/li>\n    <\/ol>\n\n    <h2>Co si\u0119 stanie, je\u015bli zablokuj\u0119 jego u\u017cycie?<\/h2>\n    <p>W przypadku zablokowania ich u\u017cycia, niekt\u00f3re us\u0142ugi internetowe mog\u0105 by\u0107 niedost\u0119pne.<\/p>\n\n    <h2>Jak mog\u0119 zablokowa\u0107 pliki cookie w przegl\u0105darce?<\/h2>\n    <p>Poni\u017csze linki zawieraj\u0105 informacje na ten temat w przegl\u0105darce:<\/p>\n    <ol>\n        <li>Chrom<\/li>\n        <li>Firefox<\/li>\n        <li>Safari<\/li>\n        <li>Internet Explorer<\/li>\n    <\/ol>\n\n    <h2>Co si\u0119 stanie, je\u015bli wy\u0142\u0105cz\u0119 pliki cookie?<\/h2>\n    <p>Aby\u015b zrozumia\u0142 konsekwencje wy\u0142\u0105czenia plik\u00f3w cookie, oto kilka przyk\u0142ad\u00f3w:<\/p>\n    <ul>\n        <li>U\u017cytkownik nie mo\u017ce udost\u0119pnia\u0107 tre\u015bci z tej witryny na Facebooku, Twitterze ani w \u017cadnej innej sieci spo\u0142eczno\u015bciowej.<\/li>\n        <li>Witryna nie b\u0119dzie w stanie dostosowa\u0107 tre\u015bci do osobistych preferencji u\u017cytkownika, jak ma to cz\u0119sto miejsce w przypadku sklep\u00f3w internetowych.<\/li>\n        <li>U\u017cytkownik nie b\u0119dzie m\u00f3g\u0142 uzyska\u0107 dost\u0119pu do osobistego obszaru tej witryny, takiego jak Moje konto, M\u00f3j profil lub Moje zam\u00f3wienia.<\/li>\n        <li>Sklepy internetowe: Nie b\u0119dziesz m\u00f3g\u0142 robi\u0107 zakup\u00f3w online, b\u0119dziesz musia\u0142 robi\u0107 zakupy telefonicznie lub odwiedzaj\u0105c fizyczny sklep, je\u015bli taki posiadasz.<\/li>\n        <li>Nie b\u0119dzie mo\u017cliwe dostosowanie preferencji geograficznych, takich jak strefa czasowa, waluta lub j\u0119zyk.<\/li>\n        <li>Witryna nie b\u0119dzie w stanie przeprowadza\u0107 analiz odwiedzaj\u0105cych i ruchu w sieci, co utrudni jej konkurencyjno\u015b\u0107.<\/li>\n        <li>U\u017cytkownik nie b\u0119dzie m\u00f3g\u0142 pisa\u0107 na blogu, przesy\u0142a\u0107 zdj\u0119\u0107, zamieszcza\u0107 komentarzy, ocenia\u0107 tre\u015bci. Witryna nie b\u0119dzie r\u00f3wnie\u017c w stanie stwierdzi\u0107, czy jeste\u015b cz\u0142owiekiem, czy automatyczn\u0105 aplikacj\u0105 publikuj\u0105c\u0105 spam.<\/li>\n        <li>Nie b\u0119dzie ju\u017c mo\u017cliwe wy\u015bwietlanie ukierunkowanych reklam, co zmniejszy przychody witryny z reklam.<\/li>\n        <li>Wszystkie sieci spo\u0142eczno\u015bciowe u\u017cywaj\u0105 plik\u00f3w cookie, je\u015bli je wy\u0142\u0105czysz, nie b\u0119dziesz m\u00f3g\u0142 korzysta\u0107 z \u017cadnej sieci spo\u0142eczno\u015bciowej.<\/li>\n    <\/ul>\n\n    <h2>Czy pliki cookie mo\u017cna usun\u0105\u0107?<\/h2>\n    <p>Tak, nie tylko usuwa\u0107, ale tak\u017ce blokowa\u0107, og\u00f3lnie lub dla okre\u015blonej domeny. Aby usun\u0105\u0107 pliki cookie ze strony internetowej, musisz przej\u015b\u0107 do ustawie\u0144 przegl\u0105darki i tam mo\u017cesz wyszuka\u0107 te powi\u0105zane z dan\u0105 domen\u0105 i je usun\u0105\u0107.<\/p>\n\n    <h2>Ustawienia plik\u00f3w cookie dla najpopularniejszych przegl\u0105darek<\/h2>\n    <p>Oto jak uzyska\u0107 dost\u0119p do okre\u015blonego pliku cookie w przegl\u0105darce Chrome. Uwaga: kroki te mog\u0105 si\u0119 r\u00f3\u017cni\u0107 w zale\u017cno\u015bci od przegl\u0105darki i jej wersji:<\/p>\n    <ol>\n        <li>Przejd\u017a do Ustawie\u0144 lub Preferencji za pomoc\u0105 menu Plik lub klikaj\u0105c ikon\u0119 dostosowywania w prawym g\u00f3rnym rogu.<\/li>\n        <li>Zobaczysz r\u00f3\u017cne sekcje, wybierz opcj\u0119 Poka\u017c opcje zaawansowane.<\/li>\n        <li>Przejd\u017a do Prywatno\u015b\u0107, Ustawienia tre\u015bci.<\/li>\n        <li>Wybierz opcj\u0119 Wszystkie pliki cookie i dane o lokalizacji.<\/li>\n        <li>Pojawi si\u0119 lista wszystkich plik\u00f3w cookie posortowanych wed\u0142ug domeny. Aby u\u0142atwi\u0107 znalezienie plik\u00f3w cookie okre\u015blonej domeny, wprowad\u017a cz\u0119\u015b\u0107 lub ca\u0142y adres w polu Wyszukaj pliki cookie.<\/li>\n        <li>Po utworzeniu tego filtra na ekranie pojawi si\u0119 jedna lub wi\u0119cej linii z plikami cookie \u017c\u0105danej witryny. Teraz wystarczy je zaznaczy\u0107 i nacisn\u0105\u0107 X, aby je usun\u0105\u0107.<\/li>\n    <\/ol>\n\n    <p>Aby uzyska\u0107 dost\u0119p do ustawie\u0144 plik\u00f3w cookie przegl\u0105darki Internet Explorer, wykonaj nast\u0119puj\u0105ce czynno\u015bci (mog\u0105 si\u0119 r\u00f3\u017cni\u0107 w zale\u017cno\u015bci od wersji przegl\u0105darki):<\/p>\n    <ol>\n        <li>Przejd\u017a do Narz\u0119dzia, Opcje internetowe<\/li>\n        <li>Kliknij Prywatno\u015b\u0107.<\/li>\n        <li>Przesu\u0144 list\u0119 rozwijan\u0105, aby ustawi\u0107 \u017c\u0105dany poziom prywatno\u015bci.<\/li>\n    <\/ol>\n\n    <p>Aby uzyska\u0107 dost\u0119p do ustawie\u0144 plik\u00f3w cookie przegl\u0105darki Firefox, wykonaj nast\u0119puj\u0105ce czynno\u015bci (mog\u0105 si\u0119 r\u00f3\u017cni\u0107 w zale\u017cno\u015bci od wersji przegl\u0105darki):<\/p>\n    <ol>\n        <li>Przejd\u017a do Opcji lub Preferencji w zale\u017cno\u015bci od systemu operacyjnego.<\/li>\n        <li>Kliknij Prywatno\u015b\u0107.<\/li>\n        <li>W sekcji Historia wybierz opcj\u0119 U\u017cyj niestandardowych ustawie\u0144 historii.<\/li>\n        <li>Zobaczysz teraz opcj\u0119 Akceptuj pliki cookie, kt\u00f3r\u0105 mo\u017cesz aktywowa\u0107 lub dezaktywowa\u0107 zgodnie ze swoimi preferencjami.<\/li>\n    <\/ol>\n\n    <p>Aby uzyska\u0107 dost\u0119p do ustawie\u0144 plik\u00f3w cookie w przegl\u0105darce Safari dla systemu OSX, wykonaj nast\u0119puj\u0105ce czynno\u015bci (mog\u0105 si\u0119 r\u00f3\u017cni\u0107 w zale\u017cno\u015bci od wersji przegl\u0105darki):<\/p>\n    <ol>\n        <li>Przejd\u017a do Preferencji, a nast\u0119pnie Prywatno\u015b\u0107.<\/li>\n        <li>Tutaj zobaczysz opcj\u0119 Blokuj pliki cookie, aby ustawi\u0107 typ blokowania, kt\u00f3ry chcesz wykona\u0107.<\/li>\n    <\/ol>\n\n    <p>Aby uzyska\u0107 dost\u0119p do ustawie\u0144 plik\u00f3w cookie przegl\u0105darki Safari dla systemu iOS, wykonaj nast\u0119puj\u0105ce czynno\u015bci (mog\u0105 si\u0119 r\u00f3\u017cni\u0107 w zale\u017cno\u015bci od wersji przegl\u0105darki):<\/p>\n    <ol>\n        <li>Przejd\u017a do Ustawie\u0144, a nast\u0119pnie do Safari.<\/li>\n        <li>Przejd\u017a do Prywatno\u015b\u0107 i bezpiecze\u0144stwo, zobaczysz opcj\u0119 Blokuj pliki cookie, aby dostosowa\u0107 typ blokowania, kt\u00f3ry chcesz wykona\u0107.<\/li>\n    <\/ol>\n\n    <p>Aby uzyska\u0107 dost\u0119p do ustawie\u0144 plik\u00f3w cookie przegl\u0105darki dla urz\u0105dze\u0144 z systemem Android, wykonaj nast\u0119puj\u0105ce czynno\u015bci (mog\u0105 si\u0119 r\u00f3\u017cni\u0107 w zale\u017cno\u015bci od wersji przegl\u0105darki):<\/p>\n    <ol>\n        <li>Uruchom przegl\u0105dark\u0119 i naci\u015bnij przycisk Menu, a nast\u0119pnie Ustawienia.<\/li>\n        <li>Przejd\u017a do sekcji Poufno\u015b\u0107, a zobaczysz opcj\u0119 Akceptuj pliki cookie, kt\u00f3r\u0105 mo\u017cesz zaznaczy\u0107 lub odznaczy\u0107.<\/li>\n    <\/ol>\n\n    <p>Aby uzyska\u0107 dost\u0119p do ustawie\u0144 plik\u00f3w cookie przegl\u0105darki dla urz\u0105dze\u0144 z systemem Windows Phone, wykonaj nast\u0119puj\u0105ce czynno\u015bci (mog\u0105 si\u0119 r\u00f3\u017cni\u0107 w zale\u017cno\u015bci od wersji przegl\u0105darki):<\/p>\n    <ol>\n        <li>Otw\u00f3rz Internet Explorer, nast\u0119pnie Wi\u0119cej, a nast\u0119pnie Ustawienia.<\/li>\n        <li>Mo\u017cesz teraz zaznaczy\u0107 lub odznaczy\u0107 pole zezwalaj na pliki cookie.<\/li>\n    <\/ol>\t\t\t\t\t\t\t\t<\/div>\n\t\t\t\t<\/div>\n\t\t\t\t\t<\/div>\n\t\t\t\t<\/div>\n\t\t\t\t<\/div>","protected":false},"excerpt":{"rendered":"<p>Pol\u00edtica de cookies ROSAL INSTALACIONES AGROINDUSTRIALES S.A. le da la bienvenida y le invita a leer atentamente las Pol\u00edtica de COOKIES de este Sitio Web (en adelante Pol\u00edtica de COOKIES) que describen los t\u00e9rminos y condiciones que ser\u00e1n aplicables a su navegaci\u00f3n por el mismo, de conformidad con lo establecido en la normativa espa\u00f1ola de [&hellip;]<\/p>\n","protected":false},"author":2,"featured_media":0,"parent":0,"menu_order":0,"comment_status":"closed","ping_status":"closed","template":"","meta":{"footnotes":""},"class_list":["post-580","page","type-page","status-publish","hentry"],"yoast_head":"<!-- This site is optimized with the Yoast SEO plugin v27.2 - https:\/\/yoast.com\/product\/yoast-seo-wordpress\/ -->\n<title>Pol\u00edtica de cookies | Rosal Feedmills<\/title>\n<meta name=\"robots\" content=\"noindex, nofollow\" \/>\n<meta property=\"og:locale\" content=\"pl_PL\" \/>\n<meta property=\"og:type\" content=\"article\" \/>\n<meta property=\"og:title\" content=\"Pol\u00edtica de cookies | Rosal Feedmills\" \/>\n<meta property=\"og:description\" content=\"Pol\u00edtica de cookies ROSAL INSTALACIONES AGROINDUSTRIALES S.A. le da la bienvenida y le invita a leer atentamente las Pol\u00edtica de COOKIES de este Sitio Web (en adelante Pol\u00edtica de COOKIES) que describen los t\u00e9rminos y condiciones que ser\u00e1n aplicables a su navegaci\u00f3n por el mismo, de conformidad con lo establecido en la normativa espa\u00f1ola de [&hellip;]\" \/>\n<meta property=\"og:url\" content=\"https:\/\/rosal-feedmills.com\/pl\/polityka-plikow-cookie\/\" \/>\n<meta property=\"og:site_name\" content=\"Rosal Feedmills\" \/>\n<meta property=\"article:modified_time\" content=\"2025-10-17T08:29:47+00:00\" \/>\n<meta property=\"og:image\" content=\"https:\/\/rosal-feedmills.com\/wp-content\/uploads\/2024\/11\/16_1-jpg.webp\" \/>\n\t<meta property=\"og:image:width\" content=\"1996\" \/>\n\t<meta property=\"og:image:height\" content=\"1121\" \/>\n\t<meta property=\"og:image:type\" content=\"image\/jpeg\" \/>\n<meta name=\"twitter:card\" content=\"summary_large_image\" \/>\n<meta name=\"twitter:label1\" content=\"Szacowany czas czytania\" \/>\n\t<meta name=\"twitter:data1\" content=\"8 minut\" \/>\n<script type=\"application\/ld+json\" class=\"yoast-schema-graph\">{\"@context\":\"https:\/\/schema.org\",\"@graph\":[{\"@type\":\"WebPage\",\"@id\":\"https:\/\/rosal-feedmills.com\/politica-de-cookies\/\",\"url\":\"https:\/\/rosal-feedmills.com\/politica-de-cookies\/\",\"name\":\"Pol\u00edtica de cookies | Rosal Feedmills\",\"isPartOf\":{\"@id\":\"https:\/\/rosal-feedmills.com\/#website\"},\"datePublished\":\"2021-03-10T15:04:05+00:00\",\"dateModified\":\"2025-10-17T08:29:47+00:00\",\"breadcrumb\":{\"@id\":\"https:\/\/rosal-feedmills.com\/politica-de-cookies\/#breadcrumb\"},\"inLanguage\":\"pl-PL\",\"potentialAction\":[{\"@type\":\"ReadAction\",\"target\":[\"https:\/\/rosal-feedmills.com\/politica-de-cookies\/\"]}]},{\"@type\":\"BreadcrumbList\",\"@id\":\"https:\/\/rosal-feedmills.com\/politica-de-cookies\/#breadcrumb\",\"itemListElement\":[{\"@type\":\"ListItem\",\"position\":1,\"name\":\"Portada\",\"item\":\"https:\/\/rosal-feedmills.com\/\"},{\"@type\":\"ListItem\",\"position\":2,\"name\":\"Pol\u00edtica de cookies\"}]},{\"@type\":\"WebSite\",\"@id\":\"https:\/\/rosal-feedmills.com\/#website\",\"url\":\"https:\/\/rosal-feedmills.com\/\",\"name\":\"Rosal\",\"description\":\"Maquinaria y f\u00e1bricas completas para alimentaci\u00f3n animal\",\"publisher\":{\"@id\":\"https:\/\/rosal-feedmills.com\/#organization\"},\"potentialAction\":[{\"@type\":\"SearchAction\",\"target\":{\"@type\":\"EntryPoint\",\"urlTemplate\":\"https:\/\/rosal-feedmills.com\/?s={search_term_string}\"},\"query-input\":{\"@type\":\"PropertyValueSpecification\",\"valueRequired\":true,\"valueName\":\"search_term_string\"}}],\"inLanguage\":\"pl-PL\"},{\"@type\":\"Organization\",\"@id\":\"https:\/\/rosal-feedmills.com\/#organization\",\"name\":\"Rosal Instalaciones Agroindustriales\",\"url\":\"https:\/\/rosal-feedmills.com\/\",\"logo\":{\"@type\":\"ImageObject\",\"inLanguage\":\"pl-PL\",\"@id\":\"https:\/\/rosal-feedmills.com\/#\/schema\/logo\/image\/\",\"url\":\"https:\/\/rosal-feedmills.com\/wp-content\/uploads\/2024\/11\/Logo-Rosal-complert-png-e1731455627780.webp\",\"contentUrl\":\"https:\/\/rosal-feedmills.com\/wp-content\/uploads\/2024\/11\/Logo-Rosal-complert-png-e1731455627780.webp\",\"width\":913,\"height\":396,\"caption\":\"Rosal Instalaciones Agroindustriales\"},\"image\":{\"@id\":\"https:\/\/rosal-feedmills.com\/#\/schema\/logo\/image\/\"},\"sameAs\":[\"https:\/\/es.linkedin.com\/company\/rosal-instalaciones-agroindustriales-s-a\"]}]}<\/script>\n<!-- \/ Yoast SEO plugin. -->","yoast_head_json":{"title":"Polityka plik\u00f3w cookie | Rosal Feedmills","robots":{"index":"noindex","follow":"nofollow"},"og_locale":"pl_PL","og_type":"article","og_title":"Pol\u00edtica de cookies | Rosal Feedmills","og_description":"Pol\u00edtica de cookies ROSAL INSTALACIONES AGROINDUSTRIALES S.A. le da la bienvenida y le invita a leer atentamente las Pol\u00edtica de COOKIES de este Sitio Web (en adelante Pol\u00edtica de COOKIES) que describen los t\u00e9rminos y condiciones que ser\u00e1n aplicables a su navegaci\u00f3n por el mismo, de conformidad con lo establecido en la normativa espa\u00f1ola de [&hellip;]","og_url":"https:\/\/rosal-feedmills.com\/pl\/polityka-plikow-cookie\/","og_site_name":"Rosal Feedmills","article_modified_time":"2025-10-17T08:29:47+00:00","og_image":[{"width":1996,"height":1121,"url":"https:\/\/rosal-feedmills.com\/wp-content\/uploads\/2024\/11\/16_1-jpg.webp","type":"image\/jpeg"}],"twitter_card":"summary_large_image","twitter_misc":{"Szacowany czas czytania":"8 minut"},"schema":{"@context":"https:\/\/schema.org","@graph":[{"@type":"WebPage","@id":"https:\/\/rosal-feedmills.com\/politica-de-cookies\/","url":"https:\/\/rosal-feedmills.com\/politica-de-cookies\/","name":"Polityka plik\u00f3w cookie | Rosal Feedmills","isPartOf":{"@id":"https:\/\/rosal-feedmills.com\/#website"},"datePublished":"2021-03-10T15:04:05+00:00","dateModified":"2025-10-17T08:29:47+00:00","breadcrumb":{"@id":"https:\/\/rosal-feedmills.com\/politica-de-cookies\/#breadcrumb"},"inLanguage":"pl-PL","potentialAction":[{"@type":"ReadAction","target":["https:\/\/rosal-feedmills.com\/politica-de-cookies\/"]}]},{"@type":"BreadcrumbList","@id":"https:\/\/rosal-feedmills.com\/politica-de-cookies\/#breadcrumb","itemListElement":[{"@type":"ListItem","position":1,"name":"Portada","item":"https:\/\/rosal-feedmills.com\/"},{"@type":"ListItem","position":2,"name":"Pol\u00edtica de cookies"}]},{"@type":"WebSite","@id":"https:\/\/rosal-feedmills.com\/#website","url":"https:\/\/rosal-feedmills.com\/","name":"Rosal","description":"Maszyny i kompletne instalacje do produkcji pasz dla zwierz\u0105t","publisher":{"@id":"https:\/\/rosal-feedmills.com\/#organization"},"potentialAction":[{"@type":"SearchAction","target":{"@type":"EntryPoint","urlTemplate":"https:\/\/rosal-feedmills.com\/?s={search_term_string}"},"query-input":{"@type":"PropertyValueSpecification","valueRequired":true,"valueName":"search_term_string"}}],"inLanguage":"pl-PL"},{"@type":"Organization","@id":"https:\/\/rosal-feedmills.com\/#organization","name":"Rosal Instalacje rolno-przemys\u0142owe","url":"https:\/\/rosal-feedmills.com\/","logo":{"@type":"ImageObject","inLanguage":"pl-PL","@id":"https:\/\/rosal-feedmills.com\/#\/schema\/logo\/image\/","url":"https:\/\/rosal-feedmills.com\/wp-content\/uploads\/2024\/11\/Logo-Rosal-complert-png-e1731455627780.webp","contentUrl":"https:\/\/rosal-feedmills.com\/wp-content\/uploads\/2024\/11\/Logo-Rosal-complert-png-e1731455627780.webp","width":913,"height":396,"caption":"Rosal Instalaciones Agroindustriales"},"image":{"@id":"https:\/\/rosal-feedmills.com\/#\/schema\/logo\/image\/"},"sameAs":["https:\/\/es.linkedin.com\/company\/rosal-instalaciones-agroindustriales-s-a"]}]}},"_links":{"self":[{"href":"https:\/\/rosal-feedmills.com\/pl\/wp-json\/wp\/v2\/pages\/580","targetHints":{"allow":["GET"]}}],"collection":[{"href":"https:\/\/rosal-feedmills.com\/pl\/wp-json\/wp\/v2\/pages"}],"about":[{"href":"https:\/\/rosal-feedmills.com\/pl\/wp-json\/wp\/v2\/types\/page"}],"author":[{"embeddable":true,"href":"https:\/\/rosal-feedmills.com\/pl\/wp-json\/wp\/v2\/users\/2"}],"replies":[{"embeddable":true,"href":"https:\/\/rosal-feedmills.com\/pl\/wp-json\/wp\/v2\/comments?post=580"}],"version-history":[{"count":20,"href":"https:\/\/rosal-feedmills.com\/pl\/wp-json\/wp\/v2\/pages\/580\/revisions"}],"predecessor-version":[{"id":19059,"href":"https:\/\/rosal-feedmills.com\/pl\/wp-json\/wp\/v2\/pages\/580\/revisions\/19059"}],"wp:attachment":[{"href":"https:\/\/rosal-feedmills.com\/pl\/wp-json\/wp\/v2\/media?parent=580"}],"curies":[{"name":"wp","href":"https:\/\/api.w.org\/{rel}","templated":true}]}}