{"id":1794,"date":"2025-01-04T10:44:25","date_gmt":"2025-01-04T09:44:25","guid":{"rendered":"http:\/\/rosal-feedmills.com.mialias.net\/?page_id=1794"},"modified":"2025-08-29T11:51:12","modified_gmt":"2025-08-29T10:51:12","slug":"moagem","status":"publish","type":"page","link":"https:\/\/rosal-feedmills.com\/pt\/maquinaria\/molienda\/","title":{"rendered":"Moagem"},"content":{"rendered":"<div data-elementor-type=\"wp-page\" data-elementor-id=\"1794\" class=\"elementor elementor-1794\" data-elementor-post-type=\"page\">\n\t\t\t\t<div class=\"elementor-element elementor-element-7b5a9ed6 e-flex e-con-boxed e-con e-parent\" data-id=\"7b5a9ed6\" data-element_type=\"container\" data-e-type=\"container\">\n\t\t\t\t\t<div class=\"e-con-inner\">\n\t\t<div class=\"elementor-element elementor-element-55532efb e-con-full e-flex e-con e-child\" data-id=\"55532efb\" data-element_type=\"container\" data-e-type=\"container\">\n\t\t\t\t<div class=\"elementor-element elementor-element-7edff610 elementor-widget elementor-widget-image\" data-id=\"7edff610\" data-element_type=\"widget\" data-e-type=\"widget\" data-widget_type=\"image.default\">\n\t\t\t\t<div class=\"elementor-widget-container\">\n\t\t\t\t\t\t\t\t\t\t\t\t\t\t\t<img fetchpriority=\"high\" decoding=\"async\" width=\"1280\" height=\"1024\" src=\"https:\/\/rosal-feedmills.com\/wp-content\/uploads\/2024\/12\/1730894814153.jpg\" class=\"attachment-full size-full wp-image-12934\" alt=\"Rosal moinhos de martelos para a tritura\u00e7\u00e3o de cereais e farinhas para o fabrico de alimentos compostos para animais\" srcset=\"https:\/\/rosal-feedmills.com\/wp-content\/uploads\/2024\/12\/1730894814153.jpg 1280w, https:\/\/rosal-feedmills.com\/wp-content\/uploads\/2024\/12\/1730894814153-300x240.jpg 300w, https:\/\/rosal-feedmills.com\/wp-content\/uploads\/2024\/12\/1730894814153-1024x819.jpg 1024w, https:\/\/rosal-feedmills.com\/wp-content\/uploads\/2024\/12\/1730894814153-768x614.jpg 768w\" sizes=\"(max-width: 1280px) 100vw, 1280px\" \/>\t\t\t\t\t\t\t\t\t\t\t\t\t\t\t<\/div>\n\t\t\t\t<\/div>\n\t\t\t\t<\/div>\n\t\t<div class=\"elementor-element elementor-element-35bb5242 e-con-full e-flex e-con e-child\" data-id=\"35bb5242\" data-element_type=\"container\" data-e-type=\"container\">\n\t\t\t\t<div class=\"elementor-element elementor-element-67fe68d0 elementor-widget elementor-widget-heading\" data-id=\"67fe68d0\" data-element_type=\"widget\" data-e-type=\"widget\" data-widget_type=\"heading.default\">\n\t\t\t\t<div class=\"elementor-widget-container\">\n\t\t\t\t\t<h1 class=\"elementor-heading-title elementor-size-default\">Moagem<\/h1>\t\t\t\t<\/div>\n\t\t\t\t<\/div>\n\t\t\t\t<div class=\"elementor-element elementor-element-5b111b77 elementor-widget elementor-widget-text-editor\" data-id=\"5b111b77\" data-element_type=\"widget\" data-e-type=\"widget\" data-widget_type=\"text-editor.default\">\n\t\t\t\t<div class=\"elementor-widget-container\">\n\t\t\t\t\t\t\t\t\t<p>A moagem \u00e9 um dos processos mais importantes na produ\u00e7\u00e3o de alimentos para animais.<br \/>O objetivo \u00e9 encontrar o tamanho \u00f3timo das part\u00edculas atrav\u00e9s da moagem da mat\u00e9ria-prima (trigo, milho, cevada, etc.).<\/p><p>Os moinhos industriais para ra\u00e7\u00f5es cont\u00eam um rotor equipado com martelos que rodam a alta velocidade, fazendo chocar o produto a moer. Isto permite uma tritura\u00e7\u00e3o eficiente, dependendo do produto final a ser produzido: ra\u00e7\u00e3o para gado, ra\u00e7\u00e3o para animais de estima\u00e7\u00e3o ou ra\u00e7\u00e3o para peixes.<\/p>\t\t\t\t\t\t\t\t<\/div>\n\t\t\t\t<\/div>\n\t\t\t\t<\/div>\n\t\t\t\t\t<\/div>\n\t\t\t\t<\/div>\n\t\t<div class=\"elementor-element elementor-element-5b016a58 e-flex e-con-boxed e-con e-parent\" data-id=\"5b016a58\" data-element_type=\"container\" data-e-type=\"container\" data-settings=\"{&quot;background_background&quot;:&quot;classic&quot;}\">\n\t\t\t\t\t<div class=\"e-con-inner\">\n\t\t\t\t<div class=\"elementor-element elementor-element-3c515ec grid-maquinaria elementor-widget elementor-widget-ucaddon_content_grid2\" data-id=\"3c515ec\" data-element_type=\"widget\" data-e-type=\"widget\" data-widget_type=\"ucaddon_content_grid2.default\">\n\t\t\t\t<div class=\"elementor-widget-container\">\n\t\t\t\t\t\n<!-- start Content Grid -->\n\t\t<link id='font-awesome-css' href='https:\/\/rosal-feedmills.com\/wp-content\/plugins\/unlimited-elements-for-elementor-premium\/assets_libraries\/font-awesome6\/fontawesome-all.min.css' type='text\/css' rel='stylesheet' >\n\t\t<link id='font-awesome-4-shim-css' href='https:\/\/rosal-feedmills.com\/wp-content\/plugins\/unlimited-elements-for-elementor-premium\/assets_libraries\/font-awesome6\/fontawesome-v4-shims.min.css' type='text\/css' rel='stylesheet' >\n\t\t<link id='fancybox-css' href='https:\/\/rosal-feedmills.com\/wp-content\/plugins\/unlimited-elements-for-elementor-premium\/assets_libraries\/fancybox3\/jquery.fancybox.min.css' type='text\/css' rel='stylesheet' >\n\n<style>\/* widget: Content Grid *\/\n\n\n\n#uc_content_grid2_elementor_3c515ec * {\n\tbox-sizing: border-box;\t\n}\n\n#uc_content_grid2_elementor_3c515ec .uc_post_grid_style_one_wrap {\n\tdisplay: grid;\n}\n\n#uc_content_grid2_elementor_3c515ec .uc_post_grid_style_one_image {\n\twidth: 100%;\n\toverflow: hidden;\n\tdisplay: block;  \t\n}\n\n#uc_content_grid2_elementor_3c515ec .uc_post_image {\n\twidth: inherit;\n\theight: inherit;\n\tbackground-position: center center;\n\tbackground-repeat: no-repeat;\n\tdisplay: block;\n\ttransition: all 0.25s ease-in-out;\n}\n\n#uc_content_grid2_elementor_3c515ec .ue-image-holder a{\n  display:block;\n}\n\n#uc_content_grid2_elementor_3c515ec .ue-item{\n  position:relative;\n  overflow:hidden;\n}\n\n#uc_content_grid2_elementor_3c515ec .ue-item-title{\n  width:100%;\n}\n\n#uc_content_grid2_elementor_3c515ec .ue-item-text{\n  width:100%;\n}\n\n#uc_content_grid2_elementor_3c515ec .uc_content{\n  display:flex;\n  flex-direction:column;\n}\n\n#uc_content_grid2_elementor_3c515ec .ue-content-wrapper{\n  width:100%;\n}\n\n#uc_content_grid2_elementor_3c515ec .ue-button{\n  margin-top:auto;\n}\n\n#uc_content_grid2_elementor_3c515ec .ue-button{\n  width:100%;\n}\n\n\n\n\n\n\n\n\n\n#uc_content_grid2_elementor_3c515ec.uc-remote-parent .ue-item{\n  cursor:pointer;\n}\n\n#uc_content_grid2_elementor_3c515ec .uc_post_grid_style_one_search_wrap{\n  display: flex;  \n}\n\n#uc_content_grid2_elementor_3c515ec .uc_post_grid_style_one_search_container{\n  position: relative;\n}\n\n\n#uc_content_grid2_elementor_3c515ec ::-webkit-input-placeholder { \/* Edge *\/\n  color: #8f8f8f;\n}\n\n#uc_content_grid2_elementor_3c515ec :-ms-input-placeholder { \/* Internet Explorer 10-11 *\/\n  color: #8f8f8f;\n}\n\n#uc_content_grid2_elementor_3c515ec ::placeholder {\n  color: #8f8f8f;\n}\n\n#uc_content_grid2_elementor_3c515ec .uc_post_grid_style_one_next_button_pagination_button{\n      display: none;\n  }\n\n#uc_content_grid2_elementor_3c515ec .uc_post_grid_style_one_search_icon,\n#uc_content_grid2_elementor_3c515ec .uc_post_grid_style_one_reset_icon{\n\tposition: absolute;\n  \ttop: 50%;\n    transform: translate(0, -50%);\n    height: 100%;\n  \tdisplay: flex;\n    align-items: center;\n    justify-content: center;\n}\n\n#uc_content_grid2_elementor_3c515ec .uc_post_grid_style_one_reset_icon{\n  cursor: pointer;\n}\n\n\n\/* pagination *\/\n#uc_content_grid2_elementor_3c515ec .uc_post_grid_style_one_prev_button_pagination{\n  display: flex;\n  align-items: center;\n}\n\n#uc_content_grid2_elementor_3c515ec .uc_post_grid_style_one_pagination_button,\n#uc_content_grid2_elementor_3c515ec .uc_post_grid_style_one_pagination_number{\n  padding: 0;\n  justify-content: center;\n  align-items: center;\n  transition: all .3s ease;\n  margin: 0;\n}\n\n#uc_content_grid2_elementor_3c515ec .uc_post_grid_style_one_pagination_number:last-child,\n#uc_content_grid2_elementor_3c515ec .uc_post_grid_style_one_pagination_number:first-child{\n  display: inline-flex;\n  position: relative;\n}\n\n#uc_content_grid2_elementor_3c515ec .ue-hidden{\n  display: none;\n}\n\n#uc_content_grid2_elementor_3c515ec .ue-disabled{\n  opacity: .5;\n  pointer-events: none;\n}\n\n#uc_content_grid2_elementor_3c515ec .uc_post_grid_style_one_pagination_number.ue-visible{\n  display: inline-flex;\n}\n\n#uc_content_grid2_elementor_3c515ec .uc_post_grid_style_one_pagination_numbers{\n  display: flex;\n  flex-wrap: wrap;\n}\n\n#uc_content_grid2_elementor_3c515ec .uc_post_grid_style_one_prev_button_pagination_wrap{\n  display: flex;\n}\n\/* end pagination *\/\n\n<\/style>\n\n<div id=\"uc_content_grid2_elementor_3c515ec\" class=\"uc_post_grid_style_one uc_items\"   data-lightbox=\"false\">\n  \n    \n  <div class=\"uc_post_grid_style_one_wrap uc-items-wrapper\">\n          \n<div class=\"uc_post_grid_style_one_item ue-item\">\n    \n      <div class=\"uc_post_grid_style_one_image ue-image-holder\">\n                    <a class=\"uc_post_grid_style_one-link\" href=\"https:\/\/rosal-feedmills.com\/pt\/maquinaria\/moagem\/moinho-de-martelos\/\" >\n                      \n    <div aria-role=\"img\" aria-label=\"Representa\u00e7\u00e3o de um moinho de martelos Rosal para alimentos para animais\"  class=\"uc_post_image\" style=\"background-image: url(https:\/\/rosal-feedmills.com\/wp-content\/uploads\/2024\/11\/Molino-de-martillos-3-removebg-preview.png);\"><\/div>\n    <\/a>    <\/div>\n    \n  <div class=\"uc_content padding\">\n    <div class=\"ue-content-wrapper\">\n      \n              <a href=\"https:\/\/rosal-feedmills.com\/pt\/maquinaria\/moagem\/moinho-de-martelos\/\" >        \t<h3 class=\"ue-item-title\">Moinho de martelos<\/h3>\n         <\/a>            \n      <div class=\"ue-item-text\"><div class=\"maquinaria-description\"><p>Os nossos moinhos de martelos garantem uma moagem de gr\u00e3os eficiente e uniforme.<\/p><\/div><\/div>      \n            \n    <\/div>\n    \n        \n  <\/div>\n<\/div>\n\n<div class=\"uc_post_grid_style_one_item ue-item\">\n    \n      <div class=\"uc_post_grid_style_one_image ue-image-holder\">\n                    <a class=\"uc_post_grid_style_one-link\" href=\"https:\/\/rosal-feedmills.com\/pt\/maquinaria\/moagem\/moinho-de-rolos\/\" >\n                      \n    <div aria-role=\"img\" aria-label=\"Representa\u00e7\u00e3o de um moinho de rolos Rosal para o fabrico de alimentos para animais.\"  class=\"uc_post_image\" style=\"background-image: url(https:\/\/rosal-feedmills.com\/wp-content\/uploads\/2024\/12\/MRR-3015-2-MOTORS-3-768x432.png);\"><\/div>\n    <\/a>    <\/div>\n    \n  <div class=\"uc_content padding\">\n    <div class=\"ue-content-wrapper\">\n      \n              <a href=\"https:\/\/rosal-feedmills.com\/pt\/maquinaria\/moagem\/moinho-de-rolos\/\" >        \t<h3 class=\"ue-item-title\">Moinho de rolos<\/h3>\n         <\/a>            \n      <div class=\"ue-item-text\"><p>O moinho de rolos \u00e9 ideal para instala\u00e7\u00f5es que requerem uma moagem homog\u00e9nea com uma percentagem m\u00ednima de finos.<\/p><\/div>      \n            \n    <\/div>\n    \n        \n  <\/div>\n<\/div>\n\n<div class=\"uc_post_grid_style_one_item ue-item\">\n    \n      <div class=\"uc_post_grid_style_one_image ue-image-holder\">\n                    <a class=\"uc_post_grid_style_one-link\" href=\"https:\/\/rosal-feedmills.com\/pt\/maquinaria\/moagem\/laminador-laminador\/\" >\n                      \n    <div aria-role=\"img\" aria-label=\"Representa\u00e7\u00e3o de um moinho de flocos para flocos Rosal\"  class=\"uc_post_image\" style=\"background-image: url(https:\/\/rosal-feedmills.com\/wp-content\/uploads\/2024\/11\/Molino-roladorlaminador.png);\"><\/div>\n    <\/a>    <\/div>\n    \n  <div class=\"uc_content padding\">\n    <div class=\"ue-content-wrapper\">\n      \n              <a href=\"https:\/\/rosal-feedmills.com\/pt\/maquinaria\/moagem\/laminador-laminador\/\" >        \t<h3 class=\"ue-item-title\">Laminador<\/h3>\n         <\/a>            \n      <div class=\"ue-item-text\"><div class=\"maquinaria-description\"><p>O moinho de flocos produz flocos de cereais, que s\u00e3o ideais para o gado devido \u00e0 sua \u00f3ptima digestibilidade.<\/p><\/div><\/div>      \n            \n    <\/div>\n    \n        \n  <\/div>\n<\/div>\n\n      <\/div>  \n    \n<\/div>\n<!-- end Content Grid -->\t\t\t\t<\/div>\n\t\t\t\t<\/div>\n\t\t\t\t\t<\/div>\n\t\t\t\t<\/div>\n\t\t\t\t<\/div>","protected":false},"excerpt":{"rendered":"<p>Molienda La molienda es uno de los procesos m\u00e1s importantes dentro de la producci\u00f3n de piensos. El objetivo es encontrar la granulometr\u00eda \u00f3ptima mediante la molturaci\u00f3n de la materia prima (trigo, ma\u00edz, cebada, etc.). Los molinos industriales para pienso contienen un rotor provisto de martillos que gira a altas velocidades impactando sobre el producto a [&hellip;]<\/p>\n","protected":false},"author":2,"featured_media":0,"parent":1951,"menu_order":0,"comment_status":"closed","ping_status":"closed","template":"","meta":{"footnotes":""},"class_list":["post-1794","page","type-page","status-publish","hentry"],"yoast_head":"<!-- This site is optimized with the Yoast SEO plugin v27.2 - https:\/\/yoast.com\/product\/yoast-seo-wordpress\/ -->\n<title>Maquinaria de molienda para f\u00e1bricas de piensos | Rosal<\/title>\n<meta name=\"description\" content=\"Conozca el proceso de molienda en f\u00e1bricas de piensos y descubra los tipos de molinos utilizados en la producci\u00f3n de alimentos para animales.\" \/>\n<meta name=\"robots\" content=\"index, follow, max-snippet:-1, max-image-preview:large, max-video-preview:-1\" \/>\n<link rel=\"canonical\" href=\"https:\/\/rosal-feedmills.com\/pt\/maquinaria\/moagem\/\" \/>\n<meta property=\"og:locale\" content=\"pt_PT\" \/>\n<meta property=\"og:type\" content=\"article\" \/>\n<meta property=\"og:title\" content=\"Maquinaria de molienda para f\u00e1bricas de piensos | Rosal\" \/>\n<meta property=\"og:description\" content=\"Conozca el proceso de molienda en f\u00e1bricas de piensos y descubra los tipos de molinos utilizados en la producci\u00f3n de alimentos para animales.\" \/>\n<meta property=\"og:url\" content=\"https:\/\/rosal-feedmills.com\/pt\/maquinaria\/moagem\/\" \/>\n<meta property=\"og:site_name\" content=\"Rosal Feedmills\" \/>\n<meta property=\"article:modified_time\" content=\"2025-08-29T10:51:12+00:00\" \/>\n<meta property=\"og:image\" content=\"https:\/\/rosal-feedmills.com\/wp-content\/uploads\/2024\/12\/1730894814153.jpg\" \/>\n<meta name=\"twitter:card\" content=\"summary_large_image\" \/>\n<meta name=\"twitter:label1\" content=\"Tempo estimado de leitura\" \/>\n\t<meta name=\"twitter:data1\" content=\"1 minuto\" \/>\n<script type=\"application\/ld+json\" class=\"yoast-schema-graph\">{\"@context\":\"https:\/\/schema.org\",\"@graph\":[{\"@type\":\"WebPage\",\"@id\":\"https:\/\/rosal-feedmills.com\/maquinaria\/molienda\/\",\"url\":\"https:\/\/rosal-feedmills.com\/maquinaria\/molienda\/\",\"name\":\"Maquinaria de molienda para f\u00e1bricas de piensos | Rosal\",\"isPartOf\":{\"@id\":\"https:\/\/rosal-feedmills.com\/#website\"},\"primaryImageOfPage\":{\"@id\":\"https:\/\/rosal-feedmills.com\/maquinaria\/molienda\/#primaryimage\"},\"image\":{\"@id\":\"https:\/\/rosal-feedmills.com\/maquinaria\/molienda\/#primaryimage\"},\"thumbnailUrl\":\"https:\/\/rosal-feedmills.com\/wp-content\/uploads\/2024\/12\/1730894814153.jpg\",\"datePublished\":\"2025-01-04T09:44:25+00:00\",\"dateModified\":\"2025-08-29T10:51:12+00:00\",\"description\":\"Conozca el proceso de molienda en f\u00e1bricas de piensos y descubra los tipos de molinos utilizados en la producci\u00f3n de alimentos para animales.\",\"breadcrumb\":{\"@id\":\"https:\/\/rosal-feedmills.com\/maquinaria\/molienda\/#breadcrumb\"},\"inLanguage\":\"pt-PT\",\"potentialAction\":[{\"@type\":\"ReadAction\",\"target\":[\"https:\/\/rosal-feedmills.com\/maquinaria\/molienda\/\"]}]},{\"@type\":\"ImageObject\",\"inLanguage\":\"pt-PT\",\"@id\":\"https:\/\/rosal-feedmills.com\/maquinaria\/molienda\/#primaryimage\",\"url\":\"https:\/\/rosal-feedmills.com\/wp-content\/uploads\/2024\/12\/1730894814153.jpg\",\"contentUrl\":\"https:\/\/rosal-feedmills.com\/wp-content\/uploads\/2024\/12\/1730894814153.jpg\"},{\"@type\":\"BreadcrumbList\",\"@id\":\"https:\/\/rosal-feedmills.com\/maquinaria\/molienda\/#breadcrumb\",\"itemListElement\":[{\"@type\":\"ListItem\",\"position\":1,\"name\":\"Portada\",\"item\":\"https:\/\/rosal-feedmills.com\/\"},{\"@type\":\"ListItem\",\"position\":2,\"name\":\"Maquinaria\",\"item\":\"https:\/\/rosal-feedmills.com\/maquinaria\/\"},{\"@type\":\"ListItem\",\"position\":3,\"name\":\"Molienda\"}]},{\"@type\":\"WebSite\",\"@id\":\"https:\/\/rosal-feedmills.com\/#website\",\"url\":\"https:\/\/rosal-feedmills.com\/\",\"name\":\"Rosal\",\"description\":\"Maquinaria y f\u00e1bricas completas para alimentaci\u00f3n animal\",\"publisher\":{\"@id\":\"https:\/\/rosal-feedmills.com\/#organization\"},\"potentialAction\":[{\"@type\":\"SearchAction\",\"target\":{\"@type\":\"EntryPoint\",\"urlTemplate\":\"https:\/\/rosal-feedmills.com\/?s={search_term_string}\"},\"query-input\":{\"@type\":\"PropertyValueSpecification\",\"valueRequired\":true,\"valueName\":\"search_term_string\"}}],\"inLanguage\":\"pt-PT\"},{\"@type\":\"Organization\",\"@id\":\"https:\/\/rosal-feedmills.com\/#organization\",\"name\":\"Rosal Instalaciones Agroindustriales\",\"url\":\"https:\/\/rosal-feedmills.com\/\",\"logo\":{\"@type\":\"ImageObject\",\"inLanguage\":\"pt-PT\",\"@id\":\"https:\/\/rosal-feedmills.com\/#\/schema\/logo\/image\/\",\"url\":\"https:\/\/rosal-feedmills.com\/wp-content\/uploads\/2024\/11\/Logo-Rosal-complert-png-e1731455627780.webp\",\"contentUrl\":\"https:\/\/rosal-feedmills.com\/wp-content\/uploads\/2024\/11\/Logo-Rosal-complert-png-e1731455627780.webp\",\"width\":913,\"height\":396,\"caption\":\"Rosal Instalaciones Agroindustriales\"},\"image\":{\"@id\":\"https:\/\/rosal-feedmills.com\/#\/schema\/logo\/image\/\"},\"sameAs\":[\"https:\/\/es.linkedin.com\/company\/rosal-instalaciones-agroindustriales-s-a\"]}]}<\/script>\n<!-- \/ Yoast SEO plugin. -->","yoast_head_json":{"title":"M\u00e1quinas de moagem para moinhos de ra\u00e7\u00e3o animal | Rosal","description":"Saiba mais sobre o processo de moagem nos moinhos de ra\u00e7\u00f5es e descubra os tipos de moinhos utilizados na produ\u00e7\u00e3o de ra\u00e7\u00f5es para animais.","robots":{"index":"index","follow":"follow","max-snippet":"max-snippet:-1","max-image-preview":"max-image-preview:large","max-video-preview":"max-video-preview:-1"},"canonical":"https:\/\/rosal-feedmills.com\/pt\/maquinaria\/moagem\/","og_locale":"pt_PT","og_type":"article","og_title":"Maquinaria de molienda para f\u00e1bricas de piensos | Rosal","og_description":"Conozca el proceso de molienda en f\u00e1bricas de piensos y descubra los tipos de molinos utilizados en la producci\u00f3n de alimentos para animales.","og_url":"https:\/\/rosal-feedmills.com\/pt\/maquinaria\/moagem\/","og_site_name":"Rosal Feedmills","article_modified_time":"2025-08-29T10:51:12+00:00","og_image":[{"url":"https:\/\/rosal-feedmills.com\/wp-content\/uploads\/2024\/12\/1730894814153.jpg","type":"","width":"","height":""}],"twitter_card":"summary_large_image","twitter_misc":{"Tempo estimado de leitura":"1 minuto"},"schema":{"@context":"https:\/\/schema.org","@graph":[{"@type":"WebPage","@id":"https:\/\/rosal-feedmills.com\/maquinaria\/molienda\/","url":"https:\/\/rosal-feedmills.com\/maquinaria\/molienda\/","name":"M\u00e1quinas de moagem para moinhos de ra\u00e7\u00e3o animal | Rosal","isPartOf":{"@id":"https:\/\/rosal-feedmills.com\/#website"},"primaryImageOfPage":{"@id":"https:\/\/rosal-feedmills.com\/maquinaria\/molienda\/#primaryimage"},"image":{"@id":"https:\/\/rosal-feedmills.com\/maquinaria\/molienda\/#primaryimage"},"thumbnailUrl":"https:\/\/rosal-feedmills.com\/wp-content\/uploads\/2024\/12\/1730894814153.jpg","datePublished":"2025-01-04T09:44:25+00:00","dateModified":"2025-08-29T10:51:12+00:00","description":"Saiba mais sobre o processo de moagem nos moinhos de ra\u00e7\u00f5es e descubra os tipos de moinhos utilizados na produ\u00e7\u00e3o de ra\u00e7\u00f5es para animais.","breadcrumb":{"@id":"https:\/\/rosal-feedmills.com\/maquinaria\/molienda\/#breadcrumb"},"inLanguage":"pt-PT","potentialAction":[{"@type":"ReadAction","target":["https:\/\/rosal-feedmills.com\/maquinaria\/molienda\/"]}]},{"@type":"ImageObject","inLanguage":"pt-PT","@id":"https:\/\/rosal-feedmills.com\/maquinaria\/molienda\/#primaryimage","url":"https:\/\/rosal-feedmills.com\/wp-content\/uploads\/2024\/12\/1730894814153.jpg","contentUrl":"https:\/\/rosal-feedmills.com\/wp-content\/uploads\/2024\/12\/1730894814153.jpg"},{"@type":"BreadcrumbList","@id":"https:\/\/rosal-feedmills.com\/maquinaria\/molienda\/#breadcrumb","itemListElement":[{"@type":"ListItem","position":1,"name":"Portada","item":"https:\/\/rosal-feedmills.com\/"},{"@type":"ListItem","position":2,"name":"Maquinaria","item":"https:\/\/rosal-feedmills.com\/maquinaria\/"},{"@type":"ListItem","position":3,"name":"Molienda"}]},{"@type":"WebSite","@id":"https:\/\/rosal-feedmills.com\/#website","url":"https:\/\/rosal-feedmills.com\/","name":"Rosal","description":"M\u00e1quinas e instala\u00e7\u00f5es completas para alimenta\u00e7\u00e3o animal","publisher":{"@id":"https:\/\/rosal-feedmills.com\/#organization"},"potentialAction":[{"@type":"SearchAction","target":{"@type":"EntryPoint","urlTemplate":"https:\/\/rosal-feedmills.com\/?s={search_term_string}"},"query-input":{"@type":"PropertyValueSpecification","valueRequired":true,"valueName":"search_term_string"}}],"inLanguage":"pt-PT"},{"@type":"Organization","@id":"https:\/\/rosal-feedmills.com\/#organization","name":"Rosal Instala\u00e7\u00f5es agro-industriais","url":"https:\/\/rosal-feedmills.com\/","logo":{"@type":"ImageObject","inLanguage":"pt-PT","@id":"https:\/\/rosal-feedmills.com\/#\/schema\/logo\/image\/","url":"https:\/\/rosal-feedmills.com\/wp-content\/uploads\/2024\/11\/Logo-Rosal-complert-png-e1731455627780.webp","contentUrl":"https:\/\/rosal-feedmills.com\/wp-content\/uploads\/2024\/11\/Logo-Rosal-complert-png-e1731455627780.webp","width":913,"height":396,"caption":"Rosal Instalaciones Agroindustriales"},"image":{"@id":"https:\/\/rosal-feedmills.com\/#\/schema\/logo\/image\/"},"sameAs":["https:\/\/es.linkedin.com\/company\/rosal-instalaciones-agroindustriales-s-a"]}]}},"_links":{"self":[{"href":"https:\/\/rosal-feedmills.com\/pt\/wp-json\/wp\/v2\/pages\/1794","targetHints":{"allow":["GET"]}}],"collection":[{"href":"https:\/\/rosal-feedmills.com\/pt\/wp-json\/wp\/v2\/pages"}],"about":[{"href":"https:\/\/rosal-feedmills.com\/pt\/wp-json\/wp\/v2\/types\/page"}],"author":[{"embeddable":true,"href":"https:\/\/rosal-feedmills.com\/pt\/wp-json\/wp\/v2\/users\/2"}],"replies":[{"embeddable":true,"href":"https:\/\/rosal-feedmills.com\/pt\/wp-json\/wp\/v2\/comments?post=1794"}],"version-history":[{"count":58,"href":"https:\/\/rosal-feedmills.com\/pt\/wp-json\/wp\/v2\/pages\/1794\/revisions"}],"predecessor-version":[{"id":18764,"href":"https:\/\/rosal-feedmills.com\/pt\/wp-json\/wp\/v2\/pages\/1794\/revisions\/18764"}],"up":[{"embeddable":true,"href":"https:\/\/rosal-feedmills.com\/pt\/wp-json\/wp\/v2\/pages\/1951"}],"wp:attachment":[{"href":"https:\/\/rosal-feedmills.com\/pt\/wp-json\/wp\/v2\/media?parent=1794"}],"curies":[{"name":"wp","href":"https:\/\/api.w.org\/{rel}","templated":true}]}}