{"id":578,"date":"2021-03-10T14:46:51","date_gmt":"2021-03-10T14:46:51","guid":{"rendered":"http:\/\/rosal-feedmills.com.mialias.net\/?page_id=578"},"modified":"2025-10-17T09:35:06","modified_gmt":"2025-10-17T08:35:06","slug":"politica-de-privacidade","status":"publish","type":"page","link":"https:\/\/rosal-feedmills.com\/pt\/politica-de-privacidad\/","title":{"rendered":"Pol\u00edtica de privacidade"},"content":{"rendered":"<div data-elementor-type=\"wp-page\" data-elementor-id=\"578\" class=\"elementor elementor-578\" data-elementor-post-type=\"page\">\n\t\t\t\t<div class=\"elementor-element elementor-element-53725bc8 e-flex e-con-boxed e-con e-parent\" data-id=\"53725bc8\" data-element_type=\"container\" data-e-type=\"container\" data-settings=\"{&quot;background_background&quot;:&quot;classic&quot;}\">\n\t\t\t\t\t<div class=\"e-con-inner\">\n\t\t\t\t<div class=\"elementor-element elementor-element-8ec3386 elementor-widget elementor-widget-heading\" data-id=\"8ec3386\" data-element_type=\"widget\" data-e-type=\"widget\" data-widget_type=\"heading.default\">\n\t\t\t\t<div class=\"elementor-widget-container\">\n\t\t\t\t\t<h1 class=\"elementor-heading-title elementor-size-default\">Pol\u00edtica de privacidade<\/h1>\t\t\t\t<\/div>\n\t\t\t\t<\/div>\n\t\t\t\t<div class=\"elementor-element elementor-element-6a83dae6 elementor-widget elementor-widget-text-editor\" data-id=\"6a83dae6\" data-element_type=\"widget\" data-e-type=\"widget\" data-widget_type=\"text-editor.default\">\n\t\t\t\t<div class=\"elementor-widget-container\">\n\t\t\t\t\t\t\t\t\t <p>Informamos que, para aceder a determinados conte\u00fados ou servi\u00e7os, ser\u00e1 necess\u00e1rio fornecer dados pessoais. Os utilizadores garantir\u00e3o a veracidade, exatid\u00e3o e autenticidade dos dados. A ROSAL INSTALACIONES AGROINDUSTRIALES S.A. preservar\u00e1 a confidencialidade e a seguran\u00e7a dos seus dados pessoais e dar-lhes-\u00e1 o tratamento automatizado correspondente em fun\u00e7\u00e3o da sua natureza ou finalidade, nos termos indicados na sec\u00e7\u00e3o Pol\u00edtica de Prote\u00e7\u00e3o de Dados.<\/p>\n    <p>\u00c9 importante, e tendo em conta o Regulamento Europeu de Prote\u00e7\u00e3o de Dados Regulamento UE 2016\/679 do Parlamento Europeu e do Conselho Europeu, ler a Informa\u00e7\u00e3o B\u00e1sica. Deve ainda ter em aten\u00e7\u00e3o que o facto de deixar os seus dados n\u00e3o atribui, confirma, anula, cancela, legitima ou aperfei\u00e7oa qualquer rela\u00e7\u00e3o contratual com a nossa empresa.<\/p>\n\n    <h2>Informa\u00e7\u00f5es de base<\/h2>\n    <p><strong>Controlador de dados:<\/strong> ROSAL INSTALACIONES AGROINDUSTRIALES S.A.<br>\n    A08557282 Calle Roger de Flor (Pol. Ind. Can Vinyals S\/N) 08130 Santa Perpetua de la Mogoda <a href=\"mailto:j.rosal@rosal.biz\">j.rosal@rosal.biz<\/a> \u2013 935741932<\/p>\n\n    <h3>Princ\u00edpios de tratamento<\/h3>\n    <ul>\n        <li>De uma forma legal, justa e transparente em rela\u00e7\u00e3o \u00e0 pessoa em causa.<\/li>\n        <li>Recolhidos para finalidades determinadas, expl\u00edcitas e leg\u00edtimas e n\u00e3o ser\u00e3o posteriormente tratados de forma incompat\u00edvel com essas finalidades; para fins de arquivo de interesse p\u00fablico, para fins de investiga\u00e7\u00e3o cient\u00edfica e hist\u00f3rica ou para fins estat\u00edsticos n\u00e3o ser\u00e3o considerados incompat\u00edveis com as finalidades iniciais.<\/li>\n        <li>Adequadas, pertinentes e limitadas ao que \u00e9 necess\u00e1rio relativamente \u00e0s finalidades para as quais s\u00e3o tratadas.<\/li>\n        <li>Exactos e, se necess\u00e1rio, actualizados; devem ser tomadas todas as medidas razo\u00e1veis para assegurar que os dados pessoais inexactos relativamente \u00e0s finalidades para que s\u00e3o tratados sejam apagados ou rectificados sem demora.<\/li>\n        <li>Conservados de uma forma que permita a identifica\u00e7\u00e3o das pessoas em causa apenas durante o per\u00edodo necess\u00e1rio para a prossecu\u00e7\u00e3o das finalidades para que s\u00e3o tratados; os dados pessoais podem ser conservados durante per\u00edodos mais longos, desde que sejam tratados exclusivamente para fins de arquivo de interesse p\u00fablico, de investiga\u00e7\u00e3o cient\u00edfica ou hist\u00f3rica ou para fins estat\u00edsticos.<\/li>\n        <li>Tratados de forma a garantir a seguran\u00e7a adequada dos dados pessoais, incluindo a prote\u00e7\u00e3o contra o seu tratamento n\u00e3o autorizado ou il\u00edcito e contra a sua perda, destrui\u00e7\u00e3o ou danifica\u00e7\u00e3o acidental, atrav\u00e9s da aplica\u00e7\u00e3o de medidas t\u00e9cnicas ou organizativas adequadas.<\/li>\n    <\/ul>\n\n    <p><strong>L\u00edngua:<\/strong> A l\u00edngua aplic\u00e1vel \u00e0 presente Pol\u00edtica de Privacidade \u00e9 o espanhol. Por conseguinte, em caso de contradi\u00e7\u00e3o em qualquer das vers\u00f5es fornecidas noutras l\u00ednguas, prevalece a vers\u00e3o espanhola. No que diz respeito \u00e0 interpreta\u00e7\u00e3o dos contratos, ser\u00e3o especificamente observados os artigos 1281 e seguintes do C\u00f3digo Civil.<\/p>\n\n    <h3>Objectivos<\/h3>\n    <ul>\n        <li>Gerir servi\u00e7os e vendas a clientes no \u00e2mbito do nosso objeto social: CNAE 2829 Fabrica\u00e7\u00e3o de outras m\u00e1quinas de uso geral, engenharia, produ\u00e7\u00e3o, montagem e servi\u00e7os p\u00f3s-venda.<\/li>\n        <li>Atender aos seus pedidos, faturar estes servi\u00e7os, gerir cancelamentos e reembolsos dentro dos prazos legais estabelecidos na Lei 34\/2002, de 11 de julho, sobre servi\u00e7os da sociedade da informa\u00e7\u00e3o e com\u00e9rcio eletr\u00f3nico, Real Decreto Legislativo 1\/2007, de 16 de novembro, que aprova o texto revisto da Lei Geral para a Defesa dos Consumidores e Utilizadores e outras leis complementares.<\/li>\n        <li>Enviar-lhe publicidade e promo\u00e7\u00f5es relacionadas com o nosso objeto social de acordo com as suas \u00e1reas de interesse, por qualquer meio, seja por correio, telem\u00e1tica, telefonia fixa ou m\u00f3vel. Assim como convid\u00e1-lo para eventos organizados pela empresa, tanto presencialmente como online.<\/li>\n    <\/ul>\n\n    <h3>Conformidade regulamentar<\/h3>\n    <p>Reservamo-nos o direito de armazenar e conservar as informa\u00e7\u00f5es fornecidas pelo utilizador, incluindo os servi\u00e7os utilizados, as informa\u00e7\u00f5es, incluindo as informa\u00e7\u00f5es da conta e os dados pessoais, para cumprir a legisla\u00e7\u00e3o aplic\u00e1vel, sempre que necess\u00e1rio para apresentar provas em arbitragem ou em tribunal, e de as manter bloqueadas e sob pseud\u00f3nimo, para garantir a sua seguran\u00e7a, sigilo e confidencialidade.<\/p>\n\n    <h3>Legalidade<\/h3>\n    <p>N\u00e3o trataremos os dados sem o consentimento expl\u00edcito para cada uma das finalidades, apenas quando:<\/p>\n    <ul>\n        <li>Quando necess\u00e1rio para a execu\u00e7\u00e3o de um contrato no qual a pessoa em causa \u00e9 parte ou para a aplica\u00e7\u00e3o de medidas pr\u00e9-contratuais a pedido da pessoa em causa.<\/li>\n        <li>Quando necess\u00e1rio para o cumprimento de uma obriga\u00e7\u00e3o legal aplic\u00e1vel ao respons\u00e1vel pelo tratamento.<\/li>\n        <li>Quando o tratamento \u00e9 necess\u00e1rio para proteger os interesses vitais do titular dos dados ou de outra pessoa singular;<\/li>\n        <li>Sempre que necess\u00e1rio, para efeitos dos interesses leg\u00edtimos prosseguidos pelo respons\u00e1vel pelo tratamento ou por terceiros, desde que n\u00e3o prevale\u00e7am os interesses ou direitos e liberdades fundamentais da pessoa em causa que exijam a prote\u00e7\u00e3o dos dados pessoais, em especial se a pessoa em causa for uma crian\u00e7a.<\/li>\n    <\/ul>\n    <p>Asseguraremos a exist\u00eancia de salvaguardas adequadas, que podem incluir a cifragem ou a pseudonimiza\u00e7\u00e3o dos dados, para proteger a identidade do utilizador.<\/p>\n\n    <h3>Respons\u00e1vel pela prote\u00e7\u00e3o de dados<\/h3>\n    <p>Para qualquer pedido relativo aos seus direitos fundamentais, tal como descritos no n.\u00ba 1 do artigo 8.\u00ba da Carta dos Direitos Fundamentais da Uni\u00e3o Europeia e no n.\u00ba 1 do artigo 16.\u00ba do Tratado sobre o Funcionamento da Uni\u00e3o Europeia (TFUE), no artigo 12.\u00ba da Declara\u00e7\u00e3o Universal dos Direitos do Homem, no artigo 17.\u00ba do Pacto Internacional sobre os Direitos Civis e Pol\u00edticos adotado pela Assembleia Geral das Na\u00e7\u00f5es Unidas, no artigo 11.\u00ba da Conven\u00e7\u00e3o Americana sobre Direitos Humanos, tamb\u00e9m conhecida como Pacto de S\u00e3o Jos\u00e9 da Costa Rica, e nos artigos 14. As queixas podem ser dirigidas a: <a href=\"mailto:j.rosal@rosal.biz\">j.rosal@rosal.biz<\/a> \u2013 935741932<\/p>\n\n    <h3>Legitima\u00e7\u00e3o<\/h3>\n    <p>Consentimento, rela\u00e7\u00e3o contratual e interesse leg\u00edtimo.<\/p>\n\n    <h3>Base jur\u00eddica<\/h3>\n    <p>Regulamento (UE) 2016\/679 do Parlamento Europeu e do Conselho, de 27 de abril de 2016, relativo \u00e0 prote\u00e7\u00e3o das pessoas singulares no que diz respeito ao tratamento de dados pessoais e \u00e0 livre circula\u00e7\u00e3o desses dados, Lei Org\u00e2nica 3\/2018, de 5 de dezembro, sobre a Prote\u00e7\u00e3o de Dados Pessoais e Garantia dos Direitos Digitais, Lei 34\/2002, de 11 de julho, sobre Servi\u00e7os da Sociedade da Informa\u00e7\u00e3o e Com\u00e9rcio Eletr\u00f3nico. Real Decreto Legislativo 1\/2007, de 16 de novembro, que aprova o texto revisto da Lei Geral de Defesa dos Consumidores e Utilizadores e outras leis complementares.<\/p>\n <h3>Destinat\u00e1rios<\/h3>\n    <p>Transferimos dados para terceiros, como os operadores que gerem o s\u00edtio Web e que mant\u00eam a nossa aplica\u00e7\u00e3o inform\u00e1tica que nos permite a gest\u00e3o corrente dos nossos servi\u00e7os, essencial para a gest\u00e3o da nossa atividade.<\/p>\n\n    <h3>Dura\u00e7\u00e3o<\/h3>\n    <p>Os dados fornecidos ser\u00e3o conservados durante um per\u00edodo de 5 anos a contar do \u00faltimo contrato, exceto se o utilizador tiver solicitado previamente o bloqueio ou a elimina\u00e7\u00e3o dos mesmos; ou conforme previsto na legisla\u00e7\u00e3o fiscal. Os dados fiscais ser\u00e3o conservados durante 5 anos por prescri\u00e7\u00e3o legal.<\/p>\n\n    <h3>Qualidade dos dados<\/h3>\n    <p>Todos os dados solicitados atrav\u00e9s do s\u00edtio Web s\u00e3o obrigat\u00f3rios, uma vez que s\u00e3o necess\u00e1rios para a presta\u00e7\u00e3o de um servi\u00e7o \u00f3timo ao utilizador. No caso de n\u00e3o serem fornecidos todos os dados, o fornecedor n\u00e3o garante a presta\u00e7\u00e3o dos servi\u00e7os solicitados.<\/p>\n    <p>O utilizador \u00e9 o \u00fanico respons\u00e1vel pela veracidade e atualiza\u00e7\u00e3o dos dados fornecidos atrav\u00e9s dos diferentes formul\u00e1rios do s\u00edtio Web.<\/p>\n\n    <h3>Defini\u00e7\u00e3o de perfis<\/h3>\n    <p>N\u00e3o processamos os seus dados pessoais de forma automatizada para a defini\u00e7\u00e3o de perfis no s\u00edtio Web, exceto para fins estat\u00edsticos que n\u00e3o comprometam quaisquer direitos fundamentais dos titulares dos dados.<\/p>\n\n    <h3>Informa\u00e7\u00f5es adicionais<\/h3>\n    <p>O utilizador pode, a qualquer momento, solicitar informa\u00e7\u00f5es adicionais sobre os seus dados pessoais (\u201csegundo n\u00edvel\u00bb), no mesmo endere\u00e7o que lhe fornecemos, para exercer os seus direitos.<\/p>\n\n    <h3>Menores<\/h3>\n    <p>Os nossos servi\u00e7os n\u00e3o s\u00e3o dirigidos a menores ou a pessoas com defici\u00eancia. Entendemos que estes t\u00eam a autoriza\u00e7\u00e3o e o consentimento dos seus pais, tutores ou representantes legais. A utiliza\u00e7\u00e3o dos mesmos, seja por neglig\u00eancia ou culpa, ser\u00e1 feita por sua conta e risco, o que poder\u00e1 resultar em responsabilidade extracontratual.<\/p>\n\n    <h3>Transfer\u00eancias internacionais de dados<\/h3>\n    <p>Em alguns casos, para lhe prestar um melhor servi\u00e7o, podemos efetuar transfer\u00eancias internacionais de dados que ser\u00e3o regidas pelas disposi\u00e7\u00f5es do Regulamento (UE) 2016\/679 e com diferentes suportes legais previstos no mesmo:<\/p>\n    <ul>\n        <li>Com o seu consentimento expl\u00edcito, com todas as garantias legais de prote\u00e7\u00e3o da sua privacidade, com a m\u00e1xima seguran\u00e7a, mantendo o sigilo e a confidencialidade dos dados.<\/li>\n        <li>Atrav\u00e9s de cl\u00e1usulas contratuais, tal como definidas no artigo 46.\u00ba, n.\u00ba 2, al\u00ednea c), do Regulamento (UE) 2016\/679, que devem ser previamente sujeitas ao parecer do Comit\u00e9 Europeu para a Prote\u00e7\u00e3o de Dados previsto no artigo 64.<\/li>\n        <li>Regras vinculativas para as empresas, em conformidade com o artigo 47.\u00ba do Regulamento (UE) 2016\/679.<\/li>\n        <li>As transfer\u00eancias internacionais de dados para pa\u00edses ou organiza\u00e7\u00f5es internacionais que n\u00e3o disponham de uma decis\u00e3o de adequa\u00e7\u00e3o aprovada pela Comiss\u00e3o ou que n\u00e3o estejam cobertas por nenhuma das garantias previstas no artigo anterior e no n.\u00ba 2 do artigo 46.\u00ba do Regulamento (UE) 2016\/679 carecem de autoriza\u00e7\u00e3o pr\u00e9via da Ag\u00eancia Espanhola de Prote\u00e7\u00e3o de Dados.<\/li>\n    <\/ul>\n\n    <h3>Direitos<\/h3>\n    <p>O utilizador pode exercer os seus direitos de acesso, retifica\u00e7\u00e3o, cancelamento e\/ou oposi\u00e7\u00e3o, bem como o direito \u00e0 limita\u00e7\u00e3o da finalidade e \u00e0 portabilidade. Pode contactar-nos atrav\u00e9s do nosso endere\u00e7o eletr\u00f3nico: <a href=\"mailto:j.rosal@rosal.biz\">j.rosal@rosal.biz<\/a> ; Ou para o nosso endere\u00e7o postal, contactando a pessoa respons\u00e1vel pelo ficheiro da nossa empresa. Para o efeito, ser\u00e1 necess\u00e1rio fornecer dados pessoais e documentos comprovativos, juntamente com o seu pedido.<\/p>\n    <p>Documentos necess\u00e1rios:<\/p>\n    <ul>\n        <li>Fotoc\u00f3pia do bilhete de identidade<\/li>\n        <li>Identifica\u00e7\u00e3o e representa\u00e7\u00e3o suficientes.<\/li>\n        <li>Explica\u00e7\u00e3o e objetivo da queixa.<\/li>\n        <li>Endere\u00e7o para envio de comunica\u00e7\u00f5es, ou correio eletr\u00f3nico, para que possamos contact\u00e1-lo o mais rapidamente poss\u00edvel.<\/li>\n    <\/ul>\n\n    <h3>Informa\u00e7\u00f5es complementares<\/h3>\n    <p>O utilizador tem o direito de obter confirma\u00e7\u00e3o sobre a forma como os seus dados pessoais est\u00e3o a ser tratados pela nossa empresa. Por conseguinte, tem o direito de aceder aos seus dados pessoais, aos dados inexactos ou de solicitar a sua elimina\u00e7\u00e3o quando os dados j\u00e1 n\u00e3o forem necess\u00e1rios para os fins para que foram recolhidos, em qualquer momento, de forma f\u00e1cil e gratuita.<\/p>\n    <p>O utilizador tamb\u00e9m pode cancelar a subscri\u00e7\u00e3o de mensagens promocionais, em conformidade com a LSSICE 34\/2002. Para o efeito, o utilizador deve fornecer os seguintes dados:<\/p>\n    &lt;ul\t\t\t\t\t\t\t\t<\/div>\n\t\t\t\t<\/div>\n\t\t\t\t\t<\/div>\n\t\t\t\t<\/div>\n\t\t\t\t<\/div>","protected":false},"excerpt":{"rendered":"<p>Pol\u00edtica de privacidad Le informamos que para el acceso de determinados contenidos o servicios ser\u00e1 necesario facilitar datos de car\u00e1cter personal. Los Usuarios garantizar\u00e1n su veracidad, exactitud, autenticidad de los datos. ROSAL INSTALACIONES AGROINDUSTRIALES S.A. preservar\u00e1 la confidencialidad y seguridad de sus datos personales y dar\u00e1 a los mismos el tratamiento automatizado que corresponda en [&hellip;]<\/p>\n","protected":false},"author":2,"featured_media":0,"parent":0,"menu_order":0,"comment_status":"closed","ping_status":"closed","template":"","meta":{"footnotes":""},"class_list":["post-578","page","type-page","status-publish","hentry"],"yoast_head":"<!-- This site is optimized with the Yoast SEO plugin v27.2 - https:\/\/yoast.com\/product\/yoast-seo-wordpress\/ -->\n<title>Pol\u00edtica de privacidad | Rosal Feedmills<\/title>\n<meta name=\"robots\" content=\"noindex, nofollow\" \/>\n<meta property=\"og:locale\" content=\"pt_PT\" \/>\n<meta property=\"og:type\" content=\"article\" \/>\n<meta property=\"og:title\" content=\"Pol\u00edtica de privacidad | Rosal Feedmills\" \/>\n<meta property=\"og:description\" content=\"Pol\u00edtica de privacidad Le informamos que para el acceso de determinados contenidos o servicios ser\u00e1 necesario facilitar datos de car\u00e1cter personal. Los Usuarios garantizar\u00e1n su veracidad, exactitud, autenticidad de los datos. ROSAL INSTALACIONES AGROINDUSTRIALES S.A. preservar\u00e1 la confidencialidad y seguridad de sus datos personales y dar\u00e1 a los mismos el tratamiento automatizado que corresponda en [&hellip;]\" \/>\n<meta property=\"og:url\" content=\"https:\/\/rosal-feedmills.com\/pt\/politica-de-privacidade\/\" \/>\n<meta property=\"og:site_name\" content=\"Rosal Feedmills\" \/>\n<meta property=\"article:modified_time\" content=\"2025-10-17T08:35:06+00:00\" \/>\n<meta property=\"og:image\" content=\"https:\/\/rosal-feedmills.com\/wp-content\/uploads\/2024\/11\/16_1-jpg.webp\" \/>\n\t<meta property=\"og:image:width\" content=\"1996\" \/>\n\t<meta property=\"og:image:height\" content=\"1121\" \/>\n\t<meta property=\"og:image:type\" content=\"image\/jpeg\" \/>\n<meta name=\"twitter:card\" content=\"summary_large_image\" \/>\n<meta name=\"twitter:label1\" content=\"Tempo estimado de leitura\" \/>\n\t<meta name=\"twitter:data1\" content=\"8 minutos\" \/>\n<script type=\"application\/ld+json\" class=\"yoast-schema-graph\">{\"@context\":\"https:\/\/schema.org\",\"@graph\":[{\"@type\":\"WebPage\",\"@id\":\"https:\/\/rosal-feedmills.com\/politica-de-privacidad\/\",\"url\":\"https:\/\/rosal-feedmills.com\/politica-de-privacidad\/\",\"name\":\"Pol\u00edtica de privacidad | Rosal Feedmills\",\"isPartOf\":{\"@id\":\"https:\/\/rosal-feedmills.com\/#website\"},\"datePublished\":\"2021-03-10T14:46:51+00:00\",\"dateModified\":\"2025-10-17T08:35:06+00:00\",\"breadcrumb\":{\"@id\":\"https:\/\/rosal-feedmills.com\/politica-de-privacidad\/#breadcrumb\"},\"inLanguage\":\"pt-PT\",\"potentialAction\":[{\"@type\":\"ReadAction\",\"target\":[\"https:\/\/rosal-feedmills.com\/politica-de-privacidad\/\"]}]},{\"@type\":\"BreadcrumbList\",\"@id\":\"https:\/\/rosal-feedmills.com\/politica-de-privacidad\/#breadcrumb\",\"itemListElement\":[{\"@type\":\"ListItem\",\"position\":1,\"name\":\"Portada\",\"item\":\"https:\/\/rosal-feedmills.com\/\"},{\"@type\":\"ListItem\",\"position\":2,\"name\":\"Pol\u00edtica de privacidad\"}]},{\"@type\":\"WebSite\",\"@id\":\"https:\/\/rosal-feedmills.com\/#website\",\"url\":\"https:\/\/rosal-feedmills.com\/\",\"name\":\"Rosal\",\"description\":\"Maquinaria y f\u00e1bricas completas para alimentaci\u00f3n animal\",\"publisher\":{\"@id\":\"https:\/\/rosal-feedmills.com\/#organization\"},\"potentialAction\":[{\"@type\":\"SearchAction\",\"target\":{\"@type\":\"EntryPoint\",\"urlTemplate\":\"https:\/\/rosal-feedmills.com\/?s={search_term_string}\"},\"query-input\":{\"@type\":\"PropertyValueSpecification\",\"valueRequired\":true,\"valueName\":\"search_term_string\"}}],\"inLanguage\":\"pt-PT\"},{\"@type\":\"Organization\",\"@id\":\"https:\/\/rosal-feedmills.com\/#organization\",\"name\":\"Rosal Instalaciones Agroindustriales\",\"url\":\"https:\/\/rosal-feedmills.com\/\",\"logo\":{\"@type\":\"ImageObject\",\"inLanguage\":\"pt-PT\",\"@id\":\"https:\/\/rosal-feedmills.com\/#\/schema\/logo\/image\/\",\"url\":\"https:\/\/rosal-feedmills.com\/wp-content\/uploads\/2024\/11\/Logo-Rosal-complert-png-e1731455627780.webp\",\"contentUrl\":\"https:\/\/rosal-feedmills.com\/wp-content\/uploads\/2024\/11\/Logo-Rosal-complert-png-e1731455627780.webp\",\"width\":913,\"height\":396,\"caption\":\"Rosal Instalaciones Agroindustriales\"},\"image\":{\"@id\":\"https:\/\/rosal-feedmills.com\/#\/schema\/logo\/image\/\"},\"sameAs\":[\"https:\/\/es.linkedin.com\/company\/rosal-instalaciones-agroindustriales-s-a\"]}]}<\/script>\n<!-- \/ Yoast SEO plugin. -->","yoast_head_json":{"title":"Pol\u00edtica de Privacidade | Rosal Feedmills","robots":{"index":"noindex","follow":"nofollow"},"og_locale":"pt_PT","og_type":"article","og_title":"Pol\u00edtica de privacidad | Rosal Feedmills","og_description":"Pol\u00edtica de privacidad Le informamos que para el acceso de determinados contenidos o servicios ser\u00e1 necesario facilitar datos de car\u00e1cter personal. Los Usuarios garantizar\u00e1n su veracidad, exactitud, autenticidad de los datos. ROSAL INSTALACIONES AGROINDUSTRIALES S.A. preservar\u00e1 la confidencialidad y seguridad de sus datos personales y dar\u00e1 a los mismos el tratamiento automatizado que corresponda en [&hellip;]","og_url":"https:\/\/rosal-feedmills.com\/pt\/politica-de-privacidade\/","og_site_name":"Rosal Feedmills","article_modified_time":"2025-10-17T08:35:06+00:00","og_image":[{"width":1996,"height":1121,"url":"https:\/\/rosal-feedmills.com\/wp-content\/uploads\/2024\/11\/16_1-jpg.webp","type":"image\/jpeg"}],"twitter_card":"summary_large_image","twitter_misc":{"Tempo estimado de leitura":"8 minutos"},"schema":{"@context":"https:\/\/schema.org","@graph":[{"@type":"WebPage","@id":"https:\/\/rosal-feedmills.com\/politica-de-privacidad\/","url":"https:\/\/rosal-feedmills.com\/politica-de-privacidad\/","name":"Pol\u00edtica de Privacidade | Rosal Feedmills","isPartOf":{"@id":"https:\/\/rosal-feedmills.com\/#website"},"datePublished":"2021-03-10T14:46:51+00:00","dateModified":"2025-10-17T08:35:06+00:00","breadcrumb":{"@id":"https:\/\/rosal-feedmills.com\/politica-de-privacidad\/#breadcrumb"},"inLanguage":"pt-PT","potentialAction":[{"@type":"ReadAction","target":["https:\/\/rosal-feedmills.com\/politica-de-privacidad\/"]}]},{"@type":"BreadcrumbList","@id":"https:\/\/rosal-feedmills.com\/politica-de-privacidad\/#breadcrumb","itemListElement":[{"@type":"ListItem","position":1,"name":"Portada","item":"https:\/\/rosal-feedmills.com\/"},{"@type":"ListItem","position":2,"name":"Pol\u00edtica de privacidad"}]},{"@type":"WebSite","@id":"https:\/\/rosal-feedmills.com\/#website","url":"https:\/\/rosal-feedmills.com\/","name":"Rosal","description":"M\u00e1quinas e instala\u00e7\u00f5es completas para alimenta\u00e7\u00e3o animal","publisher":{"@id":"https:\/\/rosal-feedmills.com\/#organization"},"potentialAction":[{"@type":"SearchAction","target":{"@type":"EntryPoint","urlTemplate":"https:\/\/rosal-feedmills.com\/?s={search_term_string}"},"query-input":{"@type":"PropertyValueSpecification","valueRequired":true,"valueName":"search_term_string"}}],"inLanguage":"pt-PT"},{"@type":"Organization","@id":"https:\/\/rosal-feedmills.com\/#organization","name":"Rosal Instala\u00e7\u00f5es agro-industriais","url":"https:\/\/rosal-feedmills.com\/","logo":{"@type":"ImageObject","inLanguage":"pt-PT","@id":"https:\/\/rosal-feedmills.com\/#\/schema\/logo\/image\/","url":"https:\/\/rosal-feedmills.com\/wp-content\/uploads\/2024\/11\/Logo-Rosal-complert-png-e1731455627780.webp","contentUrl":"https:\/\/rosal-feedmills.com\/wp-content\/uploads\/2024\/11\/Logo-Rosal-complert-png-e1731455627780.webp","width":913,"height":396,"caption":"Rosal Instalaciones Agroindustriales"},"image":{"@id":"https:\/\/rosal-feedmills.com\/#\/schema\/logo\/image\/"},"sameAs":["https:\/\/es.linkedin.com\/company\/rosal-instalaciones-agroindustriales-s-a"]}]}},"_links":{"self":[{"href":"https:\/\/rosal-feedmills.com\/pt\/wp-json\/wp\/v2\/pages\/578","targetHints":{"allow":["GET"]}}],"collection":[{"href":"https:\/\/rosal-feedmills.com\/pt\/wp-json\/wp\/v2\/pages"}],"about":[{"href":"https:\/\/rosal-feedmills.com\/pt\/wp-json\/wp\/v2\/types\/page"}],"author":[{"embeddable":true,"href":"https:\/\/rosal-feedmills.com\/pt\/wp-json\/wp\/v2\/users\/2"}],"replies":[{"embeddable":true,"href":"https:\/\/rosal-feedmills.com\/pt\/wp-json\/wp\/v2\/comments?post=578"}],"version-history":[{"count":17,"href":"https:\/\/rosal-feedmills.com\/pt\/wp-json\/wp\/v2\/pages\/578\/revisions"}],"predecessor-version":[{"id":19063,"href":"https:\/\/rosal-feedmills.com\/pt\/wp-json\/wp\/v2\/pages\/578\/revisions\/19063"}],"wp:attachment":[{"href":"https:\/\/rosal-feedmills.com\/pt\/wp-json\/wp\/v2\/media?parent=578"}],"curies":[{"name":"wp","href":"https:\/\/api.w.org\/{rel}","templated":true}]}}