{"id":580,"date":"2021-03-10T15:04:05","date_gmt":"2021-03-10T15:04:05","guid":{"rendered":"http:\/\/rosal-feedmills.com.mialias.net\/?page_id=580"},"modified":"2025-10-17T09:29:47","modified_gmt":"2025-10-17T08:29:47","slug":"politica-de-cookies","status":"publish","type":"page","link":"https:\/\/rosal-feedmills.com\/pt\/politica-de-cookies\/","title":{"rendered":"Pol\u00edtica de cookies"},"content":{"rendered":"<div data-elementor-type=\"wp-page\" data-elementor-id=\"580\" class=\"elementor elementor-580\" data-elementor-post-type=\"page\">\n\t\t\t\t<div class=\"elementor-element elementor-element-09253d7 e-flex e-con-boxed e-con e-parent\" data-id=\"09253d7\" data-element_type=\"container\" data-e-type=\"container\" data-settings=\"{&quot;background_background&quot;:&quot;classic&quot;}\">\n\t\t\t\t\t<div class=\"e-con-inner\">\n\t\t\t\t<div class=\"elementor-element elementor-element-4a791be elementor-widget elementor-widget-heading\" data-id=\"4a791be\" data-element_type=\"widget\" data-e-type=\"widget\" data-widget_type=\"heading.default\">\n\t\t\t\t<div class=\"elementor-widget-container\">\n\t\t\t\t\t<h1 class=\"elementor-heading-title elementor-size-default\">Pol\u00edtica de cookies<\/h1>\t\t\t\t<\/div>\n\t\t\t\t<\/div>\n\t\t\t\t<div class=\"elementor-element elementor-element-efeb535 elementor-widget elementor-widget-text-editor\" data-id=\"efeb535\" data-element_type=\"widget\" data-e-type=\"widget\" data-widget_type=\"text-editor.default\">\n\t\t\t\t<div class=\"elementor-widget-container\">\n\t\t\t\t\t\t\t\t\t    <p>A ROSAL INSTALACIONES AGROINDUSTRIALES S.A. d\u00e1-lhe as boas-vindas e convida-o a ler atentamente a Pol\u00edtica de COOKIES deste s\u00edtio Web (doravante Pol\u00edtica de COOKIES) que descreve os termos e condi\u00e7\u00f5es que ser\u00e3o aplic\u00e1veis \u00e0 sua navega\u00e7\u00e3o no mesmo, em conformidade com o disposto na legisla\u00e7\u00e3o espanhola aplic\u00e1vel. Dado que www.nouenergia.com pode modificar esta Pol\u00edtica de COOKIES no futuro, recomendamos que os visite periodicamente para estar devidamente informado das altera\u00e7\u00f5es efectuadas.<\/p>\n\n    <p>Com o objetivo de garantir que o S\u00edtio Web cumpre os crit\u00e9rios de transpar\u00eancia, clareza e simplicidade, informa-se os Utilizadores que qualquer sugest\u00e3o, d\u00favida ou consulta relativa \u00e0 Pol\u00edtica de Privacidade pode ser resolvida contactando www.rosal-feedmills.com atrav\u00e9s do seguinte endere\u00e7o de correio eletr\u00f3nico: j.rosal@rosal.biz - 935741932. A Pol\u00edtica de Cookies est\u00e1 em espanhol e \u00e9 a vers\u00e3o que faz f\u00e9.<\/p>\n\n    <h2>Tipos e tipologia de cookies utilizados no nosso s\u00edtio Web:<\/h2>\n    <ol>\n        <li>\n            <strong>Cookies anal\u00edticos pr\u00f3prios:<\/strong> Utilizamos estes cookies para estimar o n\u00famero de visitantes \u00fanicos, para melhorar os nossos s\u00edtios Web e os s\u00edtios Web dos nossos comerciantes e para detetar as palavras mais procuradas nos motores de busca que conduzem a uma p\u00e1gina Web. Estes cookies n\u00e3o s\u00e3o utilizados para o direcionar para o marketing online. Utilizamos estes cookies para compreender o funcionamento dos nossos s\u00edtios Web e dos s\u00edtios Web dos nossos comerciantes e para introduzir melhorias relevantes que melhorem a sua experi\u00eancia de navega\u00e7\u00e3o. <em>Operacional<\/em>\n        <\/li>\n        <li>\n            <strong>Cookies de an\u00e1lise de terceiros:<\/strong> Tamb\u00e9m utilizamos o Google Analytics e outros fornecedores de an\u00e1lises de terceiros listados abaixo para ajudar a medir a forma como os utilizadores interagem com o conte\u00fado do nosso s\u00edtio Web. Estes cookies \"recordam\" o que os nossos utilizadores fizeram em p\u00e1ginas anteriores e a forma como interagiram com o s\u00edtio Web. Para obter mais informa\u00e7\u00f5es sobre o Google Analytics, visite a p\u00e1gina de informa\u00e7\u00f5es do Google. Para obter instru\u00e7\u00f5es sobre como optar por sair do Google Analytics, consulte abaixo. <em>Operacional<\/em>\n        <\/li>\n    <\/ol>\n\n    <ul>\n        <li><strong>Cookies de publicidade:<\/strong> S\u00e3o utilizados no nosso s\u00edtio Web para personalizar o marketing em fun\u00e7\u00e3o do utilizador e dos seus interesses e para lhe fornecer um servi\u00e7o mais personalizado no futuro. Estes cookies recordam que o utilizador visitou o nosso s\u00edtio Web e podemos partilhar esta informa\u00e7\u00e3o com terceiros, como anunciantes. Embora estes cookies possam registar as visitas do seu dispositivo ao nosso s\u00edtio Web e a outros s\u00edtios, geralmente n\u00e3o o podem identificar pessoalmente. Sem estes cookies, os an\u00fancios que v\u00ea podem ser menos relevantes e interessantes para si. Leia mais sobre a forma como as empresas utilizam cookies para publicidade direcionada ou redireccionada aqui. N\u00e3o definimos cookies de publicidade atrav\u00e9s das montras dos nossos comerciantes, embora estes possam optar por faz\u00ea-lo de forma independente. <em>N\u00e3o operacional<\/em><\/li>\n\n        <li><strong>Cookies sociais e de conte\u00fado:<\/strong> S\u00e3o colocados em muitos plugins de redes sociais (por exemplo, o bot\u00e3o \"gosto\" do Facebook) e noutras ferramentas destinadas a fornecer ou melhorar o conte\u00fado de um s\u00edtio Web (por exemplo, servi\u00e7os que permitem a reprodu\u00e7\u00e3o de ficheiros de v\u00eddeo ou que criam sec\u00e7\u00f5es de coment\u00e1rios). Integramos estes m\u00f3dulos na nossa plataforma para melhorar a experi\u00eancia de navega\u00e7\u00e3o e intera\u00e7\u00e3o com os nossos s\u00edtios Web. Tenha em aten\u00e7\u00e3o que alguns destes servi\u00e7os de terceiros colocam cookies que tamb\u00e9m s\u00e3o utilizados para fins como publicidade comportamental, an\u00e1lises e\/ou estudos de mercado. <em>N\u00e3o operacional<\/em><\/li>\n    <\/ul>\n\n    <h2>Durante quanto tempo \u00e9 que os cookies permanecem no meu computador ou dispositivo m\u00f3vel?<\/h2>\n    <p>O per\u00edodo de tempo que um cookie permanece no seu computador ou dispositivo m\u00f3vel depende do facto de ser um cookie \"persistente\" ou de \"sess\u00e3o\". Os cookies de sess\u00e3o duram at\u00e9 o utilizador parar de navegar e os cookies persistentes duram at\u00e9 expirarem ou serem eliminados. A maioria dos cookies que utilizamos s\u00e3o cookies persistentes e expiram entre 30 minutos e dois anos a partir da data em que s\u00e3o descarregados para o seu dispositivo. Consulte a sec\u00e7\u00e3o abaixo sobre como controlar os cookies para obter mais informa\u00e7\u00f5es sobre como eliminar os cookies antes de expirarem.<\/p>\n\n    <h2>Como controlar os cookies?<\/h2>\n    <p>O utilizador pode controlar e gerir os cookies de v\u00e1rias formas. Tenha em aten\u00e7\u00e3o que a elimina\u00e7\u00e3o ou o bloqueio de cookies pode afetar negativamente a sua experi\u00eancia de utilizador e que algumas partes do nosso s\u00edtio Web podem deixar de estar totalmente acess\u00edveis. A maioria dos browsers aceita automaticamente os cookies, mas o utilizador pode optar por aceitar ou n\u00e3o os cookies atrav\u00e9s dos controlos do seu browser, que se encontram frequentemente no menu \"Ferramentas\" ou \"Prefer\u00eancias\" do seu browser. Para mais informa\u00e7\u00f5es sobre como modificar as defini\u00e7\u00f5es do seu navegador ou como bloquear, gerir ou filtrar cookies, pode encontr\u00e1-las no ficheiro de ajuda do seu navegador ou em s\u00edtios como: <a href=\"http:\/\/www.allaboutcookies.org\" target=\"_blank\">www.allaboutcookies.org<\/a>. Muitos dos servi\u00e7os de publicidade de terceiros e outros servi\u00e7os de rastreio mencionados acima oferecem-lhe a oportunidade de optar por n\u00e3o participar nos seus sistemas de rastreio. Pode ler mais sobre as informa\u00e7\u00f5es que recolhem e como optar por n\u00e3o participar atrav\u00e9s das hiperliga\u00e7\u00f5es da pol\u00edtica de privacidade acima.<\/p>\n\n    <h2>O que s\u00e3o bolachas?<\/h2>\n    <p>Os cookies s\u00e3o utilizados para armazenar e recuperar informa\u00e7\u00f5es sobre os utilizadores que visitam um s\u00edtio Web. S\u00e3o utilizados para manter um registo das p\u00e1ginas visitadas, bem como para recordar determinadas ac\u00e7\u00f5es do utilizador, como as prefer\u00eancias de navega\u00e7\u00e3o. Estas prefer\u00eancias s\u00e3o recordadas quando um utilizador visita novamente o s\u00edtio.<\/p>\n\n    <h2>Que informa\u00e7\u00f5es guardam na Internet?<\/h2>\n    <ol>\n        <li>Informa\u00e7\u00f5es estat\u00edsticas sobre a utiliza\u00e7\u00e3o do s\u00edtio.<\/li>\n        <li>Registo da atividade realizada pelo visitante (visualiza\u00e7\u00f5es de p\u00e1ginas, pesquisas, compras, etc.).<\/li>\n        <li>Dados de liga\u00e7\u00e3o a redes sociais para utilizadores que iniciam sess\u00e3o com o seu utilizador do Facebook ou do Twitter.<\/li>\n    <\/ol>\n\n    <h2>O que acontece se eu bloquear a sua utiliza\u00e7\u00e3o?<\/h2>\n    <p>Em caso de bloqueio da sua utiliza\u00e7\u00e3o, alguns servi\u00e7os Web podem n\u00e3o estar dispon\u00edveis.<\/p>\n\n    <h2>Como posso bloquear os cookies no meu browser?<\/h2>\n    <p>As liga\u00e7\u00f5es seguintes fornecem-lhe informa\u00e7\u00f5es sobre este assunto no seu navegador:<\/p>\n    <ol>\n        <li>Cromado<\/li>\n        <li>Firefox<\/li>\n        <li>Safari<\/li>\n        <li>Internet Explorer<\/li>\n    <\/ol>\n\n    <h2>O que acontece se eu desativar os cookies?<\/h2>\n    <p>Para que compreenda as consequ\u00eancias de desativar os cookies, eis alguns exemplos:<\/p>\n    <ul>\n        <li>N\u00e3o \u00e9 permitido partilhar conte\u00fados deste s\u00edtio Web no Facebook, Twitter ou qualquer outra rede social.<\/li>\n        <li>O s\u00edtio Web n\u00e3o poder\u00e1 adaptar o conte\u00fado \u00e0s prefer\u00eancias pessoais do utilizador, como \u00e9 frequentemente o caso nas lojas em linha.<\/li>\n        <li>O utilizador n\u00e3o poder\u00e1 aceder \u00e0 \u00e1rea pessoal deste s\u00edtio Web, como \"A minha conta\", \"O meu perfil\" ou \"As minhas encomendas\".<\/li>\n        <li>Lojas em linha: N\u00e3o poder\u00e1 fazer compras em linha, ter\u00e1 de as fazer por telefone ou visitando a loja f\u00edsica, se esta existir.<\/li>\n        <li>N\u00e3o ser\u00e1 poss\u00edvel personalizar as prefer\u00eancias geogr\u00e1ficas do utilizador, como o fuso hor\u00e1rio, a moeda ou a l\u00edngua.<\/li>\n        <li>O s\u00edtio Web n\u00e3o poder\u00e1 efetuar uma an\u00e1lise dos visitantes e do tr\u00e1fego Web, o que dificultar\u00e1 a competitividade do s\u00edtio.<\/li>\n        <li>N\u00e3o poder\u00e1 escrever no blogue, carregar imagens, publicar coment\u00e1rios, avaliar ou classificar conte\u00fados. O s\u00edtio Web tamb\u00e9m n\u00e3o poder\u00e1 saber se o utilizador \u00e9 um ser humano ou uma aplica\u00e7\u00e3o autom\u00e1tica que est\u00e1 a enviar spam.<\/li>\n        <li>Deixar\u00e1 de ser poss\u00edvel apresentar publicidade direcionada, o que reduzir\u00e1 as receitas de publicidade do s\u00edtio Web.<\/li>\n        <li>Todas as redes sociais utilizam cookies. Se os desativar, n\u00e3o poder\u00e1 utilizar nenhuma rede social.<\/li>\n    <\/ul>\n\n    <h2>Os cookies podem ser eliminados?<\/h2>\n    <p>Sim, n\u00e3o s\u00f3 apagar, mas tamb\u00e9m bloquear, seja em geral ou para um dom\u00ednio espec\u00edfico. Para eliminar os cookies de um s\u00edtio Web, tem de ir \u00e0s defini\u00e7\u00f5es do seu navegador e a\u00ed pode procurar os que est\u00e3o associados ao dom\u00ednio em quest\u00e3o e elimin\u00e1-los.<\/p>\n\n    <h2>Defini\u00e7\u00f5es de cookies para os browsers mais populares<\/h2>\n    <p>Eis como aceder a um determinado cookie no navegador Chrome. Nota: estes passos podem variar consoante o seu navegador e a vers\u00e3o do navegador:<\/p>\n    <ol>\n        <li>Aceda a Defini\u00e7\u00f5es ou Prefer\u00eancias atrav\u00e9s do menu Ficheiro ou clicando no \u00edcone de personaliza\u00e7\u00e3o no canto superior direito.<\/li>\n        <li>Ver\u00e1 diferentes sec\u00e7\u00f5es, escolha a op\u00e7\u00e3o Mostrar op\u00e7\u00f5es avan\u00e7adas.<\/li>\n        <li>Aceda a Privacidade, Defini\u00e7\u00f5es de conte\u00fado.<\/li>\n        <li>Selecione Todos os cookies e dados de localiza\u00e7\u00e3o.<\/li>\n        <li>Aparecer\u00e1 uma lista com todos os cookies ordenados por dom\u00ednio. Para facilitar a procura dos cookies de um determinado dom\u00ednio, introduza parte ou a totalidade do endere\u00e7o no campo Procurar cookies.<\/li>\n        <li>Uma vez efectuado este filtro, aparecer\u00e1 no ecr\u00e3 uma ou mais linhas com os Cookies do s\u00edtio Web solicitado. Agora s\u00f3 tem de as selecionar e premir X para as eliminar.<\/li>\n    <\/ol>\n\n    <p>Para aceder \u00e0s defini\u00e7\u00f5es de cookies do seu navegador Internet Explorer, fa\u00e7a o seguinte (pode variar consoante a vers\u00e3o do navegador):<\/p>\n    <ol>\n        <li>Ir para Ferramentas, Op\u00e7\u00f5es da Internet<\/li>\n        <li>Clique em Privacidade.<\/li>\n        <li>Desloque o menu pendente para definir o n\u00edvel de privacidade pretendido.<\/li>\n    <\/ol>\n\n    <p>Para aceder \u00e0s defini\u00e7\u00f5es de cookies do seu browser Firefox, fa\u00e7a o seguinte (pode variar consoante a vers\u00e3o do browser):<\/p>\n    <ol>\n        <li>Aceda a Op\u00e7\u00f5es ou Prefer\u00eancias, dependendo do seu sistema operativo.<\/li>\n        <li>Clique em Privacidade.<\/li>\n        <li>Em Hist\u00f3rico, selecione Utilizar defini\u00e7\u00f5es personalizadas para o hist\u00f3rico.<\/li>\n        <li>Aparecer\u00e1 agora a op\u00e7\u00e3o Aceitar cookies, que pode ativar ou desativar de acordo com as suas prefer\u00eancias.<\/li>\n    <\/ol>\n\n    <p>Para aceder \u00e0s defini\u00e7\u00f5es de cookies no navegador Safari para OSX, fa\u00e7a o seguinte (pode variar consoante a vers\u00e3o do navegador):<\/p>\n    <ol>\n        <li>Aceda a Prefer\u00eancias e, em seguida, a Privacidade.<\/li>\n        <li>Aqui ver\u00e1 a op\u00e7\u00e3o Bloquear cookies para que possa definir o tipo de bloqueio que pretende fazer.<\/li>\n    <\/ol>\n\n    <p>Para aceder \u00e0s defini\u00e7\u00f5es de cookies no navegador Safari para iOS, fa\u00e7a o seguinte (pode variar consoante a vers\u00e3o do navegador):<\/p>\n    <ol>\n        <li>Aceda a Defini\u00e7\u00f5es e depois a Safari.<\/li>\n        <li>V\u00e1 para Privacidade e seguran\u00e7a e ver\u00e1 a op\u00e7\u00e3o Bloquear cookies para ajustar o tipo de bloqueio que pretende fazer.<\/li>\n    <\/ol>\n\n    <p>Para aceder \u00e0s defini\u00e7\u00f5es de cookies do seu browser para dispositivos Android, fa\u00e7a o seguinte (pode variar consoante a vers\u00e3o do browser):<\/p>\n    <ol>\n        <li>Inicie o navegador e prima a tecla Menu e, em seguida, Defini\u00e7\u00f5es.<\/li>\n        <li>V\u00e1 para Confidencialidade, ver\u00e1 a op\u00e7\u00e3o Aceitar cookies para marcar ou desmarcar a caixa.<\/li>\n    <\/ol>\n\n    <p>Para aceder \u00e0s defini\u00e7\u00f5es de cookies do seu browser para dispositivos Windows Phone, fa\u00e7a o seguinte (pode variar consoante a vers\u00e3o do browser):<\/p>\n    <ol>\n        <li>Abra o Internet Explorer, depois Mais e depois Defini\u00e7\u00f5es.<\/li>\n        <li>Pode agora marcar ou desmarcar a caixa permitir cookies.<\/li>\n    <\/ol>\t\t\t\t\t\t\t\t<\/div>\n\t\t\t\t<\/div>\n\t\t\t\t\t<\/div>\n\t\t\t\t<\/div>\n\t\t\t\t<\/div>","protected":false},"excerpt":{"rendered":"<p>Pol\u00edtica de cookies ROSAL INSTALACIONES AGROINDUSTRIALES S.A. le da la bienvenida y le invita a leer atentamente las Pol\u00edtica de COOKIES de este Sitio Web (en adelante Pol\u00edtica de COOKIES) que describen los t\u00e9rminos y condiciones que ser\u00e1n aplicables a su navegaci\u00f3n por el mismo, de conformidad con lo establecido en la normativa espa\u00f1ola de [&hellip;]<\/p>\n","protected":false},"author":2,"featured_media":0,"parent":0,"menu_order":0,"comment_status":"closed","ping_status":"closed","template":"","meta":{"footnotes":""},"class_list":["post-580","page","type-page","status-publish","hentry"],"yoast_head":"<!-- This site is optimized with the Yoast SEO plugin v27.2 - https:\/\/yoast.com\/product\/yoast-seo-wordpress\/ -->\n<title>Pol\u00edtica de cookies | Rosal Feedmills<\/title>\n<meta name=\"robots\" content=\"noindex, nofollow\" \/>\n<meta property=\"og:locale\" content=\"pt_PT\" \/>\n<meta property=\"og:type\" content=\"article\" \/>\n<meta property=\"og:title\" content=\"Pol\u00edtica de cookies | Rosal Feedmills\" \/>\n<meta property=\"og:description\" content=\"Pol\u00edtica de cookies ROSAL INSTALACIONES AGROINDUSTRIALES S.A. le da la bienvenida y le invita a leer atentamente las Pol\u00edtica de COOKIES de este Sitio Web (en adelante Pol\u00edtica de COOKIES) que describen los t\u00e9rminos y condiciones que ser\u00e1n aplicables a su navegaci\u00f3n por el mismo, de conformidad con lo establecido en la normativa espa\u00f1ola de [&hellip;]\" \/>\n<meta property=\"og:url\" content=\"https:\/\/rosal-feedmills.com\/pt\/politica-de-cookies\/\" \/>\n<meta property=\"og:site_name\" content=\"Rosal Feedmills\" \/>\n<meta property=\"article:modified_time\" content=\"2025-10-17T08:29:47+00:00\" \/>\n<meta property=\"og:image\" content=\"https:\/\/rosal-feedmills.com\/wp-content\/uploads\/2024\/11\/16_1-jpg.webp\" \/>\n\t<meta property=\"og:image:width\" content=\"1996\" \/>\n\t<meta property=\"og:image:height\" content=\"1121\" \/>\n\t<meta property=\"og:image:type\" content=\"image\/jpeg\" \/>\n<meta name=\"twitter:card\" content=\"summary_large_image\" \/>\n<meta name=\"twitter:label1\" content=\"Tempo estimado de leitura\" \/>\n\t<meta name=\"twitter:data1\" content=\"8 minutos\" \/>\n<script type=\"application\/ld+json\" class=\"yoast-schema-graph\">{\"@context\":\"https:\/\/schema.org\",\"@graph\":[{\"@type\":\"WebPage\",\"@id\":\"https:\/\/rosal-feedmills.com\/politica-de-cookies\/\",\"url\":\"https:\/\/rosal-feedmills.com\/politica-de-cookies\/\",\"name\":\"Pol\u00edtica de cookies | Rosal Feedmills\",\"isPartOf\":{\"@id\":\"https:\/\/rosal-feedmills.com\/#website\"},\"datePublished\":\"2021-03-10T15:04:05+00:00\",\"dateModified\":\"2025-10-17T08:29:47+00:00\",\"breadcrumb\":{\"@id\":\"https:\/\/rosal-feedmills.com\/politica-de-cookies\/#breadcrumb\"},\"inLanguage\":\"pt-PT\",\"potentialAction\":[{\"@type\":\"ReadAction\",\"target\":[\"https:\/\/rosal-feedmills.com\/politica-de-cookies\/\"]}]},{\"@type\":\"BreadcrumbList\",\"@id\":\"https:\/\/rosal-feedmills.com\/politica-de-cookies\/#breadcrumb\",\"itemListElement\":[{\"@type\":\"ListItem\",\"position\":1,\"name\":\"Portada\",\"item\":\"https:\/\/rosal-feedmills.com\/\"},{\"@type\":\"ListItem\",\"position\":2,\"name\":\"Pol\u00edtica de cookies\"}]},{\"@type\":\"WebSite\",\"@id\":\"https:\/\/rosal-feedmills.com\/#website\",\"url\":\"https:\/\/rosal-feedmills.com\/\",\"name\":\"Rosal\",\"description\":\"Maquinaria y f\u00e1bricas completas para alimentaci\u00f3n animal\",\"publisher\":{\"@id\":\"https:\/\/rosal-feedmills.com\/#organization\"},\"potentialAction\":[{\"@type\":\"SearchAction\",\"target\":{\"@type\":\"EntryPoint\",\"urlTemplate\":\"https:\/\/rosal-feedmills.com\/?s={search_term_string}\"},\"query-input\":{\"@type\":\"PropertyValueSpecification\",\"valueRequired\":true,\"valueName\":\"search_term_string\"}}],\"inLanguage\":\"pt-PT\"},{\"@type\":\"Organization\",\"@id\":\"https:\/\/rosal-feedmills.com\/#organization\",\"name\":\"Rosal Instalaciones Agroindustriales\",\"url\":\"https:\/\/rosal-feedmills.com\/\",\"logo\":{\"@type\":\"ImageObject\",\"inLanguage\":\"pt-PT\",\"@id\":\"https:\/\/rosal-feedmills.com\/#\/schema\/logo\/image\/\",\"url\":\"https:\/\/rosal-feedmills.com\/wp-content\/uploads\/2024\/11\/Logo-Rosal-complert-png-e1731455627780.webp\",\"contentUrl\":\"https:\/\/rosal-feedmills.com\/wp-content\/uploads\/2024\/11\/Logo-Rosal-complert-png-e1731455627780.webp\",\"width\":913,\"height\":396,\"caption\":\"Rosal Instalaciones Agroindustriales\"},\"image\":{\"@id\":\"https:\/\/rosal-feedmills.com\/#\/schema\/logo\/image\/\"},\"sameAs\":[\"https:\/\/es.linkedin.com\/company\/rosal-instalaciones-agroindustriales-s-a\"]}]}<\/script>\n<!-- \/ Yoast SEO plugin. -->","yoast_head_json":{"title":"Pol\u00edtica de Cookies | Rosal Feedmills","robots":{"index":"noindex","follow":"nofollow"},"og_locale":"pt_PT","og_type":"article","og_title":"Pol\u00edtica de cookies | Rosal Feedmills","og_description":"Pol\u00edtica de cookies ROSAL INSTALACIONES AGROINDUSTRIALES S.A. le da la bienvenida y le invita a leer atentamente las Pol\u00edtica de COOKIES de este Sitio Web (en adelante Pol\u00edtica de COOKIES) que describen los t\u00e9rminos y condiciones que ser\u00e1n aplicables a su navegaci\u00f3n por el mismo, de conformidad con lo establecido en la normativa espa\u00f1ola de [&hellip;]","og_url":"https:\/\/rosal-feedmills.com\/pt\/politica-de-cookies\/","og_site_name":"Rosal Feedmills","article_modified_time":"2025-10-17T08:29:47+00:00","og_image":[{"width":1996,"height":1121,"url":"https:\/\/rosal-feedmills.com\/wp-content\/uploads\/2024\/11\/16_1-jpg.webp","type":"image\/jpeg"}],"twitter_card":"summary_large_image","twitter_misc":{"Tempo estimado de leitura":"8 minutos"},"schema":{"@context":"https:\/\/schema.org","@graph":[{"@type":"WebPage","@id":"https:\/\/rosal-feedmills.com\/politica-de-cookies\/","url":"https:\/\/rosal-feedmills.com\/politica-de-cookies\/","name":"Pol\u00edtica de Cookies | Rosal Feedmills","isPartOf":{"@id":"https:\/\/rosal-feedmills.com\/#website"},"datePublished":"2021-03-10T15:04:05+00:00","dateModified":"2025-10-17T08:29:47+00:00","breadcrumb":{"@id":"https:\/\/rosal-feedmills.com\/politica-de-cookies\/#breadcrumb"},"inLanguage":"pt-PT","potentialAction":[{"@type":"ReadAction","target":["https:\/\/rosal-feedmills.com\/politica-de-cookies\/"]}]},{"@type":"BreadcrumbList","@id":"https:\/\/rosal-feedmills.com\/politica-de-cookies\/#breadcrumb","itemListElement":[{"@type":"ListItem","position":1,"name":"Portada","item":"https:\/\/rosal-feedmills.com\/"},{"@type":"ListItem","position":2,"name":"Pol\u00edtica de cookies"}]},{"@type":"WebSite","@id":"https:\/\/rosal-feedmills.com\/#website","url":"https:\/\/rosal-feedmills.com\/","name":"Rosal","description":"M\u00e1quinas e instala\u00e7\u00f5es completas para alimenta\u00e7\u00e3o animal","publisher":{"@id":"https:\/\/rosal-feedmills.com\/#organization"},"potentialAction":[{"@type":"SearchAction","target":{"@type":"EntryPoint","urlTemplate":"https:\/\/rosal-feedmills.com\/?s={search_term_string}"},"query-input":{"@type":"PropertyValueSpecification","valueRequired":true,"valueName":"search_term_string"}}],"inLanguage":"pt-PT"},{"@type":"Organization","@id":"https:\/\/rosal-feedmills.com\/#organization","name":"Rosal Instala\u00e7\u00f5es agro-industriais","url":"https:\/\/rosal-feedmills.com\/","logo":{"@type":"ImageObject","inLanguage":"pt-PT","@id":"https:\/\/rosal-feedmills.com\/#\/schema\/logo\/image\/","url":"https:\/\/rosal-feedmills.com\/wp-content\/uploads\/2024\/11\/Logo-Rosal-complert-png-e1731455627780.webp","contentUrl":"https:\/\/rosal-feedmills.com\/wp-content\/uploads\/2024\/11\/Logo-Rosal-complert-png-e1731455627780.webp","width":913,"height":396,"caption":"Rosal Instalaciones Agroindustriales"},"image":{"@id":"https:\/\/rosal-feedmills.com\/#\/schema\/logo\/image\/"},"sameAs":["https:\/\/es.linkedin.com\/company\/rosal-instalaciones-agroindustriales-s-a"]}]}},"_links":{"self":[{"href":"https:\/\/rosal-feedmills.com\/pt\/wp-json\/wp\/v2\/pages\/580","targetHints":{"allow":["GET"]}}],"collection":[{"href":"https:\/\/rosal-feedmills.com\/pt\/wp-json\/wp\/v2\/pages"}],"about":[{"href":"https:\/\/rosal-feedmills.com\/pt\/wp-json\/wp\/v2\/types\/page"}],"author":[{"embeddable":true,"href":"https:\/\/rosal-feedmills.com\/pt\/wp-json\/wp\/v2\/users\/2"}],"replies":[{"embeddable":true,"href":"https:\/\/rosal-feedmills.com\/pt\/wp-json\/wp\/v2\/comments?post=580"}],"version-history":[{"count":20,"href":"https:\/\/rosal-feedmills.com\/pt\/wp-json\/wp\/v2\/pages\/580\/revisions"}],"predecessor-version":[{"id":19059,"href":"https:\/\/rosal-feedmills.com\/pt\/wp-json\/wp\/v2\/pages\/580\/revisions\/19059"}],"wp:attachment":[{"href":"https:\/\/rosal-feedmills.com\/pt\/wp-json\/wp\/v2\/media?parent=580"}],"curies":[{"name":"wp","href":"https:\/\/api.w.org\/{rel}","templated":true}]}}